{"id":9614,"date":"2023-10-24T16:12:39","date_gmt":"2023-10-24T20:12:39","guid":{"rendered":"https:\/\/www.infotetquebec.com\/?page_id=9614"},"modified":"2023-10-25T13:28:17","modified_gmt":"2023-10-25T17:28:17","slug":"agora-boreale","status":"publish","type":"page","link":"https:\/\/www.infotetquebec.com\/es\/agora-boreale\/","title":{"rendered":"Agora Bor\u00e9ale"},"content":{"rendered":"<p><a href=\"https:\/\/www.infotetquebec.com\/wp-content\/uploads\/2023\/10\/244676217_1509806089365181_6837609429173641060_n.png\"><img fetchpriority=\"high\" decoding=\"async\" class=\"aligncenter wp-image-9615\" src=\"https:\/\/www.infotetquebec.com\/wp-content\/uploads\/2023\/10\/244676217_1509806089365181_6837609429173641060_n.png\" alt=\"\" width=\"292\" height=\"292\" srcset=\"https:\/\/www.infotetquebec.com\/wp-content\/uploads\/2023\/10\/244676217_1509806089365181_6837609429173641060_n.png 960w, https:\/\/www.infotetquebec.com\/wp-content\/uploads\/2023\/10\/244676217_1509806089365181_6837609429173641060_n-300x300.png 300w, https:\/\/www.infotetquebec.com\/wp-content\/uploads\/2023\/10\/244676217_1509806089365181_6837609429173641060_n-768x767.png 768w, https:\/\/www.infotetquebec.com\/wp-content\/uploads\/2023\/10\/244676217_1509806089365181_6837609429173641060_n-75x75.png 75w\" sizes=\"(max-width: 292px) 100vw, 292px\" \/><\/a><\/p>\n<div class=\"wp-block-image\" style=\"text-align: center;\">\n<h4 class=\"aligncenter size-full is-resized\"><strong>66 Place Qu\u00e9villon,<br \/>\nLebel-sur-Qu\u00e9villon (Qc) J0Y 1X0<br \/>\n<span class=\"links\">+1 819 755-7550<\/span> <\/strong><\/h4>\n<p><a href=\"https:\/\/www.facebook.com\/agoraboreale\" target=\"_blank\" rel=\"noopener\"><img decoding=\"async\" class=\"alignnone size-full wp-image-2407\" src=\"https:\/\/www.infotetquebec.com\/wp-content\/uploads\/2022\/03\/FACEBOOK-1.png\" alt=\"\" width=\"40\" height=\"40\" \/><\/a><\/p>\n<\/div>\n<h3 style=\"text-align: center;\">Regi\u00f3n afectada por el proyecto : Nord-du-Qu\u00e9bec<\/h3>\n<p><a href=\"https:\/\/www.infotetquebec.com\/wp-content\/uploads\/2023\/10\/Nord-du-Quebec-1080x1080-1.png\"><img decoding=\"async\" class=\"aligncenter size-full wp-image-9638\" src=\"https:\/\/www.infotetquebec.com\/wp-content\/uploads\/2023\/10\/Nord-du-Quebec-1080x1080-1.png\" alt=\"\" width=\"600\" height=\"450\" srcset=\"https:\/\/www.infotetquebec.com\/wp-content\/uploads\/2023\/10\/Nord-du-Quebec-1080x1080-1.png 600w, https:\/\/www.infotetquebec.com\/wp-content\/uploads\/2023\/10\/Nord-du-Quebec-1080x1080-1-300x225.png 300w\" sizes=\"(max-width: 600px) 100vw, 600px\" \/><\/a><\/p>\n<h2 style=\"text-align: center;\"><\/h2>\n<h3 style=\"text-align: center;\">Servicios y actividades<\/h3>\n<p style=\"text-align: center;\" data-wp-editing=\"1\"><img loading=\"lazy\" decoding=\"async\" class=\"aligncenter size-full wp-image-4466\" src=\"https:\/\/www.infotetquebec.com\/wp-content\/uploads\/2022\/07\/Sesio\u0301n-de-informacio\u0301n-vert.png\" alt=\"\" width=\"300\" height=\"100\" \/><\/p>\n<p style=\"text-align: center;\" data-wp-editing=\"1\"><a href=\"https:\/\/www.infotetquebec.com\/wp-content\/uploads\/2022\/07\/Transporte-blanc.png\"><img loading=\"lazy\" decoding=\"async\" class=\"aligncenter size-full wp-image-4469\" src=\"https:\/\/www.infotetquebec.com\/wp-content\/uploads\/2022\/07\/Transporte-blanc.png\" alt=\"\" width=\"300\" height=\"100\" \/><\/a><\/p>\n","protected":false},"excerpt":{"rendered":"<p>66 Place Qu\u00e9villon, Lebel-sur-Qu\u00e9villon (Qc) J0Y 1X0 +1 819 755-7550 Regi\u00f3n afectada por el proyecto : Nord-du-Qu\u00e9bec Servicios y actividades<\/p>\n","protected":false},"author":17,"featured_media":0,"parent":0,"menu_order":0,"comment_status":"closed","ping_status":"closed","template":"","meta":{"_genesis_hide_title":false,"_genesis_hide_breadcrumbs":false,"_genesis_hide_singular_image":false,"_genesis_hide_footer_widgets":false,"_genesis_custom_body_class":"","_genesis_custom_post_class":"","_genesis_layout":"","footnotes":""},"class_list":["post-9614","page","type-page","status-publish","entry","has-post-thumbnail"],"yoast_head":"<!-- This site is optimized with the Yoast SEO plugin v27.4 - https:\/\/yoast.com\/product\/yoast-seo-wordpress\/ -->\n<title>Agora Bor\u00e9ale - Infotetquebec<\/title>\n<meta name=\"robots\" content=\"index, follow, max-snippet:-1, max-image-preview:large, max-video-preview:-1\" \/>\n<link rel=\"canonical\" href=\"https:\/\/www.infotetquebec.com\/es\/agora-boreale\/\" \/>\n<meta property=\"og:locale\" content=\"es_ES\" \/>\n<meta property=\"og:type\" content=\"article\" \/>\n<meta property=\"og:title\" content=\"Agora Bor\u00e9ale - Infotetquebec\" \/>\n<meta property=\"og:description\" content=\"66 Place Qu\u00e9villon, Lebel-sur-Qu\u00e9villon (Qc) J0Y 1X0 +1 819 755-7550 Regi\u00f3n afectada por el proyecto : Nord-du-Qu\u00e9bec Servicios y actividades\" \/>\n<meta property=\"og:url\" content=\"https:\/\/www.infotetquebec.com\/es\/agora-boreale\/\" \/>\n<meta property=\"og:site_name\" content=\"Infotetquebec\" \/>\n<meta property=\"article:publisher\" content=\"https:\/\/www.facebook.com\/profile.php?id=100089616676260\" \/>\n<meta property=\"article:modified_time\" content=\"2023-10-25T17:28:17+00:00\" \/>\n<meta property=\"og:image\" content=\"https:\/\/www.infotetquebec.com\/wp-content\/uploads\/2023\/10\/244676217_1509806089365181_6837609429173641060_n.png\" \/>\n<meta name=\"twitter:card\" content=\"summary_large_image\" \/>\n<meta name=\"twitter:label1\" content=\"Tiempo de lectura\" \/>\n\t<meta name=\"twitter:data1\" content=\"1 minuto\" \/>\n<script type=\"application\/ld+json\" class=\"yoast-schema-graph\">{\"@context\":\"https:\\\/\\\/schema.org\",\"@graph\":[{\"@type\":\"WebPage\",\"@id\":\"https:\\\/\\\/www.infotetquebec.com\\\/es\\\/agora-boreale\\\/\",\"url\":\"https:\\\/\\\/www.infotetquebec.com\\\/es\\\/agora-boreale\\\/\",\"name\":\"Agora Bor\u00e9ale - Infotetquebec\",\"isPartOf\":{\"@id\":\"https:\\\/\\\/www.infotetquebec.com\\\/es\\\/#website\"},\"primaryImageOfPage\":{\"@id\":\"https:\\\/\\\/www.infotetquebec.com\\\/es\\\/agora-boreale\\\/#primaryimage\"},\"image\":{\"@id\":\"https:\\\/\\\/www.infotetquebec.com\\\/es\\\/agora-boreale\\\/#primaryimage\"},\"thumbnailUrl\":\"https:\\\/\\\/www.infotetquebec.com\\\/wp-content\\\/uploads\\\/2023\\\/10\\\/244676217_1509806089365181_6837609429173641060_n.png\",\"datePublished\":\"2023-10-24T20:12:39+00:00\",\"dateModified\":\"2023-10-25T17:28:17+00:00\",\"breadcrumb\":{\"@id\":\"https:\\\/\\\/www.infotetquebec.com\\\/es\\\/agora-boreale\\\/#breadcrumb\"},\"inLanguage\":\"es\",\"potentialAction\":[{\"@type\":\"ReadAction\",\"target\":[\"https:\\\/\\\/www.infotetquebec.com\\\/es\\\/agora-boreale\\\/\"]}]},{\"@type\":\"ImageObject\",\"inLanguage\":\"es\",\"@id\":\"https:\\\/\\\/www.infotetquebec.com\\\/es\\\/agora-boreale\\\/#primaryimage\",\"url\":\"https:\\\/\\\/www.infotetquebec.com\\\/wp-content\\\/uploads\\\/2023\\\/10\\\/244676217_1509806089365181_6837609429173641060_n.png\",\"contentUrl\":\"https:\\\/\\\/www.infotetquebec.com\\\/wp-content\\\/uploads\\\/2023\\\/10\\\/244676217_1509806089365181_6837609429173641060_n.png\"},{\"@type\":\"BreadcrumbList\",\"@id\":\"https:\\\/\\\/www.infotetquebec.com\\\/es\\\/agora-boreale\\\/#breadcrumb\",\"itemListElement\":[{\"@type\":\"ListItem\",\"position\":1,\"name\":\"Accueil\",\"item\":\"https:\\\/\\\/www.infotetquebec.com\\\/es\\\/\"},{\"@type\":\"ListItem\",\"position\":2,\"name\":\"Agora Bor\u00e9ale\"}]},{\"@type\":\"WebSite\",\"@id\":\"https:\\\/\\\/www.infotetquebec.com\\\/es\\\/#website\",\"url\":\"https:\\\/\\\/www.infotetquebec.com\\\/es\\\/\",\"name\":\"Infotetquebec\",\"description\":\"Info et soutien aux TET\",\"publisher\":{\"@id\":\"https:\\\/\\\/www.infotetquebec.com\\\/es\\\/#organization\"},\"potentialAction\":[{\"@type\":\"SearchAction\",\"target\":{\"@type\":\"EntryPoint\",\"urlTemplate\":\"https:\\\/\\\/www.infotetquebec.com\\\/es\\\/?s={search_term_string}\"},\"query-input\":{\"@type\":\"PropertyValueSpecification\",\"valueRequired\":true,\"valueName\":\"search_term_string\"}}],\"inLanguage\":\"es\"},{\"@type\":\"Organization\",\"@id\":\"https:\\\/\\\/www.infotetquebec.com\\\/es\\\/#organization\",\"name\":\"InfoTETQuebec\",\"url\":\"https:\\\/\\\/www.infotetquebec.com\\\/es\\\/\",\"logo\":{\"@type\":\"ImageObject\",\"inLanguage\":\"es\",\"@id\":\"https:\\\/\\\/www.infotetquebec.com\\\/es\\\/#\\\/schema\\\/logo\\\/image\\\/\",\"url\":\"https:\\\/\\\/www.infotetquebec.com\\\/wp-content\\\/uploads\\\/2021\\\/02\\\/cropped-IMQC_TET_Favicon_Fav-Icon_Fav-Icon-1.png\",\"contentUrl\":\"https:\\\/\\\/www.infotetquebec.com\\\/wp-content\\\/uploads\\\/2021\\\/02\\\/cropped-IMQC_TET_Favicon_Fav-Icon_Fav-Icon-1.png\",\"width\":512,\"height\":512,\"caption\":\"InfoTETQuebec\"},\"image\":{\"@id\":\"https:\\\/\\\/www.infotetquebec.com\\\/es\\\/#\\\/schema\\\/logo\\\/image\\\/\"},\"sameAs\":[\"https:\\\/\\\/www.facebook.com\\\/profile.php?id=100089616676260\"]}]}<\/script>\n<!-- \/ Yoast SEO plugin. -->","yoast_head_json":{"title":"Agora Bor\u00e9ale - Infotetquebec","robots":{"index":"index","follow":"follow","max-snippet":"max-snippet:-1","max-image-preview":"max-image-preview:large","max-video-preview":"max-video-preview:-1"},"canonical":"https:\/\/www.infotetquebec.com\/es\/agora-boreale\/","og_locale":"es_ES","og_type":"article","og_title":"Agora Bor\u00e9ale - Infotetquebec","og_description":"66 Place Qu\u00e9villon, Lebel-sur-Qu\u00e9villon (Qc) J0Y 1X0 +1 819 755-7550 Regi\u00f3n afectada por el proyecto : Nord-du-Qu\u00e9bec Servicios y actividades","og_url":"https:\/\/www.infotetquebec.com\/es\/agora-boreale\/","og_site_name":"Infotetquebec","article_publisher":"https:\/\/www.facebook.com\/profile.php?id=100089616676260","article_modified_time":"2023-10-25T17:28:17+00:00","og_image":[{"url":"https:\/\/www.infotetquebec.com\/wp-content\/uploads\/2023\/10\/244676217_1509806089365181_6837609429173641060_n.png","type":"","width":"","height":""}],"twitter_card":"summary_large_image","twitter_misc":{"Tiempo de lectura":"1 minuto"},"schema":{"@context":"https:\/\/schema.org","@graph":[{"@type":"WebPage","@id":"https:\/\/www.infotetquebec.com\/es\/agora-boreale\/","url":"https:\/\/www.infotetquebec.com\/es\/agora-boreale\/","name":"Agora Bor\u00e9ale - Infotetquebec","isPartOf":{"@id":"https:\/\/www.infotetquebec.com\/es\/#website"},"primaryImageOfPage":{"@id":"https:\/\/www.infotetquebec.com\/es\/agora-boreale\/#primaryimage"},"image":{"@id":"https:\/\/www.infotetquebec.com\/es\/agora-boreale\/#primaryimage"},"thumbnailUrl":"https:\/\/www.infotetquebec.com\/wp-content\/uploads\/2023\/10\/244676217_1509806089365181_6837609429173641060_n.png","datePublished":"2023-10-24T20:12:39+00:00","dateModified":"2023-10-25T17:28:17+00:00","breadcrumb":{"@id":"https:\/\/www.infotetquebec.com\/es\/agora-boreale\/#breadcrumb"},"inLanguage":"es","potentialAction":[{"@type":"ReadAction","target":["https:\/\/www.infotetquebec.com\/es\/agora-boreale\/"]}]},{"@type":"ImageObject","inLanguage":"es","@id":"https:\/\/www.infotetquebec.com\/es\/agora-boreale\/#primaryimage","url":"https:\/\/www.infotetquebec.com\/wp-content\/uploads\/2023\/10\/244676217_1509806089365181_6837609429173641060_n.png","contentUrl":"https:\/\/www.infotetquebec.com\/wp-content\/uploads\/2023\/10\/244676217_1509806089365181_6837609429173641060_n.png"},{"@type":"BreadcrumbList","@id":"https:\/\/www.infotetquebec.com\/es\/agora-boreale\/#breadcrumb","itemListElement":[{"@type":"ListItem","position":1,"name":"Accueil","item":"https:\/\/www.infotetquebec.com\/es\/"},{"@type":"ListItem","position":2,"name":"Agora Bor\u00e9ale"}]},{"@type":"WebSite","@id":"https:\/\/www.infotetquebec.com\/es\/#website","url":"https:\/\/www.infotetquebec.com\/es\/","name":"Infotetquebec","description":"Info et soutien aux TET","publisher":{"@id":"https:\/\/www.infotetquebec.com\/es\/#organization"},"potentialAction":[{"@type":"SearchAction","target":{"@type":"EntryPoint","urlTemplate":"https:\/\/www.infotetquebec.com\/es\/?s={search_term_string}"},"query-input":{"@type":"PropertyValueSpecification","valueRequired":true,"valueName":"search_term_string"}}],"inLanguage":"es"},{"@type":"Organization","@id":"https:\/\/www.infotetquebec.com\/es\/#organization","name":"InfoTETQuebec","url":"https:\/\/www.infotetquebec.com\/es\/","logo":{"@type":"ImageObject","inLanguage":"es","@id":"https:\/\/www.infotetquebec.com\/es\/#\/schema\/logo\/image\/","url":"https:\/\/www.infotetquebec.com\/wp-content\/uploads\/2021\/02\/cropped-IMQC_TET_Favicon_Fav-Icon_Fav-Icon-1.png","contentUrl":"https:\/\/www.infotetquebec.com\/wp-content\/uploads\/2021\/02\/cropped-IMQC_TET_Favicon_Fav-Icon_Fav-Icon-1.png","width":512,"height":512,"caption":"InfoTETQuebec"},"image":{"@id":"https:\/\/www.infotetquebec.com\/es\/#\/schema\/logo\/image\/"},"sameAs":["https:\/\/www.facebook.com\/profile.php?id=100089616676260"]}]}},"rttpg_featured_image_url":null,"rttpg_author":{"display_name":"Francisco Salazar","author_link":"https:\/\/www.infotetquebec.com\/es\/author\/francisco-salazarimmigrantquebec-com\/"},"rttpg_comment":0,"rttpg_category":" <a href=\"https:\/\/www.infotetquebec.com\/es\/?taxonomy=translation_priority&#038;term=opcional-es-3\" rel=\"tag\">Opcional<\/a>","rttpg_excerpt":"66 Place Qu\u00e9villon, Lebel-sur-Qu\u00e9villon (Qc) J0Y 1X0 +1 819 755-7550 Regi\u00f3n afectada por el proyecto : Nord-du-Qu\u00e9bec Servicios y actividades","_links":{"self":[{"href":"https:\/\/www.infotetquebec.com\/es\/wp-json\/wp\/v2\/pages\/9614","targetHints":{"allow":["GET"]}}],"collection":[{"href":"https:\/\/www.infotetquebec.com\/es\/wp-json\/wp\/v2\/pages"}],"about":[{"href":"https:\/\/www.infotetquebec.com\/es\/wp-json\/wp\/v2\/types\/page"}],"author":[{"embeddable":true,"href":"https:\/\/www.infotetquebec.com\/es\/wp-json\/wp\/v2\/users\/17"}],"replies":[{"embeddable":true,"href":"https:\/\/www.infotetquebec.com\/es\/wp-json\/wp\/v2\/comments?post=9614"}],"version-history":[{"count":2,"href":"https:\/\/www.infotetquebec.com\/es\/wp-json\/wp\/v2\/pages\/9614\/revisions"}],"predecessor-version":[{"id":9641,"href":"https:\/\/www.infotetquebec.com\/es\/wp-json\/wp\/v2\/pages\/9614\/revisions\/9641"}],"wp:attachment":[{"href":"https:\/\/www.infotetquebec.com\/es\/wp-json\/wp\/v2\/media?parent=9614"}],"curies":[{"name":"wp","href":"https:\/\/api.w.org\/{rel}","templated":true}]}}