{"id":9592,"date":"2023-10-24T15:32:08","date_gmt":"2023-10-24T19:32:08","guid":{"rendered":"https:\/\/www.infotetquebec.com\/?page_id=9592"},"modified":"2023-10-24T15:32:08","modified_gmt":"2023-10-24T19:32:08","slug":"centre-multiethnique-de-quebec","status":"publish","type":"page","link":"https:\/\/www.infotetquebec.com\/es\/centre-multiethnique-de-quebec\/","title":{"rendered":"Centre multiethnique de Qu\u00e9bec"},"content":{"rendered":"<p><a href=\"https:\/\/www.centremultiethnique.com\/index.html\"><img fetchpriority=\"high\" decoding=\"async\" class=\"aligncenter wp-image-9586\" src=\"https:\/\/www.infotetquebec.com\/wp-content\/uploads\/2023\/10\/Logo-Centre-multiethniqueQC.png\" alt=\"\" width=\"464\" height=\"179\" srcset=\"https:\/\/www.infotetquebec.com\/wp-content\/uploads\/2023\/10\/Logo-Centre-multiethniqueQC.png 840w, https:\/\/www.infotetquebec.com\/wp-content\/uploads\/2023\/10\/Logo-Centre-multiethniqueQC-300x116.png 300w, https:\/\/www.infotetquebec.com\/wp-content\/uploads\/2023\/10\/Logo-Centre-multiethniqueQC-768x296.png 768w\" sizes=\"(max-width: 464px) 100vw, 464px\" \/><\/a><\/p>\n<div class=\"wp-block-image\">\n<h4 class=\"aligncenter size-full is-resized\" style=\"text-align: center;\"><strong>200, rue Dorchester<br \/>\nQu\u00e9bec (Qc) G1K 5Z1<br \/>\n+<span class=\"links\">1 418 687-9771<\/span> <\/strong><\/h4>\n<p><a href=\"https:\/\/www.facebook.com\/profile.php?id=100070822456912\" target=\"_blank\" rel=\"noopener\"><img decoding=\"async\" class=\"size-full wp-image-2405 aligncenter\" src=\"https:\/\/www.infotetquebec.com\/wp-content\/uploads\/2022\/03\/FACEBOOK-1.png\" alt=\"\" width=\"40\" height=\"40\" \/><\/a><\/p>\n<\/div>\n<h3 style=\"text-align: center;\">Regi\u00f3n afectada por el proyecto : Capitale-Nationale<\/h3>\n<h2><img decoding=\"async\" class=\"aligncenter wp-image-3296 size-full\" src=\"https:\/\/www.infotetquebec.com\/wp-content\/uploads\/2022\/06\/ACCES-TRAVAIL-PORTNEUF.png\" alt=\"\" width=\"600\" height=\"450\" srcset=\"https:\/\/www.infotetquebec.com\/wp-content\/uploads\/2022\/06\/ACCES-TRAVAIL-PORTNEUF.png 600w, https:\/\/www.infotetquebec.com\/wp-content\/uploads\/2022\/06\/ACCES-TRAVAIL-PORTNEUF-300x225.png 300w\" sizes=\"(max-width: 600px) 100vw, 600px\" \/><\/h2>\n<h3 style=\"text-align: center;\">Servicios y actividades<\/h3>\n<p data-wp-editing=\"1\"><a href=\"https:\/\/www.infotetquebec.com\/wp-content\/uploads\/2023\/05\/PictoTET-Orientacion-Vert.png\"><img loading=\"lazy\" decoding=\"async\" class=\"aligncenter size-full wp-image-6968\" src=\"https:\/\/www.infotetquebec.com\/wp-content\/uploads\/2023\/05\/PictoTET-Orientacion-Vert.png\" alt=\"\" width=\"300\" height=\"100\" \/><\/a> <a href=\"https:\/\/www.infotetquebec.com\/wp-content\/uploads\/2022\/07\/Sesio\u0301n-de-informacio\u0301n-blanc.png\"><img loading=\"lazy\" decoding=\"async\" class=\"aligncenter size-full wp-image-4463\" src=\"https:\/\/www.infotetquebec.com\/wp-content\/uploads\/2022\/07\/Sesio\u0301n-de-informacio\u0301n-blanc.png\" alt=\"\" width=\"300\" height=\"100\" \/><\/a> <a href=\"https:\/\/www.infotetquebec.com\/wp-content\/uploads\/2022\/07\/Actividad-cultural-o-deportiva-o-deporte-vert.png\"><img loading=\"lazy\" decoding=\"async\" class=\"aligncenter size-full wp-image-4430\" src=\"https:\/\/www.infotetquebec.com\/wp-content\/uploads\/2022\/07\/Actividad-cultural-o-deportiva-o-deporte-vert.png\" alt=\"\" width=\"300\" height=\"100\" \/><\/a><\/p>\n","protected":false},"excerpt":{"rendered":"<p>200, rue Dorchester Qu\u00e9bec (Qc) G1K 5Z1 +1 418 687-9771 Regi\u00f3n afectada por el proyecto : Capitale-Nationale Servicios y actividades<\/p>\n","protected":false},"author":17,"featured_media":0,"parent":0,"menu_order":0,"comment_status":"closed","ping_status":"closed","template":"","meta":{"_genesis_hide_title":false,"_genesis_hide_breadcrumbs":false,"_genesis_hide_singular_image":false,"_genesis_hide_footer_widgets":false,"_genesis_custom_body_class":"","_genesis_custom_post_class":"","_genesis_layout":"","footnotes":""},"class_list":["post-9592","page","type-page","status-publish","entry","has-post-thumbnail"],"yoast_head":"<!-- This site is optimized with the Yoast SEO plugin v27.4 - https:\/\/yoast.com\/product\/yoast-seo-wordpress\/ -->\n<title>Centre multiethnique de Qu\u00e9bec - Infotetquebec<\/title>\n<meta name=\"robots\" content=\"index, follow, max-snippet:-1, max-image-preview:large, max-video-preview:-1\" \/>\n<link rel=\"canonical\" href=\"https:\/\/www.infotetquebec.com\/es\/centre-multiethnique-de-quebec\/\" \/>\n<meta property=\"og:locale\" content=\"es_ES\" \/>\n<meta property=\"og:type\" content=\"article\" \/>\n<meta property=\"og:title\" content=\"Centre multiethnique de Qu\u00e9bec - Infotetquebec\" \/>\n<meta property=\"og:description\" content=\"200, rue Dorchester Qu\u00e9bec (Qc) G1K 5Z1 +1 418 687-9771 Regi\u00f3n afectada por el proyecto : Capitale-Nationale Servicios y actividades\" \/>\n<meta property=\"og:url\" content=\"https:\/\/www.infotetquebec.com\/es\/centre-multiethnique-de-quebec\/\" \/>\n<meta property=\"og:site_name\" content=\"Infotetquebec\" \/>\n<meta property=\"article:publisher\" content=\"https:\/\/www.facebook.com\/profile.php?id=100089616676260\" \/>\n<meta property=\"og:image\" content=\"https:\/\/www.infotetquebec.com\/wp-content\/uploads\/2023\/10\/Logo-Centre-multiethniqueQC.png\" \/>\n<meta name=\"twitter:card\" content=\"summary_large_image\" \/>\n<meta name=\"twitter:label1\" content=\"Tiempo de lectura\" \/>\n\t<meta name=\"twitter:data1\" content=\"2 minutos\" \/>\n<script type=\"application\/ld+json\" class=\"yoast-schema-graph\">{\"@context\":\"https:\\\/\\\/schema.org\",\"@graph\":[{\"@type\":\"WebPage\",\"@id\":\"https:\\\/\\\/www.infotetquebec.com\\\/es\\\/centre-multiethnique-de-quebec\\\/\",\"url\":\"https:\\\/\\\/www.infotetquebec.com\\\/es\\\/centre-multiethnique-de-quebec\\\/\",\"name\":\"Centre multiethnique de Qu\u00e9bec - Infotetquebec\",\"isPartOf\":{\"@id\":\"https:\\\/\\\/www.infotetquebec.com\\\/es\\\/#website\"},\"primaryImageOfPage\":{\"@id\":\"https:\\\/\\\/www.infotetquebec.com\\\/es\\\/centre-multiethnique-de-quebec\\\/#primaryimage\"},\"image\":{\"@id\":\"https:\\\/\\\/www.infotetquebec.com\\\/es\\\/centre-multiethnique-de-quebec\\\/#primaryimage\"},\"thumbnailUrl\":\"https:\\\/\\\/www.infotetquebec.com\\\/wp-content\\\/uploads\\\/2023\\\/10\\\/Logo-Centre-multiethniqueQC.png\",\"datePublished\":\"2023-10-24T19:32:08+00:00\",\"breadcrumb\":{\"@id\":\"https:\\\/\\\/www.infotetquebec.com\\\/es\\\/centre-multiethnique-de-quebec\\\/#breadcrumb\"},\"inLanguage\":\"es\",\"potentialAction\":[{\"@type\":\"ReadAction\",\"target\":[\"https:\\\/\\\/www.infotetquebec.com\\\/es\\\/centre-multiethnique-de-quebec\\\/\"]}]},{\"@type\":\"ImageObject\",\"inLanguage\":\"es\",\"@id\":\"https:\\\/\\\/www.infotetquebec.com\\\/es\\\/centre-multiethnique-de-quebec\\\/#primaryimage\",\"url\":\"https:\\\/\\\/www.infotetquebec.com\\\/wp-content\\\/uploads\\\/2023\\\/10\\\/Logo-Centre-multiethniqueQC.png\",\"contentUrl\":\"https:\\\/\\\/www.infotetquebec.com\\\/wp-content\\\/uploads\\\/2023\\\/10\\\/Logo-Centre-multiethniqueQC.png\"},{\"@type\":\"BreadcrumbList\",\"@id\":\"https:\\\/\\\/www.infotetquebec.com\\\/es\\\/centre-multiethnique-de-quebec\\\/#breadcrumb\",\"itemListElement\":[{\"@type\":\"ListItem\",\"position\":1,\"name\":\"Accueil\",\"item\":\"https:\\\/\\\/www.infotetquebec.com\\\/es\\\/\"},{\"@type\":\"ListItem\",\"position\":2,\"name\":\"Centre multiethnique de Qu\u00e9bec\"}]},{\"@type\":\"WebSite\",\"@id\":\"https:\\\/\\\/www.infotetquebec.com\\\/es\\\/#website\",\"url\":\"https:\\\/\\\/www.infotetquebec.com\\\/es\\\/\",\"name\":\"Infotetquebec\",\"description\":\"Info et soutien aux TET\",\"publisher\":{\"@id\":\"https:\\\/\\\/www.infotetquebec.com\\\/es\\\/#organization\"},\"potentialAction\":[{\"@type\":\"SearchAction\",\"target\":{\"@type\":\"EntryPoint\",\"urlTemplate\":\"https:\\\/\\\/www.infotetquebec.com\\\/es\\\/?s={search_term_string}\"},\"query-input\":{\"@type\":\"PropertyValueSpecification\",\"valueRequired\":true,\"valueName\":\"search_term_string\"}}],\"inLanguage\":\"es\"},{\"@type\":\"Organization\",\"@id\":\"https:\\\/\\\/www.infotetquebec.com\\\/es\\\/#organization\",\"name\":\"InfoTETQuebec\",\"url\":\"https:\\\/\\\/www.infotetquebec.com\\\/es\\\/\",\"logo\":{\"@type\":\"ImageObject\",\"inLanguage\":\"es\",\"@id\":\"https:\\\/\\\/www.infotetquebec.com\\\/es\\\/#\\\/schema\\\/logo\\\/image\\\/\",\"url\":\"https:\\\/\\\/www.infotetquebec.com\\\/wp-content\\\/uploads\\\/2021\\\/02\\\/cropped-IMQC_TET_Favicon_Fav-Icon_Fav-Icon-1.png\",\"contentUrl\":\"https:\\\/\\\/www.infotetquebec.com\\\/wp-content\\\/uploads\\\/2021\\\/02\\\/cropped-IMQC_TET_Favicon_Fav-Icon_Fav-Icon-1.png\",\"width\":512,\"height\":512,\"caption\":\"InfoTETQuebec\"},\"image\":{\"@id\":\"https:\\\/\\\/www.infotetquebec.com\\\/es\\\/#\\\/schema\\\/logo\\\/image\\\/\"},\"sameAs\":[\"https:\\\/\\\/www.facebook.com\\\/profile.php?id=100089616676260\"]}]}<\/script>\n<!-- \/ Yoast SEO plugin. -->","yoast_head_json":{"title":"Centre multiethnique de Qu\u00e9bec - Infotetquebec","robots":{"index":"index","follow":"follow","max-snippet":"max-snippet:-1","max-image-preview":"max-image-preview:large","max-video-preview":"max-video-preview:-1"},"canonical":"https:\/\/www.infotetquebec.com\/es\/centre-multiethnique-de-quebec\/","og_locale":"es_ES","og_type":"article","og_title":"Centre multiethnique de Qu\u00e9bec - Infotetquebec","og_description":"200, rue Dorchester Qu\u00e9bec (Qc) G1K 5Z1 +1 418 687-9771 Regi\u00f3n afectada por el proyecto : Capitale-Nationale Servicios y actividades","og_url":"https:\/\/www.infotetquebec.com\/es\/centre-multiethnique-de-quebec\/","og_site_name":"Infotetquebec","article_publisher":"https:\/\/www.facebook.com\/profile.php?id=100089616676260","og_image":[{"url":"https:\/\/www.infotetquebec.com\/wp-content\/uploads\/2023\/10\/Logo-Centre-multiethniqueQC.png","type":"","width":"","height":""}],"twitter_card":"summary_large_image","twitter_misc":{"Tiempo de lectura":"2 minutos"},"schema":{"@context":"https:\/\/schema.org","@graph":[{"@type":"WebPage","@id":"https:\/\/www.infotetquebec.com\/es\/centre-multiethnique-de-quebec\/","url":"https:\/\/www.infotetquebec.com\/es\/centre-multiethnique-de-quebec\/","name":"Centre multiethnique de Qu\u00e9bec - Infotetquebec","isPartOf":{"@id":"https:\/\/www.infotetquebec.com\/es\/#website"},"primaryImageOfPage":{"@id":"https:\/\/www.infotetquebec.com\/es\/centre-multiethnique-de-quebec\/#primaryimage"},"image":{"@id":"https:\/\/www.infotetquebec.com\/es\/centre-multiethnique-de-quebec\/#primaryimage"},"thumbnailUrl":"https:\/\/www.infotetquebec.com\/wp-content\/uploads\/2023\/10\/Logo-Centre-multiethniqueQC.png","datePublished":"2023-10-24T19:32:08+00:00","breadcrumb":{"@id":"https:\/\/www.infotetquebec.com\/es\/centre-multiethnique-de-quebec\/#breadcrumb"},"inLanguage":"es","potentialAction":[{"@type":"ReadAction","target":["https:\/\/www.infotetquebec.com\/es\/centre-multiethnique-de-quebec\/"]}]},{"@type":"ImageObject","inLanguage":"es","@id":"https:\/\/www.infotetquebec.com\/es\/centre-multiethnique-de-quebec\/#primaryimage","url":"https:\/\/www.infotetquebec.com\/wp-content\/uploads\/2023\/10\/Logo-Centre-multiethniqueQC.png","contentUrl":"https:\/\/www.infotetquebec.com\/wp-content\/uploads\/2023\/10\/Logo-Centre-multiethniqueQC.png"},{"@type":"BreadcrumbList","@id":"https:\/\/www.infotetquebec.com\/es\/centre-multiethnique-de-quebec\/#breadcrumb","itemListElement":[{"@type":"ListItem","position":1,"name":"Accueil","item":"https:\/\/www.infotetquebec.com\/es\/"},{"@type":"ListItem","position":2,"name":"Centre multiethnique de Qu\u00e9bec"}]},{"@type":"WebSite","@id":"https:\/\/www.infotetquebec.com\/es\/#website","url":"https:\/\/www.infotetquebec.com\/es\/","name":"Infotetquebec","description":"Info et soutien aux TET","publisher":{"@id":"https:\/\/www.infotetquebec.com\/es\/#organization"},"potentialAction":[{"@type":"SearchAction","target":{"@type":"EntryPoint","urlTemplate":"https:\/\/www.infotetquebec.com\/es\/?s={search_term_string}"},"query-input":{"@type":"PropertyValueSpecification","valueRequired":true,"valueName":"search_term_string"}}],"inLanguage":"es"},{"@type":"Organization","@id":"https:\/\/www.infotetquebec.com\/es\/#organization","name":"InfoTETQuebec","url":"https:\/\/www.infotetquebec.com\/es\/","logo":{"@type":"ImageObject","inLanguage":"es","@id":"https:\/\/www.infotetquebec.com\/es\/#\/schema\/logo\/image\/","url":"https:\/\/www.infotetquebec.com\/wp-content\/uploads\/2021\/02\/cropped-IMQC_TET_Favicon_Fav-Icon_Fav-Icon-1.png","contentUrl":"https:\/\/www.infotetquebec.com\/wp-content\/uploads\/2021\/02\/cropped-IMQC_TET_Favicon_Fav-Icon_Fav-Icon-1.png","width":512,"height":512,"caption":"InfoTETQuebec"},"image":{"@id":"https:\/\/www.infotetquebec.com\/es\/#\/schema\/logo\/image\/"},"sameAs":["https:\/\/www.facebook.com\/profile.php?id=100089616676260"]}]}},"rttpg_featured_image_url":null,"rttpg_author":{"display_name":"Francisco Salazar","author_link":"https:\/\/www.infotetquebec.com\/es\/author\/francisco-salazarimmigrantquebec-com\/"},"rttpg_comment":0,"rttpg_category":" <a href=\"https:\/\/www.infotetquebec.com\/es\/?taxonomy=translation_priority&#038;term=opcional-es-3\" rel=\"tag\">Opcional<\/a><a href=\"https:\/\/www.infotetquebec.com\/es\/?taxonomy=translation_priority&#038;term=optional-es\" rel=\"tag\">Optional<\/a>","rttpg_excerpt":"200, rue Dorchester Qu\u00e9bec (Qc) G1K 5Z1 +1 418 687-9771 Regi\u00f3n afectada por el proyecto : Capitale-Nationale Servicios y actividades","_links":{"self":[{"href":"https:\/\/www.infotetquebec.com\/es\/wp-json\/wp\/v2\/pages\/9592","targetHints":{"allow":["GET"]}}],"collection":[{"href":"https:\/\/www.infotetquebec.com\/es\/wp-json\/wp\/v2\/pages"}],"about":[{"href":"https:\/\/www.infotetquebec.com\/es\/wp-json\/wp\/v2\/types\/page"}],"author":[{"embeddable":true,"href":"https:\/\/www.infotetquebec.com\/es\/wp-json\/wp\/v2\/users\/17"}],"replies":[{"embeddable":true,"href":"https:\/\/www.infotetquebec.com\/es\/wp-json\/wp\/v2\/comments?post=9592"}],"version-history":[{"count":1,"href":"https:\/\/www.infotetquebec.com\/es\/wp-json\/wp\/v2\/pages\/9592\/revisions"}],"predecessor-version":[{"id":9593,"href":"https:\/\/www.infotetquebec.com\/es\/wp-json\/wp\/v2\/pages\/9592\/revisions\/9593"}],"wp:attachment":[{"href":"https:\/\/www.infotetquebec.com\/es\/wp-json\/wp\/v2\/media?parent=9592"}],"curies":[{"name":"wp","href":"https:\/\/api.w.org\/{rel}","templated":true}]}}