{"id":949,"date":"2021-02-07T11:06:05","date_gmt":"2021-02-07T16:06:05","guid":{"rendered":"https:\/\/www.infotetquebec.com\/?page_id=949"},"modified":"2025-08-08T15:56:23","modified_gmt":"2025-08-08T19:56:23","slug":"a-quien-contactar-si-es-victima-de-trata-de-personas","status":"publish","type":"page","link":"https:\/\/www.infotetquebec.com\/es\/a-quien-contactar-si-es-victima-de-trata-de-personas\/","title":{"rendered":"\u00bfA qui\u00e9n contactar si es v\u00edctima de trata de personas?"},"content":{"rendered":"\r\n<h3 class=\"has-black-color has-text-color wp-block-heading\">Protecci\u00f3n y ayuda para las v\u00edctimas de trata de personas.\u00a0<\/h3>\r\n\r\n\r\n\r\n<p class=\"has-black-color has-text-color\">Si cree que usted u otra persona son v\u00edctimas de tr\u00e1fico de personas, llame al 9-1-1 o al servicio de polic\u00eda local. Si desea denunciar un caso de tr\u00e1fico de personas an\u00f3nimamente, llame al <strong>1-800-222-8477 <\/strong>(Crime Stoppers National Tipline\/Association canadienne d\u2019\u00e9chec au crime).<\/p>\r\n\r\n\r\n\r\n<p id=\"block-08a423f6-9225-40a7-9785-8084220bdcce\" class=\"has-black-color has-text-color\">Si es v\u00edctima de tr\u00e1fico de personas, el gobierno de Canad\u00e1 tambi\u00e9n puede ayudarle otorg\u00e1ndole un permiso de estancia temporal especial. Ese permiso le dar\u00e1 acceso al sistema de salud p\u00fablico y le permitir\u00e1 solicitar un permiso de trabajo abierto. Usted no tendr\u00e1 que declarar contra el traficante en cuesti\u00f3n, ni pagar por recibir esa ayuda. Puede comunicarse con la oficina m\u00e1s cercana del Ministerio de Inmigraci\u00f3n, Refugiados y Ciudadan\u00eda de Canad\u00e1 (Immigration, Refugees and Citizenship Canada\/Immigration, R\u00e9fugi\u00e9s et Citoyennet\u00e9 Canada, o IRCC) o de la Real Polic\u00eda Montada de Canad\u00e1 (Royal Canadian Mounted Police, RCMP\/Gendarmerie royale du Canada, GRC). Para encontrar la oficina del IRCC m\u00e1s cercana, llame al n\u00famero de larga distancia gratuita <strong>1-888-242-2100<\/strong> (s\u00f3lo desde Canad\u00e1).<\/p>\r\n\r\n\r\n\r\n<p id=\"block-08a423f6-9225-40a7-9785-8084220bdcce\" class=\"has-black-color has-text-color\">Si acude a una oficina en persona, un agente del IRCC podr\u00e1 evaluar su solicitud con m\u00e1s rapidez. Para encontrar en su localidad a un destacamento de la RCMP\/GRC responsable de casos de tr\u00e1fico de personas, llame al n\u00famero de larga distancia gratuita <strong>1-855-850-4640<\/strong> (Human Trafficking National Coordination Centre\/Centre national de coordination contre la traite de personnes).<\/p>\r\n\r\n\r\n\r\n<p class=\"has-black-color has-text-color\"><strong><strong><strong>OTROS RECURSOS<\/strong><\/strong><\/strong><\/p>\r\n\r\n\r\n\r\n<ul class=\"has-black-color has-text-color wp-block-list\">\r\n<li>Si necesita ayuda urgente, acuda a los servicios de emergencia llamando al<strong> 9-1-1<\/strong>;<\/li>\r\n<li>Para denuncias an\u00f3nimas de usos abusivos del Programa de Trabajadores Extranjeros Temporales, llame a la L\u00ednea de informaci\u00f3n confidencial (Tip Line) de Service Canada: <strong>1-866 602-9448<\/strong> o utilice la <a href=\"https:\/\/www.canada.ca\/en\/employment-social-development\/services\/foreign-workers\/report-abuse-es.html\"><strong>herramienta en l\u00ednea para denunciar fraudes<\/strong><\/a>;<\/li>\r\n<li>Para obtener informaci\u00f3n sobre c\u00f3mo se puede <strong>trabajar en Canad\u00e1,<\/strong> llame al Ministerio de Inmigraci\u00f3n, Refugiados y Ciudadan\u00eda de Canad\u00e1:<strong> 1-888-242-2100<\/strong>;<\/li>\r\n<li>Para informarse sobre la aplicaci\u00f3n de las leyes migratorias de Canad\u00e1, llame a la <strong>Agencia de Servicios Fronterizos de Canad\u00e1: 1-800-461-9999 Service Canada: <\/strong>(consulte este sitio para presentar una solicitud de n\u00famero de seguro social y recibir una serie de servicios gubernamentales);<\/li>\r\n<\/ul>\r\n\r\n\r\n\r\n<ul class=\"has-black-color has-text-color wp-block-list\">\r\n<li>Para obtener informaci\u00f3n general sobre los servicios del gobierno de Canad\u00e1, llame al <strong>1-800-O-Canada (1-800-622-6232)<\/strong>;<\/li>\r\n<\/ul>\r\n\r\n\r\n\r\n<ul class=\"has-black-color has-text-color wp-block-list\">\r\n<li>Para denunciar de manera an\u00f3nima un crimen o un posible crimen, comun\u00edquese con <strong>Crime Stoppers\/Association canadienne d\u2019\u00e9chec au crime llamando al<\/strong> <strong>1-800-222-8477.<\/strong><\/li>\r\n<\/ul>\r\n<p><b><a href=\"https:\/\/www.canadianhumantraffickinghotline.ca\/fr\/\">La L\u00ednea de Emergencia Canadiense contra la Trata de Personas<\/a> es un servicio multiling\u00fce y confidencial, disponible las 24 horas del d\u00eda, los siete d\u00edas de la semana.<\/b><b><br \/><\/b><span style=\"font-weight: 400;\"> Al ritmo y seg\u00fan la voluntad de las v\u00edctimas y sobrevivientes, esta l\u00ednea los conecta con servicios sociales, servicios de emergencia y organismos encargados de hacer cumplir la ley. Tambi\u00e9n acepta denuncias presentadas por el p\u00fablico.<\/span><\/p>\r\n<p><span style=\"font-weight: 400;\">Su enfoque est\u00e1 centrado en las necesidades y la seguridad de las personas afectadas por la trata. Cada intervenci\u00f3n se gu\u00eda por principios de sensibilidad al trauma, con el fin de apoyar a la persona y respetar sus decisiones en cada etapa del proceso.<\/span><\/p>\r\n<p><span style=\"font-weight: 400;\">Ya se trate de una persona que actualmente est\u00e1 en una situaci\u00f3n de trata, de un(a) sobreviviente que busca apoyo, o de alguien que est\u00e9 preocupado(a) por la situaci\u00f3n de otra persona, la L\u00ednea est\u00e1 disponible en todo momento llamando al <\/span><b>1 833 900 1010<\/b><span style=\"font-weight: 400;\"> o por chat en: <\/span><a href=\"https:\/\/www.canadianhumantraffickinghotline.ca\/fr\/\"><b>canadianhumantraffickinghotline.ca<\/b><\/a><\/p>\r\n","protected":false},"excerpt":{"rendered":"<p>Protecci\u00f3n y ayuda para las v\u00edctimas de trata de personas.\u00a0 Si cree que usted u otra persona son v\u00edctimas de tr\u00e1fico de personas, llame al 9-1-1 o al servicio de&#8230; <a class=\"more-link\" href=\"https:\/\/www.infotetquebec.com\/es\/a-quien-contactar-si-es-victima-de-trata-de-personas\/\">Leer m\u00e1s<\/a><\/p>\n","protected":false},"author":3,"featured_media":0,"parent":0,"menu_order":0,"comment_status":"closed","ping_status":"closed","template":"","meta":{"_genesis_hide_title":false,"_genesis_hide_breadcrumbs":false,"_genesis_hide_singular_image":false,"_genesis_hide_footer_widgets":false,"_genesis_custom_body_class":"","_genesis_custom_post_class":"","_genesis_layout":"","footnotes":""},"class_list":["post-949","page","type-page","status-publish","entry"],"yoast_head":"<!-- This site is optimized with the Yoast SEO plugin v27.5 - https:\/\/yoast.com\/product\/yoast-seo-wordpress\/ -->\n<title>\u00bfA qui\u00e9n contactar si es v\u00edctima de trata de personas? - Infotetquebec<\/title>\n<meta name=\"robots\" content=\"index, follow, max-snippet:-1, max-image-preview:large, max-video-preview:-1\" \/>\n<link rel=\"canonical\" href=\"https:\/\/www.infotetquebec.com\/es\/a-quien-contactar-si-es-victima-de-trata-de-personas\/\" \/>\n<meta property=\"og:locale\" content=\"es_ES\" \/>\n<meta property=\"og:type\" content=\"article\" \/>\n<meta property=\"og:title\" content=\"\u00bfA qui\u00e9n contactar si es v\u00edctima de trata de personas? - Infotetquebec\" \/>\n<meta property=\"og:description\" content=\"Protecci\u00f3n y ayuda para las v\u00edctimas de trata de personas.\u00a0 Si cree que usted u otra persona son v\u00edctimas de tr\u00e1fico de personas, llame al 9-1-1 o al servicio de... Leer m\u00e1s\" \/>\n<meta property=\"og:url\" content=\"https:\/\/www.infotetquebec.com\/es\/a-quien-contactar-si-es-victima-de-trata-de-personas\/\" \/>\n<meta property=\"og:site_name\" content=\"Infotetquebec\" \/>\n<meta property=\"article:publisher\" content=\"https:\/\/www.facebook.com\/profile.php?id=100089616676260\" \/>\n<meta property=\"article:modified_time\" content=\"2025-08-08T19:56:23+00:00\" \/>\n<meta name=\"twitter:card\" content=\"summary_large_image\" \/>\n<meta name=\"twitter:label1\" content=\"Tiempo de lectura\" \/>\n\t<meta name=\"twitter:data1\" content=\"3 minutos\" \/>\n<script type=\"application\/ld+json\" class=\"yoast-schema-graph\">{\"@context\":\"https:\\\/\\\/schema.org\",\"@graph\":[{\"@type\":\"WebPage\",\"@id\":\"https:\\\/\\\/www.infotetquebec.com\\\/es\\\/a-quien-contactar-si-es-victima-de-trata-de-personas\\\/\",\"url\":\"https:\\\/\\\/www.infotetquebec.com\\\/es\\\/a-quien-contactar-si-es-victima-de-trata-de-personas\\\/\",\"name\":\"\u00bfA qui\u00e9n contactar si es v\u00edctima de trata de personas? - Infotetquebec\",\"isPartOf\":{\"@id\":\"https:\\\/\\\/www.infotetquebec.com\\\/es\\\/#website\"},\"datePublished\":\"2021-02-07T16:06:05+00:00\",\"dateModified\":\"2025-08-08T19:56:23+00:00\",\"breadcrumb\":{\"@id\":\"https:\\\/\\\/www.infotetquebec.com\\\/es\\\/a-quien-contactar-si-es-victima-de-trata-de-personas\\\/#breadcrumb\"},\"inLanguage\":\"es\",\"potentialAction\":[{\"@type\":\"ReadAction\",\"target\":[\"https:\\\/\\\/www.infotetquebec.com\\\/es\\\/a-quien-contactar-si-es-victima-de-trata-de-personas\\\/\"]}]},{\"@type\":\"BreadcrumbList\",\"@id\":\"https:\\\/\\\/www.infotetquebec.com\\\/es\\\/a-quien-contactar-si-es-victima-de-trata-de-personas\\\/#breadcrumb\",\"itemListElement\":[{\"@type\":\"ListItem\",\"position\":1,\"name\":\"Accueil\",\"item\":\"https:\\\/\\\/www.infotetquebec.com\\\/es\\\/\"},{\"@type\":\"ListItem\",\"position\":2,\"name\":\"\u00bfA qui\u00e9n contactar si es v\u00edctima de trata de personas?\"}]},{\"@type\":\"WebSite\",\"@id\":\"https:\\\/\\\/www.infotetquebec.com\\\/es\\\/#website\",\"url\":\"https:\\\/\\\/www.infotetquebec.com\\\/es\\\/\",\"name\":\"Infotetquebec\",\"description\":\"Info et soutien aux TET\",\"publisher\":{\"@id\":\"https:\\\/\\\/www.infotetquebec.com\\\/es\\\/#organization\"},\"potentialAction\":[{\"@type\":\"SearchAction\",\"target\":{\"@type\":\"EntryPoint\",\"urlTemplate\":\"https:\\\/\\\/www.infotetquebec.com\\\/es\\\/?s={search_term_string}\"},\"query-input\":{\"@type\":\"PropertyValueSpecification\",\"valueRequired\":true,\"valueName\":\"search_term_string\"}}],\"inLanguage\":\"es\"},{\"@type\":\"Organization\",\"@id\":\"https:\\\/\\\/www.infotetquebec.com\\\/es\\\/#organization\",\"name\":\"InfoTETQuebec\",\"url\":\"https:\\\/\\\/www.infotetquebec.com\\\/es\\\/\",\"logo\":{\"@type\":\"ImageObject\",\"inLanguage\":\"es\",\"@id\":\"https:\\\/\\\/www.infotetquebec.com\\\/es\\\/#\\\/schema\\\/logo\\\/image\\\/\",\"url\":\"https:\\\/\\\/www.infotetquebec.com\\\/wp-content\\\/uploads\\\/2021\\\/02\\\/cropped-IMQC_TET_Favicon_Fav-Icon_Fav-Icon-1.png\",\"contentUrl\":\"https:\\\/\\\/www.infotetquebec.com\\\/wp-content\\\/uploads\\\/2021\\\/02\\\/cropped-IMQC_TET_Favicon_Fav-Icon_Fav-Icon-1.png\",\"width\":512,\"height\":512,\"caption\":\"InfoTETQuebec\"},\"image\":{\"@id\":\"https:\\\/\\\/www.infotetquebec.com\\\/es\\\/#\\\/schema\\\/logo\\\/image\\\/\"},\"sameAs\":[\"https:\\\/\\\/www.facebook.com\\\/profile.php?id=100089616676260\"]}]}<\/script>\n<!-- \/ Yoast SEO plugin. -->","yoast_head_json":{"title":"\u00bfA qui\u00e9n contactar si es v\u00edctima de trata de personas? - Infotetquebec","robots":{"index":"index","follow":"follow","max-snippet":"max-snippet:-1","max-image-preview":"max-image-preview:large","max-video-preview":"max-video-preview:-1"},"canonical":"https:\/\/www.infotetquebec.com\/es\/a-quien-contactar-si-es-victima-de-trata-de-personas\/","og_locale":"es_ES","og_type":"article","og_title":"\u00bfA qui\u00e9n contactar si es v\u00edctima de trata de personas? - Infotetquebec","og_description":"Protecci\u00f3n y ayuda para las v\u00edctimas de trata de personas.\u00a0 Si cree que usted u otra persona son v\u00edctimas de tr\u00e1fico de personas, llame al 9-1-1 o al servicio de... Leer m\u00e1s","og_url":"https:\/\/www.infotetquebec.com\/es\/a-quien-contactar-si-es-victima-de-trata-de-personas\/","og_site_name":"Infotetquebec","article_publisher":"https:\/\/www.facebook.com\/profile.php?id=100089616676260","article_modified_time":"2025-08-08T19:56:23+00:00","twitter_card":"summary_large_image","twitter_misc":{"Tiempo de lectura":"3 minutos"},"schema":{"@context":"https:\/\/schema.org","@graph":[{"@type":"WebPage","@id":"https:\/\/www.infotetquebec.com\/es\/a-quien-contactar-si-es-victima-de-trata-de-personas\/","url":"https:\/\/www.infotetquebec.com\/es\/a-quien-contactar-si-es-victima-de-trata-de-personas\/","name":"\u00bfA qui\u00e9n contactar si es v\u00edctima de trata de personas? - Infotetquebec","isPartOf":{"@id":"https:\/\/www.infotetquebec.com\/es\/#website"},"datePublished":"2021-02-07T16:06:05+00:00","dateModified":"2025-08-08T19:56:23+00:00","breadcrumb":{"@id":"https:\/\/www.infotetquebec.com\/es\/a-quien-contactar-si-es-victima-de-trata-de-personas\/#breadcrumb"},"inLanguage":"es","potentialAction":[{"@type":"ReadAction","target":["https:\/\/www.infotetquebec.com\/es\/a-quien-contactar-si-es-victima-de-trata-de-personas\/"]}]},{"@type":"BreadcrumbList","@id":"https:\/\/www.infotetquebec.com\/es\/a-quien-contactar-si-es-victima-de-trata-de-personas\/#breadcrumb","itemListElement":[{"@type":"ListItem","position":1,"name":"Accueil","item":"https:\/\/www.infotetquebec.com\/es\/"},{"@type":"ListItem","position":2,"name":"\u00bfA qui\u00e9n contactar si es v\u00edctima de trata de personas?"}]},{"@type":"WebSite","@id":"https:\/\/www.infotetquebec.com\/es\/#website","url":"https:\/\/www.infotetquebec.com\/es\/","name":"Infotetquebec","description":"Info et soutien aux TET","publisher":{"@id":"https:\/\/www.infotetquebec.com\/es\/#organization"},"potentialAction":[{"@type":"SearchAction","target":{"@type":"EntryPoint","urlTemplate":"https:\/\/www.infotetquebec.com\/es\/?s={search_term_string}"},"query-input":{"@type":"PropertyValueSpecification","valueRequired":true,"valueName":"search_term_string"}}],"inLanguage":"es"},{"@type":"Organization","@id":"https:\/\/www.infotetquebec.com\/es\/#organization","name":"InfoTETQuebec","url":"https:\/\/www.infotetquebec.com\/es\/","logo":{"@type":"ImageObject","inLanguage":"es","@id":"https:\/\/www.infotetquebec.com\/es\/#\/schema\/logo\/image\/","url":"https:\/\/www.infotetquebec.com\/wp-content\/uploads\/2021\/02\/cropped-IMQC_TET_Favicon_Fav-Icon_Fav-Icon-1.png","contentUrl":"https:\/\/www.infotetquebec.com\/wp-content\/uploads\/2021\/02\/cropped-IMQC_TET_Favicon_Fav-Icon_Fav-Icon-1.png","width":512,"height":512,"caption":"InfoTETQuebec"},"image":{"@id":"https:\/\/www.infotetquebec.com\/es\/#\/schema\/logo\/image\/"},"sameAs":["https:\/\/www.facebook.com\/profile.php?id=100089616676260"]}]}},"rttpg_featured_image_url":null,"rttpg_author":{"display_name":"Agn\u00e8s Merlin","author_link":"https:\/\/www.infotetquebec.com\/es\/author\/agnes-merlinimmigrantquebec-com\/"},"rttpg_comment":0,"rttpg_category":" <a href=\"https:\/\/www.infotetquebec.com\/es\/?taxonomy=translation_priority&#038;term=optional-es\" rel=\"tag\">Optional<\/a>","rttpg_excerpt":"Protecci\u00f3n y ayuda para las v\u00edctimas de trata de personas.\u00a0 Si cree que usted u otra persona son v\u00edctimas de tr\u00e1fico de personas, llame al 9-1-1 o al servicio de... Leer m\u00e1s","_links":{"self":[{"href":"https:\/\/www.infotetquebec.com\/es\/wp-json\/wp\/v2\/pages\/949","targetHints":{"allow":["GET"]}}],"collection":[{"href":"https:\/\/www.infotetquebec.com\/es\/wp-json\/wp\/v2\/pages"}],"about":[{"href":"https:\/\/www.infotetquebec.com\/es\/wp-json\/wp\/v2\/types\/page"}],"author":[{"embeddable":true,"href":"https:\/\/www.infotetquebec.com\/es\/wp-json\/wp\/v2\/users\/3"}],"replies":[{"embeddable":true,"href":"https:\/\/www.infotetquebec.com\/es\/wp-json\/wp\/v2\/comments?post=949"}],"version-history":[{"count":3,"href":"https:\/\/www.infotetquebec.com\/es\/wp-json\/wp\/v2\/pages\/949\/revisions"}],"predecessor-version":[{"id":22229,"href":"https:\/\/www.infotetquebec.com\/es\/wp-json\/wp\/v2\/pages\/949\/revisions\/22229"}],"wp:attachment":[{"href":"https:\/\/www.infotetquebec.com\/es\/wp-json\/wp\/v2\/media?parent=949"}],"curies":[{"name":"wp","href":"https:\/\/api.w.org\/{rel}","templated":true}]}}