{"id":9325,"date":"2023-10-16T15:41:38","date_gmt":"2023-10-16T19:41:38","guid":{"rendered":"https:\/\/www.infotetquebec.com\/centre-dappui-aux-communautes-immigrantes-caci\/"},"modified":"2023-10-16T16:02:53","modified_gmt":"2023-10-16T20:02:53","slug":"centre-dappui-aux-communautes-immigrantes-caci","status":"publish","type":"page","link":"https:\/\/www.infotetquebec.com\/es\/centre-dappui-aux-communautes-immigrantes-caci\/","title":{"rendered":"Centre d&#8217;appui aux communaut\u00e9s immigrantes (CACI)"},"content":{"rendered":"<p><a href=\"https:\/\/caci-bc.org\"><img fetchpriority=\"high\" decoding=\"async\" class=\"aligncenter size-full wp-image-9318\" src=\"https:\/\/www.infotetquebec.com\/wp-content\/uploads\/2023\/10\/CACI_CMYK_H.png\" alt=\"\" width=\"478\" height=\"229\" srcset=\"https:\/\/www.infotetquebec.com\/wp-content\/uploads\/2023\/10\/CACI_CMYK_H.png 478w, https:\/\/www.infotetquebec.com\/wp-content\/uploads\/2023\/10\/CACI_CMYK_H-300x144.png 300w\" sizes=\"(max-width: 478px) 100vw, 478px\" \/><\/a><\/p>\n<p>&nbsp;<\/p>\n<h4 class=\"aligncenter size-full is-resized\" style=\"text-align: center;\"><strong>12049\u00a0boul. Laurentien<br \/>\nMontr\u00e9al (Qc) H4K 1M8<br \/>\n+1\u00a0(514) 856-3511<\/strong><\/h4>\n<p>&nbsp;<\/p>\n<p style=\"text-align: center;\"><a href=\"https:\/\/www.facebook.com\/CACICartierville\" target=\"_blank\" rel=\"noopener\"><img decoding=\"async\" class=\"alignnone size-full wp-image-2405\" src=\"https:\/\/www.infotetquebec.com\/wp-content\/uploads\/2022\/03\/FACEBOOK-1.png\" alt=\"\" width=\"40\" height=\"40\" \/><\/a><\/p>\n<h3><\/h3>\n<h3 style=\"text-align: center;\">Regi\u00f3n afectada por el proyecto : Montr\u00e9al<\/h3>\n<p><a href=\"https:\/\/www.infotetquebec.com\/wp-content\/uploads\/2023\/10\/Montreal.png\"><img decoding=\"async\" class=\"aligncenter size-full wp-image-9337\" src=\"https:\/\/www.infotetquebec.com\/wp-content\/uploads\/2023\/10\/Montreal.png\" alt=\"\" width=\"600\" height=\"450\" srcset=\"https:\/\/www.infotetquebec.com\/wp-content\/uploads\/2023\/10\/Montreal.png 600w, https:\/\/www.infotetquebec.com\/wp-content\/uploads\/2023\/10\/Montreal-300x225.png 300w\" sizes=\"(max-width: 600px) 100vw, 600px\" \/><\/a><\/p>\n<p>&nbsp;<\/p>\n<h3 style=\"text-align: center;\"><strong>Servicios y actividades<\/strong><\/h3>\n<p data-wp-editing=\"1\"><a href=\"https:\/\/www.infotetquebec.com\/wp-content\/uploads\/2023\/05\/PictoTET-Orientacion-Vert.png\"><img loading=\"lazy\" decoding=\"async\" class=\"aligncenter size-full wp-image-6968\" src=\"https:\/\/www.infotetquebec.com\/wp-content\/uploads\/2023\/05\/PictoTET-Orientacion-Vert.png\" alt=\"\" width=\"300\" height=\"100\" \/><\/a> <a href=\"https:\/\/www.infotetquebec.com\/wp-content\/uploads\/2023\/05\/PictoTET-Traduccion-Blanc.png\"><img loading=\"lazy\" decoding=\"async\" class=\"aligncenter size-full wp-image-6940\" src=\"https:\/\/www.infotetquebec.com\/wp-content\/uploads\/2023\/05\/PictoTET-Traduccion-Blanc.png\" alt=\"\" width=\"300\" height=\"100\" \/><\/a> <a href=\"https:\/\/www.infotetquebec.com\/wp-content\/uploads\/2022\/07\/Sesio\u0301n-de-informacio\u0301n-vert.png\"><img loading=\"lazy\" decoding=\"async\" class=\"aligncenter size-full wp-image-4466\" src=\"https:\/\/www.infotetquebec.com\/wp-content\/uploads\/2022\/07\/Sesio\u0301n-de-informacio\u0301n-vert.png\" alt=\"\" width=\"300\" height=\"100\" \/><\/a> <a href=\"https:\/\/www.infotetquebec.com\/wp-content\/uploads\/2022\/07\/Transporte-blanc.png\"><img loading=\"lazy\" decoding=\"async\" class=\"aligncenter size-full wp-image-4469\" src=\"https:\/\/www.infotetquebec.com\/wp-content\/uploads\/2022\/07\/Transporte-blanc.png\" alt=\"\" width=\"300\" height=\"100\" \/><\/a> <a href=\"https:\/\/www.infotetquebec.com\/wp-content\/uploads\/2022\/07\/Actividad-cultural-o-deportiva-o-deporte-vert.png\"><img loading=\"lazy\" decoding=\"async\" class=\"aligncenter size-full wp-image-4430\" src=\"https:\/\/www.infotetquebec.com\/wp-content\/uploads\/2022\/07\/Actividad-cultural-o-deportiva-o-deporte-vert.png\" alt=\"\" width=\"300\" height=\"100\" \/><\/a><\/p>\n<p style=\"text-align: center;\" data-wp-editing=\"1\">Mediaci\u00f3n<\/p>\n","protected":false},"excerpt":{"rendered":"<p>&nbsp; 12049\u00a0boul. Laurentien Montr\u00e9al (Qc) H4K 1M8 +1\u00a0(514) 856-3511 &nbsp; Regi\u00f3n afectada por el proyecto : Montr\u00e9al &nbsp; Servicios y actividades Mediaci\u00f3n<\/p>\n","protected":false},"author":17,"featured_media":0,"parent":0,"menu_order":0,"comment_status":"closed","ping_status":"closed","template":"","meta":{"_genesis_hide_title":false,"_genesis_hide_breadcrumbs":false,"_genesis_hide_singular_image":false,"_genesis_hide_footer_widgets":false,"_genesis_custom_body_class":"","_genesis_custom_post_class":"","_genesis_layout":"","footnotes":""},"class_list":["post-9325","page","type-page","status-publish","entry","has-post-thumbnail"],"yoast_head":"<!-- This site is optimized with the Yoast SEO plugin v27.4 - https:\/\/yoast.com\/product\/yoast-seo-wordpress\/ -->\n<title>Centre d&#039;appui aux communaut\u00e9s immigrantes (CACI) - Infotetquebec<\/title>\n<meta name=\"robots\" content=\"index, follow, max-snippet:-1, max-image-preview:large, max-video-preview:-1\" \/>\n<link rel=\"canonical\" href=\"https:\/\/www.infotetquebec.com\/es\/centre-dappui-aux-communautes-immigrantes-caci\/\" \/>\n<meta property=\"og:locale\" content=\"es_ES\" \/>\n<meta property=\"og:type\" content=\"article\" \/>\n<meta property=\"og:title\" content=\"Centre d&#039;appui aux communaut\u00e9s immigrantes (CACI) - Infotetquebec\" \/>\n<meta property=\"og:description\" content=\"&nbsp; 12049\u00a0boul. Laurentien Montr\u00e9al (Qc) H4K 1M8 +1\u00a0(514) 856-3511 &nbsp; Regi\u00f3n afectada por el proyecto : Montr\u00e9al &nbsp; Servicios y actividades Mediaci\u00f3n\" \/>\n<meta property=\"og:url\" content=\"https:\/\/www.infotetquebec.com\/es\/centre-dappui-aux-communautes-immigrantes-caci\/\" \/>\n<meta property=\"og:site_name\" content=\"Infotetquebec\" \/>\n<meta property=\"article:publisher\" content=\"https:\/\/www.facebook.com\/profile.php?id=100089616676260\" \/>\n<meta property=\"article:modified_time\" content=\"2023-10-16T20:02:53+00:00\" \/>\n<meta property=\"og:image\" content=\"https:\/\/www.infotetquebec.com\/wp-content\/uploads\/2023\/10\/CACI_CMYK_H.png\" \/>\n<meta name=\"twitter:card\" content=\"summary_large_image\" \/>\n<meta name=\"twitter:label1\" content=\"Tiempo de lectura\" \/>\n\t<meta name=\"twitter:data1\" content=\"2 minutos\" \/>\n<script type=\"application\/ld+json\" class=\"yoast-schema-graph\">{\"@context\":\"https:\\\/\\\/schema.org\",\"@graph\":[{\"@type\":\"WebPage\",\"@id\":\"https:\\\/\\\/www.infotetquebec.com\\\/es\\\/centre-dappui-aux-communautes-immigrantes-caci\\\/\",\"url\":\"https:\\\/\\\/www.infotetquebec.com\\\/es\\\/centre-dappui-aux-communautes-immigrantes-caci\\\/\",\"name\":\"Centre d'appui aux communaut\u00e9s immigrantes (CACI) - Infotetquebec\",\"isPartOf\":{\"@id\":\"https:\\\/\\\/www.infotetquebec.com\\\/es\\\/#website\"},\"primaryImageOfPage\":{\"@id\":\"https:\\\/\\\/www.infotetquebec.com\\\/es\\\/centre-dappui-aux-communautes-immigrantes-caci\\\/#primaryimage\"},\"image\":{\"@id\":\"https:\\\/\\\/www.infotetquebec.com\\\/es\\\/centre-dappui-aux-communautes-immigrantes-caci\\\/#primaryimage\"},\"thumbnailUrl\":\"https:\\\/\\\/www.infotetquebec.com\\\/wp-content\\\/uploads\\\/2023\\\/10\\\/CACI_CMYK_H.png\",\"datePublished\":\"2023-10-16T19:41:38+00:00\",\"dateModified\":\"2023-10-16T20:02:53+00:00\",\"breadcrumb\":{\"@id\":\"https:\\\/\\\/www.infotetquebec.com\\\/es\\\/centre-dappui-aux-communautes-immigrantes-caci\\\/#breadcrumb\"},\"inLanguage\":\"es\",\"potentialAction\":[{\"@type\":\"ReadAction\",\"target\":[\"https:\\\/\\\/www.infotetquebec.com\\\/es\\\/centre-dappui-aux-communautes-immigrantes-caci\\\/\"]}]},{\"@type\":\"ImageObject\",\"inLanguage\":\"es\",\"@id\":\"https:\\\/\\\/www.infotetquebec.com\\\/es\\\/centre-dappui-aux-communautes-immigrantes-caci\\\/#primaryimage\",\"url\":\"https:\\\/\\\/www.infotetquebec.com\\\/wp-content\\\/uploads\\\/2023\\\/10\\\/CACI_CMYK_H.png\",\"contentUrl\":\"https:\\\/\\\/www.infotetquebec.com\\\/wp-content\\\/uploads\\\/2023\\\/10\\\/CACI_CMYK_H.png\"},{\"@type\":\"BreadcrumbList\",\"@id\":\"https:\\\/\\\/www.infotetquebec.com\\\/es\\\/centre-dappui-aux-communautes-immigrantes-caci\\\/#breadcrumb\",\"itemListElement\":[{\"@type\":\"ListItem\",\"position\":1,\"name\":\"Accueil\",\"item\":\"https:\\\/\\\/www.infotetquebec.com\\\/es\\\/\"},{\"@type\":\"ListItem\",\"position\":2,\"name\":\"Centre d&#8217;appui aux communaut\u00e9s immigrantes (CACI)\"}]},{\"@type\":\"WebSite\",\"@id\":\"https:\\\/\\\/www.infotetquebec.com\\\/es\\\/#website\",\"url\":\"https:\\\/\\\/www.infotetquebec.com\\\/es\\\/\",\"name\":\"Infotetquebec\",\"description\":\"Info et soutien aux TET\",\"publisher\":{\"@id\":\"https:\\\/\\\/www.infotetquebec.com\\\/es\\\/#organization\"},\"potentialAction\":[{\"@type\":\"SearchAction\",\"target\":{\"@type\":\"EntryPoint\",\"urlTemplate\":\"https:\\\/\\\/www.infotetquebec.com\\\/es\\\/?s={search_term_string}\"},\"query-input\":{\"@type\":\"PropertyValueSpecification\",\"valueRequired\":true,\"valueName\":\"search_term_string\"}}],\"inLanguage\":\"es\"},{\"@type\":\"Organization\",\"@id\":\"https:\\\/\\\/www.infotetquebec.com\\\/es\\\/#organization\",\"name\":\"InfoTETQuebec\",\"url\":\"https:\\\/\\\/www.infotetquebec.com\\\/es\\\/\",\"logo\":{\"@type\":\"ImageObject\",\"inLanguage\":\"es\",\"@id\":\"https:\\\/\\\/www.infotetquebec.com\\\/es\\\/#\\\/schema\\\/logo\\\/image\\\/\",\"url\":\"https:\\\/\\\/www.infotetquebec.com\\\/wp-content\\\/uploads\\\/2021\\\/02\\\/cropped-IMQC_TET_Favicon_Fav-Icon_Fav-Icon-1.png\",\"contentUrl\":\"https:\\\/\\\/www.infotetquebec.com\\\/wp-content\\\/uploads\\\/2021\\\/02\\\/cropped-IMQC_TET_Favicon_Fav-Icon_Fav-Icon-1.png\",\"width\":512,\"height\":512,\"caption\":\"InfoTETQuebec\"},\"image\":{\"@id\":\"https:\\\/\\\/www.infotetquebec.com\\\/es\\\/#\\\/schema\\\/logo\\\/image\\\/\"},\"sameAs\":[\"https:\\\/\\\/www.facebook.com\\\/profile.php?id=100089616676260\"]}]}<\/script>\n<!-- \/ Yoast SEO plugin. -->","yoast_head_json":{"title":"Centre d'appui aux communaut\u00e9s immigrantes (CACI) - Infotetquebec","robots":{"index":"index","follow":"follow","max-snippet":"max-snippet:-1","max-image-preview":"max-image-preview:large","max-video-preview":"max-video-preview:-1"},"canonical":"https:\/\/www.infotetquebec.com\/es\/centre-dappui-aux-communautes-immigrantes-caci\/","og_locale":"es_ES","og_type":"article","og_title":"Centre d'appui aux communaut\u00e9s immigrantes (CACI) - Infotetquebec","og_description":"&nbsp; 12049\u00a0boul. Laurentien Montr\u00e9al (Qc) H4K 1M8 +1\u00a0(514) 856-3511 &nbsp; Regi\u00f3n afectada por el proyecto : Montr\u00e9al &nbsp; Servicios y actividades Mediaci\u00f3n","og_url":"https:\/\/www.infotetquebec.com\/es\/centre-dappui-aux-communautes-immigrantes-caci\/","og_site_name":"Infotetquebec","article_publisher":"https:\/\/www.facebook.com\/profile.php?id=100089616676260","article_modified_time":"2023-10-16T20:02:53+00:00","og_image":[{"url":"https:\/\/www.infotetquebec.com\/wp-content\/uploads\/2023\/10\/CACI_CMYK_H.png","type":"","width":"","height":""}],"twitter_card":"summary_large_image","twitter_misc":{"Tiempo de lectura":"2 minutos"},"schema":{"@context":"https:\/\/schema.org","@graph":[{"@type":"WebPage","@id":"https:\/\/www.infotetquebec.com\/es\/centre-dappui-aux-communautes-immigrantes-caci\/","url":"https:\/\/www.infotetquebec.com\/es\/centre-dappui-aux-communautes-immigrantes-caci\/","name":"Centre d'appui aux communaut\u00e9s immigrantes (CACI) - Infotetquebec","isPartOf":{"@id":"https:\/\/www.infotetquebec.com\/es\/#website"},"primaryImageOfPage":{"@id":"https:\/\/www.infotetquebec.com\/es\/centre-dappui-aux-communautes-immigrantes-caci\/#primaryimage"},"image":{"@id":"https:\/\/www.infotetquebec.com\/es\/centre-dappui-aux-communautes-immigrantes-caci\/#primaryimage"},"thumbnailUrl":"https:\/\/www.infotetquebec.com\/wp-content\/uploads\/2023\/10\/CACI_CMYK_H.png","datePublished":"2023-10-16T19:41:38+00:00","dateModified":"2023-10-16T20:02:53+00:00","breadcrumb":{"@id":"https:\/\/www.infotetquebec.com\/es\/centre-dappui-aux-communautes-immigrantes-caci\/#breadcrumb"},"inLanguage":"es","potentialAction":[{"@type":"ReadAction","target":["https:\/\/www.infotetquebec.com\/es\/centre-dappui-aux-communautes-immigrantes-caci\/"]}]},{"@type":"ImageObject","inLanguage":"es","@id":"https:\/\/www.infotetquebec.com\/es\/centre-dappui-aux-communautes-immigrantes-caci\/#primaryimage","url":"https:\/\/www.infotetquebec.com\/wp-content\/uploads\/2023\/10\/CACI_CMYK_H.png","contentUrl":"https:\/\/www.infotetquebec.com\/wp-content\/uploads\/2023\/10\/CACI_CMYK_H.png"},{"@type":"BreadcrumbList","@id":"https:\/\/www.infotetquebec.com\/es\/centre-dappui-aux-communautes-immigrantes-caci\/#breadcrumb","itemListElement":[{"@type":"ListItem","position":1,"name":"Accueil","item":"https:\/\/www.infotetquebec.com\/es\/"},{"@type":"ListItem","position":2,"name":"Centre d&#8217;appui aux communaut\u00e9s immigrantes (CACI)"}]},{"@type":"WebSite","@id":"https:\/\/www.infotetquebec.com\/es\/#website","url":"https:\/\/www.infotetquebec.com\/es\/","name":"Infotetquebec","description":"Info et soutien aux TET","publisher":{"@id":"https:\/\/www.infotetquebec.com\/es\/#organization"},"potentialAction":[{"@type":"SearchAction","target":{"@type":"EntryPoint","urlTemplate":"https:\/\/www.infotetquebec.com\/es\/?s={search_term_string}"},"query-input":{"@type":"PropertyValueSpecification","valueRequired":true,"valueName":"search_term_string"}}],"inLanguage":"es"},{"@type":"Organization","@id":"https:\/\/www.infotetquebec.com\/es\/#organization","name":"InfoTETQuebec","url":"https:\/\/www.infotetquebec.com\/es\/","logo":{"@type":"ImageObject","inLanguage":"es","@id":"https:\/\/www.infotetquebec.com\/es\/#\/schema\/logo\/image\/","url":"https:\/\/www.infotetquebec.com\/wp-content\/uploads\/2021\/02\/cropped-IMQC_TET_Favicon_Fav-Icon_Fav-Icon-1.png","contentUrl":"https:\/\/www.infotetquebec.com\/wp-content\/uploads\/2021\/02\/cropped-IMQC_TET_Favicon_Fav-Icon_Fav-Icon-1.png","width":512,"height":512,"caption":"InfoTETQuebec"},"image":{"@id":"https:\/\/www.infotetquebec.com\/es\/#\/schema\/logo\/image\/"},"sameAs":["https:\/\/www.facebook.com\/profile.php?id=100089616676260"]}]}},"rttpg_featured_image_url":null,"rttpg_author":{"display_name":"Francisco Salazar","author_link":"https:\/\/www.infotetquebec.com\/es\/author\/francisco-salazarimmigrantquebec-com\/"},"rttpg_comment":0,"rttpg_category":" <a href=\"https:\/\/www.infotetquebec.com\/es\/?taxonomy=translation_priority&#038;term=opcional-es-3\" rel=\"tag\">Opcional<\/a><a href=\"https:\/\/www.infotetquebec.com\/es\/?taxonomy=translation_priority&#038;term=optional-es\" rel=\"tag\">Optional<\/a>","rttpg_excerpt":"&nbsp; 12049\u00a0boul. Laurentien Montr\u00e9al (Qc) H4K 1M8 +1\u00a0(514) 856-3511 &nbsp; Regi\u00f3n afectada por el proyecto : Montr\u00e9al &nbsp; Servicios y actividades Mediaci\u00f3n","_links":{"self":[{"href":"https:\/\/www.infotetquebec.com\/es\/wp-json\/wp\/v2\/pages\/9325","targetHints":{"allow":["GET"]}}],"collection":[{"href":"https:\/\/www.infotetquebec.com\/es\/wp-json\/wp\/v2\/pages"}],"about":[{"href":"https:\/\/www.infotetquebec.com\/es\/wp-json\/wp\/v2\/types\/page"}],"author":[{"embeddable":true,"href":"https:\/\/www.infotetquebec.com\/es\/wp-json\/wp\/v2\/users\/17"}],"replies":[{"embeddable":true,"href":"https:\/\/www.infotetquebec.com\/es\/wp-json\/wp\/v2\/comments?post=9325"}],"version-history":[{"count":4,"href":"https:\/\/www.infotetquebec.com\/es\/wp-json\/wp\/v2\/pages\/9325\/revisions"}],"predecessor-version":[{"id":9339,"href":"https:\/\/www.infotetquebec.com\/es\/wp-json\/wp\/v2\/pages\/9325\/revisions\/9339"}],"wp:attachment":[{"href":"https:\/\/www.infotetquebec.com\/es\/wp-json\/wp\/v2\/media?parent=9325"}],"curies":[{"name":"wp","href":"https:\/\/api.w.org\/{rel}","templated":true}]}}