{"id":9207,"date":"2023-10-12T12:59:38","date_gmt":"2023-10-12T16:59:38","guid":{"rendered":"https:\/\/www.infotetquebec.com\/regroupement-multiculturel-manicouagan\/"},"modified":"2023-10-12T16:57:58","modified_gmt":"2023-10-12T20:57:58","slug":"regroupement-multiculturel-manicouagan","status":"publish","type":"page","link":"https:\/\/www.infotetquebec.com\/es\/regroupement-multiculturel-manicouagan\/","title":{"rendered":"Regroupement multiculturel Manicouagan"},"content":{"rendered":"<p>&nbsp;<\/p>\n<h4 style=\"text-align: center;\"><strong><a href=\"https:\/\/www.infotetquebec.com\/wp-content\/uploads\/2023\/10\/Regroupement-culturel-Manicouagan.png\"><img fetchpriority=\"high\" decoding=\"async\" class=\"aligncenter wp-image-9201\" src=\"https:\/\/www.infotetquebec.com\/wp-content\/uploads\/2023\/10\/Regroupement-culturel-Manicouagan.png\" alt=\"\" width=\"611\" height=\"433\" srcset=\"https:\/\/www.infotetquebec.com\/wp-content\/uploads\/2023\/10\/Regroupement-culturel-Manicouagan.png 1291w, https:\/\/www.infotetquebec.com\/wp-content\/uploads\/2023\/10\/Regroupement-culturel-Manicouagan-300x213.png 300w, https:\/\/www.infotetquebec.com\/wp-content\/uploads\/2023\/10\/Regroupement-culturel-Manicouagan-1024x726.png 1024w, https:\/\/www.infotetquebec.com\/wp-content\/uploads\/2023\/10\/Regroupement-culturel-Manicouagan-768x544.png 768w\" sizes=\"(max-width: 611px) 100vw, 611px\" \/><\/a>22, Place la Salle<br \/>\nBaie-Comeau (Qc) G3M 1G4<br \/>\n+1\u00a0819\u00a0580-8209 \/ WhatsApp : +1\u00a0819\u00a0580-8209 \/ +1 514\u00a0969-8002<\/strong><\/h4>\n<p>&nbsp;<\/p>\n<p style=\"text-align: center;\"><a href=\"https:\/\/www.facebook.com\/groups\/178713764353096\/\" target=\"_blank\" rel=\"noopener\"><img decoding=\"async\" class=\"alignnone size-full wp-image-2405\" src=\"https:\/\/www.infotetquebec.com\/wp-content\/uploads\/2022\/03\/FACEBOOK-1.png\" alt=\"\" width=\"40\" height=\"40\" \/><\/a><\/p>\n<p>&nbsp;<\/p>\n<h3 style=\"text-align: center;\">Regi\u00f3n afectada por el proyecto :<\/h3>\n<h3 style=\"text-align: center;\">C\u00f4te-Nord<\/h3>\n<p><img decoding=\"async\" src=\"https:\/\/www.infotetquebec.com\/wp-content\/uploads\/2023\/10\/Cote-Nord.png\" \/><\/p>\n<p>&nbsp;<\/p>\n<p>&nbsp;<\/p>\n<h3 style=\"text-align: center;\"><strong>Servicios y actividades<\/strong><\/h3>\n<p><a href=\"https:\/\/www.infotetquebec.com\/wp-content\/uploads\/2022\/04\/activite-vert.png\"><img decoding=\"async\" class=\"aligncenter wp-image-4466 size-full\" src=\"https:\/\/www.infotetquebec.com\/wp-content\/uploads\/2022\/07\/Sesio\u0301n-de-informacio\u0301n-vert.png\" alt=\"\" width=\"300\" height=\"100\" \/><img loading=\"lazy\" decoding=\"async\" class=\"aligncenter wp-image-4427 size-full\" src=\"https:\/\/www.infotetquebec.com\/wp-content\/uploads\/2022\/07\/Actividad-cultural-o-deportiva-o-deporte-blanc.png\" alt=\"\" width=\"300\" height=\"100\" \/><\/a><a href=\"https:\/\/www.infotetquebec.com\/wp-content\/uploads\/2022\/07\/Webinar-o-evento-social-en-li\u0301nea-vert.png\"><img loading=\"lazy\" decoding=\"async\" class=\"aligncenter size-full wp-image-4478\" src=\"https:\/\/www.infotetquebec.com\/wp-content\/uploads\/2022\/07\/Webinar-o-evento-social-en-li\u0301nea-vert.png\" alt=\"\" width=\"300\" height=\"100\" \/><\/a><\/p>\n<h4 style=\"text-align: center;\">Ayuda en situaciones de emergencia<\/h4>\n<p>&nbsp;<\/p>\n<p>&nbsp;<\/p>\n","protected":false},"excerpt":{"rendered":"<p>&nbsp; 22, Place la Salle Baie-Comeau (Qc) G3M 1G4 +1\u00a0819\u00a0580-8209 \/ WhatsApp : +1\u00a0819\u00a0580-8209 \/ +1 514\u00a0969-8002 &nbsp; &nbsp; Regi\u00f3n afectada por el proyecto : C\u00f4te-Nord &nbsp; &nbsp; Servicios y&#8230; <a class=\"more-link\" href=\"https:\/\/www.infotetquebec.com\/es\/regroupement-multiculturel-manicouagan\/\">Leer m\u00e1s<\/a><\/p>\n","protected":false},"author":17,"featured_media":0,"parent":0,"menu_order":0,"comment_status":"closed","ping_status":"closed","template":"","meta":{"_genesis_hide_title":false,"_genesis_hide_breadcrumbs":false,"_genesis_hide_singular_image":false,"_genesis_hide_footer_widgets":false,"_genesis_custom_body_class":"","_genesis_custom_post_class":"","_genesis_layout":"","footnotes":""},"class_list":["post-9207","page","type-page","status-publish","entry","has-post-thumbnail"],"yoast_head":"<!-- This site is optimized with the Yoast SEO plugin v27.4 - https:\/\/yoast.com\/product\/yoast-seo-wordpress\/ -->\n<title>Regroupement multiculturel Manicouagan - Infotetquebec<\/title>\n<meta name=\"robots\" content=\"index, follow, max-snippet:-1, max-image-preview:large, max-video-preview:-1\" \/>\n<link rel=\"canonical\" href=\"https:\/\/www.infotetquebec.com\/es\/regroupement-multiculturel-manicouagan\/\" \/>\n<meta property=\"og:locale\" content=\"es_ES\" \/>\n<meta property=\"og:type\" content=\"article\" \/>\n<meta property=\"og:title\" content=\"Regroupement multiculturel Manicouagan - Infotetquebec\" \/>\n<meta property=\"og:description\" content=\"&nbsp; 22, Place la Salle Baie-Comeau (Qc) G3M 1G4 +1\u00a0819\u00a0580-8209 \/ WhatsApp : +1\u00a0819\u00a0580-8209 \/ +1 514\u00a0969-8002 &nbsp; &nbsp; Regi\u00f3n afectada por el proyecto : C\u00f4te-Nord &nbsp; &nbsp; Servicios y... Leer m\u00e1s\" \/>\n<meta property=\"og:url\" content=\"https:\/\/www.infotetquebec.com\/es\/regroupement-multiculturel-manicouagan\/\" \/>\n<meta property=\"og:site_name\" content=\"Infotetquebec\" \/>\n<meta property=\"article:publisher\" content=\"https:\/\/www.facebook.com\/profile.php?id=100089616676260\" \/>\n<meta property=\"article:modified_time\" content=\"2023-10-12T20:57:58+00:00\" \/>\n<meta property=\"og:image\" content=\"https:\/\/www.infotetquebec.com\/wp-content\/uploads\/2023\/10\/Regroupement-culturel-Manicouagan.png\" \/>\n<meta name=\"twitter:card\" content=\"summary_large_image\" \/>\n<meta name=\"twitter:label1\" content=\"Tiempo de lectura\" \/>\n\t<meta name=\"twitter:data1\" content=\"2 minutos\" \/>\n<script type=\"application\/ld+json\" class=\"yoast-schema-graph\">{\"@context\":\"https:\\\/\\\/schema.org\",\"@graph\":[{\"@type\":\"WebPage\",\"@id\":\"https:\\\/\\\/www.infotetquebec.com\\\/es\\\/regroupement-multiculturel-manicouagan\\\/\",\"url\":\"https:\\\/\\\/www.infotetquebec.com\\\/es\\\/regroupement-multiculturel-manicouagan\\\/\",\"name\":\"Regroupement multiculturel Manicouagan - Infotetquebec\",\"isPartOf\":{\"@id\":\"https:\\\/\\\/www.infotetquebec.com\\\/es\\\/#website\"},\"primaryImageOfPage\":{\"@id\":\"https:\\\/\\\/www.infotetquebec.com\\\/es\\\/regroupement-multiculturel-manicouagan\\\/#primaryimage\"},\"image\":{\"@id\":\"https:\\\/\\\/www.infotetquebec.com\\\/es\\\/regroupement-multiculturel-manicouagan\\\/#primaryimage\"},\"thumbnailUrl\":\"https:\\\/\\\/www.infotetquebec.com\\\/wp-content\\\/uploads\\\/2023\\\/10\\\/Regroupement-culturel-Manicouagan.png\",\"datePublished\":\"2023-10-12T16:59:38+00:00\",\"dateModified\":\"2023-10-12T20:57:58+00:00\",\"breadcrumb\":{\"@id\":\"https:\\\/\\\/www.infotetquebec.com\\\/es\\\/regroupement-multiculturel-manicouagan\\\/#breadcrumb\"},\"inLanguage\":\"es\",\"potentialAction\":[{\"@type\":\"ReadAction\",\"target\":[\"https:\\\/\\\/www.infotetquebec.com\\\/es\\\/regroupement-multiculturel-manicouagan\\\/\"]}]},{\"@type\":\"ImageObject\",\"inLanguage\":\"es\",\"@id\":\"https:\\\/\\\/www.infotetquebec.com\\\/es\\\/regroupement-multiculturel-manicouagan\\\/#primaryimage\",\"url\":\"https:\\\/\\\/www.infotetquebec.com\\\/wp-content\\\/uploads\\\/2023\\\/10\\\/Regroupement-culturel-Manicouagan.png\",\"contentUrl\":\"https:\\\/\\\/www.infotetquebec.com\\\/wp-content\\\/uploads\\\/2023\\\/10\\\/Regroupement-culturel-Manicouagan.png\"},{\"@type\":\"BreadcrumbList\",\"@id\":\"https:\\\/\\\/www.infotetquebec.com\\\/es\\\/regroupement-multiculturel-manicouagan\\\/#breadcrumb\",\"itemListElement\":[{\"@type\":\"ListItem\",\"position\":1,\"name\":\"Accueil\",\"item\":\"https:\\\/\\\/www.infotetquebec.com\\\/es\\\/\"},{\"@type\":\"ListItem\",\"position\":2,\"name\":\"Regroupement multiculturel Manicouagan\"}]},{\"@type\":\"WebSite\",\"@id\":\"https:\\\/\\\/www.infotetquebec.com\\\/es\\\/#website\",\"url\":\"https:\\\/\\\/www.infotetquebec.com\\\/es\\\/\",\"name\":\"Infotetquebec\",\"description\":\"Info et soutien aux TET\",\"publisher\":{\"@id\":\"https:\\\/\\\/www.infotetquebec.com\\\/es\\\/#organization\"},\"potentialAction\":[{\"@type\":\"SearchAction\",\"target\":{\"@type\":\"EntryPoint\",\"urlTemplate\":\"https:\\\/\\\/www.infotetquebec.com\\\/es\\\/?s={search_term_string}\"},\"query-input\":{\"@type\":\"PropertyValueSpecification\",\"valueRequired\":true,\"valueName\":\"search_term_string\"}}],\"inLanguage\":\"es\"},{\"@type\":\"Organization\",\"@id\":\"https:\\\/\\\/www.infotetquebec.com\\\/es\\\/#organization\",\"name\":\"InfoTETQuebec\",\"url\":\"https:\\\/\\\/www.infotetquebec.com\\\/es\\\/\",\"logo\":{\"@type\":\"ImageObject\",\"inLanguage\":\"es\",\"@id\":\"https:\\\/\\\/www.infotetquebec.com\\\/es\\\/#\\\/schema\\\/logo\\\/image\\\/\",\"url\":\"https:\\\/\\\/www.infotetquebec.com\\\/wp-content\\\/uploads\\\/2021\\\/02\\\/cropped-IMQC_TET_Favicon_Fav-Icon_Fav-Icon-1.png\",\"contentUrl\":\"https:\\\/\\\/www.infotetquebec.com\\\/wp-content\\\/uploads\\\/2021\\\/02\\\/cropped-IMQC_TET_Favicon_Fav-Icon_Fav-Icon-1.png\",\"width\":512,\"height\":512,\"caption\":\"InfoTETQuebec\"},\"image\":{\"@id\":\"https:\\\/\\\/www.infotetquebec.com\\\/es\\\/#\\\/schema\\\/logo\\\/image\\\/\"},\"sameAs\":[\"https:\\\/\\\/www.facebook.com\\\/profile.php?id=100089616676260\"]}]}<\/script>\n<!-- \/ Yoast SEO plugin. -->","yoast_head_json":{"title":"Regroupement multiculturel Manicouagan - Infotetquebec","robots":{"index":"index","follow":"follow","max-snippet":"max-snippet:-1","max-image-preview":"max-image-preview:large","max-video-preview":"max-video-preview:-1"},"canonical":"https:\/\/www.infotetquebec.com\/es\/regroupement-multiculturel-manicouagan\/","og_locale":"es_ES","og_type":"article","og_title":"Regroupement multiculturel Manicouagan - Infotetquebec","og_description":"&nbsp; 22, Place la Salle Baie-Comeau (Qc) G3M 1G4 +1\u00a0819\u00a0580-8209 \/ WhatsApp : +1\u00a0819\u00a0580-8209 \/ +1 514\u00a0969-8002 &nbsp; &nbsp; Regi\u00f3n afectada por el proyecto : C\u00f4te-Nord &nbsp; &nbsp; Servicios y... Leer m\u00e1s","og_url":"https:\/\/www.infotetquebec.com\/es\/regroupement-multiculturel-manicouagan\/","og_site_name":"Infotetquebec","article_publisher":"https:\/\/www.facebook.com\/profile.php?id=100089616676260","article_modified_time":"2023-10-12T20:57:58+00:00","og_image":[{"url":"https:\/\/www.infotetquebec.com\/wp-content\/uploads\/2023\/10\/Regroupement-culturel-Manicouagan.png","type":"","width":"","height":""}],"twitter_card":"summary_large_image","twitter_misc":{"Tiempo de lectura":"2 minutos"},"schema":{"@context":"https:\/\/schema.org","@graph":[{"@type":"WebPage","@id":"https:\/\/www.infotetquebec.com\/es\/regroupement-multiculturel-manicouagan\/","url":"https:\/\/www.infotetquebec.com\/es\/regroupement-multiculturel-manicouagan\/","name":"Regroupement multiculturel Manicouagan - Infotetquebec","isPartOf":{"@id":"https:\/\/www.infotetquebec.com\/es\/#website"},"primaryImageOfPage":{"@id":"https:\/\/www.infotetquebec.com\/es\/regroupement-multiculturel-manicouagan\/#primaryimage"},"image":{"@id":"https:\/\/www.infotetquebec.com\/es\/regroupement-multiculturel-manicouagan\/#primaryimage"},"thumbnailUrl":"https:\/\/www.infotetquebec.com\/wp-content\/uploads\/2023\/10\/Regroupement-culturel-Manicouagan.png","datePublished":"2023-10-12T16:59:38+00:00","dateModified":"2023-10-12T20:57:58+00:00","breadcrumb":{"@id":"https:\/\/www.infotetquebec.com\/es\/regroupement-multiculturel-manicouagan\/#breadcrumb"},"inLanguage":"es","potentialAction":[{"@type":"ReadAction","target":["https:\/\/www.infotetquebec.com\/es\/regroupement-multiculturel-manicouagan\/"]}]},{"@type":"ImageObject","inLanguage":"es","@id":"https:\/\/www.infotetquebec.com\/es\/regroupement-multiculturel-manicouagan\/#primaryimage","url":"https:\/\/www.infotetquebec.com\/wp-content\/uploads\/2023\/10\/Regroupement-culturel-Manicouagan.png","contentUrl":"https:\/\/www.infotetquebec.com\/wp-content\/uploads\/2023\/10\/Regroupement-culturel-Manicouagan.png"},{"@type":"BreadcrumbList","@id":"https:\/\/www.infotetquebec.com\/es\/regroupement-multiculturel-manicouagan\/#breadcrumb","itemListElement":[{"@type":"ListItem","position":1,"name":"Accueil","item":"https:\/\/www.infotetquebec.com\/es\/"},{"@type":"ListItem","position":2,"name":"Regroupement multiculturel Manicouagan"}]},{"@type":"WebSite","@id":"https:\/\/www.infotetquebec.com\/es\/#website","url":"https:\/\/www.infotetquebec.com\/es\/","name":"Infotetquebec","description":"Info et soutien aux TET","publisher":{"@id":"https:\/\/www.infotetquebec.com\/es\/#organization"},"potentialAction":[{"@type":"SearchAction","target":{"@type":"EntryPoint","urlTemplate":"https:\/\/www.infotetquebec.com\/es\/?s={search_term_string}"},"query-input":{"@type":"PropertyValueSpecification","valueRequired":true,"valueName":"search_term_string"}}],"inLanguage":"es"},{"@type":"Organization","@id":"https:\/\/www.infotetquebec.com\/es\/#organization","name":"InfoTETQuebec","url":"https:\/\/www.infotetquebec.com\/es\/","logo":{"@type":"ImageObject","inLanguage":"es","@id":"https:\/\/www.infotetquebec.com\/es\/#\/schema\/logo\/image\/","url":"https:\/\/www.infotetquebec.com\/wp-content\/uploads\/2021\/02\/cropped-IMQC_TET_Favicon_Fav-Icon_Fav-Icon-1.png","contentUrl":"https:\/\/www.infotetquebec.com\/wp-content\/uploads\/2021\/02\/cropped-IMQC_TET_Favicon_Fav-Icon_Fav-Icon-1.png","width":512,"height":512,"caption":"InfoTETQuebec"},"image":{"@id":"https:\/\/www.infotetquebec.com\/es\/#\/schema\/logo\/image\/"},"sameAs":["https:\/\/www.facebook.com\/profile.php?id=100089616676260"]}]}},"rttpg_featured_image_url":null,"rttpg_author":{"display_name":"Francisco Salazar","author_link":"https:\/\/www.infotetquebec.com\/es\/author\/francisco-salazarimmigrantquebec-com\/"},"rttpg_comment":0,"rttpg_category":" <a href=\"https:\/\/www.infotetquebec.com\/es\/?taxonomy=translation_priority&#038;term=opcional-es-3\" rel=\"tag\">Opcional<\/a><a href=\"https:\/\/www.infotetquebec.com\/es\/?taxonomy=translation_priority&#038;term=optional-es\" rel=\"tag\">Optional<\/a>","rttpg_excerpt":"&nbsp; 22, Place la Salle Baie-Comeau (Qc) G3M 1G4 +1\u00a0819\u00a0580-8209 \/ WhatsApp : +1\u00a0819\u00a0580-8209 \/ +1 514\u00a0969-8002 &nbsp; &nbsp; Regi\u00f3n afectada por el proyecto : C\u00f4te-Nord &nbsp; &nbsp; Servicios y... Leer m\u00e1s","_links":{"self":[{"href":"https:\/\/www.infotetquebec.com\/es\/wp-json\/wp\/v2\/pages\/9207","targetHints":{"allow":["GET"]}}],"collection":[{"href":"https:\/\/www.infotetquebec.com\/es\/wp-json\/wp\/v2\/pages"}],"about":[{"href":"https:\/\/www.infotetquebec.com\/es\/wp-json\/wp\/v2\/types\/page"}],"author":[{"embeddable":true,"href":"https:\/\/www.infotetquebec.com\/es\/wp-json\/wp\/v2\/users\/17"}],"replies":[{"embeddable":true,"href":"https:\/\/www.infotetquebec.com\/es\/wp-json\/wp\/v2\/comments?post=9207"}],"version-history":[{"count":3,"href":"https:\/\/www.infotetquebec.com\/es\/wp-json\/wp\/v2\/pages\/9207\/revisions"}],"predecessor-version":[{"id":9225,"href":"https:\/\/www.infotetquebec.com\/es\/wp-json\/wp\/v2\/pages\/9207\/revisions\/9225"}],"wp:attachment":[{"href":"https:\/\/www.infotetquebec.com\/es\/wp-json\/wp\/v2\/media?parent=9207"}],"curies":[{"name":"wp","href":"https:\/\/api.w.org\/{rel}","templated":true}]}}