{"id":765,"date":"2021-02-06T12:35:05","date_gmt":"2021-02-06T17:35:05","guid":{"rendered":"https:\/\/www.infotetquebec.com\/?page_id=765"},"modified":"2021-02-09T14:06:28","modified_gmt":"2021-02-09T19:06:28","slug":"ce-quest-la-covid-19","status":"publish","type":"page","link":"https:\/\/www.infotetquebec.com\/es\/ce-quest-la-covid-19\/","title":{"rendered":"Lo qu\u00e9 es el COVID-19 (coronavirus)"},"content":{"rendered":"\n<p class=\"has-text-align-left\"><\/p>\n\n\n\n<div class=\"wp-block-columns is-layout-flex wp-container-core-columns-is-layout-9d6595d7 wp-block-columns-is-layout-flex\">\n<div class=\"wp-block-column is-layout-flow wp-block-column-is-layout-flow\" style=\"flex-basis:50%\">\n<div class=\"wp-block-image\"><figure class=\"aligncenter size-large is-resized\"><img fetchpriority=\"high\" decoding=\"async\" src=\"https:\/\/www.infotetquebec.com\/wp-content\/uploads\/2021\/02\/brittany-colette-CDN2nTKfrA-unsplash-scaled.jpg\" alt=\"\" class=\"wp-image-298\" width=\"502\" height=\"334\" srcset=\"https:\/\/www.infotetquebec.com\/wp-content\/uploads\/2021\/02\/brittany-colette-CDN2nTKfrA-unsplash-scaled.jpg 2560w, https:\/\/www.infotetquebec.com\/wp-content\/uploads\/2021\/02\/brittany-colette-CDN2nTKfrA-unsplash-scaled-300x200.jpg 300w, https:\/\/www.infotetquebec.com\/wp-content\/uploads\/2021\/02\/brittany-colette-CDN2nTKfrA-unsplash-scaled-1024x683.jpg 1024w, https:\/\/www.infotetquebec.com\/wp-content\/uploads\/2021\/02\/brittany-colette-CDN2nTKfrA-unsplash-scaled-768x512.jpg 768w, https:\/\/www.infotetquebec.com\/wp-content\/uploads\/2021\/02\/brittany-colette-CDN2nTKfrA-unsplash-scaled-1536x1024.jpg 1536w, https:\/\/www.infotetquebec.com\/wp-content\/uploads\/2021\/02\/brittany-colette-CDN2nTKfrA-unsplash-scaled-2048x1366.jpg 2048w\" sizes=\"(max-width: 502px) 100vw, 502px\" \/><figcaption>Foto : Brittany Colette<\/figcaption><\/figure><\/div>\n<\/div>\n\n\n\n<div class=\"wp-block-column is-layout-flow wp-block-column-is-layout-flow\" style=\"flex-basis:50%\">\n<h3 class=\"has-black-color has-text-color wp-block-heading\"><strong><strong>Lo qu\u00e9 es el COVID-19 (coronavirus)<\/strong><\/strong><\/h3>\n\n\n\n<p class=\"has-black-color has-text-color\">El COVID-19 causa una infecci\u00f3n respiratoria (de los pulmones). La mayor\u00eda de las personas sanas que enferman de COVID-19 tendr\u00e1n una enfermedad leve, que ser\u00e1 parecida a un resfriado. Otras personas enfermas de COVID-19 necesitar\u00e1n ser atendidas en el hospital.<\/p>\n\n\n\n<p><\/p>\n\n\n\n<h3 class=\"has-black-color has-text-color wp-block-heading\"><strong><strong>Los s\u00edntomas del COVID-19<\/strong><\/strong><\/h3>\n\n\n\n<p class=\"has-text-align-left has-black-color has-text-color\">Las personas enfermas de COVID-19 pueden presentar s\u00edntomas como fiebre, tos, dificultad para respirar o neumon\u00eda. Los s\u00edntomas pueden ser muy leves o m\u00e1s graves. Si una persona tiene COVID-19, es posible que no presente ning\u00fan s\u00edntoma. Estas personas todav\u00eda pueden infectar a otros. O bien, es posible que alguien enfermo de COVID-19 no muestre s\u00edntomas sino hasta 14 d\u00edas despu\u00e9s.<\/p>\n\n\n\n<p class=\"has-black-color has-text-color\">&nbsp;<\/p>\n<\/div>\n<\/div>\n\n\n\n<div class=\"wp-block-columns is-layout-flex wp-container-core-columns-is-layout-9d6595d7 wp-block-columns-is-layout-flex\">\n<div class=\"wp-block-column is-layout-flow wp-block-column-is-layout-flow\" style=\"flex-basis:50%\">\n<h3 class=\"has-black-color has-text-color wp-block-heading\"><strong><strong>C\u00f3mo se propaga el COVID-19<\/strong><\/strong><\/h3>\n\n\n\n<p class=\"has-black-color has-text-color\">El COVID-19 es propagado m\u00e1s com\u00fanmente por una persona infectada a trav\u00e9s de lo siguiente:<\/p>\n\n\n\n<ul class=\"has-black-color has-text-color wp-block-list\"><li>gotas de l\u00edquido cuando tosen o estornudan;<\/li><li>contacto personal cercano, como tocar o dar la mano;<\/li><li>tocar algo que tiene el virus en \u00e9l y luego tocarse los ojos, la nariz o la boca antes de lavarse las manos;<\/li><li>compartir tenedores, cucharas o envases de bebidas.<\/li><\/ul>\n<\/div>\n\n\n\n<div class=\"wp-block-column is-layout-flow wp-block-column-is-layout-flow\" style=\"flex-basis:50%\">\n<h3 class=\"has-black-color has-text-color wp-block-heading\"><strong><strong>C\u00f3mo detener la propagaci\u00f3n del COVID-19<\/strong><\/strong><\/h3>\n\n\n\n<p class=\"has-black-color has-text-color\">\u25cf l\u00e1vese las manos a menudo con agua tibia y jab\u00f3n durante al menos 20 segundos o use un desinfectante para manos a base de alcohol si no tiene agua y jab\u00f3n disponibles;<\/p>\n\n\n\n<p class=\"has-black-color has-text-color\">\u25cf evite tocarse la cara;<\/p>\n\n\n\n<p class=\"has-black-color has-text-color\">\u25cf c\u00fabrase la boca y la nariz con el brazo al toser o estornudar;<\/p>\n\n\n\n<p class=\"has-black-color has-text-color\">\u25cf limpie y desinfecte las superficies con frecuencia;<\/p>\n\n\n\n<p class=\"has-black-color has-text-color\">\u25cf siempre mant\u00e9ngase al menos a 2 metros de distancia de otras personas.<\/p>\n<\/div>\n<\/div>\n\n\n\n<div class=\"wp-block-group is-layout-flow wp-block-group-is-layout-flow\"><div class=\"wp-block-group__inner-container\"><\/div><\/div>\n\n\n\n<ul class=\"has-text-color has-background wp-block-list\" style=\"background:linear-gradient(135deg,rgb(238,238,238) 0%,rgb(169,184,195) 0%);color:#050b00\"><li><strong><strong>Usted tiene un mayor riesgo de tener problemas de salud graves relacionados con el COVID-19 si tiene 65 a\u00f1os o m\u00e1s, o si padece de ciertas afecciones m\u00e9dicas. Algunas de tales afecciones m\u00e9dicas incluyen:<\/strong><\/strong> <strong> <strong>enfermedades card\u00edacas<\/strong><\/strong>, <strong>presi\u00f3n arterial alta<\/strong>, <strong>enfermedades pulmonares<\/strong>, <strong>diabetes, o<\/strong> <strong>cancer.<\/strong> <strong><strong>Tambi\u00e9n corre un mayor riesgo de tener problemas de salud graves relacionados con el COVID-19 si su sistema inmunol\u00f3gico est\u00e1 debilitado, como suele suceder cuando recibe un tratamiento m\u00e9dico como la quimioterapia.<\/strong><\/strong><\/li><\/ul>\n\n\n\n<p><\/p>\n","protected":false},"excerpt":{"rendered":"<p>Lo qu\u00e9 es el COVID-19 (coronavirus) El COVID-19 causa una infecci\u00f3n respiratoria (de los pulmones). La mayor\u00eda de las personas sanas que enferman de COVID-19 tendr\u00e1n una enfermedad leve, que&#8230; <a class=\"more-link\" href=\"https:\/\/www.infotetquebec.com\/es\/ce-quest-la-covid-19\/\">Leer m\u00e1s<\/a><\/p>\n","protected":false},"author":3,"featured_media":0,"parent":0,"menu_order":0,"comment_status":"closed","ping_status":"closed","template":"","meta":{"_genesis_hide_title":false,"_genesis_hide_breadcrumbs":false,"_genesis_hide_singular_image":false,"_genesis_hide_footer_widgets":false,"_genesis_custom_body_class":"","_genesis_custom_post_class":"","_genesis_layout":"","footnotes":""},"class_list":["post-765","page","type-page","status-publish","entry"],"yoast_head":"<!-- This site is optimized with the Yoast SEO plugin v27.5 - https:\/\/yoast.com\/product\/yoast-seo-wordpress\/ -->\n<title>Lo qu\u00e9 es el COVID-19 (coronavirus) - Infotetquebec<\/title>\n<meta name=\"robots\" content=\"index, follow, max-snippet:-1, max-image-preview:large, max-video-preview:-1\" \/>\n<link rel=\"canonical\" href=\"https:\/\/www.infotetquebec.com\/es\/ce-quest-la-covid-19\/\" \/>\n<meta property=\"og:locale\" content=\"es_ES\" \/>\n<meta property=\"og:type\" content=\"article\" \/>\n<meta property=\"og:title\" content=\"Lo qu\u00e9 es el COVID-19 (coronavirus) - Infotetquebec\" \/>\n<meta property=\"og:description\" content=\"Lo qu\u00e9 es el COVID-19 (coronavirus) El COVID-19 causa una infecci\u00f3n respiratoria (de los pulmones). La mayor\u00eda de las personas sanas que enferman de COVID-19 tendr\u00e1n una enfermedad leve, que... Leer m\u00e1s\" \/>\n<meta property=\"og:url\" content=\"https:\/\/www.infotetquebec.com\/es\/ce-quest-la-covid-19\/\" \/>\n<meta property=\"og:site_name\" content=\"Infotetquebec\" \/>\n<meta property=\"article:publisher\" content=\"https:\/\/www.facebook.com\/profile.php?id=100089616676260\" \/>\n<meta property=\"article:modified_time\" content=\"2021-02-09T19:06:28+00:00\" \/>\n<meta property=\"og:image\" content=\"https:\/\/infotetquebec.com\/wp-content\/uploads\/2021\/02\/brittany-colette-CDN2nTKfrA-unsplash-1024x683.jpg\" \/>\n<meta name=\"twitter:card\" content=\"summary_large_image\" \/>\n<meta name=\"twitter:label1\" content=\"Tiempo de lectura\" \/>\n\t<meta name=\"twitter:data1\" content=\"2 minutos\" \/>\n<script type=\"application\/ld+json\" class=\"yoast-schema-graph\">{\"@context\":\"https:\\\/\\\/schema.org\",\"@graph\":[{\"@type\":\"WebPage\",\"@id\":\"https:\\\/\\\/www.infotetquebec.com\\\/es\\\/ce-quest-la-covid-19\\\/\",\"url\":\"https:\\\/\\\/www.infotetquebec.com\\\/es\\\/ce-quest-la-covid-19\\\/\",\"name\":\"Lo qu\u00e9 es el COVID-19 (coronavirus) - Infotetquebec\",\"isPartOf\":{\"@id\":\"https:\\\/\\\/www.infotetquebec.com\\\/es\\\/#website\"},\"primaryImageOfPage\":{\"@id\":\"https:\\\/\\\/www.infotetquebec.com\\\/es\\\/ce-quest-la-covid-19\\\/#primaryimage\"},\"image\":{\"@id\":\"https:\\\/\\\/www.infotetquebec.com\\\/es\\\/ce-quest-la-covid-19\\\/#primaryimage\"},\"thumbnailUrl\":\"https:\\\/\\\/www.infotetquebec.com\\\/wp-content\\\/uploads\\\/2021\\\/02\\\/brittany-colette-CDN2nTKfrA-unsplash-scaled.jpg\",\"datePublished\":\"2021-02-06T17:35:05+00:00\",\"dateModified\":\"2021-02-09T19:06:28+00:00\",\"breadcrumb\":{\"@id\":\"https:\\\/\\\/www.infotetquebec.com\\\/es\\\/ce-quest-la-covid-19\\\/#breadcrumb\"},\"inLanguage\":\"es\",\"potentialAction\":[{\"@type\":\"ReadAction\",\"target\":[\"https:\\\/\\\/www.infotetquebec.com\\\/es\\\/ce-quest-la-covid-19\\\/\"]}]},{\"@type\":\"ImageObject\",\"inLanguage\":\"es\",\"@id\":\"https:\\\/\\\/www.infotetquebec.com\\\/es\\\/ce-quest-la-covid-19\\\/#primaryimage\",\"url\":\"https:\\\/\\\/www.infotetquebec.com\\\/wp-content\\\/uploads\\\/2021\\\/02\\\/brittany-colette-CDN2nTKfrA-unsplash-scaled.jpg\",\"contentUrl\":\"https:\\\/\\\/www.infotetquebec.com\\\/wp-content\\\/uploads\\\/2021\\\/02\\\/brittany-colette-CDN2nTKfrA-unsplash-scaled.jpg\"},{\"@type\":\"BreadcrumbList\",\"@id\":\"https:\\\/\\\/www.infotetquebec.com\\\/es\\\/ce-quest-la-covid-19\\\/#breadcrumb\",\"itemListElement\":[{\"@type\":\"ListItem\",\"position\":1,\"name\":\"Accueil\",\"item\":\"https:\\\/\\\/www.infotetquebec.com\\\/es\\\/\"},{\"@type\":\"ListItem\",\"position\":2,\"name\":\"Lo qu\u00e9 es el COVID-19 (coronavirus)\"}]},{\"@type\":\"WebSite\",\"@id\":\"https:\\\/\\\/www.infotetquebec.com\\\/es\\\/#website\",\"url\":\"https:\\\/\\\/www.infotetquebec.com\\\/es\\\/\",\"name\":\"Infotetquebec\",\"description\":\"Info et soutien aux TET\",\"publisher\":{\"@id\":\"https:\\\/\\\/www.infotetquebec.com\\\/es\\\/#organization\"},\"potentialAction\":[{\"@type\":\"SearchAction\",\"target\":{\"@type\":\"EntryPoint\",\"urlTemplate\":\"https:\\\/\\\/www.infotetquebec.com\\\/es\\\/?s={search_term_string}\"},\"query-input\":{\"@type\":\"PropertyValueSpecification\",\"valueRequired\":true,\"valueName\":\"search_term_string\"}}],\"inLanguage\":\"es\"},{\"@type\":\"Organization\",\"@id\":\"https:\\\/\\\/www.infotetquebec.com\\\/es\\\/#organization\",\"name\":\"InfoTETQuebec\",\"url\":\"https:\\\/\\\/www.infotetquebec.com\\\/es\\\/\",\"logo\":{\"@type\":\"ImageObject\",\"inLanguage\":\"es\",\"@id\":\"https:\\\/\\\/www.infotetquebec.com\\\/es\\\/#\\\/schema\\\/logo\\\/image\\\/\",\"url\":\"https:\\\/\\\/www.infotetquebec.com\\\/wp-content\\\/uploads\\\/2021\\\/02\\\/cropped-IMQC_TET_Favicon_Fav-Icon_Fav-Icon-1.png\",\"contentUrl\":\"https:\\\/\\\/www.infotetquebec.com\\\/wp-content\\\/uploads\\\/2021\\\/02\\\/cropped-IMQC_TET_Favicon_Fav-Icon_Fav-Icon-1.png\",\"width\":512,\"height\":512,\"caption\":\"InfoTETQuebec\"},\"image\":{\"@id\":\"https:\\\/\\\/www.infotetquebec.com\\\/es\\\/#\\\/schema\\\/logo\\\/image\\\/\"},\"sameAs\":[\"https:\\\/\\\/www.facebook.com\\\/profile.php?id=100089616676260\"]}]}<\/script>\n<!-- \/ Yoast SEO plugin. -->","yoast_head_json":{"title":"Lo qu\u00e9 es el COVID-19 (coronavirus) - Infotetquebec","robots":{"index":"index","follow":"follow","max-snippet":"max-snippet:-1","max-image-preview":"max-image-preview:large","max-video-preview":"max-video-preview:-1"},"canonical":"https:\/\/www.infotetquebec.com\/es\/ce-quest-la-covid-19\/","og_locale":"es_ES","og_type":"article","og_title":"Lo qu\u00e9 es el COVID-19 (coronavirus) - Infotetquebec","og_description":"Lo qu\u00e9 es el COVID-19 (coronavirus) El COVID-19 causa una infecci\u00f3n respiratoria (de los pulmones). La mayor\u00eda de las personas sanas que enferman de COVID-19 tendr\u00e1n una enfermedad leve, que... Leer m\u00e1s","og_url":"https:\/\/www.infotetquebec.com\/es\/ce-quest-la-covid-19\/","og_site_name":"Infotetquebec","article_publisher":"https:\/\/www.facebook.com\/profile.php?id=100089616676260","article_modified_time":"2021-02-09T19:06:28+00:00","og_image":[{"url":"https:\/\/infotetquebec.com\/wp-content\/uploads\/2021\/02\/brittany-colette-CDN2nTKfrA-unsplash-1024x683.jpg","type":"","width":"","height":""}],"twitter_card":"summary_large_image","twitter_misc":{"Tiempo de lectura":"2 minutos"},"schema":{"@context":"https:\/\/schema.org","@graph":[{"@type":"WebPage","@id":"https:\/\/www.infotetquebec.com\/es\/ce-quest-la-covid-19\/","url":"https:\/\/www.infotetquebec.com\/es\/ce-quest-la-covid-19\/","name":"Lo qu\u00e9 es el COVID-19 (coronavirus) - Infotetquebec","isPartOf":{"@id":"https:\/\/www.infotetquebec.com\/es\/#website"},"primaryImageOfPage":{"@id":"https:\/\/www.infotetquebec.com\/es\/ce-quest-la-covid-19\/#primaryimage"},"image":{"@id":"https:\/\/www.infotetquebec.com\/es\/ce-quest-la-covid-19\/#primaryimage"},"thumbnailUrl":"https:\/\/www.infotetquebec.com\/wp-content\/uploads\/2021\/02\/brittany-colette-CDN2nTKfrA-unsplash-scaled.jpg","datePublished":"2021-02-06T17:35:05+00:00","dateModified":"2021-02-09T19:06:28+00:00","breadcrumb":{"@id":"https:\/\/www.infotetquebec.com\/es\/ce-quest-la-covid-19\/#breadcrumb"},"inLanguage":"es","potentialAction":[{"@type":"ReadAction","target":["https:\/\/www.infotetquebec.com\/es\/ce-quest-la-covid-19\/"]}]},{"@type":"ImageObject","inLanguage":"es","@id":"https:\/\/www.infotetquebec.com\/es\/ce-quest-la-covid-19\/#primaryimage","url":"https:\/\/www.infotetquebec.com\/wp-content\/uploads\/2021\/02\/brittany-colette-CDN2nTKfrA-unsplash-scaled.jpg","contentUrl":"https:\/\/www.infotetquebec.com\/wp-content\/uploads\/2021\/02\/brittany-colette-CDN2nTKfrA-unsplash-scaled.jpg"},{"@type":"BreadcrumbList","@id":"https:\/\/www.infotetquebec.com\/es\/ce-quest-la-covid-19\/#breadcrumb","itemListElement":[{"@type":"ListItem","position":1,"name":"Accueil","item":"https:\/\/www.infotetquebec.com\/es\/"},{"@type":"ListItem","position":2,"name":"Lo qu\u00e9 es el COVID-19 (coronavirus)"}]},{"@type":"WebSite","@id":"https:\/\/www.infotetquebec.com\/es\/#website","url":"https:\/\/www.infotetquebec.com\/es\/","name":"Infotetquebec","description":"Info et soutien aux TET","publisher":{"@id":"https:\/\/www.infotetquebec.com\/es\/#organization"},"potentialAction":[{"@type":"SearchAction","target":{"@type":"EntryPoint","urlTemplate":"https:\/\/www.infotetquebec.com\/es\/?s={search_term_string}"},"query-input":{"@type":"PropertyValueSpecification","valueRequired":true,"valueName":"search_term_string"}}],"inLanguage":"es"},{"@type":"Organization","@id":"https:\/\/www.infotetquebec.com\/es\/#organization","name":"InfoTETQuebec","url":"https:\/\/www.infotetquebec.com\/es\/","logo":{"@type":"ImageObject","inLanguage":"es","@id":"https:\/\/www.infotetquebec.com\/es\/#\/schema\/logo\/image\/","url":"https:\/\/www.infotetquebec.com\/wp-content\/uploads\/2021\/02\/cropped-IMQC_TET_Favicon_Fav-Icon_Fav-Icon-1.png","contentUrl":"https:\/\/www.infotetquebec.com\/wp-content\/uploads\/2021\/02\/cropped-IMQC_TET_Favicon_Fav-Icon_Fav-Icon-1.png","width":512,"height":512,"caption":"InfoTETQuebec"},"image":{"@id":"https:\/\/www.infotetquebec.com\/es\/#\/schema\/logo\/image\/"},"sameAs":["https:\/\/www.facebook.com\/profile.php?id=100089616676260"]}]}},"rttpg_featured_image_url":null,"rttpg_author":{"display_name":"Agn\u00e8s Merlin","author_link":"https:\/\/www.infotetquebec.com\/es\/author\/agnes-merlinimmigrantquebec-com\/"},"rttpg_comment":0,"rttpg_category":" <a href=\"https:\/\/www.infotetquebec.com\/es\/?taxonomy=translation_priority&#038;term=optional-es\" rel=\"tag\">Optional<\/a>","rttpg_excerpt":"Lo qu\u00e9 es el COVID-19 (coronavirus) El COVID-19 causa una infecci\u00f3n respiratoria (de los pulmones). La mayor\u00eda de las personas sanas que enferman de COVID-19 tendr\u00e1n una enfermedad leve, que... Leer m\u00e1s","_links":{"self":[{"href":"https:\/\/www.infotetquebec.com\/es\/wp-json\/wp\/v2\/pages\/765","targetHints":{"allow":["GET"]}}],"collection":[{"href":"https:\/\/www.infotetquebec.com\/es\/wp-json\/wp\/v2\/pages"}],"about":[{"href":"https:\/\/www.infotetquebec.com\/es\/wp-json\/wp\/v2\/types\/page"}],"author":[{"embeddable":true,"href":"https:\/\/www.infotetquebec.com\/es\/wp-json\/wp\/v2\/users\/3"}],"replies":[{"embeddable":true,"href":"https:\/\/www.infotetquebec.com\/es\/wp-json\/wp\/v2\/comments?post=765"}],"version-history":[{"count":0,"href":"https:\/\/www.infotetquebec.com\/es\/wp-json\/wp\/v2\/pages\/765\/revisions"}],"wp:attachment":[{"href":"https:\/\/www.infotetquebec.com\/es\/wp-json\/wp\/v2\/media?parent=765"}],"curies":[{"name":"wp","href":"https:\/\/api.w.org\/{rel}","templated":true}]}}