{"id":665,"date":"2021-02-07T09:13:35","date_gmt":"2021-02-07T14:13:35","guid":{"rendered":"https:\/\/www.infotetquebec.com\/?page_id=665"},"modified":"2024-05-16T13:58:58","modified_gmt":"2024-05-16T17:58:58","slug":"que-sucede-si-pierdo-mi-empleo","status":"publish","type":"page","link":"https:\/\/www.infotetquebec.com\/es\/que-sucede-si-pierdo-mi-empleo\/","title":{"rendered":"\u00bfQue sucede si pierdo mi empleo?"},"content":{"rendered":"\t\t<div data-elementor-type=\"wp-page\" data-elementor-id=\"665\" class=\"elementor elementor-665 elementor-247\" data-elementor-post-type=\"page\">\n\t\t\t\t\t\t<section class=\"elementor-section elementor-top-section elementor-element elementor-element-82e67c6 elementor-section-boxed elementor-section-height-default elementor-section-height-default\" data-id=\"82e67c6\" data-element_type=\"section\" data-e-type=\"section\">\n\t\t\t\t\t\t<div class=\"elementor-container elementor-column-gap-default\">\n\t\t\t\t\t<div class=\"elementor-column elementor-col-100 elementor-top-column elementor-element elementor-element-3356fec\" data-id=\"3356fec\" data-element_type=\"column\" data-e-type=\"column\">\n\t\t\t<div class=\"elementor-widget-wrap elementor-element-populated\">\n\t\t\t\t\t\t<div class=\"elementor-element elementor-element-04bc61c elementor-widget elementor-widget-text-editor\" data-id=\"04bc61c\" data-element_type=\"widget\" data-e-type=\"widget\" data-widget_type=\"text-editor.default\">\n\t\t\t\t<div class=\"elementor-widget-container\">\n\t\t\t\t\t\t\t\t\t<p class=\"has-black-color has-text-color\">Si despu\u00e9s de 3 meses, usted continua ocupando un puesto de trabajo, su empleador debe darle un preaviso antes de rescindir de sus servicios previo al t\u00e9rmino de su contrato o de despedirlo por un periodo de m\u00e1s de seis meses. Si no lo hace, \u00e9l tendr\u00e1 la obligaci\u00f3n de pagarle por el preaviso que usted no haya recibido (indemnizaci\u00f3n por despido). Excepcionalmente, su empleador podr\u00eda poner fin a su trabajo sin previo aviso, entre otras cosas en caso de fuerza mayor (por ejemplo, la destrucci\u00f3n de la empresa por un incendio), porque usted haya cometido una falta grave que justifique el despido inmediato (como robo o fraude) o si minti\u00f3 sobre sus calificaciones cuando lo contrataron. \u00a1Importante! Si su contrato de trabajo tiene una duraci\u00f3n fija y el empleador lo despide sin que sea su culpa, antes de finalizar el plazo, igualmente podr\u00eda reclamar los da\u00f1os y perjuicios equivalentes a la remuneraci\u00f3n de la que fue privado. Si pierde su empleo sin que exista alguna falta de su parte o si tiene que dejar su empleo porque es v\u00edctima de abuso, contacte a Justice Pro Bono o Service Canada.<\/p>\n<p><\/p>\n<p class=\"has-black-color has-cyan-bluish-gray-background-color has-text-color has-background\"><strong>Si le preocupa su seguridad personal o desea cambiar de empleador porque su empleador no respeta las condiciones de su contrato o est\u00e1 infringiendo la ley, comun\u00edquese con el ministerio federal de servicios gubernamentales (Service Canada) llamando a la L\u00ednea de informaci\u00f3n confidencial (Tip Line) 1-866-602-9448; en este n\u00famero podr\u00e1 dejar un mensaje an\u00f3nimo denunciando lo que le est\u00e9 preocupando. Todas las llamadas son atendidas e investigadas para protegerlo a usted y a sus derechos.<\/strong><\/p>\t\t\t\t\t\t\t\t<\/div>\n\t\t\t\t<\/div>\n\t\t\t\t\t<\/div>\n\t\t<\/div>\n\t\t\t\t\t<\/div>\n\t\t<\/section>\n\t\t\t\t<section class=\"elementor-section elementor-top-section elementor-element elementor-element-6bc57a0 elementor-section-boxed elementor-section-height-default elementor-section-height-default\" data-id=\"6bc57a0\" data-element_type=\"section\" data-e-type=\"section\">\n\t\t\t\t\t\t<div class=\"elementor-container elementor-column-gap-default\">\n\t\t\t\t\t<div class=\"elementor-column elementor-col-100 elementor-top-column elementor-element elementor-element-250a458\" data-id=\"250a458\" data-element_type=\"column\" data-e-type=\"column\">\n\t\t\t<div class=\"elementor-widget-wrap elementor-element-populated\">\n\t\t\t\t\t\t<div class=\"elementor-element elementor-element-ab01ebc elementor-widget elementor-widget-image\" data-id=\"ab01ebc\" data-element_type=\"widget\" data-e-type=\"widget\" data-widget_type=\"image.default\">\n\t\t\t\t<div class=\"elementor-widget-container\">\n\t\t\t\t\t\t\t\t\t\t\t\t<figure class=\"wp-caption\">\n\t\t\t\t\t\t\t\t\t\t<img fetchpriority=\"high\" decoding=\"async\" width=\"768\" height=\"512\" src=\"https:\/\/www.infotetquebec.com\/wp-content\/uploads\/2024\/05\/tim-mossholder-Kx060cRsmt0-unsplash-768x512.jpg\" class=\"attachment-medium_large size-medium_large wp-image-14087\" alt=\"\" srcset=\"https:\/\/www.infotetquebec.com\/wp-content\/uploads\/2024\/05\/tim-mossholder-Kx060cRsmt0-unsplash-768x512.jpg 768w, https:\/\/www.infotetquebec.com\/wp-content\/uploads\/2024\/05\/tim-mossholder-Kx060cRsmt0-unsplash-300x200.jpg 300w, https:\/\/www.infotetquebec.com\/wp-content\/uploads\/2024\/05\/tim-mossholder-Kx060cRsmt0-unsplash-1024x683.jpg 1024w, https:\/\/www.infotetquebec.com\/wp-content\/uploads\/2024\/05\/tim-mossholder-Kx060cRsmt0-unsplash-1536x1024.jpg 1536w, https:\/\/www.infotetquebec.com\/wp-content\/uploads\/2024\/05\/tim-mossholder-Kx060cRsmt0-unsplash-2048x1365.jpg 2048w\" sizes=\"(max-width: 768px) 100vw, 768px\" \/>\t\t\t\t\t\t\t\t\t\t\t<figcaption class=\"widget-image-caption wp-caption-text\">Foto de Tim Mossholder \/ Unsplash<\/figcaption>\n\t\t\t\t\t\t\t\t\t\t<\/figure>\n\t\t\t\t\t\t\t\t\t<\/div>\n\t\t\t\t<\/div>\n\t\t\t\t\t<\/div>\n\t\t<\/div>\n\t\t\t\t\t<\/div>\n\t\t<\/section>\n\t\t\t\t<\/div>\n\t\t","protected":false},"excerpt":{"rendered":"<p>Si despu\u00e9s de 3 meses, usted continua ocupando un puesto de trabajo, su empleador debe darle un preaviso antes de rescindir de sus servicios previo al t\u00e9rmino de su contrato&#8230; <a class=\"more-link\" href=\"https:\/\/www.infotetquebec.com\/es\/que-sucede-si-pierdo-mi-empleo\/\">Leer m\u00e1s<\/a><\/p>\n","protected":false},"author":3,"featured_media":0,"parent":0,"menu_order":0,"comment_status":"closed","ping_status":"closed","template":"","meta":{"_genesis_hide_title":false,"_genesis_hide_breadcrumbs":false,"_genesis_hide_singular_image":false,"_genesis_hide_footer_widgets":false,"_genesis_custom_body_class":"","_genesis_custom_post_class":"","_genesis_layout":"","footnotes":""},"class_list":["post-665","page","type-page","status-publish","entry"],"yoast_head":"<!-- This site is optimized with the Yoast SEO plugin v27.4 - https:\/\/yoast.com\/product\/yoast-seo-wordpress\/ -->\n<title>\u00bfQue sucede si pierdo mi empleo? - Infotetquebec<\/title>\n<meta name=\"robots\" content=\"index, follow, max-snippet:-1, max-image-preview:large, max-video-preview:-1\" \/>\n<link rel=\"canonical\" href=\"https:\/\/www.infotetquebec.com\/es\/que-sucede-si-pierdo-mi-empleo\/\" \/>\n<meta property=\"og:locale\" content=\"es_ES\" \/>\n<meta property=\"og:type\" content=\"article\" \/>\n<meta property=\"og:title\" content=\"\u00bfQue sucede si pierdo mi empleo? - Infotetquebec\" \/>\n<meta property=\"og:description\" content=\"Si despu\u00e9s de 3 meses, usted continua ocupando un puesto de trabajo, su empleador debe darle un preaviso antes de rescindir de sus servicios previo al t\u00e9rmino de su contrato... Leer m\u00e1s\" \/>\n<meta property=\"og:url\" content=\"https:\/\/www.infotetquebec.com\/es\/que-sucede-si-pierdo-mi-empleo\/\" \/>\n<meta property=\"og:site_name\" content=\"Infotetquebec\" \/>\n<meta property=\"article:publisher\" content=\"https:\/\/www.facebook.com\/profile.php?id=100089616676260\" \/>\n<meta property=\"article:modified_time\" content=\"2024-05-16T17:58:58+00:00\" \/>\n<meta property=\"og:image\" content=\"https:\/\/www.infotetquebec.com\/wp-content\/uploads\/2024\/05\/tim-mossholder-Kx060cRsmt0-unsplash-768x512.jpg\" \/>\n<meta name=\"twitter:card\" content=\"summary_large_image\" \/>\n<meta name=\"twitter:label1\" content=\"Tiempo de lectura\" \/>\n\t<meta name=\"twitter:data1\" content=\"2 minutos\" \/>\n<script type=\"application\/ld+json\" class=\"yoast-schema-graph\">{\"@context\":\"https:\\\/\\\/schema.org\",\"@graph\":[{\"@type\":\"WebPage\",\"@id\":\"https:\\\/\\\/www.infotetquebec.com\\\/es\\\/que-sucede-si-pierdo-mi-empleo\\\/\",\"url\":\"https:\\\/\\\/www.infotetquebec.com\\\/es\\\/que-sucede-si-pierdo-mi-empleo\\\/\",\"name\":\"\u00bfQue sucede si pierdo mi empleo? - Infotetquebec\",\"isPartOf\":{\"@id\":\"https:\\\/\\\/www.infotetquebec.com\\\/es\\\/#website\"},\"primaryImageOfPage\":{\"@id\":\"https:\\\/\\\/www.infotetquebec.com\\\/es\\\/que-sucede-si-pierdo-mi-empleo\\\/#primaryimage\"},\"image\":{\"@id\":\"https:\\\/\\\/www.infotetquebec.com\\\/es\\\/que-sucede-si-pierdo-mi-empleo\\\/#primaryimage\"},\"thumbnailUrl\":\"https:\\\/\\\/www.infotetquebec.com\\\/wp-content\\\/uploads\\\/2024\\\/05\\\/tim-mossholder-Kx060cRsmt0-unsplash-768x512.jpg\",\"datePublished\":\"2021-02-07T14:13:35+00:00\",\"dateModified\":\"2024-05-16T17:58:58+00:00\",\"breadcrumb\":{\"@id\":\"https:\\\/\\\/www.infotetquebec.com\\\/es\\\/que-sucede-si-pierdo-mi-empleo\\\/#breadcrumb\"},\"inLanguage\":\"es\",\"potentialAction\":[{\"@type\":\"ReadAction\",\"target\":[\"https:\\\/\\\/www.infotetquebec.com\\\/es\\\/que-sucede-si-pierdo-mi-empleo\\\/\"]}]},{\"@type\":\"ImageObject\",\"inLanguage\":\"es\",\"@id\":\"https:\\\/\\\/www.infotetquebec.com\\\/es\\\/que-sucede-si-pierdo-mi-empleo\\\/#primaryimage\",\"url\":\"https:\\\/\\\/www.infotetquebec.com\\\/wp-content\\\/uploads\\\/2024\\\/05\\\/tim-mossholder-Kx060cRsmt0-unsplash-768x512.jpg\",\"contentUrl\":\"https:\\\/\\\/www.infotetquebec.com\\\/wp-content\\\/uploads\\\/2024\\\/05\\\/tim-mossholder-Kx060cRsmt0-unsplash-768x512.jpg\"},{\"@type\":\"BreadcrumbList\",\"@id\":\"https:\\\/\\\/www.infotetquebec.com\\\/es\\\/que-sucede-si-pierdo-mi-empleo\\\/#breadcrumb\",\"itemListElement\":[{\"@type\":\"ListItem\",\"position\":1,\"name\":\"Accueil\",\"item\":\"https:\\\/\\\/www.infotetquebec.com\\\/es\\\/\"},{\"@type\":\"ListItem\",\"position\":2,\"name\":\"\u00bfQue sucede si pierdo mi empleo?\"}]},{\"@type\":\"WebSite\",\"@id\":\"https:\\\/\\\/www.infotetquebec.com\\\/es\\\/#website\",\"url\":\"https:\\\/\\\/www.infotetquebec.com\\\/es\\\/\",\"name\":\"Infotetquebec\",\"description\":\"Info et soutien aux TET\",\"publisher\":{\"@id\":\"https:\\\/\\\/www.infotetquebec.com\\\/es\\\/#organization\"},\"potentialAction\":[{\"@type\":\"SearchAction\",\"target\":{\"@type\":\"EntryPoint\",\"urlTemplate\":\"https:\\\/\\\/www.infotetquebec.com\\\/es\\\/?s={search_term_string}\"},\"query-input\":{\"@type\":\"PropertyValueSpecification\",\"valueRequired\":true,\"valueName\":\"search_term_string\"}}],\"inLanguage\":\"es\"},{\"@type\":\"Organization\",\"@id\":\"https:\\\/\\\/www.infotetquebec.com\\\/es\\\/#organization\",\"name\":\"InfoTETQuebec\",\"url\":\"https:\\\/\\\/www.infotetquebec.com\\\/es\\\/\",\"logo\":{\"@type\":\"ImageObject\",\"inLanguage\":\"es\",\"@id\":\"https:\\\/\\\/www.infotetquebec.com\\\/es\\\/#\\\/schema\\\/logo\\\/image\\\/\",\"url\":\"https:\\\/\\\/www.infotetquebec.com\\\/wp-content\\\/uploads\\\/2021\\\/02\\\/cropped-IMQC_TET_Favicon_Fav-Icon_Fav-Icon-1.png\",\"contentUrl\":\"https:\\\/\\\/www.infotetquebec.com\\\/wp-content\\\/uploads\\\/2021\\\/02\\\/cropped-IMQC_TET_Favicon_Fav-Icon_Fav-Icon-1.png\",\"width\":512,\"height\":512,\"caption\":\"InfoTETQuebec\"},\"image\":{\"@id\":\"https:\\\/\\\/www.infotetquebec.com\\\/es\\\/#\\\/schema\\\/logo\\\/image\\\/\"},\"sameAs\":[\"https:\\\/\\\/www.facebook.com\\\/profile.php?id=100089616676260\"]}]}<\/script>\n<!-- \/ Yoast SEO plugin. -->","yoast_head_json":{"title":"\u00bfQue sucede si pierdo mi empleo? - Infotetquebec","robots":{"index":"index","follow":"follow","max-snippet":"max-snippet:-1","max-image-preview":"max-image-preview:large","max-video-preview":"max-video-preview:-1"},"canonical":"https:\/\/www.infotetquebec.com\/es\/que-sucede-si-pierdo-mi-empleo\/","og_locale":"es_ES","og_type":"article","og_title":"\u00bfQue sucede si pierdo mi empleo? - Infotetquebec","og_description":"Si despu\u00e9s de 3 meses, usted continua ocupando un puesto de trabajo, su empleador debe darle un preaviso antes de rescindir de sus servicios previo al t\u00e9rmino de su contrato... Leer m\u00e1s","og_url":"https:\/\/www.infotetquebec.com\/es\/que-sucede-si-pierdo-mi-empleo\/","og_site_name":"Infotetquebec","article_publisher":"https:\/\/www.facebook.com\/profile.php?id=100089616676260","article_modified_time":"2024-05-16T17:58:58+00:00","og_image":[{"url":"https:\/\/www.infotetquebec.com\/wp-content\/uploads\/2024\/05\/tim-mossholder-Kx060cRsmt0-unsplash-768x512.jpg","type":"","width":"","height":""}],"twitter_card":"summary_large_image","twitter_misc":{"Tiempo de lectura":"2 minutos"},"schema":{"@context":"https:\/\/schema.org","@graph":[{"@type":"WebPage","@id":"https:\/\/www.infotetquebec.com\/es\/que-sucede-si-pierdo-mi-empleo\/","url":"https:\/\/www.infotetquebec.com\/es\/que-sucede-si-pierdo-mi-empleo\/","name":"\u00bfQue sucede si pierdo mi empleo? - Infotetquebec","isPartOf":{"@id":"https:\/\/www.infotetquebec.com\/es\/#website"},"primaryImageOfPage":{"@id":"https:\/\/www.infotetquebec.com\/es\/que-sucede-si-pierdo-mi-empleo\/#primaryimage"},"image":{"@id":"https:\/\/www.infotetquebec.com\/es\/que-sucede-si-pierdo-mi-empleo\/#primaryimage"},"thumbnailUrl":"https:\/\/www.infotetquebec.com\/wp-content\/uploads\/2024\/05\/tim-mossholder-Kx060cRsmt0-unsplash-768x512.jpg","datePublished":"2021-02-07T14:13:35+00:00","dateModified":"2024-05-16T17:58:58+00:00","breadcrumb":{"@id":"https:\/\/www.infotetquebec.com\/es\/que-sucede-si-pierdo-mi-empleo\/#breadcrumb"},"inLanguage":"es","potentialAction":[{"@type":"ReadAction","target":["https:\/\/www.infotetquebec.com\/es\/que-sucede-si-pierdo-mi-empleo\/"]}]},{"@type":"ImageObject","inLanguage":"es","@id":"https:\/\/www.infotetquebec.com\/es\/que-sucede-si-pierdo-mi-empleo\/#primaryimage","url":"https:\/\/www.infotetquebec.com\/wp-content\/uploads\/2024\/05\/tim-mossholder-Kx060cRsmt0-unsplash-768x512.jpg","contentUrl":"https:\/\/www.infotetquebec.com\/wp-content\/uploads\/2024\/05\/tim-mossholder-Kx060cRsmt0-unsplash-768x512.jpg"},{"@type":"BreadcrumbList","@id":"https:\/\/www.infotetquebec.com\/es\/que-sucede-si-pierdo-mi-empleo\/#breadcrumb","itemListElement":[{"@type":"ListItem","position":1,"name":"Accueil","item":"https:\/\/www.infotetquebec.com\/es\/"},{"@type":"ListItem","position":2,"name":"\u00bfQue sucede si pierdo mi empleo?"}]},{"@type":"WebSite","@id":"https:\/\/www.infotetquebec.com\/es\/#website","url":"https:\/\/www.infotetquebec.com\/es\/","name":"Infotetquebec","description":"Info et soutien aux TET","publisher":{"@id":"https:\/\/www.infotetquebec.com\/es\/#organization"},"potentialAction":[{"@type":"SearchAction","target":{"@type":"EntryPoint","urlTemplate":"https:\/\/www.infotetquebec.com\/es\/?s={search_term_string}"},"query-input":{"@type":"PropertyValueSpecification","valueRequired":true,"valueName":"search_term_string"}}],"inLanguage":"es"},{"@type":"Organization","@id":"https:\/\/www.infotetquebec.com\/es\/#organization","name":"InfoTETQuebec","url":"https:\/\/www.infotetquebec.com\/es\/","logo":{"@type":"ImageObject","inLanguage":"es","@id":"https:\/\/www.infotetquebec.com\/es\/#\/schema\/logo\/image\/","url":"https:\/\/www.infotetquebec.com\/wp-content\/uploads\/2021\/02\/cropped-IMQC_TET_Favicon_Fav-Icon_Fav-Icon-1.png","contentUrl":"https:\/\/www.infotetquebec.com\/wp-content\/uploads\/2021\/02\/cropped-IMQC_TET_Favicon_Fav-Icon_Fav-Icon-1.png","width":512,"height":512,"caption":"InfoTETQuebec"},"image":{"@id":"https:\/\/www.infotetquebec.com\/es\/#\/schema\/logo\/image\/"},"sameAs":["https:\/\/www.facebook.com\/profile.php?id=100089616676260"]}]}},"rttpg_featured_image_url":null,"rttpg_author":{"display_name":"Agn\u00e8s Merlin","author_link":"https:\/\/www.infotetquebec.com\/es\/author\/agnes-merlinimmigrantquebec-com\/"},"rttpg_comment":0,"rttpg_category":" <a href=\"https:\/\/www.infotetquebec.com\/es\/?taxonomy=translation_priority&#038;term=optional-es\" rel=\"tag\">Optional<\/a>","rttpg_excerpt":"Si despu\u00e9s de 3 meses, usted continua ocupando un puesto de trabajo, su empleador debe darle un preaviso antes de rescindir de sus servicios previo al t\u00e9rmino de su contrato... Leer m\u00e1s","_links":{"self":[{"href":"https:\/\/www.infotetquebec.com\/es\/wp-json\/wp\/v2\/pages\/665","targetHints":{"allow":["GET"]}}],"collection":[{"href":"https:\/\/www.infotetquebec.com\/es\/wp-json\/wp\/v2\/pages"}],"about":[{"href":"https:\/\/www.infotetquebec.com\/es\/wp-json\/wp\/v2\/types\/page"}],"author":[{"embeddable":true,"href":"https:\/\/www.infotetquebec.com\/es\/wp-json\/wp\/v2\/users\/3"}],"replies":[{"embeddable":true,"href":"https:\/\/www.infotetquebec.com\/es\/wp-json\/wp\/v2\/comments?post=665"}],"version-history":[{"count":3,"href":"https:\/\/www.infotetquebec.com\/es\/wp-json\/wp\/v2\/pages\/665\/revisions"}],"predecessor-version":[{"id":14100,"href":"https:\/\/www.infotetquebec.com\/es\/wp-json\/wp\/v2\/pages\/665\/revisions\/14100"}],"wp:attachment":[{"href":"https:\/\/www.infotetquebec.com\/es\/wp-json\/wp\/v2\/media?parent=665"}],"curies":[{"name":"wp","href":"https:\/\/api.w.org\/{rel}","templated":true}]}}