{"id":652,"date":"2021-02-06T22:32:59","date_gmt":"2021-02-07T03:32:59","guid":{"rendered":"https:\/\/www.infotetquebec.com\/?page_id=652"},"modified":"2021-02-09T14:09:03","modified_gmt":"2021-02-09T19:09:03","slug":"contratos-de-trabajo","status":"publish","type":"page","link":"https:\/\/www.infotetquebec.com\/es\/contratos-de-trabajo\/","title":{"rendered":"Contratos de trabajo"},"content":{"rendered":"\n<p class=\"has-black-color has-text-color\">Para su propia protecci\u00f3n, usted tiene la obligaci\u00f3n de firmar un contrato de trabajo<\/p>\n\n\n\n<p class=\"has-black-color has-text-color\">con su empleador. Ese contrato es un documento legal que contiene toda la informaci\u00f3n sobre las condiciones de trabajo acordadas entre su empleador y usted. Tanto el empleador como usted deben respetar las condiciones contenidas en ese acuerdo contractual.<\/p>\n\n\n\n<p class=\"has-black-color has-text-color\">Una excepci\u00f3n se aplica si fue contratado como trabajador temporal extranjero para un puesto de salario alto. En ese caso, usted no est\u00e1 obligado a tener un contrato, pero de todas maneras es aconsejable que firme uno. Si no sabe en qu\u00e9 categor\u00eda de trabajadores est\u00e1, puede consultar su carta de evaluaci\u00f3n de repercusi\u00f3n sobre el mercado laboral y su anexo, que le habr\u00e1 proporcionado su empleador para que pueda presentar una solicitud de permiso de trabajo.<\/p>\n\n\n\n<figure class=\"wp-block-image size-large\"><img fetchpriority=\"high\" decoding=\"async\" width=\"2560\" height=\"1709\" src=\"https:\/\/www.infotetquebec.com\/wp-content\/uploads\/2021\/02\/cytonn-photography-GJao3ZTX9gU-unsplash-scaled.jpg\" alt=\"\" class=\"wp-image-437\" srcset=\"https:\/\/www.infotetquebec.com\/wp-content\/uploads\/2021\/02\/cytonn-photography-GJao3ZTX9gU-unsplash-scaled.jpg 2560w, https:\/\/www.infotetquebec.com\/wp-content\/uploads\/2021\/02\/cytonn-photography-GJao3ZTX9gU-unsplash-scaled-300x200.jpg 300w, https:\/\/www.infotetquebec.com\/wp-content\/uploads\/2021\/02\/cytonn-photography-GJao3ZTX9gU-unsplash-scaled-1024x684.jpg 1024w, https:\/\/www.infotetquebec.com\/wp-content\/uploads\/2021\/02\/cytonn-photography-GJao3ZTX9gU-unsplash-scaled-768x513.jpg 768w, https:\/\/www.infotetquebec.com\/wp-content\/uploads\/2021\/02\/cytonn-photography-GJao3ZTX9gU-unsplash-scaled-1536x1025.jpg 1536w, https:\/\/www.infotetquebec.com\/wp-content\/uploads\/2021\/02\/cytonn-photography-GJao3ZTX9gU-unsplash-scaled-2048x1367.jpg 2048w\" sizes=\"(max-width: 2560px) 100vw, 2560px\" \/><\/figure>\n\n\n\n<p>Foto : Cyntonn Photography  <a data-type=\"URL\" data-id=\"cytonn_photography\" href=\"http:\/\/cytonn_photography\"> <\/a><\/p>\n\n\n\n<h3 class=\"wp-block-heading\"><strong>\u00bf<\/strong>cu\u00e1les elementos deber\u00edan estar cubiertos por mi contrato de trabajo?  <\/h3>\n\n\n\n<p class=\"has-black-color has-text-color\">1 &#8211; Una descripci\u00f3n detallada de las tareas que debe realizar en su puesto de trabajo.<\/p>\n\n\n\n<p class=\"has-black-color has-text-color\">2 &#8211; Las retenciones sobre su salario: Por ley, el empleador debe hacer ciertas retenciones sobre su salario. Esas retenciones incluyen deducciones para pagar las contribuciones al plan de jubilaci\u00f3n de Canad\u00e1, el seguro de desempleo y los impuestos sobre la renta. Seg\u00fan la categor\u00eda de trabajador a la que pertenezca, es posible que otras deducciones est\u00e9n permitidas (ejemplo: en el marco del Programa para Trabajadores Agr\u00edcolas Temporales, los trabajadores pagan un determinado monto pordia laboral para cubrir el costo de servicios tales como electricidad y agua).<\/p>\n\n\n\n<p class=\"has-black-color has-text-color\">3 &#8211; Las condiciones de su empleo. Su contrato deber\u00eda indicar el n\u00famero m\u00e1ximo de horas que usted trabajar\u00e1 por d\u00eda y por semana a cambio de la paga normal, los periodos de descanso y los d\u00edas que tendr\u00e1 libres. Asimismo, su contrato deber\u00eda indicar cu\u00e1nto le pagar\u00e1n por hora si trabaja horas fuera de una jornada normal de trabajo (compensaci\u00f3n por horas extras o suplementarias).<\/p>\n\n\n\n<p class=\"has-black-color has-text-color\">Si usted fue contratado como trabajador temporal extranjero para un puesto de salario bajo o para la categor\u00eda agr\u00edcola, su empleador deber\u00e1:<\/p>\n\n\n\n<ul class=\"has-black-color has-text-color wp-block-list\"><li>Pagar la totalidad de los gastos de transporte para que usted venga a Canad\u00e1 y para que retorne a su pa\u00eds.<\/li><li>Suministrarle un seguro de salud privado hasta que usted pueda ser dado de alta en el plan de seguro de salud de la provincia o territorio donde est\u00e9 trabajando, a fin de que usted no tenga que pagar por consultar a un m\u00e9dico o por ir a un hospital si se enferma o se lesiona.<\/li><li>Asegurar que usted tenga un lugar donde alojarse.<\/li><\/ul>\n","protected":false},"excerpt":{"rendered":"<p>Para su propia protecci\u00f3n, usted tiene la obligaci\u00f3n de firmar un contrato de trabajo con su empleador. Ese contrato es un documento legal que contiene toda la informaci\u00f3n sobre las&#8230; <a class=\"more-link\" href=\"https:\/\/www.infotetquebec.com\/es\/contratos-de-trabajo\/\">Leer m\u00e1s<\/a><\/p>\n","protected":false},"author":3,"featured_media":0,"parent":0,"menu_order":0,"comment_status":"closed","ping_status":"closed","template":"","meta":{"_genesis_hide_title":false,"_genesis_hide_breadcrumbs":false,"_genesis_hide_singular_image":false,"_genesis_hide_footer_widgets":false,"_genesis_custom_body_class":"","_genesis_custom_post_class":"","_genesis_layout":"","footnotes":""},"class_list":["post-652","page","type-page","status-publish","entry"],"yoast_head":"<!-- This site is optimized with the Yoast SEO plugin v27.5 - https:\/\/yoast.com\/product\/yoast-seo-wordpress\/ -->\n<title>Contratos de trabajo - Infotetquebec<\/title>\n<meta name=\"robots\" content=\"index, follow, max-snippet:-1, max-image-preview:large, max-video-preview:-1\" \/>\n<link rel=\"canonical\" href=\"https:\/\/www.infotetquebec.com\/es\/contratos-de-trabajo\/\" \/>\n<meta property=\"og:locale\" content=\"es_ES\" \/>\n<meta property=\"og:type\" content=\"article\" \/>\n<meta property=\"og:title\" content=\"Contratos de trabajo - Infotetquebec\" \/>\n<meta property=\"og:description\" content=\"Para su propia protecci\u00f3n, usted tiene la obligaci\u00f3n de firmar un contrato de trabajo con su empleador. Ese contrato es un documento legal que contiene toda la informaci\u00f3n sobre las... Leer m\u00e1s\" \/>\n<meta property=\"og:url\" content=\"https:\/\/www.infotetquebec.com\/es\/contratos-de-trabajo\/\" \/>\n<meta property=\"og:site_name\" content=\"Infotetquebec\" \/>\n<meta property=\"article:publisher\" content=\"https:\/\/www.facebook.com\/profile.php?id=100089616676260\" \/>\n<meta property=\"article:modified_time\" content=\"2021-02-09T19:09:03+00:00\" \/>\n<meta property=\"og:image\" content=\"https:\/\/infotetquebec.com\/wp-content\/uploads\/2021\/02\/cytonn-photography-GJao3ZTX9gU-unsplash-1024x684.jpg\" \/>\n<meta name=\"twitter:card\" content=\"summary_large_image\" \/>\n<meta name=\"twitter:label1\" content=\"Tiempo de lectura\" \/>\n\t<meta name=\"twitter:data1\" content=\"3 minutos\" \/>\n<script type=\"application\/ld+json\" class=\"yoast-schema-graph\">{\"@context\":\"https:\\\/\\\/schema.org\",\"@graph\":[{\"@type\":\"WebPage\",\"@id\":\"https:\\\/\\\/www.infotetquebec.com\\\/es\\\/contratos-de-trabajo\\\/\",\"url\":\"https:\\\/\\\/www.infotetquebec.com\\\/es\\\/contratos-de-trabajo\\\/\",\"name\":\"Contratos de trabajo - Infotetquebec\",\"isPartOf\":{\"@id\":\"https:\\\/\\\/www.infotetquebec.com\\\/es\\\/#website\"},\"primaryImageOfPage\":{\"@id\":\"https:\\\/\\\/www.infotetquebec.com\\\/es\\\/contratos-de-trabajo\\\/#primaryimage\"},\"image\":{\"@id\":\"https:\\\/\\\/www.infotetquebec.com\\\/es\\\/contratos-de-trabajo\\\/#primaryimage\"},\"thumbnailUrl\":\"https:\\\/\\\/www.infotetquebec.com\\\/wp-content\\\/uploads\\\/2021\\\/02\\\/cytonn-photography-GJao3ZTX9gU-unsplash-scaled.jpg\",\"datePublished\":\"2021-02-07T03:32:59+00:00\",\"dateModified\":\"2021-02-09T19:09:03+00:00\",\"breadcrumb\":{\"@id\":\"https:\\\/\\\/www.infotetquebec.com\\\/es\\\/contratos-de-trabajo\\\/#breadcrumb\"},\"inLanguage\":\"es\",\"potentialAction\":[{\"@type\":\"ReadAction\",\"target\":[\"https:\\\/\\\/www.infotetquebec.com\\\/es\\\/contratos-de-trabajo\\\/\"]}]},{\"@type\":\"ImageObject\",\"inLanguage\":\"es\",\"@id\":\"https:\\\/\\\/www.infotetquebec.com\\\/es\\\/contratos-de-trabajo\\\/#primaryimage\",\"url\":\"https:\\\/\\\/www.infotetquebec.com\\\/wp-content\\\/uploads\\\/2021\\\/02\\\/cytonn-photography-GJao3ZTX9gU-unsplash-scaled.jpg\",\"contentUrl\":\"https:\\\/\\\/www.infotetquebec.com\\\/wp-content\\\/uploads\\\/2021\\\/02\\\/cytonn-photography-GJao3ZTX9gU-unsplash-scaled.jpg\"},{\"@type\":\"BreadcrumbList\",\"@id\":\"https:\\\/\\\/www.infotetquebec.com\\\/es\\\/contratos-de-trabajo\\\/#breadcrumb\",\"itemListElement\":[{\"@type\":\"ListItem\",\"position\":1,\"name\":\"Accueil\",\"item\":\"https:\\\/\\\/www.infotetquebec.com\\\/es\\\/\"},{\"@type\":\"ListItem\",\"position\":2,\"name\":\"Contratos de trabajo\"}]},{\"@type\":\"WebSite\",\"@id\":\"https:\\\/\\\/www.infotetquebec.com\\\/es\\\/#website\",\"url\":\"https:\\\/\\\/www.infotetquebec.com\\\/es\\\/\",\"name\":\"Infotetquebec\",\"description\":\"Info et soutien aux TET\",\"publisher\":{\"@id\":\"https:\\\/\\\/www.infotetquebec.com\\\/es\\\/#organization\"},\"potentialAction\":[{\"@type\":\"SearchAction\",\"target\":{\"@type\":\"EntryPoint\",\"urlTemplate\":\"https:\\\/\\\/www.infotetquebec.com\\\/es\\\/?s={search_term_string}\"},\"query-input\":{\"@type\":\"PropertyValueSpecification\",\"valueRequired\":true,\"valueName\":\"search_term_string\"}}],\"inLanguage\":\"es\"},{\"@type\":\"Organization\",\"@id\":\"https:\\\/\\\/www.infotetquebec.com\\\/es\\\/#organization\",\"name\":\"InfoTETQuebec\",\"url\":\"https:\\\/\\\/www.infotetquebec.com\\\/es\\\/\",\"logo\":{\"@type\":\"ImageObject\",\"inLanguage\":\"es\",\"@id\":\"https:\\\/\\\/www.infotetquebec.com\\\/es\\\/#\\\/schema\\\/logo\\\/image\\\/\",\"url\":\"https:\\\/\\\/www.infotetquebec.com\\\/wp-content\\\/uploads\\\/2021\\\/02\\\/cropped-IMQC_TET_Favicon_Fav-Icon_Fav-Icon-1.png\",\"contentUrl\":\"https:\\\/\\\/www.infotetquebec.com\\\/wp-content\\\/uploads\\\/2021\\\/02\\\/cropped-IMQC_TET_Favicon_Fav-Icon_Fav-Icon-1.png\",\"width\":512,\"height\":512,\"caption\":\"InfoTETQuebec\"},\"image\":{\"@id\":\"https:\\\/\\\/www.infotetquebec.com\\\/es\\\/#\\\/schema\\\/logo\\\/image\\\/\"},\"sameAs\":[\"https:\\\/\\\/www.facebook.com\\\/profile.php?id=100089616676260\"]}]}<\/script>\n<!-- \/ Yoast SEO plugin. -->","yoast_head_json":{"title":"Contratos de trabajo - Infotetquebec","robots":{"index":"index","follow":"follow","max-snippet":"max-snippet:-1","max-image-preview":"max-image-preview:large","max-video-preview":"max-video-preview:-1"},"canonical":"https:\/\/www.infotetquebec.com\/es\/contratos-de-trabajo\/","og_locale":"es_ES","og_type":"article","og_title":"Contratos de trabajo - Infotetquebec","og_description":"Para su propia protecci\u00f3n, usted tiene la obligaci\u00f3n de firmar un contrato de trabajo con su empleador. Ese contrato es un documento legal que contiene toda la informaci\u00f3n sobre las... Leer m\u00e1s","og_url":"https:\/\/www.infotetquebec.com\/es\/contratos-de-trabajo\/","og_site_name":"Infotetquebec","article_publisher":"https:\/\/www.facebook.com\/profile.php?id=100089616676260","article_modified_time":"2021-02-09T19:09:03+00:00","og_image":[{"url":"https:\/\/infotetquebec.com\/wp-content\/uploads\/2021\/02\/cytonn-photography-GJao3ZTX9gU-unsplash-1024x684.jpg","type":"","width":"","height":""}],"twitter_card":"summary_large_image","twitter_misc":{"Tiempo de lectura":"3 minutos"},"schema":{"@context":"https:\/\/schema.org","@graph":[{"@type":"WebPage","@id":"https:\/\/www.infotetquebec.com\/es\/contratos-de-trabajo\/","url":"https:\/\/www.infotetquebec.com\/es\/contratos-de-trabajo\/","name":"Contratos de trabajo - Infotetquebec","isPartOf":{"@id":"https:\/\/www.infotetquebec.com\/es\/#website"},"primaryImageOfPage":{"@id":"https:\/\/www.infotetquebec.com\/es\/contratos-de-trabajo\/#primaryimage"},"image":{"@id":"https:\/\/www.infotetquebec.com\/es\/contratos-de-trabajo\/#primaryimage"},"thumbnailUrl":"https:\/\/www.infotetquebec.com\/wp-content\/uploads\/2021\/02\/cytonn-photography-GJao3ZTX9gU-unsplash-scaled.jpg","datePublished":"2021-02-07T03:32:59+00:00","dateModified":"2021-02-09T19:09:03+00:00","breadcrumb":{"@id":"https:\/\/www.infotetquebec.com\/es\/contratos-de-trabajo\/#breadcrumb"},"inLanguage":"es","potentialAction":[{"@type":"ReadAction","target":["https:\/\/www.infotetquebec.com\/es\/contratos-de-trabajo\/"]}]},{"@type":"ImageObject","inLanguage":"es","@id":"https:\/\/www.infotetquebec.com\/es\/contratos-de-trabajo\/#primaryimage","url":"https:\/\/www.infotetquebec.com\/wp-content\/uploads\/2021\/02\/cytonn-photography-GJao3ZTX9gU-unsplash-scaled.jpg","contentUrl":"https:\/\/www.infotetquebec.com\/wp-content\/uploads\/2021\/02\/cytonn-photography-GJao3ZTX9gU-unsplash-scaled.jpg"},{"@type":"BreadcrumbList","@id":"https:\/\/www.infotetquebec.com\/es\/contratos-de-trabajo\/#breadcrumb","itemListElement":[{"@type":"ListItem","position":1,"name":"Accueil","item":"https:\/\/www.infotetquebec.com\/es\/"},{"@type":"ListItem","position":2,"name":"Contratos de trabajo"}]},{"@type":"WebSite","@id":"https:\/\/www.infotetquebec.com\/es\/#website","url":"https:\/\/www.infotetquebec.com\/es\/","name":"Infotetquebec","description":"Info et soutien aux TET","publisher":{"@id":"https:\/\/www.infotetquebec.com\/es\/#organization"},"potentialAction":[{"@type":"SearchAction","target":{"@type":"EntryPoint","urlTemplate":"https:\/\/www.infotetquebec.com\/es\/?s={search_term_string}"},"query-input":{"@type":"PropertyValueSpecification","valueRequired":true,"valueName":"search_term_string"}}],"inLanguage":"es"},{"@type":"Organization","@id":"https:\/\/www.infotetquebec.com\/es\/#organization","name":"InfoTETQuebec","url":"https:\/\/www.infotetquebec.com\/es\/","logo":{"@type":"ImageObject","inLanguage":"es","@id":"https:\/\/www.infotetquebec.com\/es\/#\/schema\/logo\/image\/","url":"https:\/\/www.infotetquebec.com\/wp-content\/uploads\/2021\/02\/cropped-IMQC_TET_Favicon_Fav-Icon_Fav-Icon-1.png","contentUrl":"https:\/\/www.infotetquebec.com\/wp-content\/uploads\/2021\/02\/cropped-IMQC_TET_Favicon_Fav-Icon_Fav-Icon-1.png","width":512,"height":512,"caption":"InfoTETQuebec"},"image":{"@id":"https:\/\/www.infotetquebec.com\/es\/#\/schema\/logo\/image\/"},"sameAs":["https:\/\/www.facebook.com\/profile.php?id=100089616676260"]}]}},"rttpg_featured_image_url":null,"rttpg_author":{"display_name":"Agn\u00e8s Merlin","author_link":"https:\/\/www.infotetquebec.com\/es\/author\/agnes-merlinimmigrantquebec-com\/"},"rttpg_comment":0,"rttpg_category":" <a href=\"https:\/\/www.infotetquebec.com\/es\/?taxonomy=translation_priority&#038;term=optional-es\" rel=\"tag\">Optional<\/a>","rttpg_excerpt":"Para su propia protecci\u00f3n, usted tiene la obligaci\u00f3n de firmar un contrato de trabajo con su empleador. Ese contrato es un documento legal que contiene toda la informaci\u00f3n sobre las... Leer m\u00e1s","_links":{"self":[{"href":"https:\/\/www.infotetquebec.com\/es\/wp-json\/wp\/v2\/pages\/652","targetHints":{"allow":["GET"]}}],"collection":[{"href":"https:\/\/www.infotetquebec.com\/es\/wp-json\/wp\/v2\/pages"}],"about":[{"href":"https:\/\/www.infotetquebec.com\/es\/wp-json\/wp\/v2\/types\/page"}],"author":[{"embeddable":true,"href":"https:\/\/www.infotetquebec.com\/es\/wp-json\/wp\/v2\/users\/3"}],"replies":[{"embeddable":true,"href":"https:\/\/www.infotetquebec.com\/es\/wp-json\/wp\/v2\/comments?post=652"}],"version-history":[{"count":0,"href":"https:\/\/www.infotetquebec.com\/es\/wp-json\/wp\/v2\/pages\/652\/revisions"}],"wp:attachment":[{"href":"https:\/\/www.infotetquebec.com\/es\/wp-json\/wp\/v2\/media?parent=652"}],"curies":[{"name":"wp","href":"https:\/\/api.w.org\/{rel}","templated":true}]}}