{"id":4999,"date":"2022-12-01T16:55:03","date_gmt":"2022-12-01T21:55:03","guid":{"rendered":"https:\/\/www.infotetquebec.com\/une-ligne-dediee-aux-travailleurs-etrangers-temporaires-au-quebec\/"},"modified":"2024-06-13T11:58:59","modified_gmt":"2024-06-13T15:58:59","slug":"una-linea-dedicada-a-los-trabajadores-extranjeros-temporales-en-quebec","status":"publish","type":"page","link":"https:\/\/www.infotetquebec.com\/es\/una-linea-dedicada-a-los-trabajadores-extranjeros-temporales-en-quebec\/","title":{"rendered":"Una l\u00ednea dedicada a los trabajadores extranjeros temporales en Quebec"},"content":{"rendered":"<p>El <strong>Centre d&#8217;emploi agricole de la Mont\u00e9r\u00e9gie<\/strong> ofrece el servicio de una l\u00ednea telef\u00f3nica dedicada a los trabajadores extranjeros temporales que trabajan o van a trabajar en Quebec.<\/p>\n<p>Llamando al <strong>1 888 454-3998<\/strong>, los trabajadores temporales extranjeros encontrar\u00e1n respuestas a sus preguntas sobre diversos temas como: fiscalidad, impuesto sobre la renta, notificaci\u00f3n de evaluaci\u00f3n, pensi\u00f3n de jubilaci\u00f3n, prestaciones parentales, normas laborales, salud y seguridad, RAMQ, SIN, retenciones del empleador, problemas con los empleadores, derechos e intereses, y m\u00e1s&#8230;<\/p>\n<p><strong>Horas de servicio :<\/strong><br \/>\nDel 15 de noviembre al 30 de abril: de lunes a viernes, de 8:00 a 16:30.<br \/>\nDel 1 de mayo al 14 de noviembre: martes, mi\u00e9rcoles y viernes de 8:00 a 16:30 \/ lunes y jueves de 8:00 a 19:00<\/p>\n<p>Los trabajadores extranjeros temporales tambi\u00e9n pueden utilizar los n\u00fameros de WhatsApp para ponerse en contacto con los asesores del Centro de Empleo Agr\u00edcola : <strong>+1 438 543-5062 \/ +1 438 378-5152<\/strong>.<\/p>\n<p>Para m\u00e1s informaci\u00f3n, visite el sitio web de la Union des producteurs agricoles (UPA): www.ptet.upa.qc.ca.<\/p>\n<p>&nbsp;<\/p>\n<p><img fetchpriority=\"high\" decoding=\"async\" class=\"alignnone size-medium wp-image-4970\" src=\"https:\/\/www.infotetquebec.com\/wp-content\/uploads\/2022\/11\/1-888-454-3998-300x251.png\" alt=\"\" width=\"300\" height=\"251\" srcset=\"https:\/\/www.infotetquebec.com\/wp-content\/uploads\/2022\/11\/1-888-454-3998-300x251.png 300w, https:\/\/www.infotetquebec.com\/wp-content\/uploads\/2022\/11\/1-888-454-3998-768x644.png 768w, https:\/\/www.infotetquebec.com\/wp-content\/uploads\/2022\/11\/1-888-454-3998.png 940w\" sizes=\"(max-width: 300px) 100vw, 300px\" \/><\/p>\n","protected":false},"excerpt":{"rendered":"<p>El Centre d&#8217;emploi agricole de la Mont\u00e9r\u00e9gie ofrece el servicio de una l\u00ednea telef\u00f3nica dedicada a los trabajadores extranjeros temporales que trabajan o van a trabajar en Quebec. Llamando al&#8230; <a class=\"more-link\" href=\"https:\/\/www.infotetquebec.com\/es\/una-linea-dedicada-a-los-trabajadores-extranjeros-temporales-en-quebec\/\">Leer m\u00e1s<\/a><\/p>\n","protected":false},"author":17,"featured_media":0,"parent":0,"menu_order":0,"comment_status":"closed","ping_status":"closed","template":"","meta":{"_genesis_hide_title":false,"_genesis_hide_breadcrumbs":false,"_genesis_hide_singular_image":false,"_genesis_hide_footer_widgets":false,"_genesis_custom_body_class":"","_genesis_custom_post_class":"","_genesis_layout":"","footnotes":""},"class_list":["post-4999","page","type-page","status-publish","entry"],"yoast_head":"<!-- This site is optimized with the Yoast SEO plugin v27.4 - https:\/\/yoast.com\/product\/yoast-seo-wordpress\/ -->\n<title>Una l\u00ednea dedicada a los trabajadores extranjeros temporales en Quebec - Infotetquebec<\/title>\n<meta name=\"robots\" content=\"index, follow, max-snippet:-1, max-image-preview:large, max-video-preview:-1\" \/>\n<link rel=\"canonical\" href=\"https:\/\/www.infotetquebec.com\/es\/una-linea-dedicada-a-los-trabajadores-extranjeros-temporales-en-quebec\/\" \/>\n<meta property=\"og:locale\" content=\"es_ES\" \/>\n<meta property=\"og:type\" content=\"article\" \/>\n<meta property=\"og:title\" content=\"Una l\u00ednea dedicada a los trabajadores extranjeros temporales en Quebec - Infotetquebec\" \/>\n<meta property=\"og:description\" content=\"El Centre d&#8217;emploi agricole de la Mont\u00e9r\u00e9gie ofrece el servicio de una l\u00ednea telef\u00f3nica dedicada a los trabajadores extranjeros temporales que trabajan o van a trabajar en Quebec. Llamando al... Leer m\u00e1s\" \/>\n<meta property=\"og:url\" content=\"https:\/\/www.infotetquebec.com\/es\/una-linea-dedicada-a-los-trabajadores-extranjeros-temporales-en-quebec\/\" \/>\n<meta property=\"og:site_name\" content=\"Infotetquebec\" \/>\n<meta property=\"article:publisher\" content=\"https:\/\/www.facebook.com\/profile.php?id=100089616676260\" \/>\n<meta property=\"article:modified_time\" content=\"2024-06-13T15:58:59+00:00\" \/>\n<meta property=\"og:image\" content=\"https:\/\/www.infotetquebec.com\/wp-content\/uploads\/2022\/11\/1-888-454-3998-300x251.png\" \/>\n<meta name=\"twitter:card\" content=\"summary_large_image\" \/>\n<meta name=\"twitter:label1\" content=\"Tiempo de lectura\" \/>\n\t<meta name=\"twitter:data1\" content=\"2 minutos\" \/>\n<script type=\"application\/ld+json\" class=\"yoast-schema-graph\">{\"@context\":\"https:\\\/\\\/schema.org\",\"@graph\":[{\"@type\":\"WebPage\",\"@id\":\"https:\\\/\\\/www.infotetquebec.com\\\/es\\\/una-linea-dedicada-a-los-trabajadores-extranjeros-temporales-en-quebec\\\/\",\"url\":\"https:\\\/\\\/www.infotetquebec.com\\\/es\\\/una-linea-dedicada-a-los-trabajadores-extranjeros-temporales-en-quebec\\\/\",\"name\":\"Una l\u00ednea dedicada a los trabajadores extranjeros temporales en Quebec - Infotetquebec\",\"isPartOf\":{\"@id\":\"https:\\\/\\\/www.infotetquebec.com\\\/es\\\/#website\"},\"primaryImageOfPage\":{\"@id\":\"https:\\\/\\\/www.infotetquebec.com\\\/es\\\/una-linea-dedicada-a-los-trabajadores-extranjeros-temporales-en-quebec\\\/#primaryimage\"},\"image\":{\"@id\":\"https:\\\/\\\/www.infotetquebec.com\\\/es\\\/una-linea-dedicada-a-los-trabajadores-extranjeros-temporales-en-quebec\\\/#primaryimage\"},\"thumbnailUrl\":\"https:\\\/\\\/www.infotetquebec.com\\\/wp-content\\\/uploads\\\/2022\\\/11\\\/1-888-454-3998-300x251.png\",\"datePublished\":\"2022-12-01T21:55:03+00:00\",\"dateModified\":\"2024-06-13T15:58:59+00:00\",\"breadcrumb\":{\"@id\":\"https:\\\/\\\/www.infotetquebec.com\\\/es\\\/una-linea-dedicada-a-los-trabajadores-extranjeros-temporales-en-quebec\\\/#breadcrumb\"},\"inLanguage\":\"es\",\"potentialAction\":[{\"@type\":\"ReadAction\",\"target\":[\"https:\\\/\\\/www.infotetquebec.com\\\/es\\\/una-linea-dedicada-a-los-trabajadores-extranjeros-temporales-en-quebec\\\/\"]}]},{\"@type\":\"ImageObject\",\"inLanguage\":\"es\",\"@id\":\"https:\\\/\\\/www.infotetquebec.com\\\/es\\\/una-linea-dedicada-a-los-trabajadores-extranjeros-temporales-en-quebec\\\/#primaryimage\",\"url\":\"https:\\\/\\\/www.infotetquebec.com\\\/wp-content\\\/uploads\\\/2022\\\/11\\\/1-888-454-3998-300x251.png\",\"contentUrl\":\"https:\\\/\\\/www.infotetquebec.com\\\/wp-content\\\/uploads\\\/2022\\\/11\\\/1-888-454-3998-300x251.png\"},{\"@type\":\"BreadcrumbList\",\"@id\":\"https:\\\/\\\/www.infotetquebec.com\\\/es\\\/una-linea-dedicada-a-los-trabajadores-extranjeros-temporales-en-quebec\\\/#breadcrumb\",\"itemListElement\":[{\"@type\":\"ListItem\",\"position\":1,\"name\":\"Accueil\",\"item\":\"https:\\\/\\\/www.infotetquebec.com\\\/es\\\/\"},{\"@type\":\"ListItem\",\"position\":2,\"name\":\"Una l\u00ednea dedicada a los trabajadores extranjeros temporales en Quebec\"}]},{\"@type\":\"WebSite\",\"@id\":\"https:\\\/\\\/www.infotetquebec.com\\\/es\\\/#website\",\"url\":\"https:\\\/\\\/www.infotetquebec.com\\\/es\\\/\",\"name\":\"Infotetquebec\",\"description\":\"Info et soutien aux TET\",\"publisher\":{\"@id\":\"https:\\\/\\\/www.infotetquebec.com\\\/es\\\/#organization\"},\"potentialAction\":[{\"@type\":\"SearchAction\",\"target\":{\"@type\":\"EntryPoint\",\"urlTemplate\":\"https:\\\/\\\/www.infotetquebec.com\\\/es\\\/?s={search_term_string}\"},\"query-input\":{\"@type\":\"PropertyValueSpecification\",\"valueRequired\":true,\"valueName\":\"search_term_string\"}}],\"inLanguage\":\"es\"},{\"@type\":\"Organization\",\"@id\":\"https:\\\/\\\/www.infotetquebec.com\\\/es\\\/#organization\",\"name\":\"InfoTETQuebec\",\"url\":\"https:\\\/\\\/www.infotetquebec.com\\\/es\\\/\",\"logo\":{\"@type\":\"ImageObject\",\"inLanguage\":\"es\",\"@id\":\"https:\\\/\\\/www.infotetquebec.com\\\/es\\\/#\\\/schema\\\/logo\\\/image\\\/\",\"url\":\"https:\\\/\\\/www.infotetquebec.com\\\/wp-content\\\/uploads\\\/2021\\\/02\\\/cropped-IMQC_TET_Favicon_Fav-Icon_Fav-Icon-1.png\",\"contentUrl\":\"https:\\\/\\\/www.infotetquebec.com\\\/wp-content\\\/uploads\\\/2021\\\/02\\\/cropped-IMQC_TET_Favicon_Fav-Icon_Fav-Icon-1.png\",\"width\":512,\"height\":512,\"caption\":\"InfoTETQuebec\"},\"image\":{\"@id\":\"https:\\\/\\\/www.infotetquebec.com\\\/es\\\/#\\\/schema\\\/logo\\\/image\\\/\"},\"sameAs\":[\"https:\\\/\\\/www.facebook.com\\\/profile.php?id=100089616676260\"]}]}<\/script>\n<!-- \/ Yoast SEO plugin. -->","yoast_head_json":{"title":"Una l\u00ednea dedicada a los trabajadores extranjeros temporales en Quebec - Infotetquebec","robots":{"index":"index","follow":"follow","max-snippet":"max-snippet:-1","max-image-preview":"max-image-preview:large","max-video-preview":"max-video-preview:-1"},"canonical":"https:\/\/www.infotetquebec.com\/es\/una-linea-dedicada-a-los-trabajadores-extranjeros-temporales-en-quebec\/","og_locale":"es_ES","og_type":"article","og_title":"Una l\u00ednea dedicada a los trabajadores extranjeros temporales en Quebec - Infotetquebec","og_description":"El Centre d&#8217;emploi agricole de la Mont\u00e9r\u00e9gie ofrece el servicio de una l\u00ednea telef\u00f3nica dedicada a los trabajadores extranjeros temporales que trabajan o van a trabajar en Quebec. Llamando al... Leer m\u00e1s","og_url":"https:\/\/www.infotetquebec.com\/es\/una-linea-dedicada-a-los-trabajadores-extranjeros-temporales-en-quebec\/","og_site_name":"Infotetquebec","article_publisher":"https:\/\/www.facebook.com\/profile.php?id=100089616676260","article_modified_time":"2024-06-13T15:58:59+00:00","og_image":[{"url":"https:\/\/www.infotetquebec.com\/wp-content\/uploads\/2022\/11\/1-888-454-3998-300x251.png","type":"","width":"","height":""}],"twitter_card":"summary_large_image","twitter_misc":{"Tiempo de lectura":"2 minutos"},"schema":{"@context":"https:\/\/schema.org","@graph":[{"@type":"WebPage","@id":"https:\/\/www.infotetquebec.com\/es\/una-linea-dedicada-a-los-trabajadores-extranjeros-temporales-en-quebec\/","url":"https:\/\/www.infotetquebec.com\/es\/una-linea-dedicada-a-los-trabajadores-extranjeros-temporales-en-quebec\/","name":"Una l\u00ednea dedicada a los trabajadores extranjeros temporales en Quebec - Infotetquebec","isPartOf":{"@id":"https:\/\/www.infotetquebec.com\/es\/#website"},"primaryImageOfPage":{"@id":"https:\/\/www.infotetquebec.com\/es\/una-linea-dedicada-a-los-trabajadores-extranjeros-temporales-en-quebec\/#primaryimage"},"image":{"@id":"https:\/\/www.infotetquebec.com\/es\/una-linea-dedicada-a-los-trabajadores-extranjeros-temporales-en-quebec\/#primaryimage"},"thumbnailUrl":"https:\/\/www.infotetquebec.com\/wp-content\/uploads\/2022\/11\/1-888-454-3998-300x251.png","datePublished":"2022-12-01T21:55:03+00:00","dateModified":"2024-06-13T15:58:59+00:00","breadcrumb":{"@id":"https:\/\/www.infotetquebec.com\/es\/una-linea-dedicada-a-los-trabajadores-extranjeros-temporales-en-quebec\/#breadcrumb"},"inLanguage":"es","potentialAction":[{"@type":"ReadAction","target":["https:\/\/www.infotetquebec.com\/es\/una-linea-dedicada-a-los-trabajadores-extranjeros-temporales-en-quebec\/"]}]},{"@type":"ImageObject","inLanguage":"es","@id":"https:\/\/www.infotetquebec.com\/es\/una-linea-dedicada-a-los-trabajadores-extranjeros-temporales-en-quebec\/#primaryimage","url":"https:\/\/www.infotetquebec.com\/wp-content\/uploads\/2022\/11\/1-888-454-3998-300x251.png","contentUrl":"https:\/\/www.infotetquebec.com\/wp-content\/uploads\/2022\/11\/1-888-454-3998-300x251.png"},{"@type":"BreadcrumbList","@id":"https:\/\/www.infotetquebec.com\/es\/una-linea-dedicada-a-los-trabajadores-extranjeros-temporales-en-quebec\/#breadcrumb","itemListElement":[{"@type":"ListItem","position":1,"name":"Accueil","item":"https:\/\/www.infotetquebec.com\/es\/"},{"@type":"ListItem","position":2,"name":"Una l\u00ednea dedicada a los trabajadores extranjeros temporales en Quebec"}]},{"@type":"WebSite","@id":"https:\/\/www.infotetquebec.com\/es\/#website","url":"https:\/\/www.infotetquebec.com\/es\/","name":"Infotetquebec","description":"Info et soutien aux TET","publisher":{"@id":"https:\/\/www.infotetquebec.com\/es\/#organization"},"potentialAction":[{"@type":"SearchAction","target":{"@type":"EntryPoint","urlTemplate":"https:\/\/www.infotetquebec.com\/es\/?s={search_term_string}"},"query-input":{"@type":"PropertyValueSpecification","valueRequired":true,"valueName":"search_term_string"}}],"inLanguage":"es"},{"@type":"Organization","@id":"https:\/\/www.infotetquebec.com\/es\/#organization","name":"InfoTETQuebec","url":"https:\/\/www.infotetquebec.com\/es\/","logo":{"@type":"ImageObject","inLanguage":"es","@id":"https:\/\/www.infotetquebec.com\/es\/#\/schema\/logo\/image\/","url":"https:\/\/www.infotetquebec.com\/wp-content\/uploads\/2021\/02\/cropped-IMQC_TET_Favicon_Fav-Icon_Fav-Icon-1.png","contentUrl":"https:\/\/www.infotetquebec.com\/wp-content\/uploads\/2021\/02\/cropped-IMQC_TET_Favicon_Fav-Icon_Fav-Icon-1.png","width":512,"height":512,"caption":"InfoTETQuebec"},"image":{"@id":"https:\/\/www.infotetquebec.com\/es\/#\/schema\/logo\/image\/"},"sameAs":["https:\/\/www.facebook.com\/profile.php?id=100089616676260"]}]}},"rttpg_featured_image_url":null,"rttpg_author":{"display_name":"Francisco Salazar","author_link":"https:\/\/www.infotetquebec.com\/es\/author\/francisco-salazarimmigrantquebec-com\/"},"rttpg_comment":0,"rttpg_category":" <a href=\"https:\/\/www.infotetquebec.com\/es\/?taxonomy=translation_priority&#038;term=opcional-es-3\" rel=\"tag\">Opcional<\/a><a href=\"https:\/\/www.infotetquebec.com\/es\/?taxonomy=translation_priority&#038;term=optional-es\" rel=\"tag\">Optional<\/a>","rttpg_excerpt":"El Centre d&#8217;emploi agricole de la Mont\u00e9r\u00e9gie ofrece el servicio de una l\u00ednea telef\u00f3nica dedicada a los trabajadores extranjeros temporales que trabajan o van a trabajar en Quebec. Llamando al... Leer m\u00e1s","_links":{"self":[{"href":"https:\/\/www.infotetquebec.com\/es\/wp-json\/wp\/v2\/pages\/4999","targetHints":{"allow":["GET"]}}],"collection":[{"href":"https:\/\/www.infotetquebec.com\/es\/wp-json\/wp\/v2\/pages"}],"about":[{"href":"https:\/\/www.infotetquebec.com\/es\/wp-json\/wp\/v2\/types\/page"}],"author":[{"embeddable":true,"href":"https:\/\/www.infotetquebec.com\/es\/wp-json\/wp\/v2\/users\/17"}],"replies":[{"embeddable":true,"href":"https:\/\/www.infotetquebec.com\/es\/wp-json\/wp\/v2\/comments?post=4999"}],"version-history":[{"count":2,"href":"https:\/\/www.infotetquebec.com\/es\/wp-json\/wp\/v2\/pages\/4999\/revisions"}],"predecessor-version":[{"id":14561,"href":"https:\/\/www.infotetquebec.com\/es\/wp-json\/wp\/v2\/pages\/4999\/revisions\/14561"}],"wp:attachment":[{"href":"https:\/\/www.infotetquebec.com\/es\/wp-json\/wp\/v2\/media?parent=4999"}],"curies":[{"name":"wp","href":"https:\/\/api.w.org\/{rel}","templated":true}]}}