{"id":4757,"date":"2022-08-25T09:56:50","date_gmt":"2022-08-25T13:56:50","guid":{"rendered":"https:\/\/www.infotetquebec.com\/?page_id=4757"},"modified":"2022-08-25T09:56:50","modified_gmt":"2022-08-25T13:56:50","slug":"covid-19-deteccion-a-la-llegada-a-canada","status":"publish","type":"page","link":"https:\/\/www.infotetquebec.com\/es\/covid-19-deteccion-a-la-llegada-a-canada\/","title":{"rendered":"COVID-19: Detecci\u00f3n a la llegada a Canad\u00e1"},"content":{"rendered":"<p>Cuando llegue a Canad\u00e1 por aire o en un cruce fronterizo terrestre, es posible que deba hacerse una prueba molecular para COVID-19. Tomar\u00e1 su prueba de llegada con un proveedor de pruebas aprobado. Es el lugar donde ingres\u00f3 al pa\u00eds lo que determina su proveedor de pruebas.<\/p>\n<p>Si necesita realizar la prueba a su llegada, comun\u00edquese con el proveedor de pruebas para obtener instrucciones sobre d\u00f3nde y cu\u00e1ndo realizar la prueba. Debe hacerlo antes del final del siguiente d\u00eda calendario.<\/p>\n<p>La prueba de llegada es gratuita.<\/p>\n<p>Viajeros elegibles como completamente vacunados<br \/>\nSi califica como un viajero completamente inmunizado, puede ser seleccionado para pruebas de llegada aleatorias obligatorias.<\/p>\n<p>Puede tomar el transporte p\u00fablico, incluidos los vuelos de conexi\u00f3n, sin esperar los resultados de su prueba al llegar.<br \/>\nNo tiene que ponerse en cuarentena mientras espera el resultado de su prueba si ha sido seleccionado para realizar la prueba aleatoria obligatoria a su llegada.<br \/>\nNota: Si no presenta su solicitud en ArriveCAN dentro de las 72 horas posteriores a su llegada a Canad\u00e1, no calificar\u00e1 para la exenci\u00f3n como viajero completamente inmunizado. Es posible que deba ponerse en cuarentena durante 14 d\u00edas y realizar una prueba de llegada y otra prueba de COVID-19 el octavo d\u00eda de su cuarentena. Tambi\u00e9n puede recibir una multa de $ 5,000 (m\u00e1s los recargos aplicables).<\/p>\n<p>Viajeros que no califican como completamente vacunados<br \/>\nSi no califica como un viajero con todas las vacunas, es posible que no se le permita ingresar a Canad\u00e1. Si se le permite la entrada, debe hacerse la prueba de COVID-19 a su llegada. Tambi\u00e9n debe realizar una prueba molecular para COVID-19 en el octavo d\u00eda de su cuarentena obligatoria de 14 d\u00edas.<\/p>\n<p>Si est\u00e1 tomando su prueba con cita en persona, debe regresar inmediatamente a su lugar de cuarentena despu\u00e9s.<\/p>\n<p>Puede tomar el transporte p\u00fablico, incluidos los vuelos de conexi\u00f3n, sin esperar los resultados de su prueba al llegar.<\/p>\n<p>Llegada por aire<br \/>\nCuando llegue a Canad\u00e1, revise sus correos electr\u00f3nicos para averiguar si ha sido seleccionado para una prueba de llegada aleatoria obligatoria.<\/p>\n<p>Recibir\u00e1 un correo electr\u00f3nico dentro de los 15 minutos despu\u00e9s de completar su declaraci\u00f3n de aduanas y obtener su recibo del quiosco. El correo electr\u00f3nico le proporcionar\u00e1 informaci\u00f3n importante sobre d\u00f3nde y d\u00f3nde hacerse la prueba.<\/p>\n<p>Recibir\u00e1 un correo electr\u00f3nico de noreply.pasdereponses@notification.canada.ca o cuarentena.covid19.quarantaine@phac-aspc.gc.ca. Siga las instrucciones en el correo electr\u00f3nico.<\/p>\n<p>Puede realizar su prueba en persona u obtener un kit de automuestra en ubicaciones de proveedores de pruebas seleccionadas, farmacias seleccionadas o programando una cita virtual para la prueba de hisopado.<\/p>\n<p>Puede aprovechar las ubicaciones cercanas al aeropuerto para que su prueba a la llegada sea m\u00e1s r\u00e1pida y sencilla.<\/p>\n<p>Llegada por tierra<br \/>\nSi necesita realizar una prueba de llegada, recibir\u00e1 un kit de hisopado cuando llegue a una de las fronteras terrestres. Completar\u00e1 esta prueba a trav\u00e9s de una cita de telesalud virtual con su proveedor de pruebas. Deber\u00e1 seguir las instrucciones incluidas en el kit para realizar su propia prueba de detecci\u00f3n en su destino.<\/p>\n<p>Use solo los kits de prueba que recibi\u00f3 en la frontera o del proveedor de pruebas aprobado. La prueba con cualquier otro kit no cumple con los requisitos de prueba.<\/p>\n<p>Para realizar su prueba de detecci\u00f3n a la llegada<br \/>\nPara realizar su prueba de detecci\u00f3n a la llegada, debe:<\/p>\n<p>Reg\u00edstrese con el proveedor de pruebas aprobado en la provincia de su puerto de entrada. Utilice la misma direcci\u00f3n de correo electr\u00f3nico utilizada en ArriveCAN<br \/>\nhaga una cita con el proveedor de la prueba para tomar su prueba<br \/>\ncomplete la prueba al final del siguiente d\u00eda calendario despu\u00e9s de su llegada a Canad\u00e1<br \/>\nPor ejemplo, si llega a Canad\u00e1 a las 9:00 a. m. del 1 de julio, debe realizar el examen a su llegada antes de las 11:59 a. m. del 2 de julio.<br \/>\nDebe conservar su n\u00famero de recibo electr\u00f3nico de ArriveCAN hasta que se complete su prueba. Si llega en avi\u00f3n, tambi\u00e9n deber\u00e1 conservar la notificaci\u00f3n recibida por correo electr\u00f3nico.<\/p>\n<p>Si no complet\u00f3 su prueba a tiempo, lo contactaremos por tel\u00e9fono (1-888-336-7735). Es importante que responda a esta llamada.<\/p>\n<p>Para ponerse en contacto con su proveedor de pruebas<br \/>\nEs el lugar donde ingres\u00f3 al pa\u00eds lo que determina su proveedor de pruebas.<\/p>\n<p>Columbia Brit\u00e1nica, Ontario, Saskatchewan, Yuk\u00f3n<br \/>\nAlberta, Nuevo Brunswick, Nueva Escocia, Isla del Pr\u00edncipe Eduardo, Terranova y Labrador<br \/>\nManitoba<br \/>\nQu\u00e9bec<br \/>\nResultados de su prueba a la llegada<br \/>\nA la mayor\u00eda de los viajeros se les notificar\u00e1 el resultado de su prueba dentro de 4 a 7 d\u00edas. Si no ha recibido el resultado de su prueba dentro de este per\u00edodo de tiempo, comun\u00edquese con su proveedor de pruebas.<\/p>\n<p>Es posible que no haya recibido el resultado de su prueba si:<\/p>\n<p>usted proporcion\u00f3 datos de contacto incorrectos<br \/>\nla informaci\u00f3n enviada es incompleta<br \/>\nsu prueba a\u00fan se est\u00e1 procesando<br \/>\ntu resultado no es concluyente<\/p>\n<p>&nbsp;<\/p>\n","protected":false},"excerpt":{"rendered":"<p>Cuando llegue a Canad\u00e1 por aire o en un cruce fronterizo terrestre, es posible que deba hacerse una prueba molecular para COVID-19. Tomar\u00e1 su prueba de llegada con un proveedor&#8230; <a class=\"more-link\" href=\"https:\/\/www.infotetquebec.com\/es\/covid-19-deteccion-a-la-llegada-a-canada\/\">Leer m\u00e1s<\/a><\/p>\n","protected":false},"author":3,"featured_media":4754,"parent":0,"menu_order":0,"comment_status":"closed","ping_status":"closed","template":"","meta":{"_genesis_hide_title":false,"_genesis_hide_breadcrumbs":false,"_genesis_hide_singular_image":false,"_genesis_hide_footer_widgets":false,"_genesis_custom_body_class":"","_genesis_custom_post_class":"","_genesis_layout":"","footnotes":""},"class_list":["post-4757","page","type-page","status-publish","has-post-thumbnail","entry"],"yoast_head":"<!-- This site is optimized with the Yoast SEO plugin v27.4 - https:\/\/yoast.com\/product\/yoast-seo-wordpress\/ -->\n<title>COVID-19: Detecci\u00f3n a la llegada a Canad\u00e1 - Infotetquebec<\/title>\n<meta name=\"robots\" content=\"index, follow, max-snippet:-1, max-image-preview:large, max-video-preview:-1\" \/>\n<link rel=\"canonical\" href=\"https:\/\/www.infotetquebec.com\/es\/covid-19-deteccion-a-la-llegada-a-canada\/\" \/>\n<meta property=\"og:locale\" content=\"es_ES\" \/>\n<meta property=\"og:type\" content=\"article\" \/>\n<meta property=\"og:title\" content=\"COVID-19: Detecci\u00f3n a la llegada a Canad\u00e1 - Infotetquebec\" \/>\n<meta property=\"og:description\" content=\"Cuando llegue a Canad\u00e1 por aire o en un cruce fronterizo terrestre, es posible que deba hacerse una prueba molecular para COVID-19. Tomar\u00e1 su prueba de llegada con un proveedor... Leer m\u00e1s\" \/>\n<meta property=\"og:url\" content=\"https:\/\/www.infotetquebec.com\/es\/covid-19-deteccion-a-la-llegada-a-canada\/\" \/>\n<meta property=\"og:site_name\" content=\"Infotetquebec\" \/>\n<meta property=\"article:publisher\" content=\"https:\/\/www.facebook.com\/profile.php?id=100089616676260\" \/>\n<meta property=\"og:image\" content=\"https:\/\/www.infotetquebec.com\/wp-content\/uploads\/2022\/08\/test-covid.jpeg\" \/>\n\t<meta property=\"og:image:width\" content=\"1920\" \/>\n\t<meta property=\"og:image:height\" content=\"1281\" \/>\n\t<meta property=\"og:image:type\" content=\"image\/jpeg\" \/>\n<meta name=\"twitter:card\" content=\"summary_large_image\" \/>\n<meta name=\"twitter:label1\" content=\"Tiempo de lectura\" \/>\n\t<meta name=\"twitter:data1\" content=\"5 minutos\" \/>\n<script type=\"application\/ld+json\" class=\"yoast-schema-graph\">{\"@context\":\"https:\\\/\\\/schema.org\",\"@graph\":[{\"@type\":\"WebPage\",\"@id\":\"https:\\\/\\\/www.infotetquebec.com\\\/es\\\/covid-19-deteccion-a-la-llegada-a-canada\\\/\",\"url\":\"https:\\\/\\\/www.infotetquebec.com\\\/es\\\/covid-19-deteccion-a-la-llegada-a-canada\\\/\",\"name\":\"COVID-19: Detecci\u00f3n a la llegada a Canad\u00e1 - Infotetquebec\",\"isPartOf\":{\"@id\":\"https:\\\/\\\/www.infotetquebec.com\\\/es\\\/#website\"},\"primaryImageOfPage\":{\"@id\":\"https:\\\/\\\/www.infotetquebec.com\\\/es\\\/covid-19-deteccion-a-la-llegada-a-canada\\\/#primaryimage\"},\"image\":{\"@id\":\"https:\\\/\\\/www.infotetquebec.com\\\/es\\\/covid-19-deteccion-a-la-llegada-a-canada\\\/#primaryimage\"},\"thumbnailUrl\":\"https:\\\/\\\/www.infotetquebec.com\\\/wp-content\\\/uploads\\\/2022\\\/08\\\/test-covid.jpeg\",\"datePublished\":\"2022-08-25T13:56:50+00:00\",\"breadcrumb\":{\"@id\":\"https:\\\/\\\/www.infotetquebec.com\\\/es\\\/covid-19-deteccion-a-la-llegada-a-canada\\\/#breadcrumb\"},\"inLanguage\":\"es\",\"potentialAction\":[{\"@type\":\"ReadAction\",\"target\":[\"https:\\\/\\\/www.infotetquebec.com\\\/es\\\/covid-19-deteccion-a-la-llegada-a-canada\\\/\"]}]},{\"@type\":\"ImageObject\",\"inLanguage\":\"es\",\"@id\":\"https:\\\/\\\/www.infotetquebec.com\\\/es\\\/covid-19-deteccion-a-la-llegada-a-canada\\\/#primaryimage\",\"url\":\"https:\\\/\\\/www.infotetquebec.com\\\/wp-content\\\/uploads\\\/2022\\\/08\\\/test-covid.jpeg\",\"contentUrl\":\"https:\\\/\\\/www.infotetquebec.com\\\/wp-content\\\/uploads\\\/2022\\\/08\\\/test-covid.jpeg\",\"width\":1920,\"height\":1281},{\"@type\":\"BreadcrumbList\",\"@id\":\"https:\\\/\\\/www.infotetquebec.com\\\/es\\\/covid-19-deteccion-a-la-llegada-a-canada\\\/#breadcrumb\",\"itemListElement\":[{\"@type\":\"ListItem\",\"position\":1,\"name\":\"Accueil\",\"item\":\"https:\\\/\\\/www.infotetquebec.com\\\/es\\\/\"},{\"@type\":\"ListItem\",\"position\":2,\"name\":\"COVID-19: Detecci\u00f3n a la llegada a Canad\u00e1\"}]},{\"@type\":\"WebSite\",\"@id\":\"https:\\\/\\\/www.infotetquebec.com\\\/es\\\/#website\",\"url\":\"https:\\\/\\\/www.infotetquebec.com\\\/es\\\/\",\"name\":\"Infotetquebec\",\"description\":\"Info et soutien aux TET\",\"publisher\":{\"@id\":\"https:\\\/\\\/www.infotetquebec.com\\\/es\\\/#organization\"},\"potentialAction\":[{\"@type\":\"SearchAction\",\"target\":{\"@type\":\"EntryPoint\",\"urlTemplate\":\"https:\\\/\\\/www.infotetquebec.com\\\/es\\\/?s={search_term_string}\"},\"query-input\":{\"@type\":\"PropertyValueSpecification\",\"valueRequired\":true,\"valueName\":\"search_term_string\"}}],\"inLanguage\":\"es\"},{\"@type\":\"Organization\",\"@id\":\"https:\\\/\\\/www.infotetquebec.com\\\/es\\\/#organization\",\"name\":\"InfoTETQuebec\",\"url\":\"https:\\\/\\\/www.infotetquebec.com\\\/es\\\/\",\"logo\":{\"@type\":\"ImageObject\",\"inLanguage\":\"es\",\"@id\":\"https:\\\/\\\/www.infotetquebec.com\\\/es\\\/#\\\/schema\\\/logo\\\/image\\\/\",\"url\":\"https:\\\/\\\/www.infotetquebec.com\\\/wp-content\\\/uploads\\\/2021\\\/02\\\/cropped-IMQC_TET_Favicon_Fav-Icon_Fav-Icon-1.png\",\"contentUrl\":\"https:\\\/\\\/www.infotetquebec.com\\\/wp-content\\\/uploads\\\/2021\\\/02\\\/cropped-IMQC_TET_Favicon_Fav-Icon_Fav-Icon-1.png\",\"width\":512,\"height\":512,\"caption\":\"InfoTETQuebec\"},\"image\":{\"@id\":\"https:\\\/\\\/www.infotetquebec.com\\\/es\\\/#\\\/schema\\\/logo\\\/image\\\/\"},\"sameAs\":[\"https:\\\/\\\/www.facebook.com\\\/profile.php?id=100089616676260\"]}]}<\/script>\n<!-- \/ Yoast SEO plugin. -->","yoast_head_json":{"title":"COVID-19: Detecci\u00f3n a la llegada a Canad\u00e1 - Infotetquebec","robots":{"index":"index","follow":"follow","max-snippet":"max-snippet:-1","max-image-preview":"max-image-preview:large","max-video-preview":"max-video-preview:-1"},"canonical":"https:\/\/www.infotetquebec.com\/es\/covid-19-deteccion-a-la-llegada-a-canada\/","og_locale":"es_ES","og_type":"article","og_title":"COVID-19: Detecci\u00f3n a la llegada a Canad\u00e1 - Infotetquebec","og_description":"Cuando llegue a Canad\u00e1 por aire o en un cruce fronterizo terrestre, es posible que deba hacerse una prueba molecular para COVID-19. Tomar\u00e1 su prueba de llegada con un proveedor... Leer m\u00e1s","og_url":"https:\/\/www.infotetquebec.com\/es\/covid-19-deteccion-a-la-llegada-a-canada\/","og_site_name":"Infotetquebec","article_publisher":"https:\/\/www.facebook.com\/profile.php?id=100089616676260","og_image":[{"width":1920,"height":1281,"url":"https:\/\/www.infotetquebec.com\/wp-content\/uploads\/2022\/08\/test-covid.jpeg","type":"image\/jpeg"}],"twitter_card":"summary_large_image","twitter_misc":{"Tiempo de lectura":"5 minutos"},"schema":{"@context":"https:\/\/schema.org","@graph":[{"@type":"WebPage","@id":"https:\/\/www.infotetquebec.com\/es\/covid-19-deteccion-a-la-llegada-a-canada\/","url":"https:\/\/www.infotetquebec.com\/es\/covid-19-deteccion-a-la-llegada-a-canada\/","name":"COVID-19: Detecci\u00f3n a la llegada a Canad\u00e1 - Infotetquebec","isPartOf":{"@id":"https:\/\/www.infotetquebec.com\/es\/#website"},"primaryImageOfPage":{"@id":"https:\/\/www.infotetquebec.com\/es\/covid-19-deteccion-a-la-llegada-a-canada\/#primaryimage"},"image":{"@id":"https:\/\/www.infotetquebec.com\/es\/covid-19-deteccion-a-la-llegada-a-canada\/#primaryimage"},"thumbnailUrl":"https:\/\/www.infotetquebec.com\/wp-content\/uploads\/2022\/08\/test-covid.jpeg","datePublished":"2022-08-25T13:56:50+00:00","breadcrumb":{"@id":"https:\/\/www.infotetquebec.com\/es\/covid-19-deteccion-a-la-llegada-a-canada\/#breadcrumb"},"inLanguage":"es","potentialAction":[{"@type":"ReadAction","target":["https:\/\/www.infotetquebec.com\/es\/covid-19-deteccion-a-la-llegada-a-canada\/"]}]},{"@type":"ImageObject","inLanguage":"es","@id":"https:\/\/www.infotetquebec.com\/es\/covid-19-deteccion-a-la-llegada-a-canada\/#primaryimage","url":"https:\/\/www.infotetquebec.com\/wp-content\/uploads\/2022\/08\/test-covid.jpeg","contentUrl":"https:\/\/www.infotetquebec.com\/wp-content\/uploads\/2022\/08\/test-covid.jpeg","width":1920,"height":1281},{"@type":"BreadcrumbList","@id":"https:\/\/www.infotetquebec.com\/es\/covid-19-deteccion-a-la-llegada-a-canada\/#breadcrumb","itemListElement":[{"@type":"ListItem","position":1,"name":"Accueil","item":"https:\/\/www.infotetquebec.com\/es\/"},{"@type":"ListItem","position":2,"name":"COVID-19: Detecci\u00f3n a la llegada a Canad\u00e1"}]},{"@type":"WebSite","@id":"https:\/\/www.infotetquebec.com\/es\/#website","url":"https:\/\/www.infotetquebec.com\/es\/","name":"Infotetquebec","description":"Info et soutien aux TET","publisher":{"@id":"https:\/\/www.infotetquebec.com\/es\/#organization"},"potentialAction":[{"@type":"SearchAction","target":{"@type":"EntryPoint","urlTemplate":"https:\/\/www.infotetquebec.com\/es\/?s={search_term_string}"},"query-input":{"@type":"PropertyValueSpecification","valueRequired":true,"valueName":"search_term_string"}}],"inLanguage":"es"},{"@type":"Organization","@id":"https:\/\/www.infotetquebec.com\/es\/#organization","name":"InfoTETQuebec","url":"https:\/\/www.infotetquebec.com\/es\/","logo":{"@type":"ImageObject","inLanguage":"es","@id":"https:\/\/www.infotetquebec.com\/es\/#\/schema\/logo\/image\/","url":"https:\/\/www.infotetquebec.com\/wp-content\/uploads\/2021\/02\/cropped-IMQC_TET_Favicon_Fav-Icon_Fav-Icon-1.png","contentUrl":"https:\/\/www.infotetquebec.com\/wp-content\/uploads\/2021\/02\/cropped-IMQC_TET_Favicon_Fav-Icon_Fav-Icon-1.png","width":512,"height":512,"caption":"InfoTETQuebec"},"image":{"@id":"https:\/\/www.infotetquebec.com\/es\/#\/schema\/logo\/image\/"},"sameAs":["https:\/\/www.facebook.com\/profile.php?id=100089616676260"]}]}},"rttpg_featured_image_url":{"full":["https:\/\/www.infotetquebec.com\/wp-content\/uploads\/2022\/08\/test-covid.jpeg",1920,1281,false],"landscape":["https:\/\/www.infotetquebec.com\/wp-content\/uploads\/2022\/08\/test-covid.jpeg",1920,1281,false],"portraits":["https:\/\/www.infotetquebec.com\/wp-content\/uploads\/2022\/08\/test-covid.jpeg",1920,1281,false],"thumbnail":["https:\/\/www.infotetquebec.com\/wp-content\/uploads\/2022\/08\/test-covid-300x150.jpeg",300,150,true],"medium":["https:\/\/www.infotetquebec.com\/wp-content\/uploads\/2022\/08\/test-covid-300x200.jpeg",300,200,true],"large":["https:\/\/www.infotetquebec.com\/wp-content\/uploads\/2022\/08\/test-covid-1024x683.jpeg",1024,683,true],"1536x1536":["https:\/\/www.infotetquebec.com\/wp-content\/uploads\/2022\/08\/test-covid-1536x1025.jpeg",1536,1025,true],"2048x2048":["https:\/\/www.infotetquebec.com\/wp-content\/uploads\/2022\/08\/test-covid.jpeg",1920,1281,false],"sidebar-featured":["https:\/\/www.infotetquebec.com\/wp-content\/uploads\/2022\/08\/test-covid-75x75.jpeg",75,75,true],"genesis-singular-images":["https:\/\/www.infotetquebec.com\/wp-content\/uploads\/2022\/08\/test-covid-702x526.jpeg",702,526,true]},"rttpg_author":{"display_name":"Agn\u00e8s Merlin","author_link":"https:\/\/www.infotetquebec.com\/es\/author\/agnes-merlinimmigrantquebec-com\/"},"rttpg_comment":0,"rttpg_category":" <a href=\"https:\/\/www.infotetquebec.com\/es\/?taxonomy=translation_priority&#038;term=opcional-es-3\" rel=\"tag\">Opcional<\/a>","rttpg_excerpt":"Cuando llegue a Canad\u00e1 por aire o en un cruce fronterizo terrestre, es posible que deba hacerse una prueba molecular para COVID-19. Tomar\u00e1 su prueba de llegada con un proveedor... Leer m\u00e1s","_links":{"self":[{"href":"https:\/\/www.infotetquebec.com\/es\/wp-json\/wp\/v2\/pages\/4757","targetHints":{"allow":["GET"]}}],"collection":[{"href":"https:\/\/www.infotetquebec.com\/es\/wp-json\/wp\/v2\/pages"}],"about":[{"href":"https:\/\/www.infotetquebec.com\/es\/wp-json\/wp\/v2\/types\/page"}],"author":[{"embeddable":true,"href":"https:\/\/www.infotetquebec.com\/es\/wp-json\/wp\/v2\/users\/3"}],"replies":[{"embeddable":true,"href":"https:\/\/www.infotetquebec.com\/es\/wp-json\/wp\/v2\/comments?post=4757"}],"version-history":[{"count":1,"href":"https:\/\/www.infotetquebec.com\/es\/wp-json\/wp\/v2\/pages\/4757\/revisions"}],"predecessor-version":[{"id":4758,"href":"https:\/\/www.infotetquebec.com\/es\/wp-json\/wp\/v2\/pages\/4757\/revisions\/4758"}],"wp:featuredmedia":[{"embeddable":true,"href":"https:\/\/www.infotetquebec.com\/es\/wp-json\/wp\/v2\/media\/4754"}],"wp:attachment":[{"href":"https:\/\/www.infotetquebec.com\/es\/wp-json\/wp\/v2\/media?parent=4757"}],"curies":[{"name":"wp","href":"https:\/\/api.w.org\/{rel}","templated":true}]}}