{"id":4731,"date":"2022-07-07T13:48:15","date_gmt":"2022-07-07T17:48:15","guid":{"rendered":"https:\/\/www.infotetquebec.com\/organisme-upa-monteregie\/"},"modified":"2023-04-18T16:15:00","modified_gmt":"2023-04-18T20:15:00","slug":"organizacion-upa-monteregie","status":"publish","type":"page","link":"https:\/\/www.infotetquebec.com\/es\/organizacion-upa-monteregie\/","title":{"rendered":"UPA Mont\u00e9r\u00e9gie (Union des Producteurs Agricoles)"},"content":{"rendered":"<div class=\"wp-block-image\" style=\"text-align: center;\">\n<h4 class=\"aligncenter size-full is-resized\"><a href=\"https:\/\/www.upamonteregie.ca\/\" target=\"_blank\" rel=\"noopener\"><img decoding=\"async\" class=\"wp-image-2876 size-medium aligncenter\" src=\"https:\/\/www.infotetquebec.com\/wp-content\/uploads\/2022\/04\/Logo-UPA-Monteregie-300x115.png\" alt=\"\" width=\"300\" height=\"115\" srcset=\"https:\/\/www.infotetquebec.com\/wp-content\/uploads\/2022\/04\/Logo-UPA-Monteregie-300x115.png 300w, https:\/\/www.infotetquebec.com\/wp-content\/uploads\/2022\/04\/Logo-UPA-Monteregie-768x294.png 768w, https:\/\/www.infotetquebec.com\/wp-content\/uploads\/2022\/04\/Logo-UPA-Monteregie.png 783w\" sizes=\"(max-width: 300px) 100vw, 300px\" \/><\/a><\/h4>\n<h4 class=\"aligncenter size-full is-resized\"><strong>3800 Boulevard Casavant Ouest,<br \/>\nSaint-Hyacinthe (Qc) J2S 8E3<br \/>\n+1 (888) 454-3998<\/strong><\/h4>\n<p><a href=\"https:\/\/www.facebook.com\/CPSSTQ\/ https:\/\/www.facebook.com\/ctiiwc https:\/\/www.facebook.com\/integrationcompetences https:\/\/www.facebook.com\/QCINTL https:\/\/www.facebook.com\/rattmaq1 https:\/\/www.facebook.com\/sdedrummondville https:\/\/www.facebook.com\/ServicesAppui https:\/\/www.facebook.com\/profile.php?id=100074462006891 https:\/\/www.facebook.com\/pageUPA https:\/\/www.facebook.com\/UPAmonteregie\/\" target=\"_blank\" rel=\"noopener\"><img decoding=\"async\" class=\"alignnone size-full wp-image-2407\" src=\"https:\/\/www.infotetquebec.com\/wp-content\/uploads\/2022\/03\/FACEBOOK-1.png\" alt=\"\" width=\"40\" height=\"40\" \/><\/a><\/p>\n<\/div>\n<h3 style=\"text-align: center;\">Regiones afectada por el proyecto : Mont\u00e9r\u00e9gie (toda la provincia en relaci\u00f3n con la l\u00ednea de llamadas)<\/h3>\n<h2 style=\"text-align: center;\"><img fetchpriority=\"high\" decoding=\"async\" class=\"aligncenter wp-image-3310 size-full\" src=\"https:\/\/www.infotetquebec.com\/wp-content\/uploads\/2022\/06\/Carte.png\" alt=\"\" width=\"600\" height=\"450\" srcset=\"https:\/\/www.infotetquebec.com\/wp-content\/uploads\/2022\/06\/Carte.png 600w, https:\/\/www.infotetquebec.com\/wp-content\/uploads\/2022\/06\/Carte-300x225.png 300w\" sizes=\"(max-width: 600px) 100vw, 600px\" \/><\/h2>\n<h3 style=\"text-align: center;\"><strong>Servicio<\/strong><a href=\"https:\/\/aide.org\/plataforma-informativa\/\" target=\"_blank\" rel=\"noopener\"><br \/>\n<\/a><\/h3>\n<p><a href=\"https:\/\/www.upamonteregie.ca\/\" target=\"_blank\" rel=\"noopener\"><img loading=\"lazy\" decoding=\"async\" class=\"aligncenter size-full wp-image-4460\" src=\"https:\/\/www.infotetquebec.com\/wp-content\/uploads\/2022\/07\/Li\u0301nea-telefo\u0301nica-vert.png\" alt=\"\" width=\"300\" height=\"100\" \/><\/a><\/p>\n<h3 style=\"text-align: center;\">Art\u00edculos<\/h3>\n<p style=\"text-align: center;\"><style type='text\/css' media='all'>#rt-tpg-container-2307525202 .rt-holder .rt-woo-info .price{color:#0367bf;}body .rt-tpg-container .rt-tpg-isotope-buttons .selected,\n\t\t\t\t\t#rt-tpg-container-2307525202 .layout12 .rt-holder:hover .rt-detail,\n\t\t\t\t\t#rt-tpg-container-2307525202 .isotope8 .rt-holder:hover .rt-detail,\n\t\t\t\t\t#rt-tpg-container-2307525202 .carousel8 .rt-holder:hover .rt-detail,\n\t\t\t\t\t#rt-tpg-container-2307525202 .layout13 .rt-holder .overlay .post-info,\n\t\t\t\t\t#rt-tpg-container-2307525202 .isotope9 .rt-holder .overlay .post-info,\n\t\t\t\t\t#rt-tpg-container-2307525202.rt-tpg-container .layout4 .rt-holder .rt-detail,\n\t\t\t\t\t.rt-modal-2307525202 .md-content,\n\t\t\t\t\t.rt-modal-2307525202 .md-content > .rt-md-content-holder .rt-md-content,\n\t\t\t\t\t.rt-popup-wrap-2307525202.rt-popup-wrap .rt-popup-navigation-wrap,\n\t\t\t\t\t#rt-tpg-container-2307525202 .carousel9 .rt-holder .overlay .post-info{background-color:#0367bf;}#rt-tpg-container-2307525202 .layout5 .rt-holder .overlay, #rt-tpg-container-2307525202 .isotope2 .rt-holder .overlay, #rt-tpg-container-2307525202 .carousel2 .rt-holder .overlay,#rt-tpg-container-2307525202 .layout15 .rt-holder h3, #rt-tpg-container-2307525202 .isotope11 .rt-holder h3, #rt-tpg-container-2307525202 .carousel11 .rt-holder h3, #rt-tpg-container-2307525202 .layout16 .rt-holder h3,\n\t\t\t\t\t#rt-tpg-container-2307525202 .isotope12 .rt-holder h3, #rt-tpg-container-2307525202 .carousel12 .rt-holder h3 {background-color:rgba(3,103,191,0.8);}#rt-tpg-container-2307525202 .read-more a{border-radius:px;}#rt-tpg-container-2307525202 .rt-img-holder img.rt-img-responsive,#rt-tpg-container-2307525202 .rt-img-holder,\n\t\t\t\t\t#rt-tpg-container-2307525202 .rt-post-overlay .post-img,\n\t\t\t\t\t#rt-tpg-container-2307525202 .post-sm .post-img,\n\t\t\t\t\t#rt-tpg-container-2307525202 .rt-post-grid .post-img,\n\t\t\t\t\t#rt-tpg-container-2307525202 .post-img img {border-radius:px;}#rt-tpg-container-2307525202 .layout1 .rt-holder h2.entry-title,\n\t\t\t\t\t#rt-tpg-container-2307525202 .layout1 .rt-holder h3.entry-title,\n\t\t\t\t\t#rt-tpg-container-2307525202 .layout1 .rt-holder h4.entry-title,\n\t\t\t\t\t#rt-tpg-container-2307525202 .layout1 .rt-holder h2.entry-title a,\n\t\t\t\t\t#rt-tpg-container-2307525202 .layout1 .rt-holder h3.entry-title a,\n\t\t\t\t\t#rt-tpg-container-2307525202 .layout1 .rt-holder h4.entry-title a,\n\t\t\t\t\t#rt-tpg-container-2307525202 .rt-holder .rt-woo-info h2 a,\n\t\t\t\t\t#rt-tpg-container-2307525202 .rt-holder .rt-woo-info h3 a,\n\t\t\t\t\t#rt-tpg-container-2307525202 .rt-holder .rt-woo-info h4 a,\n\t\t\t\t\t#rt-tpg-container-2307525202 .post-content .post-title,\n\t\t\t\t\t#rt-tpg-container-2307525202 .rt-post-grid .post-title,\n\t\t\t\t\t#rt-tpg-container-2307525202 .rt-post-grid .post-title a,\n\t\t\t\t\t#rt-tpg-container-2307525202 .post-content .post-title a,\n\t\t\t\t\t#rt-tpg-container-2307525202 .rt-holder .rt-woo-info h2,\n\t\t\t\t\t#rt-tpg-container-2307525202 .rt-holder .rt-woo-info h3,\n\t\t\t\t\t#rt-tpg-container-2307525202 .rt-holder .rt-woo-info h4{color:#4eb748;font-size:20px;line-height:30px;text-align:left;}#rt-tpg-container-2307525202 .post-grid-lg-style-1 .post-title,\n\t\t\t\t\t\t#rt-tpg-container-2307525202 .post-grid-lg-style-1 .post-title a,\n\t\t\t\t\t\t#rt-tpg-container-2307525202 .big-layout .post-title,\n\t\t\t\t\t\t#rt-tpg-container-2307525202 .big-layout .post-title a,\n\t\t\t\t\t\t#rt-tpg-container-2307525202 .post-grid-lg-style-1 .post-title,\n\t\t\t\t\t\t#rt-tpg-container-2307525202 .post-grid-lg-style-1 .post-title a {font-size:28px;line-height:38px;}#rt-tpg-container-2307525202 .layout1 .rt-holder h2.entry-title:hover,\n\t\t\t\t\t#rt-tpg-container-2307525202 .layout1 .rt-holder h3.entry-title:hover,\n\t\t\t\t\t#rt-tpg-container-2307525202 .layout1 .rt-holder h4.entry-title:hover,\n\t\t\t\t\t#rt-tpg-container-2307525202 .layout1 .rt-holder h2.entry-title a:hover,\n\t\t\t\t\t#rt-tpg-container-2307525202 .layout1 .rt-holder h3.entry-title a:hover,\n\t\t\t\t\t#rt-tpg-container-2307525202 .layout1 .rt-holder h4.entry-title a:hover,\n\t\t\t\t\t#rt-tpg-container-2307525202 .post-content .post-title a:hover,\n\t\t\t\t\t#rt-tpg-container-2307525202 .rt-post-grid .post-title a:hover,\n\t\t\t\t\t#rt-tpg-container-2307525202 .rt-holder .rt-woo-info h2 a:hover,\n\t\t\t\t\t#rt-tpg-container-2307525202 .rt-holder .rt-woo-info h3 a:hover,\n\t\t\t\t\t#rt-tpg-container-2307525202 .rt-holder .rt-woo-info h4 a:hover,\n\t\t\t\t\t#rt-tpg-container-2307525202 .rt-holder .rt-woo-info h2:hover,\n\t\t\t\t\t#rt-tpg-container-2307525202 .rt-holder .rt-woo-info h3:hover,\n\t\t\t\t\t#rt-tpg-container-2307525202 .rt-holder .rt-woo-info h4:hover{color:#000000 !important;}#rt-tpg-container-2307525202 .layout1 .rt-holder .tpg-excerpt,#rt-tpg-container-2307525202 .layout1 .tpg-excerpt,#rt-tpg-container-2307525202 .layout1 .rt-holder .post-content,#rt-tpg-container-2307525202 .rt-holder .rt-woo-info p,#rt-tpg-container-2307525202 .post-content p {color:#000000;font-size:15px;text-align:left;}<\/style><div class='rt-container-fluid rt-tpg-container tpg-shortcode-main-wrapper ' id='rt-tpg-container-2307525202'   data-layout='layout1' data-grid-style='even' data-desktop-col='3'  data-tab-col='2'  data-mobile-col='1' data-sc-id='4100'><div data-title='Loading ...' class='rt-row rt-content-loader   layout1 tpg-even '><div class=\"rt-col-md-4 rt-col-sm-6 rt-col-xs-12 even-grid-item rt-grid-item\" data-id=\"5141\"><div class=\"rt-holder\"><div class=\"rt-img-holder\"><a data-id=\"5141\" class=\"\" href=\"https:\/\/www.infotetquebec.com\/es\/linea-directa-upa-heidi-y-karina-al-telefono\/\"><img loading=\"lazy\" decoding=\"async\" width=\"300\" height=\"150\" src=\"https:\/\/www.infotetquebec.com\/wp-content\/uploads\/2022\/12\/Ligne_UPA_8dec2022_Marie-Anne-Daye-1.jpg-1-300x150.jpg\" class=\"rt-img-responsive \" alt=\"\" \/><\/a><\/div><div class='rt-detail'><h3 class=\"entry-title\"><a data-id=\"5141\" class=\"\" href=\"https:\/\/www.infotetquebec.com\/es\/linea-directa-upa-heidi-y-karina-al-telefono\/\">L\u00ednea directa UPA: Heidi y Karina al tel\u00e9fono<\/a><\/h3><div class='tpg-excerpt'>La l\u00ednea telef\u00f3nica inaugurada por la F\u00e9d\u00e9ration de l&#8217;Union des producteurs agricoles (UPA) de la...<\/div><div class='post-meta center'><span class='read-more'><a data-id='5141' class='' href='https:\/\/www.infotetquebec.com\/es\/linea-directa-upa-heidi-y-karina-al-telefono\/'>Lire la suite<\/a><\/span><\/div><\/div><\/div><\/div><div class=\"rt-col-md-4 rt-col-sm-6 rt-col-xs-12 even-grid-item rt-grid-item\" data-id=\"5047\"><div class=\"rt-holder\"><div class=\"rt-img-holder\"><a data-id=\"5047\" class=\"\" href=\"https:\/\/www.infotetquebec.com\/es\/mision-cumplida-para-apoyar-a-los-trabajadores-extranjeros-temporales\/\"><img loading=\"lazy\" decoding=\"async\" width=\"300\" height=\"150\" src=\"https:\/\/www.infotetquebec.com\/wp-content\/uploads\/2022\/12\/16nov22-PhotographesCommercial-388_web-300x150.jpg\" class=\"rt-img-responsive \" alt=\"\" \/><\/a><\/div><div class='rt-detail'><h3 class=\"entry-title\"><a data-id=\"5047\" class=\"\" href=\"https:\/\/www.infotetquebec.com\/es\/mision-cumplida-para-apoyar-a-los-trabajadores-extranjeros-temporales\/\">Misi\u00f3n cumplida para apoyar a los trabajadores extranjeros temporales<\/a><\/h3><div class='tpg-excerpt'>Gracias al taller titulado \u00ab Asegurar el apoyo a los trabajadores extranjeros temporales (TET) en...<\/div><div class='post-meta center'><span class='read-more'><a data-id='5047' class='' href='https:\/\/www.infotetquebec.com\/es\/mision-cumplida-para-apoyar-a-los-trabajadores-extranjeros-temporales\/'>Lire la suite<\/a><\/span><\/div><\/div><\/div><\/div><div class=\"rt-col-md-4 rt-col-sm-6 rt-col-xs-12 even-grid-item rt-grid-item\" data-id=\"4353\"><div class=\"rt-holder\"><div class=\"rt-img-holder\"><a data-id=\"4353\" class=\"\" href=\"https:\/\/www.infotetquebec.com\/es\/programa-de-trabajadores-extranjeros-temporales-revision-y-aspectos-destacados\/\"><img loading=\"lazy\" decoding=\"async\" width=\"300\" height=\"150\" src=\"https:\/\/www.infotetquebec.com\/wp-content\/uploads\/2022\/03\/PTET-mars2022-300x150.png\" class=\"rt-img-responsive \" alt=\"\" \/><\/a><\/div><div class='rt-detail'><h3 class=\"entry-title\"><a data-id=\"4353\" class=\"\" href=\"https:\/\/www.infotetquebec.com\/es\/programa-de-trabajadores-extranjeros-temporales-revision-y-aspectos-destacados\/\">Programa de Trabajadores Extranjeros Temporales: revisi\u00f3n y aspectos destacados<\/a><\/h3><div class='tpg-excerpt'>Desde abril de 2021, se han desplegado diecisiete proyectos en todo Quebec y han alcanzado...<\/div><div class='post-meta center'><span class='read-more'><a data-id='4353' class='' href='https:\/\/www.infotetquebec.com\/es\/programa-de-trabajadores-extranjeros-temporales-revision-y-aspectos-destacados\/'>Lire la suite<\/a><\/span><\/div><\/div><\/div><\/div><div class=\"rt-col-md-4 rt-col-sm-6 rt-col-xs-12 even-grid-item rt-grid-item\" data-id=\"1783\"><div class=\"rt-holder\"><div class=\"rt-img-holder\"><a data-id=\"1783\" class=\"\" href=\"https:\/\/www.infotetquebec.com\/es\/una-nueva-linea-1-800-para-los-trabajadores-agricolas-temporales\/\"><img loading=\"lazy\" decoding=\"async\" width=\"300\" height=\"150\" src=\"https:\/\/www.infotetquebec.com\/wp-content\/uploads\/2021\/09\/a2f2c085-c16a-486b-89fb-b0005ab8756b-300x150.jpeg\" class=\"rt-img-responsive \" alt=\"\" \/><\/a><\/div><div class='rt-detail'><h3 class=\"entry-title\"><a data-id=\"1783\" class=\"\" href=\"https:\/\/www.infotetquebec.com\/es\/una-nueva-linea-1-800-para-los-trabajadores-agricolas-temporales\/\">Una nueva l\u00ednea 1-800 para los trabajadores agr\u00edcolas temporales<\/a><\/h3><div class='tpg-excerpt'>\u00bfTengo derecho a un reembolso de impuestos? \u00bfSoy elegible para la prestaci\u00f3n parental? \u00bfCu\u00e1ntas semanas...<\/div><div class='post-meta center'><span class='read-more'><a data-id='1783' class='' href='https:\/\/www.infotetquebec.com\/es\/una-nueva-linea-1-800-para-los-trabajadores-agricolas-temporales\/'>Lire la suite<\/a><\/span><\/div><\/div><\/div><\/div><div class=\"rt-col-md-4 rt-col-sm-6 rt-col-xs-12 even-grid-item rt-grid-item\" data-id=\"1762\"><div class=\"rt-holder\"><div class=\"rt-img-holder\"><a data-id=\"1762\" class=\"\" href=\"https:\/\/www.infotetquebec.com\/es\/asistencia-para-trabajadores-extranjeros-temporales-prolongacion-de-proyectos\/\"><img loading=\"lazy\" decoding=\"async\" width=\"300\" height=\"150\" src=\"https:\/\/www.infotetquebec.com\/wp-content\/uploads\/2021\/09\/shutterstock_1845240499-scaled-300x150.jpg\" class=\"rt-img-responsive \" alt=\"\" \/><\/a><\/div><div class='rt-detail'><h3 class=\"entry-title\"><a data-id=\"1762\" class=\"\" href=\"https:\/\/www.infotetquebec.com\/es\/asistencia-para-trabajadores-extranjeros-temporales-prolongacion-de-proyectos\/\">Asistencia para trabajadores extranjeros temporales: prolongaci\u00f3n de proyectos<\/a><\/h3><div class='tpg-excerpt'>Como parte de sus esfuerzos para ofrecer asistencia a los trabajadores extranjeros temporales (TET) afectados...<\/div><div class='post-meta center'><span class='read-more'><a data-id='1762' class='' href='https:\/\/www.infotetquebec.com\/es\/asistencia-para-trabajadores-extranjeros-temporales-prolongacion-de-proyectos\/'>Lire la suite<\/a><\/span><\/div><\/div><\/div><\/div><\/div><\/div><\/p>\n<p>&nbsp;<\/p>\n","protected":false},"excerpt":{"rendered":"<p>3800 Boulevard Casavant Ouest, Saint-Hyacinthe (Qc) J2S 8E3 +1 (888) 454-3998 Regiones afectada por el proyecto : Mont\u00e9r\u00e9gie (toda la provincia en relaci\u00f3n con la l\u00ednea de llamadas) Servicio Art\u00edculos&#8230; <a class=\"more-link\" href=\"https:\/\/www.infotetquebec.com\/es\/asistencia-para-trabajadores-extranjeros-temporales-prolongacion-de-proyectos\/\">Leer m\u00e1s<\/a><\/p>\n","protected":false},"author":16,"featured_media":0,"parent":0,"menu_order":0,"comment_status":"closed","ping_status":"closed","template":"","meta":{"_genesis_hide_title":false,"_genesis_hide_breadcrumbs":false,"_genesis_hide_singular_image":false,"_genesis_hide_footer_widgets":false,"_genesis_custom_body_class":"","_genesis_custom_post_class":"","_genesis_layout":"","footnotes":""},"class_list":["post-4731","page","type-page","status-publish","entry","has-post-thumbnail"],"yoast_head":"<!-- This site is optimized with the Yoast SEO plugin v27.4 - https:\/\/yoast.com\/product\/yoast-seo-wordpress\/ -->\n<title>UPA Mont\u00e9r\u00e9gie (Union des Producteurs Agricoles) - Infotetquebec<\/title>\n<meta name=\"robots\" content=\"index, follow, max-snippet:-1, max-image-preview:large, max-video-preview:-1\" \/>\n<link rel=\"canonical\" href=\"https:\/\/www.infotetquebec.com\/es\/organizacion-upa-monteregie\/\" \/>\n<meta property=\"og:locale\" content=\"es_ES\" \/>\n<meta property=\"og:type\" content=\"article\" \/>\n<meta property=\"og:title\" content=\"UPA Mont\u00e9r\u00e9gie (Union des Producteurs Agricoles) - Infotetquebec\" \/>\n<meta property=\"og:description\" content=\"3800 Boulevard Casavant Ouest, Saint-Hyacinthe (Qc) J2S 8E3 +1 (888) 454-3998 Regiones afectada por el proyecto : Mont\u00e9r\u00e9gie (toda la provincia en relaci\u00f3n con la l\u00ednea de llamadas) Servicio Art\u00edculos... Leer m\u00e1s\" \/>\n<meta property=\"og:url\" content=\"https:\/\/www.infotetquebec.com\/es\/organizacion-upa-monteregie\/\" \/>\n<meta property=\"og:site_name\" content=\"Infotetquebec\" \/>\n<meta property=\"article:publisher\" content=\"https:\/\/www.facebook.com\/profile.php?id=100089616676260\" \/>\n<meta property=\"article:modified_time\" content=\"2023-04-18T20:15:00+00:00\" \/>\n<meta property=\"og:image\" content=\"https:\/\/www.infotetquebec.com\/wp-content\/uploads\/2022\/04\/Logo-UPA-Monteregie-300x115.png\" \/>\n<meta name=\"twitter:card\" content=\"summary_large_image\" \/>\n<meta name=\"twitter:label1\" content=\"Tiempo de lectura\" \/>\n\t<meta name=\"twitter:data1\" content=\"1 minuto\" \/>\n<script type=\"application\/ld+json\" class=\"yoast-schema-graph\">{\"@context\":\"https:\\\/\\\/schema.org\",\"@graph\":[{\"@type\":\"WebPage\",\"@id\":\"https:\\\/\\\/www.infotetquebec.com\\\/es\\\/organizacion-upa-monteregie\\\/\",\"url\":\"https:\\\/\\\/www.infotetquebec.com\\\/es\\\/organizacion-upa-monteregie\\\/\",\"name\":\"UPA Mont\u00e9r\u00e9gie (Union des Producteurs Agricoles) - Infotetquebec\",\"isPartOf\":{\"@id\":\"https:\\\/\\\/www.infotetquebec.com\\\/es\\\/#website\"},\"primaryImageOfPage\":{\"@id\":\"https:\\\/\\\/www.infotetquebec.com\\\/es\\\/organizacion-upa-monteregie\\\/#primaryimage\"},\"image\":{\"@id\":\"https:\\\/\\\/www.infotetquebec.com\\\/es\\\/organizacion-upa-monteregie\\\/#primaryimage\"},\"thumbnailUrl\":\"https:\\\/\\\/www.infotetquebec.com\\\/wp-content\\\/uploads\\\/2022\\\/04\\\/Logo-UPA-Monteregie-300x115.png\",\"datePublished\":\"2022-07-07T17:48:15+00:00\",\"dateModified\":\"2023-04-18T20:15:00+00:00\",\"breadcrumb\":{\"@id\":\"https:\\\/\\\/www.infotetquebec.com\\\/es\\\/organizacion-upa-monteregie\\\/#breadcrumb\"},\"inLanguage\":\"es\",\"potentialAction\":[{\"@type\":\"ReadAction\",\"target\":[\"https:\\\/\\\/www.infotetquebec.com\\\/es\\\/organizacion-upa-monteregie\\\/\"]}]},{\"@type\":\"ImageObject\",\"inLanguage\":\"es\",\"@id\":\"https:\\\/\\\/www.infotetquebec.com\\\/es\\\/organizacion-upa-monteregie\\\/#primaryimage\",\"url\":\"https:\\\/\\\/www.infotetquebec.com\\\/wp-content\\\/uploads\\\/2022\\\/04\\\/Logo-UPA-Monteregie-300x115.png\",\"contentUrl\":\"https:\\\/\\\/www.infotetquebec.com\\\/wp-content\\\/uploads\\\/2022\\\/04\\\/Logo-UPA-Monteregie-300x115.png\"},{\"@type\":\"BreadcrumbList\",\"@id\":\"https:\\\/\\\/www.infotetquebec.com\\\/es\\\/organizacion-upa-monteregie\\\/#breadcrumb\",\"itemListElement\":[{\"@type\":\"ListItem\",\"position\":1,\"name\":\"Accueil\",\"item\":\"https:\\\/\\\/www.infotetquebec.com\\\/es\\\/\"},{\"@type\":\"ListItem\",\"position\":2,\"name\":\"UPA Mont\u00e9r\u00e9gie (Union des Producteurs Agricoles)\"}]},{\"@type\":\"WebSite\",\"@id\":\"https:\\\/\\\/www.infotetquebec.com\\\/es\\\/#website\",\"url\":\"https:\\\/\\\/www.infotetquebec.com\\\/es\\\/\",\"name\":\"Infotetquebec\",\"description\":\"Info et soutien aux TET\",\"publisher\":{\"@id\":\"https:\\\/\\\/www.infotetquebec.com\\\/es\\\/#organization\"},\"potentialAction\":[{\"@type\":\"SearchAction\",\"target\":{\"@type\":\"EntryPoint\",\"urlTemplate\":\"https:\\\/\\\/www.infotetquebec.com\\\/es\\\/?s={search_term_string}\"},\"query-input\":{\"@type\":\"PropertyValueSpecification\",\"valueRequired\":true,\"valueName\":\"search_term_string\"}}],\"inLanguage\":\"es\"},{\"@type\":\"Organization\",\"@id\":\"https:\\\/\\\/www.infotetquebec.com\\\/es\\\/#organization\",\"name\":\"InfoTETQuebec\",\"url\":\"https:\\\/\\\/www.infotetquebec.com\\\/es\\\/\",\"logo\":{\"@type\":\"ImageObject\",\"inLanguage\":\"es\",\"@id\":\"https:\\\/\\\/www.infotetquebec.com\\\/es\\\/#\\\/schema\\\/logo\\\/image\\\/\",\"url\":\"https:\\\/\\\/www.infotetquebec.com\\\/wp-content\\\/uploads\\\/2021\\\/02\\\/cropped-IMQC_TET_Favicon_Fav-Icon_Fav-Icon-1.png\",\"contentUrl\":\"https:\\\/\\\/www.infotetquebec.com\\\/wp-content\\\/uploads\\\/2021\\\/02\\\/cropped-IMQC_TET_Favicon_Fav-Icon_Fav-Icon-1.png\",\"width\":512,\"height\":512,\"caption\":\"InfoTETQuebec\"},\"image\":{\"@id\":\"https:\\\/\\\/www.infotetquebec.com\\\/es\\\/#\\\/schema\\\/logo\\\/image\\\/\"},\"sameAs\":[\"https:\\\/\\\/www.facebook.com\\\/profile.php?id=100089616676260\"]}]}<\/script>\n<!-- \/ Yoast SEO plugin. -->","yoast_head_json":{"title":"UPA Mont\u00e9r\u00e9gie (Union des Producteurs Agricoles) - Infotetquebec","robots":{"index":"index","follow":"follow","max-snippet":"max-snippet:-1","max-image-preview":"max-image-preview:large","max-video-preview":"max-video-preview:-1"},"canonical":"https:\/\/www.infotetquebec.com\/es\/organizacion-upa-monteregie\/","og_locale":"es_ES","og_type":"article","og_title":"UPA Mont\u00e9r\u00e9gie (Union des Producteurs Agricoles) - Infotetquebec","og_description":"3800 Boulevard Casavant Ouest, Saint-Hyacinthe (Qc) J2S 8E3 +1 (888) 454-3998 Regiones afectada por el proyecto : Mont\u00e9r\u00e9gie (toda la provincia en relaci\u00f3n con la l\u00ednea de llamadas) Servicio Art\u00edculos... Leer m\u00e1s","og_url":"https:\/\/www.infotetquebec.com\/es\/organizacion-upa-monteregie\/","og_site_name":"Infotetquebec","article_publisher":"https:\/\/www.facebook.com\/profile.php?id=100089616676260","article_modified_time":"2023-04-18T20:15:00+00:00","og_image":[{"url":"https:\/\/www.infotetquebec.com\/wp-content\/uploads\/2022\/04\/Logo-UPA-Monteregie-300x115.png","type":"","width":"","height":""}],"twitter_card":"summary_large_image","twitter_misc":{"Tiempo de lectura":"1 minuto"},"schema":{"@context":"https:\/\/schema.org","@graph":[{"@type":"WebPage","@id":"https:\/\/www.infotetquebec.com\/es\/organizacion-upa-monteregie\/","url":"https:\/\/www.infotetquebec.com\/es\/organizacion-upa-monteregie\/","name":"UPA Mont\u00e9r\u00e9gie (Union des Producteurs Agricoles) - Infotetquebec","isPartOf":{"@id":"https:\/\/www.infotetquebec.com\/es\/#website"},"primaryImageOfPage":{"@id":"https:\/\/www.infotetquebec.com\/es\/organizacion-upa-monteregie\/#primaryimage"},"image":{"@id":"https:\/\/www.infotetquebec.com\/es\/organizacion-upa-monteregie\/#primaryimage"},"thumbnailUrl":"https:\/\/www.infotetquebec.com\/wp-content\/uploads\/2022\/04\/Logo-UPA-Monteregie-300x115.png","datePublished":"2022-07-07T17:48:15+00:00","dateModified":"2023-04-18T20:15:00+00:00","breadcrumb":{"@id":"https:\/\/www.infotetquebec.com\/es\/organizacion-upa-monteregie\/#breadcrumb"},"inLanguage":"es","potentialAction":[{"@type":"ReadAction","target":["https:\/\/www.infotetquebec.com\/es\/organizacion-upa-monteregie\/"]}]},{"@type":"ImageObject","inLanguage":"es","@id":"https:\/\/www.infotetquebec.com\/es\/organizacion-upa-monteregie\/#primaryimage","url":"https:\/\/www.infotetquebec.com\/wp-content\/uploads\/2022\/04\/Logo-UPA-Monteregie-300x115.png","contentUrl":"https:\/\/www.infotetquebec.com\/wp-content\/uploads\/2022\/04\/Logo-UPA-Monteregie-300x115.png"},{"@type":"BreadcrumbList","@id":"https:\/\/www.infotetquebec.com\/es\/organizacion-upa-monteregie\/#breadcrumb","itemListElement":[{"@type":"ListItem","position":1,"name":"Accueil","item":"https:\/\/www.infotetquebec.com\/es\/"},{"@type":"ListItem","position":2,"name":"UPA Mont\u00e9r\u00e9gie (Union des Producteurs Agricoles)"}]},{"@type":"WebSite","@id":"https:\/\/www.infotetquebec.com\/es\/#website","url":"https:\/\/www.infotetquebec.com\/es\/","name":"Infotetquebec","description":"Info et soutien aux TET","publisher":{"@id":"https:\/\/www.infotetquebec.com\/es\/#organization"},"potentialAction":[{"@type":"SearchAction","target":{"@type":"EntryPoint","urlTemplate":"https:\/\/www.infotetquebec.com\/es\/?s={search_term_string}"},"query-input":{"@type":"PropertyValueSpecification","valueRequired":true,"valueName":"search_term_string"}}],"inLanguage":"es"},{"@type":"Organization","@id":"https:\/\/www.infotetquebec.com\/es\/#organization","name":"InfoTETQuebec","url":"https:\/\/www.infotetquebec.com\/es\/","logo":{"@type":"ImageObject","inLanguage":"es","@id":"https:\/\/www.infotetquebec.com\/es\/#\/schema\/logo\/image\/","url":"https:\/\/www.infotetquebec.com\/wp-content\/uploads\/2021\/02\/cropped-IMQC_TET_Favicon_Fav-Icon_Fav-Icon-1.png","contentUrl":"https:\/\/www.infotetquebec.com\/wp-content\/uploads\/2021\/02\/cropped-IMQC_TET_Favicon_Fav-Icon_Fav-Icon-1.png","width":512,"height":512,"caption":"InfoTETQuebec"},"image":{"@id":"https:\/\/www.infotetquebec.com\/es\/#\/schema\/logo\/image\/"},"sameAs":["https:\/\/www.facebook.com\/profile.php?id=100089616676260"]}]}},"rttpg_featured_image_url":null,"rttpg_author":{"display_name":"Soufian AJLANI","author_link":"https:\/\/www.infotetquebec.com\/es\/author\/soufian_iq\/"},"rttpg_comment":0,"rttpg_category":"","rttpg_excerpt":"3800 Boulevard Casavant Ouest, Saint-Hyacinthe (Qc) J2S 8E3 +1 (888) 454-3998 Regiones afectada por el proyecto : Mont\u00e9r\u00e9gie (toda la provincia en relaci\u00f3n con la l\u00ednea de llamadas) Servicio Art\u00edculos... Leer m\u00e1s","_links":{"self":[{"href":"https:\/\/www.infotetquebec.com\/es\/wp-json\/wp\/v2\/pages\/4731","targetHints":{"allow":["GET"]}}],"collection":[{"href":"https:\/\/www.infotetquebec.com\/es\/wp-json\/wp\/v2\/pages"}],"about":[{"href":"https:\/\/www.infotetquebec.com\/es\/wp-json\/wp\/v2\/types\/page"}],"author":[{"embeddable":true,"href":"https:\/\/www.infotetquebec.com\/es\/wp-json\/wp\/v2\/users\/16"}],"replies":[{"embeddable":true,"href":"https:\/\/www.infotetquebec.com\/es\/wp-json\/wp\/v2\/comments?post=4731"}],"version-history":[{"count":5,"href":"https:\/\/www.infotetquebec.com\/es\/wp-json\/wp\/v2\/pages\/4731\/revisions"}],"predecessor-version":[{"id":6320,"href":"https:\/\/www.infotetquebec.com\/es\/wp-json\/wp\/v2\/pages\/4731\/revisions\/6320"}],"wp:attachment":[{"href":"https:\/\/www.infotetquebec.com\/es\/wp-json\/wp\/v2\/media?parent=4731"}],"curies":[{"name":"wp","href":"https:\/\/api.w.org\/{rel}","templated":true}]}}