{"id":4661,"date":"2022-07-07T11:16:02","date_gmt":"2022-07-07T15:16:02","guid":{"rendered":"https:\/\/www.infotetquebec.com\/organisme-cdemm\/"},"modified":"2023-05-09T10:42:42","modified_gmt":"2023-05-09T14:42:42","slug":"organizacion-cdemm","status":"publish","type":"page","link":"https:\/\/www.infotetquebec.com\/es\/organizacion-cdemm\/","title":{"rendered":"Corporaci\u00f3n de desarrollo econ\u00f3mico de la MRC de Montmagny (CDEMM)"},"content":{"rendered":"<div class=\"wp-block-image\" style=\"text-align: center;\">\n<h4 class=\"aligncenter size-full is-resized\"><a href=\"http:\/\/montmagnyaccueille.com\/\" target=\"_blank\" rel=\"noopener\"><img decoding=\"async\" class=\"wp-image-2846 size-medium aligncenter\" src=\"https:\/\/www.infotetquebec.com\/wp-content\/uploads\/2022\/04\/17-Logo-CDEMM-300x111.jpg\" alt=\"\" width=\"300\" height=\"111\" srcset=\"https:\/\/www.infotetquebec.com\/wp-content\/uploads\/2022\/04\/17-Logo-CDEMM-300x111.jpg 300w, https:\/\/www.infotetquebec.com\/wp-content\/uploads\/2022\/04\/17-Logo-CDEMM.jpg 456w\" sizes=\"(max-width: 300px) 100vw, 300px\" \/><\/a><\/h4>\n<h4 class=\"aligncenter size-full is-resized\"><strong>5, rue St-Jean-Baptiste Est,<br \/>\nMontmagny, G5V 1J7<br \/>\n+1 (418) 248-7698<\/strong><\/h4>\n<p><a href=\"https:\/\/www.facebook.com\/montmagnyaccueille\" target=\"_blank\" rel=\"noopener\"><img decoding=\"async\" class=\"alignnone size-full wp-image-2407\" src=\"https:\/\/www.infotetquebec.com\/wp-content\/uploads\/2022\/03\/FACEBOOK-1.png\" alt=\"\" width=\"40\" height=\"40\" \/><\/a> <a href=\"https:\/\/www.youtube.com\/watch?v=DC4ChWcyY3c\" target=\"_blank\" rel=\"noopener\"><img decoding=\"async\" class=\"size-full wp-image-3629 alignnone\" src=\"https:\/\/www.infotetquebec.com\/wp-content\/uploads\/2022\/07\/YOUTUBE.png\" alt=\"\" width=\"40\" height=\"40\" \/><\/a> <a href=\"https:\/\/www.instagram.com\/montmagnyaccueille\/\" target=\"_blank\" rel=\"noopener\"><img loading=\"lazy\" decoding=\"async\" class=\"alignnone size-full wp-image-3617\" style=\"font-size: 24px; font-weight: 600;\" src=\"https:\/\/www.infotetquebec.com\/wp-content\/uploads\/2022\/07\/INSTAGRAM.png\" alt=\"\" width=\"40\" height=\"40\" \/><\/a><\/p>\n<p><span style=\"font-size: 24px; font-weight: 600;\">Regi\u00f3n afectada por el proyecto : Chaudi\u00e8re-Appalaches<\/span><\/p>\n<\/div>\n<h2 style=\"text-align: center;\"><img loading=\"lazy\" decoding=\"async\" class=\"wp-image-3313 size-full aligncenter\" src=\"https:\/\/www.infotetquebec.com\/wp-content\/uploads\/2022\/06\/CEDEMM.png\" alt=\"\" width=\"600\" height=\"450\" srcset=\"https:\/\/www.infotetquebec.com\/wp-content\/uploads\/2022\/06\/CEDEMM.png 600w, https:\/\/www.infotetquebec.com\/wp-content\/uploads\/2022\/06\/CEDEMM-300x225.png 300w\" sizes=\"(max-width: 600px) 100vw, 600px\" \/><\/h2>\n<h3 style=\"text-align: center;\">Servicios y actividades<\/h3>\n<p style=\"text-align: center;\" data-wp-editing=\"1\"><a href=\"https:\/\/www.ville.montmagny.qc.ca\/fr\/affaires\/sdem\/\" target=\"_blank\" rel=\"noopener\"><img loading=\"lazy\" decoding=\"async\" class=\"aligncenter size-full wp-image-4466\" src=\"https:\/\/www.infotetquebec.com\/wp-content\/uploads\/2022\/07\/Sesio\u0301n-de-informacio\u0301n-vert.png\" alt=\"\" width=\"300\" height=\"100\" \/><img loading=\"lazy\" decoding=\"async\" class=\"aligncenter size-full wp-image-4427\" src=\"https:\/\/www.infotetquebec.com\/wp-content\/uploads\/2022\/07\/Actividad-cultural-o-deportiva-o-deporte-blanc.png\" alt=\"\" width=\"300\" height=\"100\" \/><\/a><img loading=\"lazy\" decoding=\"async\" class=\"aligncenter size-full wp-image-5507\" src=\"https:\/\/www.infotetquebec.com\/wp-content\/uploads\/2023\/02\/PictoTET-Movilidad-Velo-FondVert.png\" alt=\"\" width=\"300\" height=\"100\" \/><\/p>\n<p style=\"text-align: center;\" data-wp-editing=\"1\"><a href=\"https:\/\/www.infotetquebec.com\/wp-content\/uploads\/2023\/05\/PictoTET-Orientacion-Blanc.png\"><img loading=\"lazy\" decoding=\"async\" class=\"aligncenter size-full wp-image-6965\" src=\"https:\/\/www.infotetquebec.com\/wp-content\/uploads\/2023\/05\/PictoTET-Orientacion-Blanc.png\" alt=\"\" width=\"300\" height=\"100\" \/><\/a><a href=\"https:\/\/www.infotetquebec.com\/wp-content\/uploads\/2023\/05\/PictoTET-Accompagnement-Blanc.png\"><br \/>\n<\/a><\/p>\n<h3 style=\"text-align: center;\">Art\u00edculos<\/h3>\n<style type='text\/css' media='all'>#rt-tpg-container-3081177919 .rt-holder .rt-woo-info .price{color:#0367bf;}body .rt-tpg-container .rt-tpg-isotope-buttons .selected,\n\t\t\t\t\t#rt-tpg-container-3081177919 .layout12 .rt-holder:hover .rt-detail,\n\t\t\t\t\t#rt-tpg-container-3081177919 .isotope8 .rt-holder:hover .rt-detail,\n\t\t\t\t\t#rt-tpg-container-3081177919 .carousel8 .rt-holder:hover .rt-detail,\n\t\t\t\t\t#rt-tpg-container-3081177919 .layout13 .rt-holder .overlay .post-info,\n\t\t\t\t\t#rt-tpg-container-3081177919 .isotope9 .rt-holder .overlay .post-info,\n\t\t\t\t\t#rt-tpg-container-3081177919.rt-tpg-container .layout4 .rt-holder .rt-detail,\n\t\t\t\t\t.rt-modal-3081177919 .md-content,\n\t\t\t\t\t.rt-modal-3081177919 .md-content > .rt-md-content-holder .rt-md-content,\n\t\t\t\t\t.rt-popup-wrap-3081177919.rt-popup-wrap .rt-popup-navigation-wrap,\n\t\t\t\t\t#rt-tpg-container-3081177919 .carousel9 .rt-holder .overlay .post-info{background-color:#0367bf;}#rt-tpg-container-3081177919 .layout5 .rt-holder .overlay, #rt-tpg-container-3081177919 .isotope2 .rt-holder .overlay, #rt-tpg-container-3081177919 .carousel2 .rt-holder .overlay,#rt-tpg-container-3081177919 .layout15 .rt-holder h3, #rt-tpg-container-3081177919 .isotope11 .rt-holder h3, #rt-tpg-container-3081177919 .carousel11 .rt-holder h3, #rt-tpg-container-3081177919 .layout16 .rt-holder h3,\n\t\t\t\t\t#rt-tpg-container-3081177919 .isotope12 .rt-holder h3, #rt-tpg-container-3081177919 .carousel12 .rt-holder h3 {background-color:rgba(3,103,191,0.8);}#rt-tpg-container-3081177919 .read-more a{border-radius:px;}#rt-tpg-container-3081177919 .rt-img-holder img.rt-img-responsive,#rt-tpg-container-3081177919 .rt-img-holder,\n\t\t\t\t\t#rt-tpg-container-3081177919 .rt-post-overlay .post-img,\n\t\t\t\t\t#rt-tpg-container-3081177919 .post-sm .post-img,\n\t\t\t\t\t#rt-tpg-container-3081177919 .rt-post-grid .post-img,\n\t\t\t\t\t#rt-tpg-container-3081177919 .post-img img {border-radius:px;}#rt-tpg-container-3081177919 .layout1 .rt-holder h2.entry-title,\n\t\t\t\t\t#rt-tpg-container-3081177919 .layout1 .rt-holder h3.entry-title,\n\t\t\t\t\t#rt-tpg-container-3081177919 .layout1 .rt-holder h4.entry-title,\n\t\t\t\t\t#rt-tpg-container-3081177919 .layout1 .rt-holder h2.entry-title a,\n\t\t\t\t\t#rt-tpg-container-3081177919 .layout1 .rt-holder h3.entry-title a,\n\t\t\t\t\t#rt-tpg-container-3081177919 .layout1 .rt-holder h4.entry-title a,\n\t\t\t\t\t#rt-tpg-container-3081177919 .rt-holder .rt-woo-info h2 a,\n\t\t\t\t\t#rt-tpg-container-3081177919 .rt-holder .rt-woo-info h3 a,\n\t\t\t\t\t#rt-tpg-container-3081177919 .rt-holder .rt-woo-info h4 a,\n\t\t\t\t\t#rt-tpg-container-3081177919 .post-content .post-title,\n\t\t\t\t\t#rt-tpg-container-3081177919 .rt-post-grid .post-title,\n\t\t\t\t\t#rt-tpg-container-3081177919 .rt-post-grid .post-title a,\n\t\t\t\t\t#rt-tpg-container-3081177919 .post-content .post-title a,\n\t\t\t\t\t#rt-tpg-container-3081177919 .rt-holder .rt-woo-info h2,\n\t\t\t\t\t#rt-tpg-container-3081177919 .rt-holder .rt-woo-info h3,\n\t\t\t\t\t#rt-tpg-container-3081177919 .rt-holder .rt-woo-info h4{color:#4eb748;font-size:20px;line-height:30px;text-align:left;}#rt-tpg-container-3081177919 .post-grid-lg-style-1 .post-title,\n\t\t\t\t\t\t#rt-tpg-container-3081177919 .post-grid-lg-style-1 .post-title a,\n\t\t\t\t\t\t#rt-tpg-container-3081177919 .big-layout .post-title,\n\t\t\t\t\t\t#rt-tpg-container-3081177919 .big-layout .post-title a,\n\t\t\t\t\t\t#rt-tpg-container-3081177919 .post-grid-lg-style-1 .post-title,\n\t\t\t\t\t\t#rt-tpg-container-3081177919 .post-grid-lg-style-1 .post-title a {font-size:28px;line-height:38px;}#rt-tpg-container-3081177919 .layout1 .rt-holder h2.entry-title:hover,\n\t\t\t\t\t#rt-tpg-container-3081177919 .layout1 .rt-holder h3.entry-title:hover,\n\t\t\t\t\t#rt-tpg-container-3081177919 .layout1 .rt-holder h4.entry-title:hover,\n\t\t\t\t\t#rt-tpg-container-3081177919 .layout1 .rt-holder h2.entry-title a:hover,\n\t\t\t\t\t#rt-tpg-container-3081177919 .layout1 .rt-holder h3.entry-title a:hover,\n\t\t\t\t\t#rt-tpg-container-3081177919 .layout1 .rt-holder h4.entry-title a:hover,\n\t\t\t\t\t#rt-tpg-container-3081177919 .post-content .post-title a:hover,\n\t\t\t\t\t#rt-tpg-container-3081177919 .rt-post-grid .post-title a:hover,\n\t\t\t\t\t#rt-tpg-container-3081177919 .rt-holder .rt-woo-info h2 a:hover,\n\t\t\t\t\t#rt-tpg-container-3081177919 .rt-holder .rt-woo-info h3 a:hover,\n\t\t\t\t\t#rt-tpg-container-3081177919 .rt-holder .rt-woo-info h4 a:hover,\n\t\t\t\t\t#rt-tpg-container-3081177919 .rt-holder .rt-woo-info h2:hover,\n\t\t\t\t\t#rt-tpg-container-3081177919 .rt-holder .rt-woo-info h3:hover,\n\t\t\t\t\t#rt-tpg-container-3081177919 .rt-holder .rt-woo-info h4:hover{color:#000000 !important;}#rt-tpg-container-3081177919 .layout1 .rt-holder .tpg-excerpt,#rt-tpg-container-3081177919 .layout1 .tpg-excerpt,#rt-tpg-container-3081177919 .layout1 .rt-holder .post-content,#rt-tpg-container-3081177919 .rt-holder .rt-woo-info p,#rt-tpg-container-3081177919 .post-content p {color:#000000;font-size:15px;text-align:left;}<\/style><div class='rt-container-fluid rt-tpg-container tpg-shortcode-main-wrapper ' id='rt-tpg-container-3081177919'   data-layout='layout1' data-grid-style='even' data-desktop-col='3'  data-tab-col='2'  data-mobile-col='1' data-sc-id='4080'><div data-title='Loading ...' class='rt-row rt-content-loader   layout1 tpg-even '><div class=\"rt-col-md-4 rt-col-sm-6 rt-col-xs-12 even-grid-item rt-grid-item\" data-id=\"28916\"><div class=\"rt-holder\"><div class=\"rt-img-holder\"><a data-id=\"28916\" class=\"\" href=\"https:\/\/www.infotetquebec.com\/es\/normas-laborales-en-la-granja-trabajadoras-y-trabajadores-agricolas\/\"><img loading=\"lazy\" decoding=\"async\" width=\"300\" height=\"150\" src=\"https:\/\/www.infotetquebec.com\/wp-content\/uploads\/2026\/05\/DC1100-2070_Visuel-Agriculture-InfoTET_2026-04-300x150.jpg\" class=\"rt-img-responsive \" alt=\"\" \/><\/a><\/div><div class='rt-detail'><h3 class=\"entry-title\"><a data-id=\"28916\" class=\"\" href=\"https:\/\/www.infotetquebec.com\/es\/normas-laborales-en-la-granja-trabajadoras-y-trabajadores-agricolas\/\">Normas laborales en la granja \u2013 Trabajadoras y trabajadores agr\u00edcolas<\/a><\/h3><div class='tpg-excerpt'>Las normas laborales en la granja Las normas laborales establecen las condiciones de trabajo que...<\/div><div class='post-meta center'><span class='read-more'><a data-id='28916' class='' href='https:\/\/www.infotetquebec.com\/es\/normas-laborales-en-la-granja-trabajadoras-y-trabajadores-agricolas\/'>Lire la suite<\/a><\/span><\/div><\/div><\/div><\/div><div class=\"rt-col-md-4 rt-col-sm-6 rt-col-xs-12 even-grid-item rt-grid-item\" data-id=\"28816\"><div class=\"rt-holder\"><div class=\"rt-img-holder\"><a data-id=\"28816\" class=\"\" href=\"https:\/\/www.infotetquebec.com\/es\/las-madres-trabajadoras-extranjeras-temporales-historias-de-valentia-sacrificio-y-esperanza\/\"><img loading=\"lazy\" decoding=\"async\" width=\"300\" height=\"150\" src=\"https:\/\/www.infotetquebec.com\/wp-content\/uploads\/2026\/05\/maman2-300x150.png\" class=\"rt-img-responsive \" alt=\"\" \/><\/a><\/div><div class='rt-detail'><h3 class=\"entry-title\"><a data-id=\"28816\" class=\"\" href=\"https:\/\/www.infotetquebec.com\/es\/las-madres-trabajadoras-extranjeras-temporales-historias-de-valentia-sacrificio-y-esperanza\/\">Las madres trabajadoras extranjeras temporales: historias de valent\u00eda, sacrificio y esperanza<\/a><\/h3><div class='tpg-excerpt'>Con motivo del D\u00eda de las Madres, InfoTET de Immigrant Qu\u00e9bec desea rendir homenaje a...<\/div><div class='post-meta center'><span class='read-more'><a data-id='28816' class='' href='https:\/\/www.infotetquebec.com\/es\/las-madres-trabajadoras-extranjeras-temporales-historias-de-valentia-sacrificio-y-esperanza\/'>Lire la suite<\/a><\/span><\/div><\/div><\/div><\/div><div class=\"rt-col-md-4 rt-col-sm-6 rt-col-xs-12 even-grid-item rt-grid-item\" data-id=\"28789\"><div class=\"rt-holder\"><div class=\"rt-img-holder\"><a data-id=\"28789\" class=\"\" href=\"https:\/\/www.infotetquebec.com\/es\/permiso-de-conducir-en-quebec-para-trabajadores-extranjeros-temporales-tet-lo-que-debes-saber\/\"><img loading=\"lazy\" decoding=\"async\" width=\"300\" height=\"150\" src=\"https:\/\/www.infotetquebec.com\/wp-content\/uploads\/2026\/05\/international-driver-s-license-card-identification-data-information-concept-300x150.jpg\" class=\"rt-img-responsive \" alt=\"\" \/><\/a><\/div><div class='rt-detail'><h3 class=\"entry-title\"><a data-id=\"28789\" class=\"\" href=\"https:\/\/www.infotetquebec.com\/es\/permiso-de-conducir-en-quebec-para-trabajadores-extranjeros-temporales-tet-lo-que-debes-saber\/\">Permiso de conducir en Quebec para trabajadores extranjeros temporales (TET): lo que debes saber<\/a><\/h3><div class='tpg-excerpt'>En InfoTET, sabemos que muchas personas trabajadoras extranjeras temporales tienen dudas sobre si pueden conducir...<\/div><div class='post-meta center'><span class='read-more'><a data-id='28789' class='' href='https:\/\/www.infotetquebec.com\/es\/permiso-de-conducir-en-quebec-para-trabajadores-extranjeros-temporales-tet-lo-que-debes-saber\/'>Lire la suite<\/a><\/span><\/div><\/div><\/div><\/div><div class=\"rt-col-md-4 rt-col-sm-6 rt-col-xs-12 even-grid-item rt-grid-item\" data-id=\"28761\"><div class=\"rt-holder\"><div class=\"rt-img-holder\"><a data-id=\"28761\" class=\"\" href=\"https:\/\/www.infotetquebec.com\/es\/agricarrieres-un-actor-clave-del-sector-agricola-en-monteregie-y-un-colaborador-esencial-del-pstm-para-los-tet\/\"><img loading=\"lazy\" decoding=\"async\" width=\"300\" height=\"150\" src=\"https:\/\/www.infotetquebec.com\/wp-content\/uploads\/2026\/05\/PORT1-300x150.png\" class=\"rt-img-responsive \" alt=\"\" \/><\/a><\/div><div class='rt-detail'><h3 class=\"entry-title\"><a data-id=\"28761\" class=\"\" href=\"https:\/\/www.infotetquebec.com\/es\/agricarrieres-un-actor-clave-del-sector-agricola-en-monteregie-y-un-colaborador-esencial-del-pstm-para-los-tet\/\">AGRIcarri\u00e8res: un actor clave del sector agr\u00edcola en Mont\u00e9r\u00e9gie y un colaborador esencial del PSTM para los TET<\/a><\/h3><div class='tpg-excerpt'>Desde InfoTET, consideramos fundamental dar visibilidad a las organizaciones comunitarias que desempe\u00f1an un papel determinante...<\/div><div class='post-meta center'><span class='read-more'><a data-id='28761' class='' href='https:\/\/www.infotetquebec.com\/es\/agricarrieres-un-actor-clave-del-sector-agricola-en-monteregie-y-un-colaborador-esencial-del-pstm-para-los-tet\/'>Lire la suite<\/a><\/span><\/div><\/div><\/div><\/div><div class=\"rt-col-md-4 rt-col-sm-6 rt-col-xs-12 even-grid-item rt-grid-item\" data-id=\"28527\"><div class=\"rt-holder\"><div class=\"rt-img-holder\"><a data-id=\"28527\" class=\"\" href=\"https:\/\/www.infotetquebec.com\/es\/sesion-informativa-sobre-el-sistema-financiero-canadiense-para-trabajadores-extranjeros-temporales\/\"><img loading=\"lazy\" decoding=\"async\" width=\"300\" height=\"150\" src=\"https:\/\/www.infotetquebec.com\/wp-content\/uploads\/2026\/04\/af81d74a-d07c-48a4-8639-23aa83a3ed3d-300x150.jpg\" class=\"rt-img-responsive \" alt=\"\" \/><\/a><\/div><div class='rt-detail'><h3 class=\"entry-title\"><a data-id=\"28527\" class=\"\" href=\"https:\/\/www.infotetquebec.com\/es\/sesion-informativa-sobre-el-sistema-financiero-canadiense-para-trabajadores-extranjeros-temporales\/\">Sesi\u00f3n informativa sobre el sistema financiero canadiense para trabajadores extranjeros temporales<\/a><\/h3><div class='tpg-excerpt'>Se llev\u00f3 a cabo en Granby una sesi\u00f3n informativa sobre el sistema financiero canadiense dirigida...<\/div><div class='post-meta center'><span class='read-more'><a data-id='28527' class='' href='https:\/\/www.infotetquebec.com\/es\/sesion-informativa-sobre-el-sistema-financiero-canadiense-para-trabajadores-extranjeros-temporales\/'>Lire la suite<\/a><\/span><\/div><\/div><\/div><\/div><\/div><\/div>\n","protected":false},"excerpt":{"rendered":"<p>5, rue St-Jean-Baptiste Est, Montmagny, G5V 1J7 +1 (418) 248-7698 Regi\u00f3n afectada por el proyecto : Chaudi\u00e8re-Appalaches Servicios y actividades Art\u00edculos<\/p>\n","protected":false},"author":16,"featured_media":0,"parent":0,"menu_order":0,"comment_status":"closed","ping_status":"closed","template":"","meta":{"_genesis_hide_title":false,"_genesis_hide_breadcrumbs":false,"_genesis_hide_singular_image":false,"_genesis_hide_footer_widgets":false,"_genesis_custom_body_class":"","_genesis_custom_post_class":"","_genesis_layout":"","footnotes":""},"class_list":["post-4661","page","type-page","status-publish","entry","has-post-thumbnail"],"yoast_head":"<!-- This site is optimized with the Yoast SEO plugin v27.6 - https:\/\/yoast.com\/product\/yoast-seo-wordpress\/ -->\n<title>Corporaci\u00f3n de desarrollo econ\u00f3mico de la MRC de Montmagny (CDEMM) - Infotetquebec<\/title>\n<meta name=\"robots\" content=\"index, follow, max-snippet:-1, max-image-preview:large, max-video-preview:-1\" \/>\n<link rel=\"canonical\" href=\"https:\/\/www.infotetquebec.com\/es\/organizacion-cdemm\/\" \/>\n<meta property=\"og:locale\" content=\"es_ES\" \/>\n<meta property=\"og:type\" content=\"article\" \/>\n<meta property=\"og:title\" content=\"Corporaci\u00f3n de desarrollo econ\u00f3mico de la MRC de Montmagny (CDEMM) - Infotetquebec\" \/>\n<meta property=\"og:description\" content=\"5, rue St-Jean-Baptiste Est, Montmagny, G5V 1J7 +1 (418) 248-7698 Regi\u00f3n afectada por el proyecto : Chaudi\u00e8re-Appalaches Servicios y actividades Art\u00edculos\" \/>\n<meta property=\"og:url\" content=\"https:\/\/www.infotetquebec.com\/es\/organizacion-cdemm\/\" \/>\n<meta property=\"og:site_name\" content=\"Infotetquebec\" \/>\n<meta property=\"article:publisher\" content=\"https:\/\/www.facebook.com\/profile.php?id=100089616676260\" \/>\n<meta property=\"article:modified_time\" content=\"2023-05-09T14:42:42+00:00\" \/>\n<meta property=\"og:image\" content=\"https:\/\/www.infotetquebec.com\/wp-content\/uploads\/2022\/04\/17-Logo-CDEMM-300x111.jpg\" \/>\n<meta name=\"twitter:card\" content=\"summary_large_image\" \/>\n<meta name=\"twitter:label1\" content=\"Tiempo de lectura\" \/>\n\t<meta name=\"twitter:data1\" content=\"2 minutos\" \/>\n<script type=\"application\/ld+json\" class=\"yoast-schema-graph\">{\"@context\":\"https:\\\/\\\/schema.org\",\"@graph\":[{\"@type\":\"WebPage\",\"@id\":\"https:\\\/\\\/www.infotetquebec.com\\\/es\\\/organizacion-cdemm\\\/\",\"url\":\"https:\\\/\\\/www.infotetquebec.com\\\/es\\\/organizacion-cdemm\\\/\",\"name\":\"Corporaci\u00f3n de desarrollo econ\u00f3mico de la MRC de Montmagny (CDEMM) - Infotetquebec\",\"isPartOf\":{\"@id\":\"https:\\\/\\\/www.infotetquebec.com\\\/es\\\/#website\"},\"primaryImageOfPage\":{\"@id\":\"https:\\\/\\\/www.infotetquebec.com\\\/es\\\/organizacion-cdemm\\\/#primaryimage\"},\"image\":{\"@id\":\"https:\\\/\\\/www.infotetquebec.com\\\/es\\\/organizacion-cdemm\\\/#primaryimage\"},\"thumbnailUrl\":\"https:\\\/\\\/www.infotetquebec.com\\\/wp-content\\\/uploads\\\/2022\\\/04\\\/17-Logo-CDEMM-300x111.jpg\",\"datePublished\":\"2022-07-07T15:16:02+00:00\",\"dateModified\":\"2023-05-09T14:42:42+00:00\",\"breadcrumb\":{\"@id\":\"https:\\\/\\\/www.infotetquebec.com\\\/es\\\/organizacion-cdemm\\\/#breadcrumb\"},\"inLanguage\":\"es\",\"potentialAction\":[{\"@type\":\"ReadAction\",\"target\":[\"https:\\\/\\\/www.infotetquebec.com\\\/es\\\/organizacion-cdemm\\\/\"]}]},{\"@type\":\"ImageObject\",\"inLanguage\":\"es\",\"@id\":\"https:\\\/\\\/www.infotetquebec.com\\\/es\\\/organizacion-cdemm\\\/#primaryimage\",\"url\":\"https:\\\/\\\/www.infotetquebec.com\\\/wp-content\\\/uploads\\\/2022\\\/04\\\/17-Logo-CDEMM-300x111.jpg\",\"contentUrl\":\"https:\\\/\\\/www.infotetquebec.com\\\/wp-content\\\/uploads\\\/2022\\\/04\\\/17-Logo-CDEMM-300x111.jpg\"},{\"@type\":\"BreadcrumbList\",\"@id\":\"https:\\\/\\\/www.infotetquebec.com\\\/es\\\/organizacion-cdemm\\\/#breadcrumb\",\"itemListElement\":[{\"@type\":\"ListItem\",\"position\":1,\"name\":\"Accueil\",\"item\":\"https:\\\/\\\/www.infotetquebec.com\\\/es\\\/\"},{\"@type\":\"ListItem\",\"position\":2,\"name\":\"Corporaci\u00f3n de desarrollo econ\u00f3mico de la MRC de Montmagny (CDEMM)\"}]},{\"@type\":\"WebSite\",\"@id\":\"https:\\\/\\\/www.infotetquebec.com\\\/es\\\/#website\",\"url\":\"https:\\\/\\\/www.infotetquebec.com\\\/es\\\/\",\"name\":\"Infotetquebec\",\"description\":\"Info et soutien aux TET\",\"publisher\":{\"@id\":\"https:\\\/\\\/www.infotetquebec.com\\\/es\\\/#organization\"},\"potentialAction\":[{\"@type\":\"SearchAction\",\"target\":{\"@type\":\"EntryPoint\",\"urlTemplate\":\"https:\\\/\\\/www.infotetquebec.com\\\/es\\\/?s={search_term_string}\"},\"query-input\":{\"@type\":\"PropertyValueSpecification\",\"valueRequired\":true,\"valueName\":\"search_term_string\"}}],\"inLanguage\":\"es\"},{\"@type\":\"Organization\",\"@id\":\"https:\\\/\\\/www.infotetquebec.com\\\/es\\\/#organization\",\"name\":\"InfoTETQuebec\",\"url\":\"https:\\\/\\\/www.infotetquebec.com\\\/es\\\/\",\"logo\":{\"@type\":\"ImageObject\",\"inLanguage\":\"es\",\"@id\":\"https:\\\/\\\/www.infotetquebec.com\\\/es\\\/#\\\/schema\\\/logo\\\/image\\\/\",\"url\":\"https:\\\/\\\/www.infotetquebec.com\\\/wp-content\\\/uploads\\\/2021\\\/02\\\/cropped-IMQC_TET_Favicon_Fav-Icon_Fav-Icon-1.png\",\"contentUrl\":\"https:\\\/\\\/www.infotetquebec.com\\\/wp-content\\\/uploads\\\/2021\\\/02\\\/cropped-IMQC_TET_Favicon_Fav-Icon_Fav-Icon-1.png\",\"width\":512,\"height\":512,\"caption\":\"InfoTETQuebec\"},\"image\":{\"@id\":\"https:\\\/\\\/www.infotetquebec.com\\\/es\\\/#\\\/schema\\\/logo\\\/image\\\/\"},\"sameAs\":[\"https:\\\/\\\/www.facebook.com\\\/profile.php?id=100089616676260\"]}]}<\/script>\n<!-- \/ Yoast SEO plugin. -->","yoast_head_json":{"title":"Corporaci\u00f3n de desarrollo econ\u00f3mico de la MRC de Montmagny (CDEMM) - Infotetquebec","robots":{"index":"index","follow":"follow","max-snippet":"max-snippet:-1","max-image-preview":"max-image-preview:large","max-video-preview":"max-video-preview:-1"},"canonical":"https:\/\/www.infotetquebec.com\/es\/organizacion-cdemm\/","og_locale":"es_ES","og_type":"article","og_title":"Corporaci\u00f3n de desarrollo econ\u00f3mico de la MRC de Montmagny (CDEMM) - Infotetquebec","og_description":"5, rue St-Jean-Baptiste Est, Montmagny, G5V 1J7 +1 (418) 248-7698 Regi\u00f3n afectada por el proyecto : Chaudi\u00e8re-Appalaches Servicios y actividades Art\u00edculos","og_url":"https:\/\/www.infotetquebec.com\/es\/organizacion-cdemm\/","og_site_name":"Infotetquebec","article_publisher":"https:\/\/www.facebook.com\/profile.php?id=100089616676260","article_modified_time":"2023-05-09T14:42:42+00:00","og_image":[{"url":"https:\/\/www.infotetquebec.com\/wp-content\/uploads\/2022\/04\/17-Logo-CDEMM-300x111.jpg","type":"","width":"","height":""}],"twitter_card":"summary_large_image","twitter_misc":{"Tiempo de lectura":"2 minutos"},"schema":{"@context":"https:\/\/schema.org","@graph":[{"@type":"WebPage","@id":"https:\/\/www.infotetquebec.com\/es\/organizacion-cdemm\/","url":"https:\/\/www.infotetquebec.com\/es\/organizacion-cdemm\/","name":"Corporaci\u00f3n de desarrollo econ\u00f3mico de la MRC de Montmagny (CDEMM) - Infotetquebec","isPartOf":{"@id":"https:\/\/www.infotetquebec.com\/es\/#website"},"primaryImageOfPage":{"@id":"https:\/\/www.infotetquebec.com\/es\/organizacion-cdemm\/#primaryimage"},"image":{"@id":"https:\/\/www.infotetquebec.com\/es\/organizacion-cdemm\/#primaryimage"},"thumbnailUrl":"https:\/\/www.infotetquebec.com\/wp-content\/uploads\/2022\/04\/17-Logo-CDEMM-300x111.jpg","datePublished":"2022-07-07T15:16:02+00:00","dateModified":"2023-05-09T14:42:42+00:00","breadcrumb":{"@id":"https:\/\/www.infotetquebec.com\/es\/organizacion-cdemm\/#breadcrumb"},"inLanguage":"es","potentialAction":[{"@type":"ReadAction","target":["https:\/\/www.infotetquebec.com\/es\/organizacion-cdemm\/"]}]},{"@type":"ImageObject","inLanguage":"es","@id":"https:\/\/www.infotetquebec.com\/es\/organizacion-cdemm\/#primaryimage","url":"https:\/\/www.infotetquebec.com\/wp-content\/uploads\/2022\/04\/17-Logo-CDEMM-300x111.jpg","contentUrl":"https:\/\/www.infotetquebec.com\/wp-content\/uploads\/2022\/04\/17-Logo-CDEMM-300x111.jpg"},{"@type":"BreadcrumbList","@id":"https:\/\/www.infotetquebec.com\/es\/organizacion-cdemm\/#breadcrumb","itemListElement":[{"@type":"ListItem","position":1,"name":"Accueil","item":"https:\/\/www.infotetquebec.com\/es\/"},{"@type":"ListItem","position":2,"name":"Corporaci\u00f3n de desarrollo econ\u00f3mico de la MRC de Montmagny (CDEMM)"}]},{"@type":"WebSite","@id":"https:\/\/www.infotetquebec.com\/es\/#website","url":"https:\/\/www.infotetquebec.com\/es\/","name":"Infotetquebec","description":"Info et soutien aux TET","publisher":{"@id":"https:\/\/www.infotetquebec.com\/es\/#organization"},"potentialAction":[{"@type":"SearchAction","target":{"@type":"EntryPoint","urlTemplate":"https:\/\/www.infotetquebec.com\/es\/?s={search_term_string}"},"query-input":{"@type":"PropertyValueSpecification","valueRequired":true,"valueName":"search_term_string"}}],"inLanguage":"es"},{"@type":"Organization","@id":"https:\/\/www.infotetquebec.com\/es\/#organization","name":"InfoTETQuebec","url":"https:\/\/www.infotetquebec.com\/es\/","logo":{"@type":"ImageObject","inLanguage":"es","@id":"https:\/\/www.infotetquebec.com\/es\/#\/schema\/logo\/image\/","url":"https:\/\/www.infotetquebec.com\/wp-content\/uploads\/2021\/02\/cropped-IMQC_TET_Favicon_Fav-Icon_Fav-Icon-1.png","contentUrl":"https:\/\/www.infotetquebec.com\/wp-content\/uploads\/2021\/02\/cropped-IMQC_TET_Favicon_Fav-Icon_Fav-Icon-1.png","width":512,"height":512,"caption":"InfoTETQuebec"},"image":{"@id":"https:\/\/www.infotetquebec.com\/es\/#\/schema\/logo\/image\/"},"sameAs":["https:\/\/www.facebook.com\/profile.php?id=100089616676260"]}]}},"rttpg_featured_image_url":null,"rttpg_author":{"display_name":"Soufian AJLANI","author_link":"https:\/\/www.infotetquebec.com\/es\/author\/soufian_iq\/"},"rttpg_comment":0,"rttpg_category":"","rttpg_excerpt":"5, rue St-Jean-Baptiste Est, Montmagny, G5V 1J7 +1 (418) 248-7698 Regi\u00f3n afectada por el proyecto : Chaudi\u00e8re-Appalaches Servicios y actividades Art\u00edculos","_links":{"self":[{"href":"https:\/\/www.infotetquebec.com\/es\/wp-json\/wp\/v2\/pages\/4661","targetHints":{"allow":["GET"]}}],"collection":[{"href":"https:\/\/www.infotetquebec.com\/es\/wp-json\/wp\/v2\/pages"}],"about":[{"href":"https:\/\/www.infotetquebec.com\/es\/wp-json\/wp\/v2\/types\/page"}],"author":[{"embeddable":true,"href":"https:\/\/www.infotetquebec.com\/es\/wp-json\/wp\/v2\/users\/16"}],"replies":[{"embeddable":true,"href":"https:\/\/www.infotetquebec.com\/es\/wp-json\/wp\/v2\/comments?post=4661"}],"version-history":[{"count":8,"href":"https:\/\/www.infotetquebec.com\/es\/wp-json\/wp\/v2\/pages\/4661\/revisions"}],"predecessor-version":[{"id":7075,"href":"https:\/\/www.infotetquebec.com\/es\/wp-json\/wp\/v2\/pages\/4661\/revisions\/7075"}],"wp:attachment":[{"href":"https:\/\/www.infotetquebec.com\/es\/wp-json\/wp\/v2\/media?parent=4661"}],"curies":[{"name":"wp","href":"https:\/\/api.w.org\/{rel}","templated":true}]}}