{"id":4655,"date":"2022-07-05T16:31:55","date_gmt":"2022-07-05T20:31:55","guid":{"rendered":"https:\/\/www.infotetquebec.com\/organisme-au-bord-des-mots\/"},"modified":"2023-04-26T12:15:43","modified_gmt":"2023-04-26T16:15:43","slug":"organizacion-au-bord-des-mots","status":"publish","type":"page","link":"https:\/\/www.infotetquebec.com\/es\/organizacion-au-bord-des-mots\/","title":{"rendered":"Au bord des mots"},"content":{"rendered":"<div class=\"wp-block-image\" style=\"text-align: center;\">\n<h4 class=\"aligncenter size-full is-resized\"><strong style=\"text-align: center;\"><a href=\"http:\/\/www.auborddesmots.com\" target=\"_blank\" rel=\"noopener\"><img fetchpriority=\"high\" decoding=\"async\" class=\"aligncenter wp-image-2849 size-medium\" src=\"https:\/\/www.infotetquebec.com\/wp-content\/uploads\/2022\/04\/logo-Au-bord-des-mots-1-300x206.jpg\" alt=\"\" width=\"300\" height=\"206\" srcset=\"https:\/\/www.infotetquebec.com\/wp-content\/uploads\/2022\/04\/logo-Au-bord-des-mots-1-300x206.jpg 300w, https:\/\/www.infotetquebec.com\/wp-content\/uploads\/2022\/04\/logo-Au-bord-des-mots-1-768x528.jpg 768w, https:\/\/www.infotetquebec.com\/wp-content\/uploads\/2022\/04\/logo-Au-bord-des-mots-1.jpg 960w\" sizes=\"(max-width: 300px) 100vw, 300px\" \/><\/a><\/strong><strong><strong><br \/>\n171 Rue Saint-Antoine-Nord,<br \/>\nLavaltrie (Qc) J5T 2G6<br \/>\n+ 1 (450) 586-0820<br \/>\n<\/strong><\/strong><\/h4>\n<p><a href=\"https:\/\/www.facebook.com\/Au-bord-des-mots-728458893896451\" target=\"_blank\" rel=\"noopener\"><img decoding=\"async\" class=\"alignnone size-full wp-image-2407\" src=\"https:\/\/www.infotetquebec.com\/wp-content\/uploads\/2022\/03\/FACEBOOK-1.png\" alt=\"\" width=\"40\" height=\"40\" \/><\/a><\/p>\n<\/div>\n<h3 style=\"text-align: center;\">Regi\u00f3n afectada por el proyecto : Lanaudi\u00e8re<\/h3>\n<h2 style=\"text-align: center;\"><img decoding=\"async\" class=\"alignnone wp-image-3304 size-full\" src=\"https:\/\/www.infotetquebec.com\/wp-content\/uploads\/2022\/06\/AU-BORD-DES-MOTS.png\" alt=\"\" width=\"600\" height=\"450\" srcset=\"https:\/\/www.infotetquebec.com\/wp-content\/uploads\/2022\/06\/AU-BORD-DES-MOTS.png 600w, https:\/\/www.infotetquebec.com\/wp-content\/uploads\/2022\/06\/AU-BORD-DES-MOTS-300x225.png 300w\" sizes=\"(max-width: 600px) 100vw, 600px\" \/><\/h2>\n<h3 style=\"text-align: center;\">Servicios y actividades<\/h3>\n<p style=\"text-align: center;\" data-wp-editing=\"1\"><img loading=\"lazy\" decoding=\"async\" class=\"aligncenter size-full wp-image-4466\" src=\"https:\/\/www.infotetquebec.com\/wp-content\/uploads\/2022\/07\/Sesio\u0301n-de-informacio\u0301n-vert.png\" alt=\"\" width=\"300\" height=\"100\" \/><a href=\"https:\/\/www.infotetquebec.com\/wp-content\/uploads\/2022\/07\/Actividad-cultural-o-deportiva-o-deporte-blanc.png\"><img loading=\"lazy\" decoding=\"async\" class=\"aligncenter size-full wp-image-4427\" src=\"https:\/\/www.infotetquebec.com\/wp-content\/uploads\/2022\/07\/Actividad-cultural-o-deportiva-o-deporte-blanc.png\" alt=\"\" width=\"300\" height=\"100\" \/><\/a>Apoyo administrativo<\/p>\n<p data-wp-editing=\"1\">\n\t<div data-id=\"3283\" class=\"codeneric-img-public-container\"><\/div>\n\t\n<figure class=\"wp-block-video\"><\/figure>\n<h3 style=\"text-align: center;\">Art\u00edculos<\/h3>\n<p style=\"text-align: center;\"><style type='text\/css' media='all'>#rt-tpg-container-2848391908 .rt-holder .rt-woo-info .price{color:#0367bf;}body .rt-tpg-container .rt-tpg-isotope-buttons .selected,\n\t\t\t\t\t#rt-tpg-container-2848391908 .layout12 .rt-holder:hover .rt-detail,\n\t\t\t\t\t#rt-tpg-container-2848391908 .isotope8 .rt-holder:hover .rt-detail,\n\t\t\t\t\t#rt-tpg-container-2848391908 .carousel8 .rt-holder:hover .rt-detail,\n\t\t\t\t\t#rt-tpg-container-2848391908 .layout13 .rt-holder .overlay .post-info,\n\t\t\t\t\t#rt-tpg-container-2848391908 .isotope9 .rt-holder .overlay .post-info,\n\t\t\t\t\t#rt-tpg-container-2848391908.rt-tpg-container .layout4 .rt-holder .rt-detail,\n\t\t\t\t\t.rt-modal-2848391908 .md-content,\n\t\t\t\t\t.rt-modal-2848391908 .md-content > .rt-md-content-holder .rt-md-content,\n\t\t\t\t\t.rt-popup-wrap-2848391908.rt-popup-wrap .rt-popup-navigation-wrap,\n\t\t\t\t\t#rt-tpg-container-2848391908 .carousel9 .rt-holder .overlay .post-info{background-color:#0367bf;}#rt-tpg-container-2848391908 .layout5 .rt-holder .overlay, #rt-tpg-container-2848391908 .isotope2 .rt-holder .overlay, #rt-tpg-container-2848391908 .carousel2 .rt-holder .overlay,#rt-tpg-container-2848391908 .layout15 .rt-holder h3, #rt-tpg-container-2848391908 .isotope11 .rt-holder h3, #rt-tpg-container-2848391908 .carousel11 .rt-holder h3, #rt-tpg-container-2848391908 .layout16 .rt-holder h3,\n\t\t\t\t\t#rt-tpg-container-2848391908 .isotope12 .rt-holder h3, #rt-tpg-container-2848391908 .carousel12 .rt-holder h3 {background-color:rgba(3,103,191,0.8);}#rt-tpg-container-2848391908 .read-more a{border-radius:px;}#rt-tpg-container-2848391908 .rt-img-holder img.rt-img-responsive,#rt-tpg-container-2848391908 .rt-img-holder,\n\t\t\t\t\t#rt-tpg-container-2848391908 .rt-post-overlay .post-img,\n\t\t\t\t\t#rt-tpg-container-2848391908 .post-sm .post-img,\n\t\t\t\t\t#rt-tpg-container-2848391908 .rt-post-grid .post-img,\n\t\t\t\t\t#rt-tpg-container-2848391908 .post-img img {border-radius:px;}#rt-tpg-container-2848391908 .layout1 .rt-holder h2.entry-title,\n\t\t\t\t\t#rt-tpg-container-2848391908 .layout1 .rt-holder h3.entry-title,\n\t\t\t\t\t#rt-tpg-container-2848391908 .layout1 .rt-holder h4.entry-title,\n\t\t\t\t\t#rt-tpg-container-2848391908 .layout1 .rt-holder h2.entry-title a,\n\t\t\t\t\t#rt-tpg-container-2848391908 .layout1 .rt-holder h3.entry-title a,\n\t\t\t\t\t#rt-tpg-container-2848391908 .layout1 .rt-holder h4.entry-title a,\n\t\t\t\t\t#rt-tpg-container-2848391908 .rt-holder .rt-woo-info h2 a,\n\t\t\t\t\t#rt-tpg-container-2848391908 .rt-holder .rt-woo-info h3 a,\n\t\t\t\t\t#rt-tpg-container-2848391908 .rt-holder .rt-woo-info h4 a,\n\t\t\t\t\t#rt-tpg-container-2848391908 .post-content .post-title,\n\t\t\t\t\t#rt-tpg-container-2848391908 .rt-post-grid .post-title,\n\t\t\t\t\t#rt-tpg-container-2848391908 .rt-post-grid .post-title a,\n\t\t\t\t\t#rt-tpg-container-2848391908 .post-content .post-title a,\n\t\t\t\t\t#rt-tpg-container-2848391908 .rt-holder .rt-woo-info h2,\n\t\t\t\t\t#rt-tpg-container-2848391908 .rt-holder .rt-woo-info h3,\n\t\t\t\t\t#rt-tpg-container-2848391908 .rt-holder .rt-woo-info h4{color:#4eb748;font-size:20px;line-height:30px;text-align:left;}#rt-tpg-container-2848391908 .post-grid-lg-style-1 .post-title,\n\t\t\t\t\t\t#rt-tpg-container-2848391908 .post-grid-lg-style-1 .post-title a,\n\t\t\t\t\t\t#rt-tpg-container-2848391908 .big-layout .post-title,\n\t\t\t\t\t\t#rt-tpg-container-2848391908 .big-layout .post-title a,\n\t\t\t\t\t\t#rt-tpg-container-2848391908 .post-grid-lg-style-1 .post-title,\n\t\t\t\t\t\t#rt-tpg-container-2848391908 .post-grid-lg-style-1 .post-title a {font-size:28px;line-height:38px;}#rt-tpg-container-2848391908 .layout1 .rt-holder h2.entry-title:hover,\n\t\t\t\t\t#rt-tpg-container-2848391908 .layout1 .rt-holder h3.entry-title:hover,\n\t\t\t\t\t#rt-tpg-container-2848391908 .layout1 .rt-holder h4.entry-title:hover,\n\t\t\t\t\t#rt-tpg-container-2848391908 .layout1 .rt-holder h2.entry-title a:hover,\n\t\t\t\t\t#rt-tpg-container-2848391908 .layout1 .rt-holder h3.entry-title a:hover,\n\t\t\t\t\t#rt-tpg-container-2848391908 .layout1 .rt-holder h4.entry-title a:hover,\n\t\t\t\t\t#rt-tpg-container-2848391908 .post-content .post-title a:hover,\n\t\t\t\t\t#rt-tpg-container-2848391908 .rt-post-grid .post-title a:hover,\n\t\t\t\t\t#rt-tpg-container-2848391908 .rt-holder .rt-woo-info h2 a:hover,\n\t\t\t\t\t#rt-tpg-container-2848391908 .rt-holder .rt-woo-info h3 a:hover,\n\t\t\t\t\t#rt-tpg-container-2848391908 .rt-holder .rt-woo-info h4 a:hover,\n\t\t\t\t\t#rt-tpg-container-2848391908 .rt-holder .rt-woo-info h2:hover,\n\t\t\t\t\t#rt-tpg-container-2848391908 .rt-holder .rt-woo-info h3:hover,\n\t\t\t\t\t#rt-tpg-container-2848391908 .rt-holder .rt-woo-info h4:hover{color:#000000 !important;}#rt-tpg-container-2848391908 .layout1 .rt-holder .tpg-excerpt,#rt-tpg-container-2848391908 .layout1 .tpg-excerpt,#rt-tpg-container-2848391908 .layout1 .rt-holder .post-content,#rt-tpg-container-2848391908 .rt-holder .rt-woo-info p,#rt-tpg-container-2848391908 .post-content p {color:#000000;font-size:15px;text-align:left;}<\/style><div class='rt-container-fluid rt-tpg-container tpg-shortcode-main-wrapper ' id='rt-tpg-container-2848391908'   data-layout='layout1' data-grid-style='even' data-desktop-col='3'  data-tab-col='2'  data-mobile-col='1' data-sc-id='4077'><div data-title='Loading ...' class='rt-row rt-content-loader   layout1 tpg-even '><p>No post found<\/p><\/div><\/div><\/p>\n<p>&nbsp;<\/p>\n","protected":false},"excerpt":{"rendered":"<p>171 Rue Saint-Antoine-Nord, Lavaltrie (Qc) J5T 2G6 + 1 (450) 586-0820 Regi\u00f3n afectada por el proyecto : Lanaudi\u00e8re Servicios y actividades Apoyo administrativo Art\u00edculos &nbsp;<\/p>\n","protected":false},"author":16,"featured_media":0,"parent":0,"menu_order":0,"comment_status":"closed","ping_status":"closed","template":"","meta":{"_genesis_hide_title":false,"_genesis_hide_breadcrumbs":false,"_genesis_hide_singular_image":false,"_genesis_hide_footer_widgets":false,"_genesis_custom_body_class":"","_genesis_custom_post_class":"","_genesis_layout":"","footnotes":""},"class_list":["post-4655","page","type-page","status-publish","entry","has-post-thumbnail"],"yoast_head":"<!-- This site is optimized with the Yoast SEO plugin v27.4 - https:\/\/yoast.com\/product\/yoast-seo-wordpress\/ -->\n<title>Au bord des mots - Infotetquebec<\/title>\n<meta name=\"robots\" content=\"index, follow, max-snippet:-1, max-image-preview:large, max-video-preview:-1\" \/>\n<link rel=\"canonical\" href=\"https:\/\/www.infotetquebec.com\/es\/organizacion-au-bord-des-mots\/\" \/>\n<meta property=\"og:locale\" content=\"es_ES\" \/>\n<meta property=\"og:type\" content=\"article\" \/>\n<meta property=\"og:title\" content=\"Au bord des mots - Infotetquebec\" \/>\n<meta property=\"og:description\" content=\"171 Rue Saint-Antoine-Nord, Lavaltrie (Qc) J5T 2G6 + 1 (450) 586-0820 Regi\u00f3n afectada por el proyecto : Lanaudi\u00e8re Servicios y actividades Apoyo administrativo Art\u00edculos &nbsp;\" \/>\n<meta property=\"og:url\" content=\"https:\/\/www.infotetquebec.com\/es\/organizacion-au-bord-des-mots\/\" \/>\n<meta property=\"og:site_name\" content=\"Infotetquebec\" \/>\n<meta property=\"article:publisher\" content=\"https:\/\/www.facebook.com\/profile.php?id=100089616676260\" \/>\n<meta property=\"article:modified_time\" content=\"2023-04-26T16:15:43+00:00\" \/>\n<meta property=\"og:image\" content=\"https:\/\/www.infotetquebec.com\/wp-content\/uploads\/2022\/04\/logo-Au-bord-des-mots-1-300x206.jpg\" \/>\n<meta name=\"twitter:card\" content=\"summary_large_image\" \/>\n<meta name=\"twitter:label1\" content=\"Tiempo de lectura\" \/>\n\t<meta name=\"twitter:data1\" content=\"2 minutos\" \/>\n<script type=\"application\/ld+json\" class=\"yoast-schema-graph\">{\"@context\":\"https:\\\/\\\/schema.org\",\"@graph\":[{\"@type\":\"WebPage\",\"@id\":\"https:\\\/\\\/www.infotetquebec.com\\\/es\\\/organizacion-au-bord-des-mots\\\/\",\"url\":\"https:\\\/\\\/www.infotetquebec.com\\\/es\\\/organizacion-au-bord-des-mots\\\/\",\"name\":\"Au bord des mots - Infotetquebec\",\"isPartOf\":{\"@id\":\"https:\\\/\\\/www.infotetquebec.com\\\/es\\\/#website\"},\"primaryImageOfPage\":{\"@id\":\"https:\\\/\\\/www.infotetquebec.com\\\/es\\\/organizacion-au-bord-des-mots\\\/#primaryimage\"},\"image\":{\"@id\":\"https:\\\/\\\/www.infotetquebec.com\\\/es\\\/organizacion-au-bord-des-mots\\\/#primaryimage\"},\"thumbnailUrl\":\"https:\\\/\\\/www.infotetquebec.com\\\/wp-content\\\/uploads\\\/2022\\\/04\\\/logo-Au-bord-des-mots-1-300x206.jpg\",\"datePublished\":\"2022-07-05T20:31:55+00:00\",\"dateModified\":\"2023-04-26T16:15:43+00:00\",\"breadcrumb\":{\"@id\":\"https:\\\/\\\/www.infotetquebec.com\\\/es\\\/organizacion-au-bord-des-mots\\\/#breadcrumb\"},\"inLanguage\":\"es\",\"potentialAction\":[{\"@type\":\"ReadAction\",\"target\":[\"https:\\\/\\\/www.infotetquebec.com\\\/es\\\/organizacion-au-bord-des-mots\\\/\"]}]},{\"@type\":\"ImageObject\",\"inLanguage\":\"es\",\"@id\":\"https:\\\/\\\/www.infotetquebec.com\\\/es\\\/organizacion-au-bord-des-mots\\\/#primaryimage\",\"url\":\"https:\\\/\\\/www.infotetquebec.com\\\/wp-content\\\/uploads\\\/2022\\\/04\\\/logo-Au-bord-des-mots-1-300x206.jpg\",\"contentUrl\":\"https:\\\/\\\/www.infotetquebec.com\\\/wp-content\\\/uploads\\\/2022\\\/04\\\/logo-Au-bord-des-mots-1-300x206.jpg\"},{\"@type\":\"BreadcrumbList\",\"@id\":\"https:\\\/\\\/www.infotetquebec.com\\\/es\\\/organizacion-au-bord-des-mots\\\/#breadcrumb\",\"itemListElement\":[{\"@type\":\"ListItem\",\"position\":1,\"name\":\"Accueil\",\"item\":\"https:\\\/\\\/www.infotetquebec.com\\\/es\\\/\"},{\"@type\":\"ListItem\",\"position\":2,\"name\":\"Au bord des mots\"}]},{\"@type\":\"WebSite\",\"@id\":\"https:\\\/\\\/www.infotetquebec.com\\\/es\\\/#website\",\"url\":\"https:\\\/\\\/www.infotetquebec.com\\\/es\\\/\",\"name\":\"Infotetquebec\",\"description\":\"Info et soutien aux TET\",\"publisher\":{\"@id\":\"https:\\\/\\\/www.infotetquebec.com\\\/es\\\/#organization\"},\"potentialAction\":[{\"@type\":\"SearchAction\",\"target\":{\"@type\":\"EntryPoint\",\"urlTemplate\":\"https:\\\/\\\/www.infotetquebec.com\\\/es\\\/?s={search_term_string}\"},\"query-input\":{\"@type\":\"PropertyValueSpecification\",\"valueRequired\":true,\"valueName\":\"search_term_string\"}}],\"inLanguage\":\"es\"},{\"@type\":\"Organization\",\"@id\":\"https:\\\/\\\/www.infotetquebec.com\\\/es\\\/#organization\",\"name\":\"InfoTETQuebec\",\"url\":\"https:\\\/\\\/www.infotetquebec.com\\\/es\\\/\",\"logo\":{\"@type\":\"ImageObject\",\"inLanguage\":\"es\",\"@id\":\"https:\\\/\\\/www.infotetquebec.com\\\/es\\\/#\\\/schema\\\/logo\\\/image\\\/\",\"url\":\"https:\\\/\\\/www.infotetquebec.com\\\/wp-content\\\/uploads\\\/2021\\\/02\\\/cropped-IMQC_TET_Favicon_Fav-Icon_Fav-Icon-1.png\",\"contentUrl\":\"https:\\\/\\\/www.infotetquebec.com\\\/wp-content\\\/uploads\\\/2021\\\/02\\\/cropped-IMQC_TET_Favicon_Fav-Icon_Fav-Icon-1.png\",\"width\":512,\"height\":512,\"caption\":\"InfoTETQuebec\"},\"image\":{\"@id\":\"https:\\\/\\\/www.infotetquebec.com\\\/es\\\/#\\\/schema\\\/logo\\\/image\\\/\"},\"sameAs\":[\"https:\\\/\\\/www.facebook.com\\\/profile.php?id=100089616676260\"]}]}<\/script>\n<!-- \/ Yoast SEO plugin. -->","yoast_head_json":{"title":"Au bord des mots - Infotetquebec","robots":{"index":"index","follow":"follow","max-snippet":"max-snippet:-1","max-image-preview":"max-image-preview:large","max-video-preview":"max-video-preview:-1"},"canonical":"https:\/\/www.infotetquebec.com\/es\/organizacion-au-bord-des-mots\/","og_locale":"es_ES","og_type":"article","og_title":"Au bord des mots - Infotetquebec","og_description":"171 Rue Saint-Antoine-Nord, Lavaltrie (Qc) J5T 2G6 + 1 (450) 586-0820 Regi\u00f3n afectada por el proyecto : Lanaudi\u00e8re Servicios y actividades Apoyo administrativo Art\u00edculos &nbsp;","og_url":"https:\/\/www.infotetquebec.com\/es\/organizacion-au-bord-des-mots\/","og_site_name":"Infotetquebec","article_publisher":"https:\/\/www.facebook.com\/profile.php?id=100089616676260","article_modified_time":"2023-04-26T16:15:43+00:00","og_image":[{"url":"https:\/\/www.infotetquebec.com\/wp-content\/uploads\/2022\/04\/logo-Au-bord-des-mots-1-300x206.jpg","type":"","width":"","height":""}],"twitter_card":"summary_large_image","twitter_misc":{"Tiempo de lectura":"2 minutos"},"schema":{"@context":"https:\/\/schema.org","@graph":[{"@type":"WebPage","@id":"https:\/\/www.infotetquebec.com\/es\/organizacion-au-bord-des-mots\/","url":"https:\/\/www.infotetquebec.com\/es\/organizacion-au-bord-des-mots\/","name":"Au bord des mots - Infotetquebec","isPartOf":{"@id":"https:\/\/www.infotetquebec.com\/es\/#website"},"primaryImageOfPage":{"@id":"https:\/\/www.infotetquebec.com\/es\/organizacion-au-bord-des-mots\/#primaryimage"},"image":{"@id":"https:\/\/www.infotetquebec.com\/es\/organizacion-au-bord-des-mots\/#primaryimage"},"thumbnailUrl":"https:\/\/www.infotetquebec.com\/wp-content\/uploads\/2022\/04\/logo-Au-bord-des-mots-1-300x206.jpg","datePublished":"2022-07-05T20:31:55+00:00","dateModified":"2023-04-26T16:15:43+00:00","breadcrumb":{"@id":"https:\/\/www.infotetquebec.com\/es\/organizacion-au-bord-des-mots\/#breadcrumb"},"inLanguage":"es","potentialAction":[{"@type":"ReadAction","target":["https:\/\/www.infotetquebec.com\/es\/organizacion-au-bord-des-mots\/"]}]},{"@type":"ImageObject","inLanguage":"es","@id":"https:\/\/www.infotetquebec.com\/es\/organizacion-au-bord-des-mots\/#primaryimage","url":"https:\/\/www.infotetquebec.com\/wp-content\/uploads\/2022\/04\/logo-Au-bord-des-mots-1-300x206.jpg","contentUrl":"https:\/\/www.infotetquebec.com\/wp-content\/uploads\/2022\/04\/logo-Au-bord-des-mots-1-300x206.jpg"},{"@type":"BreadcrumbList","@id":"https:\/\/www.infotetquebec.com\/es\/organizacion-au-bord-des-mots\/#breadcrumb","itemListElement":[{"@type":"ListItem","position":1,"name":"Accueil","item":"https:\/\/www.infotetquebec.com\/es\/"},{"@type":"ListItem","position":2,"name":"Au bord des mots"}]},{"@type":"WebSite","@id":"https:\/\/www.infotetquebec.com\/es\/#website","url":"https:\/\/www.infotetquebec.com\/es\/","name":"Infotetquebec","description":"Info et soutien aux TET","publisher":{"@id":"https:\/\/www.infotetquebec.com\/es\/#organization"},"potentialAction":[{"@type":"SearchAction","target":{"@type":"EntryPoint","urlTemplate":"https:\/\/www.infotetquebec.com\/es\/?s={search_term_string}"},"query-input":{"@type":"PropertyValueSpecification","valueRequired":true,"valueName":"search_term_string"}}],"inLanguage":"es"},{"@type":"Organization","@id":"https:\/\/www.infotetquebec.com\/es\/#organization","name":"InfoTETQuebec","url":"https:\/\/www.infotetquebec.com\/es\/","logo":{"@type":"ImageObject","inLanguage":"es","@id":"https:\/\/www.infotetquebec.com\/es\/#\/schema\/logo\/image\/","url":"https:\/\/www.infotetquebec.com\/wp-content\/uploads\/2021\/02\/cropped-IMQC_TET_Favicon_Fav-Icon_Fav-Icon-1.png","contentUrl":"https:\/\/www.infotetquebec.com\/wp-content\/uploads\/2021\/02\/cropped-IMQC_TET_Favicon_Fav-Icon_Fav-Icon-1.png","width":512,"height":512,"caption":"InfoTETQuebec"},"image":{"@id":"https:\/\/www.infotetquebec.com\/es\/#\/schema\/logo\/image\/"},"sameAs":["https:\/\/www.facebook.com\/profile.php?id=100089616676260"]}]}},"rttpg_featured_image_url":null,"rttpg_author":{"display_name":"Soufian AJLANI","author_link":"https:\/\/www.infotetquebec.com\/es\/author\/soufian_iq\/"},"rttpg_comment":0,"rttpg_category":" <a href=\"https:\/\/www.infotetquebec.com\/es\/?taxonomy=translation_priority&#038;term=opcional-es-3\" rel=\"tag\">Opcional<\/a><a href=\"https:\/\/www.infotetquebec.com\/es\/?taxonomy=translation_priority&#038;term=optional-es\" rel=\"tag\">Optional<\/a>","rttpg_excerpt":"171 Rue Saint-Antoine-Nord, Lavaltrie (Qc) J5T 2G6 + 1 (450) 586-0820 Regi\u00f3n afectada por el proyecto : Lanaudi\u00e8re Servicios y actividades Apoyo administrativo Art\u00edculos &nbsp;","_links":{"self":[{"href":"https:\/\/www.infotetquebec.com\/es\/wp-json\/wp\/v2\/pages\/4655","targetHints":{"allow":["GET"]}}],"collection":[{"href":"https:\/\/www.infotetquebec.com\/es\/wp-json\/wp\/v2\/pages"}],"about":[{"href":"https:\/\/www.infotetquebec.com\/es\/wp-json\/wp\/v2\/types\/page"}],"author":[{"embeddable":true,"href":"https:\/\/www.infotetquebec.com\/es\/wp-json\/wp\/v2\/users\/16"}],"replies":[{"embeddable":true,"href":"https:\/\/www.infotetquebec.com\/es\/wp-json\/wp\/v2\/comments?post=4655"}],"version-history":[{"count":3,"href":"https:\/\/www.infotetquebec.com\/es\/wp-json\/wp\/v2\/pages\/4655\/revisions"}],"predecessor-version":[{"id":6419,"href":"https:\/\/www.infotetquebec.com\/es\/wp-json\/wp\/v2\/pages\/4655\/revisions\/6419"}],"wp:attachment":[{"href":"https:\/\/www.infotetquebec.com\/es\/wp-json\/wp\/v2\/media?parent=4655"}],"curies":[{"name":"wp","href":"https:\/\/api.w.org\/{rel}","templated":true}]}}