{"id":4617,"date":"2022-08-16T14:04:04","date_gmt":"2022-08-16T18:04:04","guid":{"rendered":"https:\/\/www.infotetquebec.com\/aide-acciones-interculturales-para-el-desarrollo-y-la-educacion\/"},"modified":"2023-05-09T10:33:26","modified_gmt":"2023-05-09T14:33:26","slug":"organizacion-aide","status":"publish","type":"page","link":"https:\/\/www.infotetquebec.com\/es\/organizacion-aide\/","title":{"rendered":"Acciones Interculturales para el desarrollo y la educaci\u00f3n (AIDE)"},"content":{"rendered":"<div class=\"wp-block-image\" style=\"text-align: center;\">\n<h4 class=\"aligncenter size-full is-resized\"><a href=\"https:\/\/aide.org\/pf\/ensemble-on-seme\/\" target=\"_blank\" rel=\"noopener\"><img fetchpriority=\"high\" decoding=\"async\" class=\"wp-image-2163 size-medium aligncenter\" src=\"https:\/\/www.infotetquebec.com\/wp-content\/uploads\/2022\/02\/logo-AIDE.jpeg\" alt=\"\" width=\"300\" height=\"183\" \/><\/a><span style=\"color: #000000;\"><strong style=\"text-align: center;\">1945, Belv\u00e9d\u00e8re Sud &#8211; bureau 203,<br \/>\nSherbrooke (QC) J1H 5Y3<br \/>\n1 (873) 662 2630<br \/>\n<\/strong><\/span><\/h4>\n<p><a href=\"https:\/\/www.facebook.com\/Juntossembramos\" target=\"_blank\" rel=\"noopener\"><img decoding=\"async\" class=\"alignnone size-full wp-image-2407\" src=\"https:\/\/www.infotetquebec.com\/wp-content\/uploads\/2022\/03\/FACEBOOK-1.png\" alt=\"\" width=\"40\" height=\"40\" \/><\/a> <a href=\"https:\/\/chat.whatsapp.com\/HGjmSGSSsBVIlRTKkneOdQ\" target=\"_blank\" rel=\"noopener\"><img decoding=\"async\" class=\"alignnone size-full wp-image-2404\" src=\"https:\/\/www.infotetquebec.com\/wp-content\/uploads\/2022\/03\/WHATSAPP-1.png\" alt=\"\" width=\"40\" height=\"40\" \/><\/a><\/p>\n<\/div>\n<h3 style=\"text-align: center;\">Regiones afectadas por el proyecto : Estrie y Centre-du-Qu\u00e9bec<\/h3>\n<h2 style=\"text-align: center;\"><\/h2>\n<h3 style=\"text-align: center;\">Servicios y actividades<\/h3>\n<p style=\"text-align: center;\" data-wp-editing=\"1\"><img loading=\"lazy\" decoding=\"async\" class=\"aligncenter wp-image-4466 size-full\" src=\"https:\/\/www.infotetquebec.com\/wp-content\/uploads\/2022\/07\/Sesio\u0301n-de-informacio\u0301n-vert.png\" alt=\"\" width=\"300\" height=\"100\" \/><img loading=\"lazy\" decoding=\"async\" class=\"aligncenter wp-image-4427 size-full\" src=\"https:\/\/www.infotetquebec.com\/wp-content\/uploads\/2022\/07\/Actividad-cultural-o-deportiva-o-deporte-blanc.png\" alt=\"\" width=\"300\" height=\"100\" \/><img loading=\"lazy\" decoding=\"async\" class=\"aligncenter wp-image-4472 size-full\" src=\"https:\/\/www.infotetquebec.com\/wp-content\/uploads\/2022\/07\/Transporte-vert.png\" alt=\"\" width=\"300\" height=\"100\" \/><\/p>\n<p style=\"text-align: center;\" data-wp-editing=\"1\"><a href=\"https:\/\/www.infotetquebec.com\/wp-content\/uploads\/2023\/05\/PictoTET-Orientacion-Blanc.png\"><img loading=\"lazy\" decoding=\"async\" class=\"aligncenter size-full wp-image-6965\" src=\"https:\/\/www.infotetquebec.com\/wp-content\/uploads\/2023\/05\/PictoTET-Orientacion-Blanc.png\" alt=\"\" width=\"300\" height=\"100\" \/><\/a><\/p>\n<p style=\"text-align: center;\" data-wp-editing=\"1\">\t<div data-id=\"2626\" class=\"codeneric-img-public-container\"><\/div>\n\t<\/p>\n<p><center><div style=\"width: 560px;\" class=\"wp-video\"><video class=\"wp-video-shortcode\" id=\"video-4617-1\" width=\"560\" height=\"315\" autoplay preload=\"auto\" controls=\"controls\"><source type=\"video\/mp4\" src=\"https:\/\/www.infotetquebec.com\/wp-content\/uploads\/2022\/07\/Activites-EOS.mp4?_=1\" \/><a href=\"https:\/\/www.infotetquebec.com\/wp-content\/uploads\/2022\/07\/Activites-EOS.mp4\">https:\/\/www.infotetquebec.com\/wp-content\/uploads\/2022\/07\/Activites-EOS.mp4<\/a><\/video><\/div><\/p>\n<p><iframe title=\"YouTube video player\" src=\"https:\/\/www.youtube.com\/embed\/IlxJJg1J0QU?controls=0\" width=\"560\" height=\"315\" frameborder=\"0\" allowfullscreen=\"allowfullscreen\"><\/iframe><\/p>\n<p>&nbsp;<\/p>\n<p>&nbsp;<\/p>\n<p>&nbsp;<\/p>\n<p>&nbsp;<\/p>\n<p>&nbsp;<\/p>\n<p>&nbsp;<\/p>\n<p>&nbsp;<\/p>\n<p><\/center><\/p>\n<figure class=\"wp-block-video\"><\/figure>\n<h3 style=\"text-align: center;\">Art\u00edculos<\/h3>\n<p style=\"text-align: center;\"><style type='text\/css' media='all'>#rt-tpg-container-2776343782 .rt-holder .rt-woo-info .price{color:#0367bf;}body .rt-tpg-container .rt-tpg-isotope-buttons .selected,\n\t\t\t\t\t#rt-tpg-container-2776343782 .layout12 .rt-holder:hover .rt-detail,\n\t\t\t\t\t#rt-tpg-container-2776343782 .isotope8 .rt-holder:hover .rt-detail,\n\t\t\t\t\t#rt-tpg-container-2776343782 .carousel8 .rt-holder:hover .rt-detail,\n\t\t\t\t\t#rt-tpg-container-2776343782 .layout13 .rt-holder .overlay .post-info,\n\t\t\t\t\t#rt-tpg-container-2776343782 .isotope9 .rt-holder .overlay .post-info,\n\t\t\t\t\t#rt-tpg-container-2776343782.rt-tpg-container .layout4 .rt-holder .rt-detail,\n\t\t\t\t\t.rt-modal-2776343782 .md-content,\n\t\t\t\t\t.rt-modal-2776343782 .md-content > .rt-md-content-holder .rt-md-content,\n\t\t\t\t\t.rt-popup-wrap-2776343782.rt-popup-wrap .rt-popup-navigation-wrap,\n\t\t\t\t\t#rt-tpg-container-2776343782 .carousel9 .rt-holder .overlay .post-info{background-color:#0367bf;}#rt-tpg-container-2776343782 .layout5 .rt-holder .overlay, #rt-tpg-container-2776343782 .isotope2 .rt-holder .overlay, #rt-tpg-container-2776343782 .carousel2 .rt-holder .overlay,#rt-tpg-container-2776343782 .layout15 .rt-holder h3, #rt-tpg-container-2776343782 .isotope11 .rt-holder h3, #rt-tpg-container-2776343782 .carousel11 .rt-holder h3, #rt-tpg-container-2776343782 .layout16 .rt-holder h3,\n\t\t\t\t\t#rt-tpg-container-2776343782 .isotope12 .rt-holder h3, #rt-tpg-container-2776343782 .carousel12 .rt-holder h3 {background-color:rgba(3,103,191,0.8);}#rt-tpg-container-2776343782 .read-more a{border-radius:px;}#rt-tpg-container-2776343782 .rt-img-holder img.rt-img-responsive,#rt-tpg-container-2776343782 .rt-img-holder,\n\t\t\t\t\t#rt-tpg-container-2776343782 .rt-post-overlay .post-img,\n\t\t\t\t\t#rt-tpg-container-2776343782 .post-sm .post-img,\n\t\t\t\t\t#rt-tpg-container-2776343782 .rt-post-grid .post-img,\n\t\t\t\t\t#rt-tpg-container-2776343782 .post-img img {border-radius:px;}#rt-tpg-container-2776343782 .layout1 .rt-holder h2.entry-title,\n\t\t\t\t\t#rt-tpg-container-2776343782 .layout1 .rt-holder h3.entry-title,\n\t\t\t\t\t#rt-tpg-container-2776343782 .layout1 .rt-holder h4.entry-title,\n\t\t\t\t\t#rt-tpg-container-2776343782 .layout1 .rt-holder h2.entry-title a,\n\t\t\t\t\t#rt-tpg-container-2776343782 .layout1 .rt-holder h3.entry-title a,\n\t\t\t\t\t#rt-tpg-container-2776343782 .layout1 .rt-holder h4.entry-title a,\n\t\t\t\t\t#rt-tpg-container-2776343782 .rt-holder .rt-woo-info h2 a,\n\t\t\t\t\t#rt-tpg-container-2776343782 .rt-holder .rt-woo-info h3 a,\n\t\t\t\t\t#rt-tpg-container-2776343782 .rt-holder .rt-woo-info h4 a,\n\t\t\t\t\t#rt-tpg-container-2776343782 .post-content .post-title,\n\t\t\t\t\t#rt-tpg-container-2776343782 .rt-post-grid .post-title,\n\t\t\t\t\t#rt-tpg-container-2776343782 .rt-post-grid .post-title a,\n\t\t\t\t\t#rt-tpg-container-2776343782 .post-content .post-title a,\n\t\t\t\t\t#rt-tpg-container-2776343782 .rt-holder .rt-woo-info h2,\n\t\t\t\t\t#rt-tpg-container-2776343782 .rt-holder .rt-woo-info h3,\n\t\t\t\t\t#rt-tpg-container-2776343782 .rt-holder .rt-woo-info h4{color:#4eb748;font-size:20px;line-height:30px;text-align:left;}#rt-tpg-container-2776343782 .post-grid-lg-style-1 .post-title,\n\t\t\t\t\t\t#rt-tpg-container-2776343782 .post-grid-lg-style-1 .post-title a,\n\t\t\t\t\t\t#rt-tpg-container-2776343782 .big-layout .post-title,\n\t\t\t\t\t\t#rt-tpg-container-2776343782 .big-layout .post-title a,\n\t\t\t\t\t\t#rt-tpg-container-2776343782 .post-grid-lg-style-1 .post-title,\n\t\t\t\t\t\t#rt-tpg-container-2776343782 .post-grid-lg-style-1 .post-title a {font-size:28px;line-height:38px;}#rt-tpg-container-2776343782 .layout1 .rt-holder h2.entry-title:hover,\n\t\t\t\t\t#rt-tpg-container-2776343782 .layout1 .rt-holder h3.entry-title:hover,\n\t\t\t\t\t#rt-tpg-container-2776343782 .layout1 .rt-holder h4.entry-title:hover,\n\t\t\t\t\t#rt-tpg-container-2776343782 .layout1 .rt-holder h2.entry-title a:hover,\n\t\t\t\t\t#rt-tpg-container-2776343782 .layout1 .rt-holder h3.entry-title a:hover,\n\t\t\t\t\t#rt-tpg-container-2776343782 .layout1 .rt-holder h4.entry-title a:hover,\n\t\t\t\t\t#rt-tpg-container-2776343782 .post-content .post-title a:hover,\n\t\t\t\t\t#rt-tpg-container-2776343782 .rt-post-grid .post-title a:hover,\n\t\t\t\t\t#rt-tpg-container-2776343782 .rt-holder .rt-woo-info h2 a:hover,\n\t\t\t\t\t#rt-tpg-container-2776343782 .rt-holder .rt-woo-info h3 a:hover,\n\t\t\t\t\t#rt-tpg-container-2776343782 .rt-holder .rt-woo-info h4 a:hover,\n\t\t\t\t\t#rt-tpg-container-2776343782 .rt-holder .rt-woo-info h2:hover,\n\t\t\t\t\t#rt-tpg-container-2776343782 .rt-holder .rt-woo-info h3:hover,\n\t\t\t\t\t#rt-tpg-container-2776343782 .rt-holder .rt-woo-info h4:hover{color:#000000 !important;}#rt-tpg-container-2776343782 .layout1 .rt-holder .tpg-excerpt,#rt-tpg-container-2776343782 .layout1 .tpg-excerpt,#rt-tpg-container-2776343782 .layout1 .rt-holder .post-content,#rt-tpg-container-2776343782 .rt-holder .rt-woo-info p,#rt-tpg-container-2776343782 .post-content p {color:#000000;font-size:15px;text-align:left;}<\/style><div class='rt-container-fluid rt-tpg-container tpg-shortcode-main-wrapper ' id='rt-tpg-container-2776343782'   data-layout='layout1' data-grid-style='even' data-desktop-col='3'  data-tab-col='2'  data-mobile-col='1' data-sc-id='4097'><div data-title='Loading ...' class='rt-row rt-content-loader   layout1 tpg-even '><div class=\"rt-col-md-4 rt-col-sm-6 rt-col-xs-12 even-grid-item rt-grid-item\" data-id=\"13479\"><div class=\"rt-holder\"><div class=\"rt-img-holder\"><a data-id=\"13479\" class=\"\" href=\"https:\/\/www.infotetquebec.com\/es\/tet-bien-informados-gracias-a-la-radio\/\"><img loading=\"lazy\" decoding=\"async\" width=\"300\" height=\"150\" src=\"https:\/\/www.infotetquebec.com\/wp-content\/uploads\/2024\/04\/Radio_AIDE_InfoTET_MarieAnneDaye_2-300x150.jpg\" class=\"rt-img-responsive \" alt=\"\" \/><\/a><\/div><div class='rt-detail'><h3 class=\"entry-title\"><a data-id=\"13479\" class=\"\" href=\"https:\/\/www.infotetquebec.com\/es\/tet-bien-informados-gracias-a-la-radio\/\">TET bien informados gracias a la radio<\/a><\/h3><div class='tpg-excerpt'>En septiembre de 2023, el organismo Actions interculturelles de d\u00e9veloppement et d\u2019\u00e9ducation (AIDE) lanz\u00f3 en...<\/div><div class='post-meta center'><span class='read-more'><a data-id='13479' class='' href='https:\/\/www.infotetquebec.com\/es\/tet-bien-informados-gracias-a-la-radio\/'>Lire la suite<\/a><\/span><\/div><\/div><\/div><\/div><div class=\"rt-col-md-4 rt-col-sm-6 rt-col-xs-12 even-grid-item rt-grid-item\" data-id=\"6038\"><div class=\"rt-holder\"><div class=\"rt-img-holder\"><a data-id=\"6038\" class=\"\" href=\"https:\/\/www.infotetquebec.com\/es\/cocinar-tamales-para-romper-la-rutina\/\"><img loading=\"lazy\" decoding=\"async\" width=\"300\" height=\"150\" src=\"https:\/\/www.infotetquebec.com\/wp-content\/uploads\/2023\/03\/DSCF2529-300x150.jpg\" class=\"rt-img-responsive \" alt=\"\" \/><\/a><\/div><div class='rt-detail'><h3 class=\"entry-title\"><a data-id=\"6038\" class=\"\" href=\"https:\/\/www.infotetquebec.com\/es\/cocinar-tamales-para-romper-la-rutina\/\">Cocinar tamales para romper la rutina<\/a><\/h3><div class='tpg-excerpt'>Un taller de cocina colectiva organizado por Actions interculturelles (AIDE) permiti\u00f3 a una veintena de...<\/div><div class='post-meta center'><span class='read-more'><a data-id='6038' class='' href='https:\/\/www.infotetquebec.com\/es\/cocinar-tamales-para-romper-la-rutina\/'>Lire la suite<\/a><\/span><\/div><\/div><\/div><\/div><div class=\"rt-col-md-4 rt-col-sm-6 rt-col-xs-12 even-grid-item rt-grid-item\" data-id=\"5257\"><div class=\"rt-holder\"><div class=\"rt-img-holder\"><a data-id=\"5257\" class=\"\" href=\"https:\/\/www.infotetquebec.com\/es\/la-importancia-de-reunirse\/\"><img loading=\"lazy\" decoding=\"async\" width=\"300\" height=\"150\" src=\"https:\/\/www.infotetquebec.com\/wp-content\/uploads\/2022\/12\/AIDE_18dec2022_MarieAnneDaye11-300x150.jpg\" class=\"rt-img-responsive \" alt=\"\" \/><\/a><\/div><div class='rt-detail'><h3 class=\"entry-title\"><a data-id=\"5257\" class=\"\" href=\"https:\/\/www.infotetquebec.com\/es\/la-importancia-de-reunirse\/\">La importancia de reunirse<\/a><\/h3><div class='tpg-excerpt'>Llegados a Quebec para trabajar varios meses lejos de sus familias, los trabajadores extranjeros temporales...<\/div><div class='post-meta center'><span class='read-more'><a data-id='5257' class='' href='https:\/\/www.infotetquebec.com\/es\/la-importancia-de-reunirse\/'>Lire la suite<\/a><\/span><\/div><\/div><\/div><\/div><div class=\"rt-col-md-4 rt-col-sm-6 rt-col-xs-12 even-grid-item rt-grid-item\" data-id=\"5047\"><div class=\"rt-holder\"><div class=\"rt-img-holder\"><a data-id=\"5047\" class=\"\" href=\"https:\/\/www.infotetquebec.com\/es\/mision-cumplida-para-apoyar-a-los-trabajadores-extranjeros-temporales\/\"><img loading=\"lazy\" decoding=\"async\" width=\"300\" height=\"150\" src=\"https:\/\/www.infotetquebec.com\/wp-content\/uploads\/2022\/12\/16nov22-PhotographesCommercial-388_web-300x150.jpg\" class=\"rt-img-responsive \" alt=\"\" \/><\/a><\/div><div class='rt-detail'><h3 class=\"entry-title\"><a data-id=\"5047\" class=\"\" href=\"https:\/\/www.infotetquebec.com\/es\/mision-cumplida-para-apoyar-a-los-trabajadores-extranjeros-temporales\/\">Misi\u00f3n cumplida para apoyar a los trabajadores extranjeros temporales<\/a><\/h3><div class='tpg-excerpt'>Gracias al taller titulado \u00ab Asegurar el apoyo a los trabajadores extranjeros temporales (TET) en...<\/div><div class='post-meta center'><span class='read-more'><a data-id='5047' class='' href='https:\/\/www.infotetquebec.com\/es\/mision-cumplida-para-apoyar-a-los-trabajadores-extranjeros-temporales\/'>Lire la suite<\/a><\/span><\/div><\/div><\/div><\/div><div class=\"rt-col-md-4 rt-col-sm-6 rt-col-xs-12 even-grid-item rt-grid-item\" data-id=\"4353\"><div class=\"rt-holder\"><div class=\"rt-img-holder\"><a data-id=\"4353\" class=\"\" href=\"https:\/\/www.infotetquebec.com\/es\/programa-de-trabajadores-extranjeros-temporales-revision-y-aspectos-destacados\/\"><img loading=\"lazy\" decoding=\"async\" width=\"300\" height=\"150\" src=\"https:\/\/www.infotetquebec.com\/wp-content\/uploads\/2022\/03\/PTET-mars2022-300x150.png\" class=\"rt-img-responsive \" alt=\"\" \/><\/a><\/div><div class='rt-detail'><h3 class=\"entry-title\"><a data-id=\"4353\" class=\"\" href=\"https:\/\/www.infotetquebec.com\/es\/programa-de-trabajadores-extranjeros-temporales-revision-y-aspectos-destacados\/\">Programa de Trabajadores Extranjeros Temporales: revisi\u00f3n y aspectos destacados<\/a><\/h3><div class='tpg-excerpt'>Desde abril de 2021, se han desplegado diecisiete proyectos en todo Quebec y han alcanzado...<\/div><div class='post-meta center'><span class='read-more'><a data-id='4353' class='' href='https:\/\/www.infotetquebec.com\/es\/programa-de-trabajadores-extranjeros-temporales-revision-y-aspectos-destacados\/'>Lire la suite<\/a><\/span><\/div><\/div><\/div><\/div><\/div><\/div><\/p>\n<p>&nbsp;<\/p>\n<p>&nbsp;<\/p>\n<p>&nbsp;<\/p>\n","protected":false},"excerpt":{"rendered":"<p>1945, Belv\u00e9d\u00e8re Sud &#8211; bureau 203, Sherbrooke (QC) J1H 5Y3 1 (873) 662 2630 Regiones afectadas por el proyecto : Estrie y Centre-du-Qu\u00e9bec Servicios y actividades &nbsp; &nbsp; &nbsp; &nbsp;&#8230; <a class=\"more-link\" href=\"https:\/\/www.infotetquebec.com\/es\/programa-de-trabajadores-extranjeros-temporales-revision-y-aspectos-destacados\/\">Leer m\u00e1s<\/a><\/p>\n","protected":false},"author":16,"featured_media":0,"parent":0,"menu_order":0,"comment_status":"closed","ping_status":"closed","template":"","meta":{"_genesis_hide_title":false,"_genesis_hide_breadcrumbs":false,"_genesis_hide_singular_image":false,"_genesis_hide_footer_widgets":false,"_genesis_custom_body_class":"","_genesis_custom_post_class":"","_genesis_layout":"","footnotes":""},"class_list":["post-4617","page","type-page","status-publish","entry","has-post-thumbnail"],"yoast_head":"<!-- This site is optimized with the Yoast SEO plugin v27.4 - https:\/\/yoast.com\/product\/yoast-seo-wordpress\/ -->\n<title>Acciones Interculturales para el desarrollo y la educaci\u00f3n (AIDE) - Infotetquebec<\/title>\n<meta name=\"robots\" content=\"index, follow, max-snippet:-1, max-image-preview:large, max-video-preview:-1\" \/>\n<link rel=\"canonical\" href=\"https:\/\/www.infotetquebec.com\/es\/organizacion-aide\/\" \/>\n<meta property=\"og:locale\" content=\"es_ES\" \/>\n<meta property=\"og:type\" content=\"article\" \/>\n<meta property=\"og:title\" content=\"Acciones Interculturales para el desarrollo y la educaci\u00f3n (AIDE) - Infotetquebec\" \/>\n<meta property=\"og:description\" content=\"1945, Belv\u00e9d\u00e8re Sud &#8211; bureau 203, Sherbrooke (QC) J1H 5Y3 1 (873) 662 2630 Regiones afectadas por el proyecto : Estrie y Centre-du-Qu\u00e9bec Servicios y actividades &nbsp; &nbsp; &nbsp; &nbsp;... Leer m\u00e1s\" \/>\n<meta property=\"og:url\" content=\"https:\/\/www.infotetquebec.com\/es\/organizacion-aide\/\" \/>\n<meta property=\"og:site_name\" content=\"Infotetquebec\" \/>\n<meta property=\"article:publisher\" content=\"https:\/\/www.facebook.com\/profile.php?id=100089616676260\" \/>\n<meta property=\"article:modified_time\" content=\"2023-05-09T14:33:26+00:00\" \/>\n<meta property=\"og:image\" content=\"https:\/\/www.infotetquebec.com\/wp-content\/uploads\/2022\/02\/logo-AIDE-300x300.jpeg\" \/>\n<meta name=\"twitter:card\" content=\"summary_large_image\" \/>\n<meta name=\"twitter:label1\" content=\"Tiempo de lectura\" \/>\n\t<meta name=\"twitter:data1\" content=\"2 minutos\" \/>\n<script type=\"application\/ld+json\" class=\"yoast-schema-graph\">{\"@context\":\"https:\\\/\\\/schema.org\",\"@graph\":[{\"@type\":\"WebPage\",\"@id\":\"https:\\\/\\\/www.infotetquebec.com\\\/es\\\/organizacion-aide\\\/\",\"url\":\"https:\\\/\\\/www.infotetquebec.com\\\/es\\\/organizacion-aide\\\/\",\"name\":\"Acciones Interculturales para el desarrollo y la educaci\u00f3n (AIDE) - Infotetquebec\",\"isPartOf\":{\"@id\":\"https:\\\/\\\/www.infotetquebec.com\\\/es\\\/#website\"},\"primaryImageOfPage\":{\"@id\":\"https:\\\/\\\/www.infotetquebec.com\\\/es\\\/organizacion-aide\\\/#primaryimage\"},\"image\":{\"@id\":\"https:\\\/\\\/www.infotetquebec.com\\\/es\\\/organizacion-aide\\\/#primaryimage\"},\"thumbnailUrl\":\"https:\\\/\\\/www.infotetquebec.com\\\/wp-content\\\/uploads\\\/2022\\\/02\\\/logo-AIDE.jpeg\",\"datePublished\":\"2022-08-16T18:04:04+00:00\",\"dateModified\":\"2023-05-09T14:33:26+00:00\",\"breadcrumb\":{\"@id\":\"https:\\\/\\\/www.infotetquebec.com\\\/es\\\/organizacion-aide\\\/#breadcrumb\"},\"inLanguage\":\"es\",\"potentialAction\":[{\"@type\":\"ReadAction\",\"target\":[\"https:\\\/\\\/www.infotetquebec.com\\\/es\\\/organizacion-aide\\\/\"]}]},{\"@type\":\"ImageObject\",\"inLanguage\":\"es\",\"@id\":\"https:\\\/\\\/www.infotetquebec.com\\\/es\\\/organizacion-aide\\\/#primaryimage\",\"url\":\"https:\\\/\\\/www.infotetquebec.com\\\/wp-content\\\/uploads\\\/2022\\\/02\\\/logo-AIDE.jpeg\",\"contentUrl\":\"https:\\\/\\\/www.infotetquebec.com\\\/wp-content\\\/uploads\\\/2022\\\/02\\\/logo-AIDE.jpeg\"},{\"@type\":\"BreadcrumbList\",\"@id\":\"https:\\\/\\\/www.infotetquebec.com\\\/es\\\/organizacion-aide\\\/#breadcrumb\",\"itemListElement\":[{\"@type\":\"ListItem\",\"position\":1,\"name\":\"Accueil\",\"item\":\"https:\\\/\\\/www.infotetquebec.com\\\/es\\\/\"},{\"@type\":\"ListItem\",\"position\":2,\"name\":\"Acciones Interculturales para el desarrollo y la educaci\u00f3n (AIDE)\"}]},{\"@type\":\"WebSite\",\"@id\":\"https:\\\/\\\/www.infotetquebec.com\\\/es\\\/#website\",\"url\":\"https:\\\/\\\/www.infotetquebec.com\\\/es\\\/\",\"name\":\"Infotetquebec\",\"description\":\"Info et soutien aux TET\",\"publisher\":{\"@id\":\"https:\\\/\\\/www.infotetquebec.com\\\/es\\\/#organization\"},\"potentialAction\":[{\"@type\":\"SearchAction\",\"target\":{\"@type\":\"EntryPoint\",\"urlTemplate\":\"https:\\\/\\\/www.infotetquebec.com\\\/es\\\/?s={search_term_string}\"},\"query-input\":{\"@type\":\"PropertyValueSpecification\",\"valueRequired\":true,\"valueName\":\"search_term_string\"}}],\"inLanguage\":\"es\"},{\"@type\":\"Organization\",\"@id\":\"https:\\\/\\\/www.infotetquebec.com\\\/es\\\/#organization\",\"name\":\"InfoTETQuebec\",\"url\":\"https:\\\/\\\/www.infotetquebec.com\\\/es\\\/\",\"logo\":{\"@type\":\"ImageObject\",\"inLanguage\":\"es\",\"@id\":\"https:\\\/\\\/www.infotetquebec.com\\\/es\\\/#\\\/schema\\\/logo\\\/image\\\/\",\"url\":\"https:\\\/\\\/www.infotetquebec.com\\\/wp-content\\\/uploads\\\/2021\\\/02\\\/cropped-IMQC_TET_Favicon_Fav-Icon_Fav-Icon-1.png\",\"contentUrl\":\"https:\\\/\\\/www.infotetquebec.com\\\/wp-content\\\/uploads\\\/2021\\\/02\\\/cropped-IMQC_TET_Favicon_Fav-Icon_Fav-Icon-1.png\",\"width\":512,\"height\":512,\"caption\":\"InfoTETQuebec\"},\"image\":{\"@id\":\"https:\\\/\\\/www.infotetquebec.com\\\/es\\\/#\\\/schema\\\/logo\\\/image\\\/\"},\"sameAs\":[\"https:\\\/\\\/www.facebook.com\\\/profile.php?id=100089616676260\"]}]}<\/script>\n<!-- \/ Yoast SEO plugin. -->","yoast_head_json":{"title":"Acciones Interculturales para el desarrollo y la educaci\u00f3n (AIDE) - Infotetquebec","robots":{"index":"index","follow":"follow","max-snippet":"max-snippet:-1","max-image-preview":"max-image-preview:large","max-video-preview":"max-video-preview:-1"},"canonical":"https:\/\/www.infotetquebec.com\/es\/organizacion-aide\/","og_locale":"es_ES","og_type":"article","og_title":"Acciones Interculturales para el desarrollo y la educaci\u00f3n (AIDE) - Infotetquebec","og_description":"1945, Belv\u00e9d\u00e8re Sud &#8211; bureau 203, Sherbrooke (QC) J1H 5Y3 1 (873) 662 2630 Regiones afectadas por el proyecto : Estrie y Centre-du-Qu\u00e9bec Servicios y actividades &nbsp; &nbsp; &nbsp; &nbsp;... Leer m\u00e1s","og_url":"https:\/\/www.infotetquebec.com\/es\/organizacion-aide\/","og_site_name":"Infotetquebec","article_publisher":"https:\/\/www.facebook.com\/profile.php?id=100089616676260","article_modified_time":"2023-05-09T14:33:26+00:00","og_image":[{"url":"https:\/\/www.infotetquebec.com\/wp-content\/uploads\/2022\/02\/logo-AIDE-300x300.jpeg","type":"","width":"","height":""}],"twitter_card":"summary_large_image","twitter_misc":{"Tiempo de lectura":"2 minutos"},"schema":{"@context":"https:\/\/schema.org","@graph":[{"@type":"WebPage","@id":"https:\/\/www.infotetquebec.com\/es\/organizacion-aide\/","url":"https:\/\/www.infotetquebec.com\/es\/organizacion-aide\/","name":"Acciones Interculturales para el desarrollo y la educaci\u00f3n (AIDE) - Infotetquebec","isPartOf":{"@id":"https:\/\/www.infotetquebec.com\/es\/#website"},"primaryImageOfPage":{"@id":"https:\/\/www.infotetquebec.com\/es\/organizacion-aide\/#primaryimage"},"image":{"@id":"https:\/\/www.infotetquebec.com\/es\/organizacion-aide\/#primaryimage"},"thumbnailUrl":"https:\/\/www.infotetquebec.com\/wp-content\/uploads\/2022\/02\/logo-AIDE.jpeg","datePublished":"2022-08-16T18:04:04+00:00","dateModified":"2023-05-09T14:33:26+00:00","breadcrumb":{"@id":"https:\/\/www.infotetquebec.com\/es\/organizacion-aide\/#breadcrumb"},"inLanguage":"es","potentialAction":[{"@type":"ReadAction","target":["https:\/\/www.infotetquebec.com\/es\/organizacion-aide\/"]}]},{"@type":"ImageObject","inLanguage":"es","@id":"https:\/\/www.infotetquebec.com\/es\/organizacion-aide\/#primaryimage","url":"https:\/\/www.infotetquebec.com\/wp-content\/uploads\/2022\/02\/logo-AIDE.jpeg","contentUrl":"https:\/\/www.infotetquebec.com\/wp-content\/uploads\/2022\/02\/logo-AIDE.jpeg"},{"@type":"BreadcrumbList","@id":"https:\/\/www.infotetquebec.com\/es\/organizacion-aide\/#breadcrumb","itemListElement":[{"@type":"ListItem","position":1,"name":"Accueil","item":"https:\/\/www.infotetquebec.com\/es\/"},{"@type":"ListItem","position":2,"name":"Acciones Interculturales para el desarrollo y la educaci\u00f3n (AIDE)"}]},{"@type":"WebSite","@id":"https:\/\/www.infotetquebec.com\/es\/#website","url":"https:\/\/www.infotetquebec.com\/es\/","name":"Infotetquebec","description":"Info et soutien aux TET","publisher":{"@id":"https:\/\/www.infotetquebec.com\/es\/#organization"},"potentialAction":[{"@type":"SearchAction","target":{"@type":"EntryPoint","urlTemplate":"https:\/\/www.infotetquebec.com\/es\/?s={search_term_string}"},"query-input":{"@type":"PropertyValueSpecification","valueRequired":true,"valueName":"search_term_string"}}],"inLanguage":"es"},{"@type":"Organization","@id":"https:\/\/www.infotetquebec.com\/es\/#organization","name":"InfoTETQuebec","url":"https:\/\/www.infotetquebec.com\/es\/","logo":{"@type":"ImageObject","inLanguage":"es","@id":"https:\/\/www.infotetquebec.com\/es\/#\/schema\/logo\/image\/","url":"https:\/\/www.infotetquebec.com\/wp-content\/uploads\/2021\/02\/cropped-IMQC_TET_Favicon_Fav-Icon_Fav-Icon-1.png","contentUrl":"https:\/\/www.infotetquebec.com\/wp-content\/uploads\/2021\/02\/cropped-IMQC_TET_Favicon_Fav-Icon_Fav-Icon-1.png","width":512,"height":512,"caption":"InfoTETQuebec"},"image":{"@id":"https:\/\/www.infotetquebec.com\/es\/#\/schema\/logo\/image\/"},"sameAs":["https:\/\/www.facebook.com\/profile.php?id=100089616676260"]}]}},"rttpg_featured_image_url":null,"rttpg_author":{"display_name":"Soufian AJLANI","author_link":"https:\/\/www.infotetquebec.com\/es\/author\/soufian_iq\/"},"rttpg_comment":0,"rttpg_category":"","rttpg_excerpt":"1945, Belv\u00e9d\u00e8re Sud &#8211; bureau 203, Sherbrooke (QC) J1H 5Y3 1 (873) 662 2630 Regiones afectadas por el proyecto : Estrie y Centre-du-Qu\u00e9bec Servicios y actividades &nbsp; &nbsp; &nbsp; &nbsp;... Leer m\u00e1s","_links":{"self":[{"href":"https:\/\/www.infotetquebec.com\/es\/wp-json\/wp\/v2\/pages\/4617","targetHints":{"allow":["GET"]}}],"collection":[{"href":"https:\/\/www.infotetquebec.com\/es\/wp-json\/wp\/v2\/pages"}],"about":[{"href":"https:\/\/www.infotetquebec.com\/es\/wp-json\/wp\/v2\/types\/page"}],"author":[{"embeddable":true,"href":"https:\/\/www.infotetquebec.com\/es\/wp-json\/wp\/v2\/users\/16"}],"replies":[{"embeddable":true,"href":"https:\/\/www.infotetquebec.com\/es\/wp-json\/wp\/v2\/comments?post=4617"}],"version-history":[{"count":13,"href":"https:\/\/www.infotetquebec.com\/es\/wp-json\/wp\/v2\/pages\/4617\/revisions"}],"predecessor-version":[{"id":7067,"href":"https:\/\/www.infotetquebec.com\/es\/wp-json\/wp\/v2\/pages\/4617\/revisions\/7067"}],"wp:attachment":[{"href":"https:\/\/www.infotetquebec.com\/es\/wp-json\/wp\/v2\/media?parent=4617"}],"curies":[{"name":"wp","href":"https:\/\/api.w.org\/{rel}","templated":true}]}}