{"id":3216,"date":"2022-06-16T11:46:45","date_gmt":"2022-06-16T15:46:45","guid":{"rendered":"https:\/\/www.infotetquebec.com\/suspension-del-requisito-de-vacunacion-obligatoria-para-embarcar-en-un-avion-en-canada\/"},"modified":"2022-06-16T11:46:47","modified_gmt":"2022-06-16T15:46:47","slug":"suspension-del-requisito-de-vacunacion-obligatoria-para-embarcar-en-un-avion-en-canada","status":"publish","type":"page","link":"https:\/\/www.infotetquebec.com\/es\/suspension-del-requisito-de-vacunacion-obligatoria-para-embarcar-en-un-avion-en-canada\/","title":{"rendered":"Suspensi\u00f3n del requisito de vacunaci\u00f3n obligatoria para embarcar en un avi\u00f3n en Canad\u00e1"},"content":{"rendered":"<p>El 14 de junio de 2022, el Gobierno de Canad\u00e1 anunci\u00f3 que, a partir de las 12:01 a.m. EDT del 20 de junio de 2022, ya no se exigir\u00e1 la vacunaci\u00f3n para subir a un avi\u00f3n o tren en Canad\u00e1.<\/p>\n<p><span style=\"text-decoration: underline;\">Se seguir\u00e1n aplicando otras medidas de salud p\u00fablica, como las mascarillas, y se vigilar\u00e1 durante los viajes en aviones y trenes. Los viajeros en aviones y trenes regulados por el gobierno federal siguen estando obligados a llevar una mascarilla durante todo el viaje, excepto durante breves periodos (por ejemplo, al comer o beber).<\/span><\/p>\n<p>Con la suspensi\u00f3n del requisito de vacunaci\u00f3n obligatoria para los viajes nacionales, los extranjeros no vacunados, as\u00ed como los trabajadores extranjeros temporales no vacunados, podr\u00e1n seguir saliendo de Canad\u00e1 por aire o por tren, incluso despu\u00e9s del 31 de agosto de 2022.<\/p>\n<p>Las medidas fronterizas actuales siguen en vigor.<\/p>\n<p>Para m\u00e1s informaci\u00f3n sobre el anuncio del Gobierno, visite los siguientes enlaces :<\/p>\n<ol>\n<li>Comunicado de prensa: <a href=\"https:\/\/www.canada.ca\/en\/treasury-board-secretariat\/news\/2022\/06\/suspension-of-the-vaccine-mandates-for-domestic-travellers-transportation-workers-and-federal-employees.html\" target=\"_blank\" rel=\"noopener\">Suspensi\u00f3n de los requisitos de vacunaci\u00f3n para los viajeros nacionales, los empleados del sector del transporte y los empleados federales<\/a><\/li>\n<li>Antecedentes: <a href=\"https:\/\/www.canada.ca\/en\/transport-canada\/news\/2022\/06\/suspension-of-the-mandatory-vaccination-requirement-for-domestic-travellers-and-federally-regulated-transportation-workers.html\" target=\"_blank\" rel=\"noopener\">Suspensi\u00f3n del requisito de vacunaci\u00f3n obligatoria para los viajeros nacionales y los trabajadores del transporte regulados por el gobierno federal<\/a><\/li>\n<\/ol>\n<p>El Programa de Trabajadores Extranjeros Temporales seguir\u00e1 manteni\u00e9ndoles informados de cualquier nueva informaci\u00f3n a medida que est\u00e9 disponible y les invitamos a visitar <a href=\"https:\/\/www.canada.ca\/en.html\" target=\"_blank\" rel=\"noopener\">Canada.ca<\/a> o <a href=\"https:\/\/travel.gc.ca\/travel-covid\" target=\"_blank\" rel=\"noopener\">travel.gc.ca<\/a> para obtener m\u00e1s detalles y actualizaciones.<\/p>\n","protected":false},"excerpt":{"rendered":"<p>El 14 de junio de 2022, el Gobierno de Canad\u00e1 anunci\u00f3 que, a partir de las 12:01 a.m. EDT del 20 de junio de 2022, ya no se exigir\u00e1 la&#8230; <a class=\"more-link\" href=\"https:\/\/www.infotetquebec.com\/es\/suspension-del-requisito-de-vacunacion-obligatoria-para-embarcar-en-un-avion-en-canada\/\">Leer m\u00e1s<\/a><\/p>\n","protected":false},"author":16,"featured_media":0,"parent":0,"menu_order":0,"comment_status":"closed","ping_status":"closed","template":"","meta":{"_genesis_hide_title":false,"_genesis_hide_breadcrumbs":false,"_genesis_hide_singular_image":false,"_genesis_hide_footer_widgets":false,"_genesis_custom_body_class":"","_genesis_custom_post_class":"","_genesis_layout":"","footnotes":""},"class_list":["post-3216","page","type-page","status-publish","entry"],"yoast_head":"<!-- This site is optimized with the Yoast SEO plugin v27.4 - https:\/\/yoast.com\/product\/yoast-seo-wordpress\/ -->\n<title>Suspensi\u00f3n del requisito de vacunaci\u00f3n obligatoria para embarcar en un avi\u00f3n en Canad\u00e1 - Infotetquebec<\/title>\n<meta name=\"robots\" content=\"index, follow, max-snippet:-1, max-image-preview:large, max-video-preview:-1\" \/>\n<link rel=\"canonical\" href=\"https:\/\/www.infotetquebec.com\/es\/suspension-del-requisito-de-vacunacion-obligatoria-para-embarcar-en-un-avion-en-canada\/\" \/>\n<meta property=\"og:locale\" content=\"es_ES\" \/>\n<meta property=\"og:type\" content=\"article\" \/>\n<meta property=\"og:title\" content=\"Suspensi\u00f3n del requisito de vacunaci\u00f3n obligatoria para embarcar en un avi\u00f3n en Canad\u00e1 - Infotetquebec\" \/>\n<meta property=\"og:description\" content=\"El 14 de junio de 2022, el Gobierno de Canad\u00e1 anunci\u00f3 que, a partir de las 12:01 a.m. EDT del 20 de junio de 2022, ya no se exigir\u00e1 la... Leer m\u00e1s\" \/>\n<meta property=\"og:url\" content=\"https:\/\/www.infotetquebec.com\/es\/suspension-del-requisito-de-vacunacion-obligatoria-para-embarcar-en-un-avion-en-canada\/\" \/>\n<meta property=\"og:site_name\" content=\"Infotetquebec\" \/>\n<meta property=\"article:publisher\" content=\"https:\/\/www.facebook.com\/profile.php?id=100089616676260\" \/>\n<meta property=\"article:modified_time\" content=\"2022-06-16T15:46:47+00:00\" \/>\n<meta name=\"twitter:card\" content=\"summary_large_image\" \/>\n<meta name=\"twitter:label1\" content=\"Tiempo de lectura\" \/>\n\t<meta name=\"twitter:data1\" content=\"1 minuto\" \/>\n<script type=\"application\/ld+json\" class=\"yoast-schema-graph\">{\"@context\":\"https:\\\/\\\/schema.org\",\"@graph\":[{\"@type\":\"WebPage\",\"@id\":\"https:\\\/\\\/www.infotetquebec.com\\\/es\\\/suspension-del-requisito-de-vacunacion-obligatoria-para-embarcar-en-un-avion-en-canada\\\/\",\"url\":\"https:\\\/\\\/www.infotetquebec.com\\\/es\\\/suspension-del-requisito-de-vacunacion-obligatoria-para-embarcar-en-un-avion-en-canada\\\/\",\"name\":\"Suspensi\u00f3n del requisito de vacunaci\u00f3n obligatoria para embarcar en un avi\u00f3n en Canad\u00e1 - Infotetquebec\",\"isPartOf\":{\"@id\":\"https:\\\/\\\/www.infotetquebec.com\\\/es\\\/#website\"},\"datePublished\":\"2022-06-16T15:46:45+00:00\",\"dateModified\":\"2022-06-16T15:46:47+00:00\",\"breadcrumb\":{\"@id\":\"https:\\\/\\\/www.infotetquebec.com\\\/es\\\/suspension-del-requisito-de-vacunacion-obligatoria-para-embarcar-en-un-avion-en-canada\\\/#breadcrumb\"},\"inLanguage\":\"es\",\"potentialAction\":[{\"@type\":\"ReadAction\",\"target\":[\"https:\\\/\\\/www.infotetquebec.com\\\/es\\\/suspension-del-requisito-de-vacunacion-obligatoria-para-embarcar-en-un-avion-en-canada\\\/\"]}]},{\"@type\":\"BreadcrumbList\",\"@id\":\"https:\\\/\\\/www.infotetquebec.com\\\/es\\\/suspension-del-requisito-de-vacunacion-obligatoria-para-embarcar-en-un-avion-en-canada\\\/#breadcrumb\",\"itemListElement\":[{\"@type\":\"ListItem\",\"position\":1,\"name\":\"Accueil\",\"item\":\"https:\\\/\\\/www.infotetquebec.com\\\/es\\\/\"},{\"@type\":\"ListItem\",\"position\":2,\"name\":\"Suspensi\u00f3n del requisito de vacunaci\u00f3n obligatoria para embarcar en un avi\u00f3n en Canad\u00e1\"}]},{\"@type\":\"WebSite\",\"@id\":\"https:\\\/\\\/www.infotetquebec.com\\\/es\\\/#website\",\"url\":\"https:\\\/\\\/www.infotetquebec.com\\\/es\\\/\",\"name\":\"Infotetquebec\",\"description\":\"Info et soutien aux TET\",\"publisher\":{\"@id\":\"https:\\\/\\\/www.infotetquebec.com\\\/es\\\/#organization\"},\"potentialAction\":[{\"@type\":\"SearchAction\",\"target\":{\"@type\":\"EntryPoint\",\"urlTemplate\":\"https:\\\/\\\/www.infotetquebec.com\\\/es\\\/?s={search_term_string}\"},\"query-input\":{\"@type\":\"PropertyValueSpecification\",\"valueRequired\":true,\"valueName\":\"search_term_string\"}}],\"inLanguage\":\"es\"},{\"@type\":\"Organization\",\"@id\":\"https:\\\/\\\/www.infotetquebec.com\\\/es\\\/#organization\",\"name\":\"InfoTETQuebec\",\"url\":\"https:\\\/\\\/www.infotetquebec.com\\\/es\\\/\",\"logo\":{\"@type\":\"ImageObject\",\"inLanguage\":\"es\",\"@id\":\"https:\\\/\\\/www.infotetquebec.com\\\/es\\\/#\\\/schema\\\/logo\\\/image\\\/\",\"url\":\"https:\\\/\\\/www.infotetquebec.com\\\/wp-content\\\/uploads\\\/2021\\\/02\\\/cropped-IMQC_TET_Favicon_Fav-Icon_Fav-Icon-1.png\",\"contentUrl\":\"https:\\\/\\\/www.infotetquebec.com\\\/wp-content\\\/uploads\\\/2021\\\/02\\\/cropped-IMQC_TET_Favicon_Fav-Icon_Fav-Icon-1.png\",\"width\":512,\"height\":512,\"caption\":\"InfoTETQuebec\"},\"image\":{\"@id\":\"https:\\\/\\\/www.infotetquebec.com\\\/es\\\/#\\\/schema\\\/logo\\\/image\\\/\"},\"sameAs\":[\"https:\\\/\\\/www.facebook.com\\\/profile.php?id=100089616676260\"]}]}<\/script>\n<!-- \/ Yoast SEO plugin. -->","yoast_head_json":{"title":"Suspensi\u00f3n del requisito de vacunaci\u00f3n obligatoria para embarcar en un avi\u00f3n en Canad\u00e1 - Infotetquebec","robots":{"index":"index","follow":"follow","max-snippet":"max-snippet:-1","max-image-preview":"max-image-preview:large","max-video-preview":"max-video-preview:-1"},"canonical":"https:\/\/www.infotetquebec.com\/es\/suspension-del-requisito-de-vacunacion-obligatoria-para-embarcar-en-un-avion-en-canada\/","og_locale":"es_ES","og_type":"article","og_title":"Suspensi\u00f3n del requisito de vacunaci\u00f3n obligatoria para embarcar en un avi\u00f3n en Canad\u00e1 - Infotetquebec","og_description":"El 14 de junio de 2022, el Gobierno de Canad\u00e1 anunci\u00f3 que, a partir de las 12:01 a.m. EDT del 20 de junio de 2022, ya no se exigir\u00e1 la... Leer m\u00e1s","og_url":"https:\/\/www.infotetquebec.com\/es\/suspension-del-requisito-de-vacunacion-obligatoria-para-embarcar-en-un-avion-en-canada\/","og_site_name":"Infotetquebec","article_publisher":"https:\/\/www.facebook.com\/profile.php?id=100089616676260","article_modified_time":"2022-06-16T15:46:47+00:00","twitter_card":"summary_large_image","twitter_misc":{"Tiempo de lectura":"1 minuto"},"schema":{"@context":"https:\/\/schema.org","@graph":[{"@type":"WebPage","@id":"https:\/\/www.infotetquebec.com\/es\/suspension-del-requisito-de-vacunacion-obligatoria-para-embarcar-en-un-avion-en-canada\/","url":"https:\/\/www.infotetquebec.com\/es\/suspension-del-requisito-de-vacunacion-obligatoria-para-embarcar-en-un-avion-en-canada\/","name":"Suspensi\u00f3n del requisito de vacunaci\u00f3n obligatoria para embarcar en un avi\u00f3n en Canad\u00e1 - Infotetquebec","isPartOf":{"@id":"https:\/\/www.infotetquebec.com\/es\/#website"},"datePublished":"2022-06-16T15:46:45+00:00","dateModified":"2022-06-16T15:46:47+00:00","breadcrumb":{"@id":"https:\/\/www.infotetquebec.com\/es\/suspension-del-requisito-de-vacunacion-obligatoria-para-embarcar-en-un-avion-en-canada\/#breadcrumb"},"inLanguage":"es","potentialAction":[{"@type":"ReadAction","target":["https:\/\/www.infotetquebec.com\/es\/suspension-del-requisito-de-vacunacion-obligatoria-para-embarcar-en-un-avion-en-canada\/"]}]},{"@type":"BreadcrumbList","@id":"https:\/\/www.infotetquebec.com\/es\/suspension-del-requisito-de-vacunacion-obligatoria-para-embarcar-en-un-avion-en-canada\/#breadcrumb","itemListElement":[{"@type":"ListItem","position":1,"name":"Accueil","item":"https:\/\/www.infotetquebec.com\/es\/"},{"@type":"ListItem","position":2,"name":"Suspensi\u00f3n del requisito de vacunaci\u00f3n obligatoria para embarcar en un avi\u00f3n en Canad\u00e1"}]},{"@type":"WebSite","@id":"https:\/\/www.infotetquebec.com\/es\/#website","url":"https:\/\/www.infotetquebec.com\/es\/","name":"Infotetquebec","description":"Info et soutien aux TET","publisher":{"@id":"https:\/\/www.infotetquebec.com\/es\/#organization"},"potentialAction":[{"@type":"SearchAction","target":{"@type":"EntryPoint","urlTemplate":"https:\/\/www.infotetquebec.com\/es\/?s={search_term_string}"},"query-input":{"@type":"PropertyValueSpecification","valueRequired":true,"valueName":"search_term_string"}}],"inLanguage":"es"},{"@type":"Organization","@id":"https:\/\/www.infotetquebec.com\/es\/#organization","name":"InfoTETQuebec","url":"https:\/\/www.infotetquebec.com\/es\/","logo":{"@type":"ImageObject","inLanguage":"es","@id":"https:\/\/www.infotetquebec.com\/es\/#\/schema\/logo\/image\/","url":"https:\/\/www.infotetquebec.com\/wp-content\/uploads\/2021\/02\/cropped-IMQC_TET_Favicon_Fav-Icon_Fav-Icon-1.png","contentUrl":"https:\/\/www.infotetquebec.com\/wp-content\/uploads\/2021\/02\/cropped-IMQC_TET_Favicon_Fav-Icon_Fav-Icon-1.png","width":512,"height":512,"caption":"InfoTETQuebec"},"image":{"@id":"https:\/\/www.infotetquebec.com\/es\/#\/schema\/logo\/image\/"},"sameAs":["https:\/\/www.facebook.com\/profile.php?id=100089616676260"]}]}},"rttpg_featured_image_url":null,"rttpg_author":{"display_name":"Soufian AJLANI","author_link":"https:\/\/www.infotetquebec.com\/es\/author\/soufian_iq\/"},"rttpg_comment":0,"rttpg_category":" <a href=\"https:\/\/www.infotetquebec.com\/es\/?taxonomy=translation_priority&#038;term=opcional-es-3\" rel=\"tag\">Opcional<\/a><a href=\"https:\/\/www.infotetquebec.com\/es\/?taxonomy=translation_priority&#038;term=optional-es\" rel=\"tag\">Optional<\/a>","rttpg_excerpt":"El 14 de junio de 2022, el Gobierno de Canad\u00e1 anunci\u00f3 que, a partir de las 12:01 a.m. EDT del 20 de junio de 2022, ya no se exigir\u00e1 la... Leer m\u00e1s","_links":{"self":[{"href":"https:\/\/www.infotetquebec.com\/es\/wp-json\/wp\/v2\/pages\/3216","targetHints":{"allow":["GET"]}}],"collection":[{"href":"https:\/\/www.infotetquebec.com\/es\/wp-json\/wp\/v2\/pages"}],"about":[{"href":"https:\/\/www.infotetquebec.com\/es\/wp-json\/wp\/v2\/types\/page"}],"author":[{"embeddable":true,"href":"https:\/\/www.infotetquebec.com\/es\/wp-json\/wp\/v2\/users\/16"}],"replies":[{"embeddable":true,"href":"https:\/\/www.infotetquebec.com\/es\/wp-json\/wp\/v2\/comments?post=3216"}],"version-history":[{"count":1,"href":"https:\/\/www.infotetquebec.com\/es\/wp-json\/wp\/v2\/pages\/3216\/revisions"}],"predecessor-version":[{"id":3217,"href":"https:\/\/www.infotetquebec.com\/es\/wp-json\/wp\/v2\/pages\/3216\/revisions\/3217"}],"wp:attachment":[{"href":"https:\/\/www.infotetquebec.com\/es\/wp-json\/wp\/v2\/media?parent=3216"}],"curies":[{"name":"wp","href":"https:\/\/api.w.org\/{rel}","templated":true}]}}