{"id":2962,"date":"2022-04-22T14:21:43","date_gmt":"2022-04-22T18:21:43","guid":{"rendered":"https:\/\/www.infotetquebec.com\/?page_id=2962"},"modified":"2022-04-22T14:23:23","modified_gmt":"2022-04-22T18:23:23","slug":"viajeros-totalmente-inmunizados-que-ingresan-a-canada","status":"publish","type":"page","link":"https:\/\/www.infotetquebec.com\/es\/viajeros-totalmente-inmunizados-que-ingresan-a-canada\/","title":{"rendered":"VIAJEROS TOTALMENTE INMUNIZADOS QUE INGRESAN A CANAD\u00c1"},"content":{"rendered":"<h3><strong>Viajeros completamente vacunados que ingresan a Canad\u00e1<\/strong><\/h3>\n<p>&nbsp;<\/p>\n<p>El 1 de abril de 2022, los canadienses completamente inmunizados ya no tendr\u00e1n que proporcionar un resultado negativo de la prueba de COVID-19 antes de regresar a Canad\u00e1. Solo necesitan tener a la mano los siguientes documentos:<\/p>\n<ul>\n<li>haber recibido al menos 2 dosis de una vacuna COVID-19<\/li>\n<li>aceptada para viajar o una dosis de la vacuna Janssen (Johnson &amp; Johnson)<\/li>\n<li>recibi\u00f3 su segunda dosis al menos 14 d\u00edas antes de ingresar a Canad\u00e1.<\/li>\n<li>ha ingresado toda su informaci\u00f3n de vacunaci\u00f3n y viaje en ArriveCAN.<br \/>\nno tiene ning\u00fan signo o s\u00edntoma de COVID-19.<\/li>\n<\/ul>\n<p>Se recomienda encarecidamente a los viajeros que recientemente dieron positivo en la prueba de COVID-19 que muestren una prueba del resultado positivo de la prueba molecular, realizada entre 10 y 180 d\u00edas antes de su viaje, para que no tengan que pasar una prueba aleatoria obligatoria al llegar a Canad\u00e1. .<\/p>\n<p>Todav\u00eda es importante autocontrolarse en busca de s\u00edntomas antes de viajar al extranjero. Tambi\u00e9n debe evaluar los factores de riesgo de su destino.<\/p>\n<p>Para obtener m\u00e1s informaci\u00f3n sobre c\u00f3mo llegar a la frontera, visite: <a href=\"https:\/\/voyage.gc.ca\/voyage-covid\/voyage-restrictions\/voyageurs-vaccines-covid-trent-canada\">https:\/\/voyage.gc.ca\/voyage-covid\/voyage-restrictions\/voyageurs-vaccines-covid-trent-canada<\/a><\/p>\n<p>Adem\u00e1s, est\u00e1 exento de proporcionar el resultado de una prueba previa a la entrada antes de llegar a Canad\u00e1 si:<\/p>\n<ul>\n<li>haber recibido al menos 2 dosis de una vacuna COVID-19 aceptada para viajar o una dosis de la vacuna Janssen (Johnson &amp; Johnson)<\/li>\n<li>recibi\u00f3 su segunda dosis al menos 14 d\u00edas antes de ingresar a Canad\u00e1<\/li>\n<li>ha ingresado toda su informaci\u00f3n de vacunaci\u00f3n y viaje en ArriveCAN<\/li>\n<li>no tiene ning\u00fan signo o s\u00edntoma de COVID-19.<\/li>\n<\/ul>\n","protected":false},"excerpt":{"rendered":"<p>Viajeros completamente vacunados que ingresan a Canad\u00e1 &nbsp; El 1 de abril de 2022, los canadienses completamente inmunizados ya no tendr\u00e1n que proporcionar un resultado negativo de la prueba de&#8230; <a class=\"more-link\" href=\"https:\/\/www.infotetquebec.com\/es\/viajeros-totalmente-inmunizados-que-ingresan-a-canada\/\">Leer m\u00e1s<\/a><\/p>\n","protected":false},"author":3,"featured_media":0,"parent":0,"menu_order":0,"comment_status":"closed","ping_status":"closed","template":"","meta":{"_genesis_hide_title":false,"_genesis_hide_breadcrumbs":false,"_genesis_hide_singular_image":false,"_genesis_hide_footer_widgets":false,"_genesis_custom_body_class":"","_genesis_custom_post_class":"","_genesis_layout":"","footnotes":""},"class_list":["post-2962","page","type-page","status-publish","entry"],"yoast_head":"<!-- This site is optimized with the Yoast SEO plugin v27.4 - https:\/\/yoast.com\/product\/yoast-seo-wordpress\/ -->\n<title>VIAJEROS TOTALMENTE INMUNIZADOS QUE INGRESAN A CANAD\u00c1 - Infotetquebec<\/title>\n<meta name=\"robots\" content=\"index, follow, max-snippet:-1, max-image-preview:large, max-video-preview:-1\" \/>\n<link rel=\"canonical\" href=\"https:\/\/www.infotetquebec.com\/es\/viajeros-totalmente-inmunizados-que-ingresan-a-canada\/\" \/>\n<meta property=\"og:locale\" content=\"es_ES\" \/>\n<meta property=\"og:type\" content=\"article\" \/>\n<meta property=\"og:title\" content=\"VIAJEROS TOTALMENTE INMUNIZADOS QUE INGRESAN A CANAD\u00c1 - Infotetquebec\" \/>\n<meta property=\"og:description\" content=\"Viajeros completamente vacunados que ingresan a Canad\u00e1 &nbsp; El 1 de abril de 2022, los canadienses completamente inmunizados ya no tendr\u00e1n que proporcionar un resultado negativo de la prueba de... Leer m\u00e1s\" \/>\n<meta property=\"og:url\" content=\"https:\/\/www.infotetquebec.com\/es\/viajeros-totalmente-inmunizados-que-ingresan-a-canada\/\" \/>\n<meta property=\"og:site_name\" content=\"Infotetquebec\" \/>\n<meta property=\"article:publisher\" content=\"https:\/\/www.facebook.com\/profile.php?id=100089616676260\" \/>\n<meta property=\"article:modified_time\" content=\"2022-04-22T18:23:23+00:00\" \/>\n<meta name=\"twitter:card\" content=\"summary_large_image\" \/>\n<meta name=\"twitter:label1\" content=\"Tiempo de lectura\" \/>\n\t<meta name=\"twitter:data1\" content=\"2 minutos\" \/>\n<script type=\"application\/ld+json\" class=\"yoast-schema-graph\">{\"@context\":\"https:\\\/\\\/schema.org\",\"@graph\":[{\"@type\":\"WebPage\",\"@id\":\"https:\\\/\\\/www.infotetquebec.com\\\/es\\\/viajeros-totalmente-inmunizados-que-ingresan-a-canada\\\/\",\"url\":\"https:\\\/\\\/www.infotetquebec.com\\\/es\\\/viajeros-totalmente-inmunizados-que-ingresan-a-canada\\\/\",\"name\":\"VIAJEROS TOTALMENTE INMUNIZADOS QUE INGRESAN A CANAD\u00c1 - Infotetquebec\",\"isPartOf\":{\"@id\":\"https:\\\/\\\/www.infotetquebec.com\\\/es\\\/#website\"},\"datePublished\":\"2022-04-22T18:21:43+00:00\",\"dateModified\":\"2022-04-22T18:23:23+00:00\",\"breadcrumb\":{\"@id\":\"https:\\\/\\\/www.infotetquebec.com\\\/es\\\/viajeros-totalmente-inmunizados-que-ingresan-a-canada\\\/#breadcrumb\"},\"inLanguage\":\"es\",\"potentialAction\":[{\"@type\":\"ReadAction\",\"target\":[\"https:\\\/\\\/www.infotetquebec.com\\\/es\\\/viajeros-totalmente-inmunizados-que-ingresan-a-canada\\\/\"]}]},{\"@type\":\"BreadcrumbList\",\"@id\":\"https:\\\/\\\/www.infotetquebec.com\\\/es\\\/viajeros-totalmente-inmunizados-que-ingresan-a-canada\\\/#breadcrumb\",\"itemListElement\":[{\"@type\":\"ListItem\",\"position\":1,\"name\":\"Accueil\",\"item\":\"https:\\\/\\\/www.infotetquebec.com\\\/es\\\/\"},{\"@type\":\"ListItem\",\"position\":2,\"name\":\"VIAJEROS TOTALMENTE INMUNIZADOS QUE INGRESAN A CANAD\u00c1\"}]},{\"@type\":\"WebSite\",\"@id\":\"https:\\\/\\\/www.infotetquebec.com\\\/es\\\/#website\",\"url\":\"https:\\\/\\\/www.infotetquebec.com\\\/es\\\/\",\"name\":\"Infotetquebec\",\"description\":\"Info et soutien aux TET\",\"publisher\":{\"@id\":\"https:\\\/\\\/www.infotetquebec.com\\\/es\\\/#organization\"},\"potentialAction\":[{\"@type\":\"SearchAction\",\"target\":{\"@type\":\"EntryPoint\",\"urlTemplate\":\"https:\\\/\\\/www.infotetquebec.com\\\/es\\\/?s={search_term_string}\"},\"query-input\":{\"@type\":\"PropertyValueSpecification\",\"valueRequired\":true,\"valueName\":\"search_term_string\"}}],\"inLanguage\":\"es\"},{\"@type\":\"Organization\",\"@id\":\"https:\\\/\\\/www.infotetquebec.com\\\/es\\\/#organization\",\"name\":\"InfoTETQuebec\",\"url\":\"https:\\\/\\\/www.infotetquebec.com\\\/es\\\/\",\"logo\":{\"@type\":\"ImageObject\",\"inLanguage\":\"es\",\"@id\":\"https:\\\/\\\/www.infotetquebec.com\\\/es\\\/#\\\/schema\\\/logo\\\/image\\\/\",\"url\":\"https:\\\/\\\/www.infotetquebec.com\\\/wp-content\\\/uploads\\\/2021\\\/02\\\/cropped-IMQC_TET_Favicon_Fav-Icon_Fav-Icon-1.png\",\"contentUrl\":\"https:\\\/\\\/www.infotetquebec.com\\\/wp-content\\\/uploads\\\/2021\\\/02\\\/cropped-IMQC_TET_Favicon_Fav-Icon_Fav-Icon-1.png\",\"width\":512,\"height\":512,\"caption\":\"InfoTETQuebec\"},\"image\":{\"@id\":\"https:\\\/\\\/www.infotetquebec.com\\\/es\\\/#\\\/schema\\\/logo\\\/image\\\/\"},\"sameAs\":[\"https:\\\/\\\/www.facebook.com\\\/profile.php?id=100089616676260\"]}]}<\/script>\n<!-- \/ Yoast SEO plugin. -->","yoast_head_json":{"title":"VIAJEROS TOTALMENTE INMUNIZADOS QUE INGRESAN A CANAD\u00c1 - Infotetquebec","robots":{"index":"index","follow":"follow","max-snippet":"max-snippet:-1","max-image-preview":"max-image-preview:large","max-video-preview":"max-video-preview:-1"},"canonical":"https:\/\/www.infotetquebec.com\/es\/viajeros-totalmente-inmunizados-que-ingresan-a-canada\/","og_locale":"es_ES","og_type":"article","og_title":"VIAJEROS TOTALMENTE INMUNIZADOS QUE INGRESAN A CANAD\u00c1 - Infotetquebec","og_description":"Viajeros completamente vacunados que ingresan a Canad\u00e1 &nbsp; El 1 de abril de 2022, los canadienses completamente inmunizados ya no tendr\u00e1n que proporcionar un resultado negativo de la prueba de... Leer m\u00e1s","og_url":"https:\/\/www.infotetquebec.com\/es\/viajeros-totalmente-inmunizados-que-ingresan-a-canada\/","og_site_name":"Infotetquebec","article_publisher":"https:\/\/www.facebook.com\/profile.php?id=100089616676260","article_modified_time":"2022-04-22T18:23:23+00:00","twitter_card":"summary_large_image","twitter_misc":{"Tiempo de lectura":"2 minutos"},"schema":{"@context":"https:\/\/schema.org","@graph":[{"@type":"WebPage","@id":"https:\/\/www.infotetquebec.com\/es\/viajeros-totalmente-inmunizados-que-ingresan-a-canada\/","url":"https:\/\/www.infotetquebec.com\/es\/viajeros-totalmente-inmunizados-que-ingresan-a-canada\/","name":"VIAJEROS TOTALMENTE INMUNIZADOS QUE INGRESAN A CANAD\u00c1 - Infotetquebec","isPartOf":{"@id":"https:\/\/www.infotetquebec.com\/es\/#website"},"datePublished":"2022-04-22T18:21:43+00:00","dateModified":"2022-04-22T18:23:23+00:00","breadcrumb":{"@id":"https:\/\/www.infotetquebec.com\/es\/viajeros-totalmente-inmunizados-que-ingresan-a-canada\/#breadcrumb"},"inLanguage":"es","potentialAction":[{"@type":"ReadAction","target":["https:\/\/www.infotetquebec.com\/es\/viajeros-totalmente-inmunizados-que-ingresan-a-canada\/"]}]},{"@type":"BreadcrumbList","@id":"https:\/\/www.infotetquebec.com\/es\/viajeros-totalmente-inmunizados-que-ingresan-a-canada\/#breadcrumb","itemListElement":[{"@type":"ListItem","position":1,"name":"Accueil","item":"https:\/\/www.infotetquebec.com\/es\/"},{"@type":"ListItem","position":2,"name":"VIAJEROS TOTALMENTE INMUNIZADOS QUE INGRESAN A CANAD\u00c1"}]},{"@type":"WebSite","@id":"https:\/\/www.infotetquebec.com\/es\/#website","url":"https:\/\/www.infotetquebec.com\/es\/","name":"Infotetquebec","description":"Info et soutien aux TET","publisher":{"@id":"https:\/\/www.infotetquebec.com\/es\/#organization"},"potentialAction":[{"@type":"SearchAction","target":{"@type":"EntryPoint","urlTemplate":"https:\/\/www.infotetquebec.com\/es\/?s={search_term_string}"},"query-input":{"@type":"PropertyValueSpecification","valueRequired":true,"valueName":"search_term_string"}}],"inLanguage":"es"},{"@type":"Organization","@id":"https:\/\/www.infotetquebec.com\/es\/#organization","name":"InfoTETQuebec","url":"https:\/\/www.infotetquebec.com\/es\/","logo":{"@type":"ImageObject","inLanguage":"es","@id":"https:\/\/www.infotetquebec.com\/es\/#\/schema\/logo\/image\/","url":"https:\/\/www.infotetquebec.com\/wp-content\/uploads\/2021\/02\/cropped-IMQC_TET_Favicon_Fav-Icon_Fav-Icon-1.png","contentUrl":"https:\/\/www.infotetquebec.com\/wp-content\/uploads\/2021\/02\/cropped-IMQC_TET_Favicon_Fav-Icon_Fav-Icon-1.png","width":512,"height":512,"caption":"InfoTETQuebec"},"image":{"@id":"https:\/\/www.infotetquebec.com\/es\/#\/schema\/logo\/image\/"},"sameAs":["https:\/\/www.facebook.com\/profile.php?id=100089616676260"]}]}},"rttpg_featured_image_url":null,"rttpg_author":{"display_name":"Agn\u00e8s Merlin","author_link":"https:\/\/www.infotetquebec.com\/es\/author\/agnes-merlinimmigrantquebec-com\/"},"rttpg_comment":0,"rttpg_category":" <a href=\"https:\/\/www.infotetquebec.com\/es\/?taxonomy=translation_priority&#038;term=optional-es\" rel=\"tag\">Optional<\/a>","rttpg_excerpt":"Viajeros completamente vacunados que ingresan a Canad\u00e1 &nbsp; El 1 de abril de 2022, los canadienses completamente inmunizados ya no tendr\u00e1n que proporcionar un resultado negativo de la prueba de... Leer m\u00e1s","_links":{"self":[{"href":"https:\/\/www.infotetquebec.com\/es\/wp-json\/wp\/v2\/pages\/2962","targetHints":{"allow":["GET"]}}],"collection":[{"href":"https:\/\/www.infotetquebec.com\/es\/wp-json\/wp\/v2\/pages"}],"about":[{"href":"https:\/\/www.infotetquebec.com\/es\/wp-json\/wp\/v2\/types\/page"}],"author":[{"embeddable":true,"href":"https:\/\/www.infotetquebec.com\/es\/wp-json\/wp\/v2\/users\/3"}],"replies":[{"embeddable":true,"href":"https:\/\/www.infotetquebec.com\/es\/wp-json\/wp\/v2\/comments?post=2962"}],"version-history":[{"count":5,"href":"https:\/\/www.infotetquebec.com\/es\/wp-json\/wp\/v2\/pages\/2962\/revisions"}],"predecessor-version":[{"id":2967,"href":"https:\/\/www.infotetquebec.com\/es\/wp-json\/wp\/v2\/pages\/2962\/revisions\/2967"}],"wp:attachment":[{"href":"https:\/\/www.infotetquebec.com\/es\/wp-json\/wp\/v2\/media?parent=2962"}],"curies":[{"name":"wp","href":"https:\/\/api.w.org\/{rel}","templated":true}]}}