{"id":2107,"date":"2022-01-18T17:33:09","date_gmt":"2022-01-18T22:33:09","guid":{"rendered":"https:\/\/www.infotetquebec.com\/?page_id=2107"},"modified":"2022-01-18T17:33:11","modified_gmt":"2022-01-18T22:33:11","slug":"requisitos-actuales-para-ingresar-a-canada-pruebas-cuarentena-aislamiento-y-vacunacion-de-trabajadores-extranjeros-temporales","status":"publish","type":"page","link":"https:\/\/www.infotetquebec.com\/es\/requisitos-actuales-para-ingresar-a-canada-pruebas-cuarentena-aislamiento-y-vacunacion-de-trabajadores-extranjeros-temporales\/","title":{"rendered":"Requisitos actuales para ingresar a Canad\u00e1, pruebas, cuarentena, aislamiento y vacunaci\u00f3n de trabajadores extranjeros temporales"},"content":{"rendered":"\n<p>14 de enero de 2022<\/p>\n\n\n\n<p><strong>LLEGADA A CANAD\u00c1:<\/strong><\/p>\n\n\n\n<p>\u00b7 Todos los TFW deben descargar la aplicaci\u00f3n ArriveCAN en su tel\u00e9fono y usar ArriveCAN para proporcionar informaci\u00f3n de viaje obligatoria antes de ingresar a Canad\u00e1. La aplicaci\u00f3n es gratuita y est\u00e1 disponible en ingl\u00e9s, franc\u00e9s y espa\u00f1ol. Los TFW tambi\u00e9n pueden usar la versi\u00f3n de escritorio\/web. Un recibo impreso de ArriveCAN es aceptable como prueba y puede ser utilizado por los viajeros para abordar un vuelo.<\/p>\n\n\n\n<p><strong>o Use ArriveCAN para ingresar a Canad\u00e1 &#8211; Canada.ca<\/strong><\/p>\n\n\n\n<p>\u00b7 Toda persona que llegue a Canad\u00e1 es responsable de seguir todas las medidas de salud y seguridad establecidas por las autoridades sanitarias federales, provinciales\/territoriales y municipales. La p\u00e1gina travel.gc.ca se actualiza regularmente con la informaci\u00f3n m\u00e1s reciente sobre qu\u00e9 hacer para prepararse para venir a Canad\u00e1 y cu\u00e1ndo llega a Canad\u00e1.<\/p>\n\n\n\n<p>Para obtener una descripci\u00f3n general de los requisitos para los TFW que viajan a Canad\u00e1, as\u00ed como enlaces a sitios con la informaci\u00f3n m\u00e1s actualizada sobre las pol\u00edticas fronterizas de Canad\u00e1, consulte la gu\u00eda COVID-19 para trabajadores temporales extranjeros.<\/p>\n\n\n\n<div style=\"height:30px\" aria-hidden=\"true\" class=\"wp-block-spacer\"><\/div>\n\n\n\n<p><meta charset=\"utf-8\"><strong>PRUEBAS, CUARENTENA Y AISLAMIENTO:<\/strong><\/p>\n\n\n\n<p>Desde una perspectiva federal, para fines de entrada fronteriza, el Gobierno de Canad\u00e1 considera que una persona est\u00e1 totalmente inmunizada si ha recibido una serie completa de vacunas o una combinaci\u00f3n de vacunas aceptada por el Gobierno de Canad\u00e1.<\/p>\n\n\n\n<p>\u00b7 Los TFW completamente vacunados est\u00e1n sujetos a los mismos requisitos de prueba y cuarentena que otras personas completamente vacunadas que ingresan a Canad\u00e1.<\/p>\n\n\n\n<p>Actualmente (a partir del 18 de diciembre de 2021), todos los viajeros completamente inmunizados, incluidos los TFW, que ingresen a Canad\u00e1 est\u00e1n sujetos a pruebas obligatorias aleatorias a su llegada, seg\u00fan las instrucciones de un funcionario del gobierno.<\/p>\n\n\n\n<p><strong>o Si se selecciona al azar para las pruebas obligatorias a su llegada, el TFW:<\/strong><\/p>\n\n\n\n<p>\u00b7 Debe pasar la prueba de llegada como se indica el d\u00eda de entrada a Canad\u00e1. La prueba se puede administrar en el aeropuerto o puede recibir un kit de automuestreo en el aeropuerto o en la frontera terrestre para que se complete dentro de las 24 horas posteriores a la entrada a Canad\u00e1;<\/p>\n\n\n\n<p>puede tomar vuelos de conexi\u00f3n a su lugar de cuarentena;<\/p>\n\n\n\n<p>\u00b7 Todos los TFW que hayan estado en un pa\u00eds que no sea Canad\u00e1 o los Estados Unidos deben someterse a cuarentena en un lugar apropiado en espera del resultado de la prueba a la llegada; y<\/p>\n\n\n\n<p>desarrollan s\u00edntomas, los TFW deben autoaislarse inmediatamente durante 10 d\u00edas a partir de la fecha del resultado de la prueba.<\/p>\n\n\n\n<p><strong>o Visite travel.gc.ca para obtener m\u00e1s detalles.<\/strong><\/p>\n\n\n\n<p>\u00b7 La capacidad de detecci\u00f3n contin\u00faa expandi\u00e9ndose para permitir la detecci\u00f3n a la llegada en los puertos de entrada canadienses. Hasta nuevo aviso, se seguir\u00e1n realizando pruebas aleatorias obligatorias para los TFW completamente vacunados a trav\u00e9s de una combinaci\u00f3n de pruebas en aeropuertos y kits de automuestreo distribuidos en la frontera.<\/p>\n\n\n\n<p>o A los TFW que sean seleccionados para recibir un kit de automuestra se les indicar\u00e1 que realicen su prueba bajo vigilancia por video con el proveedor de la prueba en su lugar de cuarentena.<\/p>\n\n\n\n<p>o Se recomienda encarecidamente a todos los viajeros que lleguen a Canad\u00e1 por v\u00eda a\u00e9rea, incluidos los TFW, que se registren previamente con el proveedor de pruebas federal (p. ej., Switch Health, Dynacare, etc.) que realizar\u00e1 las pruebas en el aeropuerto de llegada. Para registrarse previamente con un proveedor de pruebas, vaya a travel.gc.ca.<\/p>\n\n\n\n<p>\u00b7 Los requisitos de prueba y cuarentena para los TFW no vacunados que ingresan a Canad\u00e1 no han cambiado. Para obtener detalles sobre los viajeros no vacunados y sin s\u00edntomas de COVID-19 que llegan a Canad\u00e1 por tierra, aire o mar, visite Canada.ca.<\/p>\n\n\n\n<p>\u00b7 Actualmente no hay cambios en los criterios para un lugar apropiado para la cuarentena y los empleadores de los TFW deben planificar la cuarentena y el aislamiento de los TFW en consecuencia. Para obtener m\u00e1s informaci\u00f3n sobre los criterios para un plan de cuarentena adecuado, visite travel.gc.ca en Cuarentena o aislamiento \u2013 Restricciones de viaje dentro de Canad\u00e1 \u2013 Travel.gc.ca y COVID-19: Eval\u00fae su plan de cuarentena &#8211; Restricciones de viaje en Canad\u00e1 \u2013 Viajes .gc.ca. Las autoridades de salud p\u00fablica provinciales y locales tambi\u00e9n pueden tener requisitos adicionales que contin\u00faan aplic\u00e1ndose adem\u00e1s de las medidas fronterizas federales.<\/p>\n\n\n\n<p>\u00b7 En caso de un brote del virus Covid-19, se les pedir\u00e1 a los empleadores que brinden alojamiento y que tengan TFW en el lugar que notifiquen a Service Canada de inmediato. Los empleadores pueden informar a Service Canada enviando un mensaje electr\u00f3nico a la siguiente direcci\u00f3n: ESDC.ISB.QUARANTINEQUARANTAINE.DGSI.EDSC@servicecanada.gc.ca<\/p>\n\n\n\n<p>\u00b7 La informaci\u00f3n general sobre las medidas de cuarentena y aislamiento y las mejores pr\u00e1cticas est\u00e1 disponible para los TFW completamente vacunados que llegan a Canad\u00e1, los TFW no vacunados que llegan a Canad\u00e1 y los TFW sintom\u00e1ticos que llegan a Canad\u00e1.<\/p>\n\n\n\n<p>COVID-19 en Columbia Brit\u00e1nica y Manitoba. El Programa de Sitios Seguros de Aislamiento Voluntario apoya directamente a las ciudades, municipios y regiones de salud que est\u00e1n en riesgo de transmisi\u00f3n comunitaria de COVID-19. Los sitios seleccionados bajo el programa brindan un lugar accesible donde las personas pueden aislarse de manera segura durante el per\u00edodo requerido. Los funcionarios locales de salud p\u00fablica determinan las personas elegibles a las que se les puede ofrecer la opci\u00f3n de transferirse al sitio de aislamiento de forma voluntaria para mantenerlos seguros a ellos y a sus contactos familiares durante un brote en su comunidad.<\/p>\n\n\n\n<p>Adem\u00e1s, los consejos de salud p\u00fablica y la informaci\u00f3n sobre la prevenci\u00f3n y los riesgos de la COVID-19 est\u00e1n disponibles en l\u00ednea en las siguientes direcciones Enfermedad por coronavirus (COVID-19): Prevenci\u00f3n y riesgos &#8211; Canada.ca; y enfermedad por coronavirus (COVID-19): Documento de orientaci\u00f3n &#8211; Canada.ca.<br><\/p>\n\n\n\n<div style=\"height:31px\" aria-hidden=\"true\" class=\"wp-block-spacer\"><\/div>\n\n\n\n<p><strong>REQUISITOS DE VACUNACI\u00d3N:<\/strong><\/p>\n\n\n\n<p>\u00b7 A partir del 15 de enero de 2022, todos los TFW deber\u00e1n estar completamente vacunados para ingresar a Canad\u00e1, a menos que trabajen en agricultura primaria y procesamiento de alimentos. Los TFW que trabajen en agricultura y procesamiento de alimentos podr\u00e1n ingresar a Canad\u00e1 independientemente de su estado de vacunaci\u00f3n.<\/p>\n\n\n\n<p>\u00b7 Las Provincias y Territorios (PT) podr\u00e1n establecer diferentes requisitos de vacunaci\u00f3n dentro de su jurisdicci\u00f3n para el acceso a lugares p\u00fablicos, servicios no esenciales o lugares de trabajo.<\/p>\n\n\n\n<p>Desde una perspectiva federal, para fines de entrada fronteriza, el Gobierno de Canad\u00e1 considera que una persona est\u00e1 totalmente inmunizada si ha recibido una serie completa de vacunas o una combinaci\u00f3n de vacunas aceptada por el Gobierno de Canad\u00e1.<\/p>\n\n\n\n<p>Todos los viajeros de 12 a\u00f1os m\u00e1s cuatro meses o m\u00e1s deben estar completamente inmunizados para viajar a Canad\u00e1 en aviones y trenes regulados por el gobierno federal, a menos que soliciten y obtengan una de las excepciones limitadas.<\/p>\n\n\n\n<p>Los TFW no vacunados en agricultura primaria y procesamiento de alimentos pueden viajar a su destino final en Canad\u00e1 mientras esperan los resultados de la prueba COVID-19.<\/p>\n\n\n\n<p>Aunque los PT tienen autoridad sobre los requisitos de vacunaci\u00f3n en sus jurisdicciones, PHAC emiti\u00f3 recomendaciones en agosto de 2021 para las personas vacunadas con vacunas no autorizadas por Health Canada, y que permanecer\u00e1n en Canad\u00e1 para vivir, trabajar o estudiar. Para estas personas, PHAC recomienda una dosis adicional de la vacuna de ARNm para quienes hayan recibido una o dos dosis de una vacuna no autorizada por Health Canada, a menos que ya hayan recibido tres dosis de la vacuna COVID-19.<\/p>\n\n\n\n<p>Las recomendaciones del PHAC est\u00e1n destinadas a apoyar la toma de decisiones locales, territoriales y provinciales por parte de los departamentos de salud p\u00fablica y los profesionales de la salud, y se desarrollaron en consulta con los PT, incluido el Consejo de Oficiales M\u00e9dicos de Salud en l\u00edder, y teniendo en cuenta el asesoramiento del Comit\u00e9 Consultivo Nacional de Inmunizaci\u00f3n.<\/p>\n\n\n\n<p>Algunas provincias y territorios han implementado sus propias restricciones de entrada para viajeros que vienen de otro pa\u00eds a Canad\u00e1. Pueden ser m\u00e1s estrictos que los requisitos federales de cuarentena. Verifique y siga las restricciones y requisitos federales y provinciales\/territoriales antes de viajar.<\/p>\n","protected":false},"excerpt":{"rendered":"<p>14 de enero de 2022 LLEGADA A CANAD\u00c1: \u00b7 Todos los TFW deben descargar la aplicaci\u00f3n ArriveCAN en su tel\u00e9fono y usar ArriveCAN para proporcionar informaci\u00f3n de viaje obligatoria antes&#8230; <a class=\"more-link\" href=\"https:\/\/www.infotetquebec.com\/es\/requisitos-actuales-para-ingresar-a-canada-pruebas-cuarentena-aislamiento-y-vacunacion-de-trabajadores-extranjeros-temporales\/\">Leer m\u00e1s<\/a><\/p>\n","protected":false},"author":3,"featured_media":0,"parent":0,"menu_order":0,"comment_status":"closed","ping_status":"closed","template":"","meta":{"_genesis_hide_title":false,"_genesis_hide_breadcrumbs":false,"_genesis_hide_singular_image":false,"_genesis_hide_footer_widgets":false,"_genesis_custom_body_class":"","_genesis_custom_post_class":"","_genesis_layout":"","footnotes":""},"class_list":["post-2107","page","type-page","status-publish","entry"],"yoast_head":"<!-- This site is optimized with the Yoast SEO plugin v27.5 - https:\/\/yoast.com\/product\/yoast-seo-wordpress\/ -->\n<title>Requisitos actuales para ingresar a Canad\u00e1, pruebas, cuarentena, aislamiento y vacunaci\u00f3n de trabajadores extranjeros temporales - Infotetquebec<\/title>\n<meta name=\"robots\" content=\"index, follow, max-snippet:-1, max-image-preview:large, max-video-preview:-1\" \/>\n<link rel=\"canonical\" href=\"https:\/\/www.infotetquebec.com\/es\/requisitos-actuales-para-ingresar-a-canada-pruebas-cuarentena-aislamiento-y-vacunacion-de-trabajadores-extranjeros-temporales\/\" \/>\n<meta property=\"og:locale\" content=\"es_ES\" \/>\n<meta property=\"og:type\" content=\"article\" \/>\n<meta property=\"og:title\" content=\"Requisitos actuales para ingresar a Canad\u00e1, pruebas, cuarentena, aislamiento y vacunaci\u00f3n de trabajadores extranjeros temporales - Infotetquebec\" \/>\n<meta property=\"og:description\" content=\"14 de enero de 2022 LLEGADA A CANAD\u00c1: \u00b7 Todos los TFW deben descargar la aplicaci\u00f3n ArriveCAN en su tel\u00e9fono y usar ArriveCAN para proporcionar informaci\u00f3n de viaje obligatoria antes... Leer m\u00e1s\" \/>\n<meta property=\"og:url\" content=\"https:\/\/www.infotetquebec.com\/es\/requisitos-actuales-para-ingresar-a-canada-pruebas-cuarentena-aislamiento-y-vacunacion-de-trabajadores-extranjeros-temporales\/\" \/>\n<meta property=\"og:site_name\" content=\"Infotetquebec\" \/>\n<meta property=\"article:publisher\" content=\"https:\/\/www.facebook.com\/profile.php?id=100089616676260\" \/>\n<meta property=\"article:modified_time\" content=\"2022-01-18T22:33:11+00:00\" \/>\n<meta name=\"twitter:card\" content=\"summary_large_image\" \/>\n<meta name=\"twitter:label1\" content=\"Tiempo de lectura\" \/>\n\t<meta name=\"twitter:data1\" content=\"6 minutos\" \/>\n<script type=\"application\/ld+json\" class=\"yoast-schema-graph\">{\"@context\":\"https:\\\/\\\/schema.org\",\"@graph\":[{\"@type\":\"WebPage\",\"@id\":\"https:\\\/\\\/www.infotetquebec.com\\\/es\\\/requisitos-actuales-para-ingresar-a-canada-pruebas-cuarentena-aislamiento-y-vacunacion-de-trabajadores-extranjeros-temporales\\\/\",\"url\":\"https:\\\/\\\/www.infotetquebec.com\\\/es\\\/requisitos-actuales-para-ingresar-a-canada-pruebas-cuarentena-aislamiento-y-vacunacion-de-trabajadores-extranjeros-temporales\\\/\",\"name\":\"Requisitos actuales para ingresar a Canad\u00e1, pruebas, cuarentena, aislamiento y vacunaci\u00f3n de trabajadores extranjeros temporales - Infotetquebec\",\"isPartOf\":{\"@id\":\"https:\\\/\\\/www.infotetquebec.com\\\/es\\\/#website\"},\"datePublished\":\"2022-01-18T22:33:09+00:00\",\"dateModified\":\"2022-01-18T22:33:11+00:00\",\"breadcrumb\":{\"@id\":\"https:\\\/\\\/www.infotetquebec.com\\\/es\\\/requisitos-actuales-para-ingresar-a-canada-pruebas-cuarentena-aislamiento-y-vacunacion-de-trabajadores-extranjeros-temporales\\\/#breadcrumb\"},\"inLanguage\":\"es\",\"potentialAction\":[{\"@type\":\"ReadAction\",\"target\":[\"https:\\\/\\\/www.infotetquebec.com\\\/es\\\/requisitos-actuales-para-ingresar-a-canada-pruebas-cuarentena-aislamiento-y-vacunacion-de-trabajadores-extranjeros-temporales\\\/\"]}]},{\"@type\":\"BreadcrumbList\",\"@id\":\"https:\\\/\\\/www.infotetquebec.com\\\/es\\\/requisitos-actuales-para-ingresar-a-canada-pruebas-cuarentena-aislamiento-y-vacunacion-de-trabajadores-extranjeros-temporales\\\/#breadcrumb\",\"itemListElement\":[{\"@type\":\"ListItem\",\"position\":1,\"name\":\"Accueil\",\"item\":\"https:\\\/\\\/www.infotetquebec.com\\\/es\\\/\"},{\"@type\":\"ListItem\",\"position\":2,\"name\":\"Requisitos actuales para ingresar a Canad\u00e1, pruebas, cuarentena, aislamiento y vacunaci\u00f3n de trabajadores extranjeros temporales\"}]},{\"@type\":\"WebSite\",\"@id\":\"https:\\\/\\\/www.infotetquebec.com\\\/es\\\/#website\",\"url\":\"https:\\\/\\\/www.infotetquebec.com\\\/es\\\/\",\"name\":\"Infotetquebec\",\"description\":\"Info et soutien aux TET\",\"publisher\":{\"@id\":\"https:\\\/\\\/www.infotetquebec.com\\\/es\\\/#organization\"},\"potentialAction\":[{\"@type\":\"SearchAction\",\"target\":{\"@type\":\"EntryPoint\",\"urlTemplate\":\"https:\\\/\\\/www.infotetquebec.com\\\/es\\\/?s={search_term_string}\"},\"query-input\":{\"@type\":\"PropertyValueSpecification\",\"valueRequired\":true,\"valueName\":\"search_term_string\"}}],\"inLanguage\":\"es\"},{\"@type\":\"Organization\",\"@id\":\"https:\\\/\\\/www.infotetquebec.com\\\/es\\\/#organization\",\"name\":\"InfoTETQuebec\",\"url\":\"https:\\\/\\\/www.infotetquebec.com\\\/es\\\/\",\"logo\":{\"@type\":\"ImageObject\",\"inLanguage\":\"es\",\"@id\":\"https:\\\/\\\/www.infotetquebec.com\\\/es\\\/#\\\/schema\\\/logo\\\/image\\\/\",\"url\":\"https:\\\/\\\/www.infotetquebec.com\\\/wp-content\\\/uploads\\\/2021\\\/02\\\/cropped-IMQC_TET_Favicon_Fav-Icon_Fav-Icon-1.png\",\"contentUrl\":\"https:\\\/\\\/www.infotetquebec.com\\\/wp-content\\\/uploads\\\/2021\\\/02\\\/cropped-IMQC_TET_Favicon_Fav-Icon_Fav-Icon-1.png\",\"width\":512,\"height\":512,\"caption\":\"InfoTETQuebec\"},\"image\":{\"@id\":\"https:\\\/\\\/www.infotetquebec.com\\\/es\\\/#\\\/schema\\\/logo\\\/image\\\/\"},\"sameAs\":[\"https:\\\/\\\/www.facebook.com\\\/profile.php?id=100089616676260\"]}]}<\/script>\n<!-- \/ Yoast SEO plugin. -->","yoast_head_json":{"title":"Requisitos actuales para ingresar a Canad\u00e1, pruebas, cuarentena, aislamiento y vacunaci\u00f3n de trabajadores extranjeros temporales - Infotetquebec","robots":{"index":"index","follow":"follow","max-snippet":"max-snippet:-1","max-image-preview":"max-image-preview:large","max-video-preview":"max-video-preview:-1"},"canonical":"https:\/\/www.infotetquebec.com\/es\/requisitos-actuales-para-ingresar-a-canada-pruebas-cuarentena-aislamiento-y-vacunacion-de-trabajadores-extranjeros-temporales\/","og_locale":"es_ES","og_type":"article","og_title":"Requisitos actuales para ingresar a Canad\u00e1, pruebas, cuarentena, aislamiento y vacunaci\u00f3n de trabajadores extranjeros temporales - Infotetquebec","og_description":"14 de enero de 2022 LLEGADA A CANAD\u00c1: \u00b7 Todos los TFW deben descargar la aplicaci\u00f3n ArriveCAN en su tel\u00e9fono y usar ArriveCAN para proporcionar informaci\u00f3n de viaje obligatoria antes... Leer m\u00e1s","og_url":"https:\/\/www.infotetquebec.com\/es\/requisitos-actuales-para-ingresar-a-canada-pruebas-cuarentena-aislamiento-y-vacunacion-de-trabajadores-extranjeros-temporales\/","og_site_name":"Infotetquebec","article_publisher":"https:\/\/www.facebook.com\/profile.php?id=100089616676260","article_modified_time":"2022-01-18T22:33:11+00:00","twitter_card":"summary_large_image","twitter_misc":{"Tiempo de lectura":"6 minutos"},"schema":{"@context":"https:\/\/schema.org","@graph":[{"@type":"WebPage","@id":"https:\/\/www.infotetquebec.com\/es\/requisitos-actuales-para-ingresar-a-canada-pruebas-cuarentena-aislamiento-y-vacunacion-de-trabajadores-extranjeros-temporales\/","url":"https:\/\/www.infotetquebec.com\/es\/requisitos-actuales-para-ingresar-a-canada-pruebas-cuarentena-aislamiento-y-vacunacion-de-trabajadores-extranjeros-temporales\/","name":"Requisitos actuales para ingresar a Canad\u00e1, pruebas, cuarentena, aislamiento y vacunaci\u00f3n de trabajadores extranjeros temporales - Infotetquebec","isPartOf":{"@id":"https:\/\/www.infotetquebec.com\/es\/#website"},"datePublished":"2022-01-18T22:33:09+00:00","dateModified":"2022-01-18T22:33:11+00:00","breadcrumb":{"@id":"https:\/\/www.infotetquebec.com\/es\/requisitos-actuales-para-ingresar-a-canada-pruebas-cuarentena-aislamiento-y-vacunacion-de-trabajadores-extranjeros-temporales\/#breadcrumb"},"inLanguage":"es","potentialAction":[{"@type":"ReadAction","target":["https:\/\/www.infotetquebec.com\/es\/requisitos-actuales-para-ingresar-a-canada-pruebas-cuarentena-aislamiento-y-vacunacion-de-trabajadores-extranjeros-temporales\/"]}]},{"@type":"BreadcrumbList","@id":"https:\/\/www.infotetquebec.com\/es\/requisitos-actuales-para-ingresar-a-canada-pruebas-cuarentena-aislamiento-y-vacunacion-de-trabajadores-extranjeros-temporales\/#breadcrumb","itemListElement":[{"@type":"ListItem","position":1,"name":"Accueil","item":"https:\/\/www.infotetquebec.com\/es\/"},{"@type":"ListItem","position":2,"name":"Requisitos actuales para ingresar a Canad\u00e1, pruebas, cuarentena, aislamiento y vacunaci\u00f3n de trabajadores extranjeros temporales"}]},{"@type":"WebSite","@id":"https:\/\/www.infotetquebec.com\/es\/#website","url":"https:\/\/www.infotetquebec.com\/es\/","name":"Infotetquebec","description":"Info et soutien aux TET","publisher":{"@id":"https:\/\/www.infotetquebec.com\/es\/#organization"},"potentialAction":[{"@type":"SearchAction","target":{"@type":"EntryPoint","urlTemplate":"https:\/\/www.infotetquebec.com\/es\/?s={search_term_string}"},"query-input":{"@type":"PropertyValueSpecification","valueRequired":true,"valueName":"search_term_string"}}],"inLanguage":"es"},{"@type":"Organization","@id":"https:\/\/www.infotetquebec.com\/es\/#organization","name":"InfoTETQuebec","url":"https:\/\/www.infotetquebec.com\/es\/","logo":{"@type":"ImageObject","inLanguage":"es","@id":"https:\/\/www.infotetquebec.com\/es\/#\/schema\/logo\/image\/","url":"https:\/\/www.infotetquebec.com\/wp-content\/uploads\/2021\/02\/cropped-IMQC_TET_Favicon_Fav-Icon_Fav-Icon-1.png","contentUrl":"https:\/\/www.infotetquebec.com\/wp-content\/uploads\/2021\/02\/cropped-IMQC_TET_Favicon_Fav-Icon_Fav-Icon-1.png","width":512,"height":512,"caption":"InfoTETQuebec"},"image":{"@id":"https:\/\/www.infotetquebec.com\/es\/#\/schema\/logo\/image\/"},"sameAs":["https:\/\/www.facebook.com\/profile.php?id=100089616676260"]}]}},"rttpg_featured_image_url":null,"rttpg_author":{"display_name":"Agn\u00e8s Merlin","author_link":"https:\/\/www.infotetquebec.com\/es\/author\/agnes-merlinimmigrantquebec-com\/"},"rttpg_comment":0,"rttpg_category":" <a href=\"https:\/\/www.infotetquebec.com\/es\/?taxonomy=translation_priority&#038;term=opcional-es-3\" rel=\"tag\">Opcional<\/a><a href=\"https:\/\/www.infotetquebec.com\/es\/?taxonomy=translation_priority&#038;term=optional-es\" rel=\"tag\">Optional<\/a>","rttpg_excerpt":"14 de enero de 2022 LLEGADA A CANAD\u00c1: \u00b7 Todos los TFW deben descargar la aplicaci\u00f3n ArriveCAN en su tel\u00e9fono y usar ArriveCAN para proporcionar informaci\u00f3n de viaje obligatoria antes... Leer m\u00e1s","_links":{"self":[{"href":"https:\/\/www.infotetquebec.com\/es\/wp-json\/wp\/v2\/pages\/2107","targetHints":{"allow":["GET"]}}],"collection":[{"href":"https:\/\/www.infotetquebec.com\/es\/wp-json\/wp\/v2\/pages"}],"about":[{"href":"https:\/\/www.infotetquebec.com\/es\/wp-json\/wp\/v2\/types\/page"}],"author":[{"embeddable":true,"href":"https:\/\/www.infotetquebec.com\/es\/wp-json\/wp\/v2\/users\/3"}],"replies":[{"embeddable":true,"href":"https:\/\/www.infotetquebec.com\/es\/wp-json\/wp\/v2\/comments?post=2107"}],"version-history":[{"count":0,"href":"https:\/\/www.infotetquebec.com\/es\/wp-json\/wp\/v2\/pages\/2107\/revisions"}],"wp:attachment":[{"href":"https:\/\/www.infotetquebec.com\/es\/wp-json\/wp\/v2\/media?parent=2107"}],"curies":[{"name":"wp","href":"https:\/\/api.w.org\/{rel}","templated":true}]}}