{"id":1974,"date":"2021-11-23T11:50:03","date_gmt":"2021-11-23T16:50:03","guid":{"rendered":"https:\/\/www.infotetquebec.com\/?page_id=1974"},"modified":"2021-11-23T11:53:44","modified_gmt":"2021-11-23T16:53:44","slug":"el-gobierno-de-canada-ofrece-mas-detalles-sobre-los-nuevos-requisitos-de-inmunizacion","status":"publish","type":"page","link":"https:\/\/www.infotetquebec.com\/es\/el-gobierno-de-canada-ofrece-mas-detalles-sobre-los-nuevos-requisitos-de-inmunizacion\/","title":{"rendered":"EL GOBIERNO DE CANAD\u00c1 OFRECE M\u00c1S DETALLES SOBRE LOS NUEVOS REQUISITOS DE INMUNIZACI\u00d3N"},"content":{"rendered":"\n<h4 class=\"wp-block-heading\"><strong>Comunicado de prensa<\/strong> &#8211; 29 de octubre de 2021 &#8211; Ottawa &#8211; Transport Canada<\/h4>\n\n\n\n<p class=\"has-black-color has-text-color\">El Gobierno de Canad\u00e1 se compromete a preservar la seguridad de nuestro sector de transporte, incluidos los empleados y los viajeros. La vacunaci\u00f3n es nuestra mejor defensa contra el virus que causa COVID-19 y sus variantes. Es por eso que los empleados y viajeros en las industrias a\u00e9rea y ferroviaria reguladas por el gobierno federal deber\u00e1n vacunarse contra el COVID-19.<\/p>\n\n\n\n\n\n\n\n<p class=\"has-black-color has-text-color\"><strong>Requisitos a partir del 30 de octubre:<\/strong><\/p>\n\n\n\n<p class=\"has-black-color has-text-color\">Como anunci\u00f3 el Gobierno de Canad\u00e1 el 13 de agosto, los viajeros en los sectores a\u00e9reo y ferroviario regulados por el gobierno federal deber\u00e1n vacunarse contra el COVID-19. Despu\u00e9s de extensas consultas, Transport Canada ha publicado sus \u00f3rdenes y pautas finales para que las compa\u00f1\u00edas a\u00e9reas y los ferrocarriles implementen los requisitos de vacunaci\u00f3n para viajes, que entrar\u00e1n en vigencia el 30 de octubre de 2021 a las 3 a.m. (EDT). Los requisitos de vacunaci\u00f3n se aplicar\u00e1n a todos los viajeros de 12 a\u00f1os y 4 meses de edad o mayores que sean:<\/p>\n\n\n\n<ul class=\"has-black-color has-text-color wp-block-list\"><li>pasajeros a\u00e9reos en vuelos nacionales, transfronterizos o internacionales que parten de determinados aeropuertos canadienses;<\/li><li>pasajeroLos viajeros deber\u00e1n presentar prueba de vacunaci\u00f3n a las compa\u00f1\u00edas a\u00e9reas y ferrocarriles. Habr\u00e1 un breve per\u00edodo de transici\u00f3n, hasta el 29 de noviembre de 2021, durante el cual los viajeros tendr\u00e1n la oportunidad de presentar prueba de una prueba molecular COVID-19 v\u00e1lida para embarcar. Las compa\u00f1\u00edas a\u00e9reas y los ferrocarriles ser\u00e1n responsables de confirmar el estado de vacunaci\u00f3n de los viajeros. En el sector del transporte a\u00e9reo, la Autoridad Canadiense de Seguridad del TranspSe har\u00e1n raras excepciones para emergencias, as\u00ed como bajo medidas especiales para ciertas comunidades remotas, para permitir que sus residentes accedan a los servicios esenciales.<\/li><\/ul>\n\n\n\n<div style=\"height:19px\" aria-hidden=\"true\" class=\"wp-block-spacer\"><\/div>\n\n\n\n<p class=\"has-black-color has-text-color\"><strong>Requisitos a partir del 30 de noviembre<\/strong><\/p>\n\n\n\n<p class=\"has-black-color has-text-color\">A partir del 30 de noviembre, un resultado negativo de la prueba molecular COVID-19 ya no se aceptar\u00e1 como alternativa a la vacunaci\u00f3n. Si los viajeros a\u00fan no han comenzado el proceso de vacunaci\u00f3n, o no comienzan pronto, no podr\u00e1n viajar despu\u00e9s del 30 de noviembre. Las excepciones ser\u00e1n muy limitadas. La informaci\u00f3n adicional estar\u00e1 disponible en las pr\u00f3ximas semanas.<\/p>\n\n\n\n<p class=\"has-black-color has-text-color\">Adem\u00e1s, habr\u00e1 una medida de transici\u00f3n para los ciudadanos extranjeros no vacunados que normalmente residen fuera de Canad\u00e1 y que ingresaron a Canad\u00e1 antes del 30 de octubre. Hasta el 28 de febrero, podr\u00e1n tomar un vuelo fuera de Canad\u00e1 si muestran prueba de una prueba molecular COVID-19 cuando viajan.<\/p>\n\n\n\n<p class=\"has-black-color has-text-color\">El Gobierno de Canad\u00e1 continuar\u00e1 trabajando con las principales partes interesadas, empleadores, compa\u00f1\u00edas a\u00e9reas y ferrocarriles, agentes de negociaci\u00f3n, pueblos ind\u00edgenas, autoridades locales, provincias y territorios para apoyar la implementaci\u00f3n del requisito de vacunaci\u00f3n.<\/p>\n","protected":false},"excerpt":{"rendered":"<p>Comunicado de prensa &#8211; 29 de octubre de 2021 &#8211; Ottawa &#8211; Transport Canada El Gobierno de Canad\u00e1 se compromete a preservar la seguridad de nuestro sector de transporte, incluidos&#8230; <a class=\"more-link\" href=\"https:\/\/www.infotetquebec.com\/es\/el-gobierno-de-canada-ofrece-mas-detalles-sobre-los-nuevos-requisitos-de-inmunizacion\/\">Leer m\u00e1s<\/a><\/p>\n","protected":false},"author":3,"featured_media":0,"parent":0,"menu_order":0,"comment_status":"closed","ping_status":"closed","template":"","meta":{"_genesis_hide_title":false,"_genesis_hide_breadcrumbs":false,"_genesis_hide_singular_image":false,"_genesis_hide_footer_widgets":false,"_genesis_custom_body_class":"","_genesis_custom_post_class":"","_genesis_layout":"","footnotes":""},"class_list":["post-1974","page","type-page","status-publish","entry"],"yoast_head":"<!-- This site is optimized with the Yoast SEO plugin v27.5 - https:\/\/yoast.com\/product\/yoast-seo-wordpress\/ -->\n<title>EL GOBIERNO DE CANAD\u00c1 OFRECE M\u00c1S DETALLES SOBRE LOS NUEVOS REQUISITOS DE INMUNIZACI\u00d3N - Infotetquebec<\/title>\n<meta name=\"robots\" content=\"index, follow, max-snippet:-1, max-image-preview:large, max-video-preview:-1\" \/>\n<link rel=\"canonical\" href=\"https:\/\/www.infotetquebec.com\/es\/el-gobierno-de-canada-ofrece-mas-detalles-sobre-los-nuevos-requisitos-de-inmunizacion\/\" \/>\n<meta property=\"og:locale\" content=\"es_ES\" \/>\n<meta property=\"og:type\" content=\"article\" \/>\n<meta property=\"og:title\" content=\"EL GOBIERNO DE CANAD\u00c1 OFRECE M\u00c1S DETALLES SOBRE LOS NUEVOS REQUISITOS DE INMUNIZACI\u00d3N - Infotetquebec\" \/>\n<meta property=\"og:description\" content=\"Comunicado de prensa &#8211; 29 de octubre de 2021 &#8211; Ottawa &#8211; Transport Canada El Gobierno de Canad\u00e1 se compromete a preservar la seguridad de nuestro sector de transporte, incluidos... Leer m\u00e1s\" \/>\n<meta property=\"og:url\" content=\"https:\/\/www.infotetquebec.com\/es\/el-gobierno-de-canada-ofrece-mas-detalles-sobre-los-nuevos-requisitos-de-inmunizacion\/\" \/>\n<meta property=\"og:site_name\" content=\"Infotetquebec\" \/>\n<meta property=\"article:publisher\" content=\"https:\/\/www.facebook.com\/profile.php?id=100089616676260\" \/>\n<meta property=\"article:modified_time\" content=\"2021-11-23T16:53:44+00:00\" \/>\n<meta name=\"twitter:card\" content=\"summary_large_image\" \/>\n<meta name=\"twitter:label1\" content=\"Tiempo de lectura\" \/>\n\t<meta name=\"twitter:data1\" content=\"2 minutos\" \/>\n<script type=\"application\/ld+json\" class=\"yoast-schema-graph\">{\"@context\":\"https:\\\/\\\/schema.org\",\"@graph\":[{\"@type\":\"WebPage\",\"@id\":\"https:\\\/\\\/www.infotetquebec.com\\\/es\\\/el-gobierno-de-canada-ofrece-mas-detalles-sobre-los-nuevos-requisitos-de-inmunizacion\\\/\",\"url\":\"https:\\\/\\\/www.infotetquebec.com\\\/es\\\/el-gobierno-de-canada-ofrece-mas-detalles-sobre-los-nuevos-requisitos-de-inmunizacion\\\/\",\"name\":\"EL GOBIERNO DE CANAD\u00c1 OFRECE M\u00c1S DETALLES SOBRE LOS NUEVOS REQUISITOS DE INMUNIZACI\u00d3N - Infotetquebec\",\"isPartOf\":{\"@id\":\"https:\\\/\\\/www.infotetquebec.com\\\/es\\\/#website\"},\"datePublished\":\"2021-11-23T16:50:03+00:00\",\"dateModified\":\"2021-11-23T16:53:44+00:00\",\"breadcrumb\":{\"@id\":\"https:\\\/\\\/www.infotetquebec.com\\\/es\\\/el-gobierno-de-canada-ofrece-mas-detalles-sobre-los-nuevos-requisitos-de-inmunizacion\\\/#breadcrumb\"},\"inLanguage\":\"es\",\"potentialAction\":[{\"@type\":\"ReadAction\",\"target\":[\"https:\\\/\\\/www.infotetquebec.com\\\/es\\\/el-gobierno-de-canada-ofrece-mas-detalles-sobre-los-nuevos-requisitos-de-inmunizacion\\\/\"]}]},{\"@type\":\"BreadcrumbList\",\"@id\":\"https:\\\/\\\/www.infotetquebec.com\\\/es\\\/el-gobierno-de-canada-ofrece-mas-detalles-sobre-los-nuevos-requisitos-de-inmunizacion\\\/#breadcrumb\",\"itemListElement\":[{\"@type\":\"ListItem\",\"position\":1,\"name\":\"Accueil\",\"item\":\"https:\\\/\\\/www.infotetquebec.com\\\/es\\\/\"},{\"@type\":\"ListItem\",\"position\":2,\"name\":\"EL GOBIERNO DE CANAD\u00c1 OFRECE M\u00c1S DETALLES SOBRE LOS NUEVOS REQUISITOS DE INMUNIZACI\u00d3N\"}]},{\"@type\":\"WebSite\",\"@id\":\"https:\\\/\\\/www.infotetquebec.com\\\/es\\\/#website\",\"url\":\"https:\\\/\\\/www.infotetquebec.com\\\/es\\\/\",\"name\":\"Infotetquebec\",\"description\":\"Info et soutien aux TET\",\"publisher\":{\"@id\":\"https:\\\/\\\/www.infotetquebec.com\\\/es\\\/#organization\"},\"potentialAction\":[{\"@type\":\"SearchAction\",\"target\":{\"@type\":\"EntryPoint\",\"urlTemplate\":\"https:\\\/\\\/www.infotetquebec.com\\\/es\\\/?s={search_term_string}\"},\"query-input\":{\"@type\":\"PropertyValueSpecification\",\"valueRequired\":true,\"valueName\":\"search_term_string\"}}],\"inLanguage\":\"es\"},{\"@type\":\"Organization\",\"@id\":\"https:\\\/\\\/www.infotetquebec.com\\\/es\\\/#organization\",\"name\":\"InfoTETQuebec\",\"url\":\"https:\\\/\\\/www.infotetquebec.com\\\/es\\\/\",\"logo\":{\"@type\":\"ImageObject\",\"inLanguage\":\"es\",\"@id\":\"https:\\\/\\\/www.infotetquebec.com\\\/es\\\/#\\\/schema\\\/logo\\\/image\\\/\",\"url\":\"https:\\\/\\\/www.infotetquebec.com\\\/wp-content\\\/uploads\\\/2021\\\/02\\\/cropped-IMQC_TET_Favicon_Fav-Icon_Fav-Icon-1.png\",\"contentUrl\":\"https:\\\/\\\/www.infotetquebec.com\\\/wp-content\\\/uploads\\\/2021\\\/02\\\/cropped-IMQC_TET_Favicon_Fav-Icon_Fav-Icon-1.png\",\"width\":512,\"height\":512,\"caption\":\"InfoTETQuebec\"},\"image\":{\"@id\":\"https:\\\/\\\/www.infotetquebec.com\\\/es\\\/#\\\/schema\\\/logo\\\/image\\\/\"},\"sameAs\":[\"https:\\\/\\\/www.facebook.com\\\/profile.php?id=100089616676260\"]}]}<\/script>\n<!-- \/ Yoast SEO plugin. -->","yoast_head_json":{"title":"EL GOBIERNO DE CANAD\u00c1 OFRECE M\u00c1S DETALLES SOBRE LOS NUEVOS REQUISITOS DE INMUNIZACI\u00d3N - Infotetquebec","robots":{"index":"index","follow":"follow","max-snippet":"max-snippet:-1","max-image-preview":"max-image-preview:large","max-video-preview":"max-video-preview:-1"},"canonical":"https:\/\/www.infotetquebec.com\/es\/el-gobierno-de-canada-ofrece-mas-detalles-sobre-los-nuevos-requisitos-de-inmunizacion\/","og_locale":"es_ES","og_type":"article","og_title":"EL GOBIERNO DE CANAD\u00c1 OFRECE M\u00c1S DETALLES SOBRE LOS NUEVOS REQUISITOS DE INMUNIZACI\u00d3N - Infotetquebec","og_description":"Comunicado de prensa &#8211; 29 de octubre de 2021 &#8211; Ottawa &#8211; Transport Canada El Gobierno de Canad\u00e1 se compromete a preservar la seguridad de nuestro sector de transporte, incluidos... Leer m\u00e1s","og_url":"https:\/\/www.infotetquebec.com\/es\/el-gobierno-de-canada-ofrece-mas-detalles-sobre-los-nuevos-requisitos-de-inmunizacion\/","og_site_name":"Infotetquebec","article_publisher":"https:\/\/www.facebook.com\/profile.php?id=100089616676260","article_modified_time":"2021-11-23T16:53:44+00:00","twitter_card":"summary_large_image","twitter_misc":{"Tiempo de lectura":"2 minutos"},"schema":{"@context":"https:\/\/schema.org","@graph":[{"@type":"WebPage","@id":"https:\/\/www.infotetquebec.com\/es\/el-gobierno-de-canada-ofrece-mas-detalles-sobre-los-nuevos-requisitos-de-inmunizacion\/","url":"https:\/\/www.infotetquebec.com\/es\/el-gobierno-de-canada-ofrece-mas-detalles-sobre-los-nuevos-requisitos-de-inmunizacion\/","name":"EL GOBIERNO DE CANAD\u00c1 OFRECE M\u00c1S DETALLES SOBRE LOS NUEVOS REQUISITOS DE INMUNIZACI\u00d3N - Infotetquebec","isPartOf":{"@id":"https:\/\/www.infotetquebec.com\/es\/#website"},"datePublished":"2021-11-23T16:50:03+00:00","dateModified":"2021-11-23T16:53:44+00:00","breadcrumb":{"@id":"https:\/\/www.infotetquebec.com\/es\/el-gobierno-de-canada-ofrece-mas-detalles-sobre-los-nuevos-requisitos-de-inmunizacion\/#breadcrumb"},"inLanguage":"es","potentialAction":[{"@type":"ReadAction","target":["https:\/\/www.infotetquebec.com\/es\/el-gobierno-de-canada-ofrece-mas-detalles-sobre-los-nuevos-requisitos-de-inmunizacion\/"]}]},{"@type":"BreadcrumbList","@id":"https:\/\/www.infotetquebec.com\/es\/el-gobierno-de-canada-ofrece-mas-detalles-sobre-los-nuevos-requisitos-de-inmunizacion\/#breadcrumb","itemListElement":[{"@type":"ListItem","position":1,"name":"Accueil","item":"https:\/\/www.infotetquebec.com\/es\/"},{"@type":"ListItem","position":2,"name":"EL GOBIERNO DE CANAD\u00c1 OFRECE M\u00c1S DETALLES SOBRE LOS NUEVOS REQUISITOS DE INMUNIZACI\u00d3N"}]},{"@type":"WebSite","@id":"https:\/\/www.infotetquebec.com\/es\/#website","url":"https:\/\/www.infotetquebec.com\/es\/","name":"Infotetquebec","description":"Info et soutien aux TET","publisher":{"@id":"https:\/\/www.infotetquebec.com\/es\/#organization"},"potentialAction":[{"@type":"SearchAction","target":{"@type":"EntryPoint","urlTemplate":"https:\/\/www.infotetquebec.com\/es\/?s={search_term_string}"},"query-input":{"@type":"PropertyValueSpecification","valueRequired":true,"valueName":"search_term_string"}}],"inLanguage":"es"},{"@type":"Organization","@id":"https:\/\/www.infotetquebec.com\/es\/#organization","name":"InfoTETQuebec","url":"https:\/\/www.infotetquebec.com\/es\/","logo":{"@type":"ImageObject","inLanguage":"es","@id":"https:\/\/www.infotetquebec.com\/es\/#\/schema\/logo\/image\/","url":"https:\/\/www.infotetquebec.com\/wp-content\/uploads\/2021\/02\/cropped-IMQC_TET_Favicon_Fav-Icon_Fav-Icon-1.png","contentUrl":"https:\/\/www.infotetquebec.com\/wp-content\/uploads\/2021\/02\/cropped-IMQC_TET_Favicon_Fav-Icon_Fav-Icon-1.png","width":512,"height":512,"caption":"InfoTETQuebec"},"image":{"@id":"https:\/\/www.infotetquebec.com\/es\/#\/schema\/logo\/image\/"},"sameAs":["https:\/\/www.facebook.com\/profile.php?id=100089616676260"]}]}},"rttpg_featured_image_url":null,"rttpg_author":{"display_name":"Agn\u00e8s Merlin","author_link":"https:\/\/www.infotetquebec.com\/es\/author\/agnes-merlinimmigrantquebec-com\/"},"rttpg_comment":0,"rttpg_category":" <a href=\"https:\/\/www.infotetquebec.com\/es\/?taxonomy=translation_priority&#038;term=opcional-es-3\" rel=\"tag\">Opcional<\/a><a href=\"https:\/\/www.infotetquebec.com\/es\/?taxonomy=translation_priority&#038;term=optional-es\" rel=\"tag\">Optional<\/a>","rttpg_excerpt":"Comunicado de prensa &#8211; 29 de octubre de 2021 &#8211; Ottawa &#8211; Transport Canada El Gobierno de Canad\u00e1 se compromete a preservar la seguridad de nuestro sector de transporte, incluidos... Leer m\u00e1s","_links":{"self":[{"href":"https:\/\/www.infotetquebec.com\/es\/wp-json\/wp\/v2\/pages\/1974","targetHints":{"allow":["GET"]}}],"collection":[{"href":"https:\/\/www.infotetquebec.com\/es\/wp-json\/wp\/v2\/pages"}],"about":[{"href":"https:\/\/www.infotetquebec.com\/es\/wp-json\/wp\/v2\/types\/page"}],"author":[{"embeddable":true,"href":"https:\/\/www.infotetquebec.com\/es\/wp-json\/wp\/v2\/users\/3"}],"replies":[{"embeddable":true,"href":"https:\/\/www.infotetquebec.com\/es\/wp-json\/wp\/v2\/comments?post=1974"}],"version-history":[{"count":0,"href":"https:\/\/www.infotetquebec.com\/es\/wp-json\/wp\/v2\/pages\/1974\/revisions"}],"wp:attachment":[{"href":"https:\/\/www.infotetquebec.com\/es\/wp-json\/wp\/v2\/media?parent=1974"}],"curies":[{"name":"wp","href":"https:\/\/api.w.org\/{rel}","templated":true}]}}