{"id":9192,"date":"2023-10-12T12:03:36","date_gmt":"2023-10-12T16:03:36","guid":{"rendered":"https:\/\/www.infotetquebec.com\/corporation-de-developpement-economique-de-victoriaville-et-sa-region-cdevr\/"},"modified":"2023-10-12T12:03:36","modified_gmt":"2023-10-12T16:03:36","slug":"corporation-de-developpement-economique-de-victoriaville-et-sa-region-cdevr","status":"publish","type":"page","link":"https:\/\/www.infotetquebec.com\/en\/corporation-de-developpement-economique-de-victoriaville-et-sa-region-cdevr\/","title":{"rendered":"Corporation de d\u00e9veloppement \u00e9conomique de Victoriaville et sa r\u00e9gion (CDEVR)"},"content":{"rendered":"<p><a href=\"https:\/\/www.regionvictoriaville.com\/page\/1189\/corporation-de-developpement-economique-cdevr.aspx\"><img fetchpriority=\"high\" decoding=\"async\" class=\"aligncenter wp-image-9186\" src=\"https:\/\/www.infotetquebec.com\/wp-content\/uploads\/2023\/10\/CDEVR_couleur_horizontal-scaled.jpg\" alt=\"\" width=\"681\" height=\"189\" srcset=\"https:\/\/www.infotetquebec.com\/wp-content\/uploads\/2023\/10\/CDEVR_couleur_horizontal-scaled.jpg 2560w, https:\/\/www.infotetquebec.com\/wp-content\/uploads\/2023\/10\/CDEVR_couleur_horizontal-300x83.jpg 300w, https:\/\/www.infotetquebec.com\/wp-content\/uploads\/2023\/10\/CDEVR_couleur_horizontal-1024x284.jpg 1024w, https:\/\/www.infotetquebec.com\/wp-content\/uploads\/2023\/10\/CDEVR_couleur_horizontal-768x213.jpg 768w, https:\/\/www.infotetquebec.com\/wp-content\/uploads\/2023\/10\/CDEVR_couleur_horizontal-1536x427.jpg 1536w, https:\/\/www.infotetquebec.com\/wp-content\/uploads\/2023\/10\/CDEVR_couleur_horizontal-2048x569.jpg 2048w\" sizes=\"(max-width: 681px) 100vw, 681px\" \/><\/a><\/p>\n<p>&nbsp;<\/p>\n<h4 class=\"aligncenter size-full is-resized\" style=\"text-align: center;\"><strong>747 boul. Pierre-Rioux Est<br \/>\nVictoriaville (Qc) G6T 1S7<br \/>\n+1 (819) 758-3172<\/strong><\/h4>\n<p>&nbsp;<\/p>\n<p style=\"text-align: center;\"><a href=\"https:\/\/www.facebook.com\/CDEVR\" target=\"_blank\" rel=\"noopener\"><img decoding=\"async\" class=\"alignnone size-full wp-image-2405\" src=\"https:\/\/www.infotetquebec.com\/wp-content\/uploads\/2022\/03\/FACEBOOK-1.png\" alt=\"\" width=\"40\" height=\"40\" \/><\/a><\/p>\n<p>&nbsp;<\/p>\n<h3 style=\"text-align: center;\">Area affected by the project : Centre-du-Qu\u00e9bec<\/h3>\n<p>&nbsp;<\/p>\n<p><a href=\"https:\/\/www.infotetquebec.com\/wp-content\/uploads\/2022\/08\/SDED-v2.png\"><img decoding=\"async\" class=\"aligncenter size-full wp-image-4673\" src=\"https:\/\/www.infotetquebec.com\/wp-content\/uploads\/2022\/08\/SDED-v2.png\" alt=\"\" width=\"600\" height=\"450\" srcset=\"https:\/\/www.infotetquebec.com\/wp-content\/uploads\/2022\/08\/SDED-v2.png 600w, https:\/\/www.infotetquebec.com\/wp-content\/uploads\/2022\/08\/SDED-v2-300x225.png 300w\" sizes=\"(max-width: 600px) 100vw, 600px\" \/><\/a><\/p>\n<p>&nbsp;<\/p>\n<h3 style=\"text-align: center;\"><strong>Services and activities<\/strong><\/h3>\n<p style=\"text-align: center;\" data-wp-editing=\"1\">information sessions<\/p>\n<p style=\"text-align: center;\" data-wp-editing=\"1\">cultural or sporting activity<\/p>\n<p>&nbsp;<\/p>\n<p>&nbsp;<\/p>\n","protected":false},"excerpt":{"rendered":"<p>&nbsp; 747 boul. Pierre-Rioux Est Victoriaville (Qc) G6T 1S7 +1 (819) 758-3172 &nbsp; &nbsp; Area affected by the project : Centre-du-Qu\u00e9bec &nbsp; &nbsp; Services and activities information sessions cultural or&#8230; <a class=\"more-link\" href=\"https:\/\/www.infotetquebec.com\/en\/corporation-de-developpement-economique-de-victoriaville-et-sa-region-cdevr\/\">Read more<\/a><\/p>\n","protected":false},"author":17,"featured_media":0,"parent":0,"menu_order":0,"comment_status":"closed","ping_status":"closed","template":"","meta":{"_genesis_hide_title":false,"_genesis_hide_breadcrumbs":false,"_genesis_hide_singular_image":false,"_genesis_hide_footer_widgets":false,"_genesis_custom_body_class":"","_genesis_custom_post_class":"","_genesis_layout":"","footnotes":""},"class_list":["post-9192","page","type-page","status-publish","entry","has-post-thumbnail"],"yoast_head":"<!-- This site is optimized with the Yoast SEO plugin v27.4 - https:\/\/yoast.com\/product\/yoast-seo-wordpress\/ -->\n<title>Corporation de d\u00e9veloppement \u00e9conomique de Victoriaville et sa r\u00e9gion (CDEVR) - Infotetquebec<\/title>\n<meta name=\"robots\" content=\"index, follow, max-snippet:-1, max-image-preview:large, max-video-preview:-1\" \/>\n<link rel=\"canonical\" href=\"https:\/\/www.infotetquebec.com\/en\/corporation-de-developpement-economique-de-victoriaville-et-sa-region-cdevr\/\" \/>\n<meta property=\"og:locale\" content=\"en_US\" \/>\n<meta property=\"og:type\" content=\"article\" \/>\n<meta property=\"og:title\" content=\"Corporation de d\u00e9veloppement \u00e9conomique de Victoriaville et sa r\u00e9gion (CDEVR) - Infotetquebec\" \/>\n<meta property=\"og:description\" content=\"&nbsp; 747 boul. Pierre-Rioux Est Victoriaville (Qc) G6T 1S7 +1 (819) 758-3172 &nbsp; &nbsp; Area affected by the project : Centre-du-Qu\u00e9bec &nbsp; &nbsp; Services and activities information sessions cultural or... Read more\" \/>\n<meta property=\"og:url\" content=\"https:\/\/www.infotetquebec.com\/en\/corporation-de-developpement-economique-de-victoriaville-et-sa-region-cdevr\/\" \/>\n<meta property=\"og:site_name\" content=\"Infotetquebec\" \/>\n<meta property=\"article:publisher\" content=\"https:\/\/www.facebook.com\/profile.php?id=100089616676260\" \/>\n<meta property=\"og:image\" content=\"https:\/\/www.infotetquebec.com\/wp-content\/uploads\/2023\/10\/CDEVR_couleur_horizontal-scaled.jpg\" \/>\n<meta name=\"twitter:card\" content=\"summary_large_image\" \/>\n<script type=\"application\/ld+json\" class=\"yoast-schema-graph\">{\"@context\":\"https:\\\/\\\/schema.org\",\"@graph\":[{\"@type\":\"WebPage\",\"@id\":\"https:\\\/\\\/www.infotetquebec.com\\\/en\\\/corporation-de-developpement-economique-de-victoriaville-et-sa-region-cdevr\\\/\",\"url\":\"https:\\\/\\\/www.infotetquebec.com\\\/en\\\/corporation-de-developpement-economique-de-victoriaville-et-sa-region-cdevr\\\/\",\"name\":\"Corporation de d\u00e9veloppement \u00e9conomique de Victoriaville et sa r\u00e9gion (CDEVR) - Infotetquebec\",\"isPartOf\":{\"@id\":\"https:\\\/\\\/www.infotetquebec.com\\\/en\\\/#website\"},\"primaryImageOfPage\":{\"@id\":\"https:\\\/\\\/www.infotetquebec.com\\\/en\\\/corporation-de-developpement-economique-de-victoriaville-et-sa-region-cdevr\\\/#primaryimage\"},\"image\":{\"@id\":\"https:\\\/\\\/www.infotetquebec.com\\\/en\\\/corporation-de-developpement-economique-de-victoriaville-et-sa-region-cdevr\\\/#primaryimage\"},\"thumbnailUrl\":\"https:\\\/\\\/www.infotetquebec.com\\\/wp-content\\\/uploads\\\/2023\\\/10\\\/CDEVR_couleur_horizontal-scaled.jpg\",\"datePublished\":\"2023-10-12T16:03:36+00:00\",\"breadcrumb\":{\"@id\":\"https:\\\/\\\/www.infotetquebec.com\\\/en\\\/corporation-de-developpement-economique-de-victoriaville-et-sa-region-cdevr\\\/#breadcrumb\"},\"inLanguage\":\"en-US\",\"potentialAction\":[{\"@type\":\"ReadAction\",\"target\":[\"https:\\\/\\\/www.infotetquebec.com\\\/en\\\/corporation-de-developpement-economique-de-victoriaville-et-sa-region-cdevr\\\/\"]}]},{\"@type\":\"ImageObject\",\"inLanguage\":\"en-US\",\"@id\":\"https:\\\/\\\/www.infotetquebec.com\\\/en\\\/corporation-de-developpement-economique-de-victoriaville-et-sa-region-cdevr\\\/#primaryimage\",\"url\":\"https:\\\/\\\/www.infotetquebec.com\\\/wp-content\\\/uploads\\\/2023\\\/10\\\/CDEVR_couleur_horizontal-scaled.jpg\",\"contentUrl\":\"https:\\\/\\\/www.infotetquebec.com\\\/wp-content\\\/uploads\\\/2023\\\/10\\\/CDEVR_couleur_horizontal-scaled.jpg\"},{\"@type\":\"BreadcrumbList\",\"@id\":\"https:\\\/\\\/www.infotetquebec.com\\\/en\\\/corporation-de-developpement-economique-de-victoriaville-et-sa-region-cdevr\\\/#breadcrumb\",\"itemListElement\":[{\"@type\":\"ListItem\",\"position\":1,\"name\":\"Accueil\",\"item\":\"https:\\\/\\\/www.infotetquebec.com\\\/en\\\/\"},{\"@type\":\"ListItem\",\"position\":2,\"name\":\"Corporation de d\u00e9veloppement \u00e9conomique de Victoriaville et sa r\u00e9gion (CDEVR)\"}]},{\"@type\":\"WebSite\",\"@id\":\"https:\\\/\\\/www.infotetquebec.com\\\/en\\\/#website\",\"url\":\"https:\\\/\\\/www.infotetquebec.com\\\/en\\\/\",\"name\":\"Infotetquebec\",\"description\":\"Info et soutien aux TET\",\"publisher\":{\"@id\":\"https:\\\/\\\/www.infotetquebec.com\\\/en\\\/#organization\"},\"potentialAction\":[{\"@type\":\"SearchAction\",\"target\":{\"@type\":\"EntryPoint\",\"urlTemplate\":\"https:\\\/\\\/www.infotetquebec.com\\\/en\\\/?s={search_term_string}\"},\"query-input\":{\"@type\":\"PropertyValueSpecification\",\"valueRequired\":true,\"valueName\":\"search_term_string\"}}],\"inLanguage\":\"en-US\"},{\"@type\":\"Organization\",\"@id\":\"https:\\\/\\\/www.infotetquebec.com\\\/en\\\/#organization\",\"name\":\"InfoTETQuebec\",\"url\":\"https:\\\/\\\/www.infotetquebec.com\\\/en\\\/\",\"logo\":{\"@type\":\"ImageObject\",\"inLanguage\":\"en-US\",\"@id\":\"https:\\\/\\\/www.infotetquebec.com\\\/en\\\/#\\\/schema\\\/logo\\\/image\\\/\",\"url\":\"https:\\\/\\\/www.infotetquebec.com\\\/wp-content\\\/uploads\\\/2021\\\/02\\\/cropped-IMQC_TET_Favicon_Fav-Icon_Fav-Icon-1.png\",\"contentUrl\":\"https:\\\/\\\/www.infotetquebec.com\\\/wp-content\\\/uploads\\\/2021\\\/02\\\/cropped-IMQC_TET_Favicon_Fav-Icon_Fav-Icon-1.png\",\"width\":512,\"height\":512,\"caption\":\"InfoTETQuebec\"},\"image\":{\"@id\":\"https:\\\/\\\/www.infotetquebec.com\\\/en\\\/#\\\/schema\\\/logo\\\/image\\\/\"},\"sameAs\":[\"https:\\\/\\\/www.facebook.com\\\/profile.php?id=100089616676260\"]}]}<\/script>\n<!-- \/ Yoast SEO plugin. -->","yoast_head_json":{"title":"Corporation de d\u00e9veloppement \u00e9conomique de Victoriaville et sa r\u00e9gion (CDEVR) - Infotetquebec","robots":{"index":"index","follow":"follow","max-snippet":"max-snippet:-1","max-image-preview":"max-image-preview:large","max-video-preview":"max-video-preview:-1"},"canonical":"https:\/\/www.infotetquebec.com\/en\/corporation-de-developpement-economique-de-victoriaville-et-sa-region-cdevr\/","og_locale":"en_US","og_type":"article","og_title":"Corporation de d\u00e9veloppement \u00e9conomique de Victoriaville et sa r\u00e9gion (CDEVR) - Infotetquebec","og_description":"&nbsp; 747 boul. Pierre-Rioux Est Victoriaville (Qc) G6T 1S7 +1 (819) 758-3172 &nbsp; &nbsp; Area affected by the project : Centre-du-Qu\u00e9bec &nbsp; &nbsp; Services and activities information sessions cultural or... Read more","og_url":"https:\/\/www.infotetquebec.com\/en\/corporation-de-developpement-economique-de-victoriaville-et-sa-region-cdevr\/","og_site_name":"Infotetquebec","article_publisher":"https:\/\/www.facebook.com\/profile.php?id=100089616676260","og_image":[{"url":"https:\/\/www.infotetquebec.com\/wp-content\/uploads\/2023\/10\/CDEVR_couleur_horizontal-scaled.jpg","type":"","width":"","height":""}],"twitter_card":"summary_large_image","schema":{"@context":"https:\/\/schema.org","@graph":[{"@type":"WebPage","@id":"https:\/\/www.infotetquebec.com\/en\/corporation-de-developpement-economique-de-victoriaville-et-sa-region-cdevr\/","url":"https:\/\/www.infotetquebec.com\/en\/corporation-de-developpement-economique-de-victoriaville-et-sa-region-cdevr\/","name":"Corporation de d\u00e9veloppement \u00e9conomique de Victoriaville et sa r\u00e9gion (CDEVR) - Infotetquebec","isPartOf":{"@id":"https:\/\/www.infotetquebec.com\/en\/#website"},"primaryImageOfPage":{"@id":"https:\/\/www.infotetquebec.com\/en\/corporation-de-developpement-economique-de-victoriaville-et-sa-region-cdevr\/#primaryimage"},"image":{"@id":"https:\/\/www.infotetquebec.com\/en\/corporation-de-developpement-economique-de-victoriaville-et-sa-region-cdevr\/#primaryimage"},"thumbnailUrl":"https:\/\/www.infotetquebec.com\/wp-content\/uploads\/2023\/10\/CDEVR_couleur_horizontal-scaled.jpg","datePublished":"2023-10-12T16:03:36+00:00","breadcrumb":{"@id":"https:\/\/www.infotetquebec.com\/en\/corporation-de-developpement-economique-de-victoriaville-et-sa-region-cdevr\/#breadcrumb"},"inLanguage":"en-US","potentialAction":[{"@type":"ReadAction","target":["https:\/\/www.infotetquebec.com\/en\/corporation-de-developpement-economique-de-victoriaville-et-sa-region-cdevr\/"]}]},{"@type":"ImageObject","inLanguage":"en-US","@id":"https:\/\/www.infotetquebec.com\/en\/corporation-de-developpement-economique-de-victoriaville-et-sa-region-cdevr\/#primaryimage","url":"https:\/\/www.infotetquebec.com\/wp-content\/uploads\/2023\/10\/CDEVR_couleur_horizontal-scaled.jpg","contentUrl":"https:\/\/www.infotetquebec.com\/wp-content\/uploads\/2023\/10\/CDEVR_couleur_horizontal-scaled.jpg"},{"@type":"BreadcrumbList","@id":"https:\/\/www.infotetquebec.com\/en\/corporation-de-developpement-economique-de-victoriaville-et-sa-region-cdevr\/#breadcrumb","itemListElement":[{"@type":"ListItem","position":1,"name":"Accueil","item":"https:\/\/www.infotetquebec.com\/en\/"},{"@type":"ListItem","position":2,"name":"Corporation de d\u00e9veloppement \u00e9conomique de Victoriaville et sa r\u00e9gion (CDEVR)"}]},{"@type":"WebSite","@id":"https:\/\/www.infotetquebec.com\/en\/#website","url":"https:\/\/www.infotetquebec.com\/en\/","name":"Infotetquebec","description":"Info et soutien aux TET","publisher":{"@id":"https:\/\/www.infotetquebec.com\/en\/#organization"},"potentialAction":[{"@type":"SearchAction","target":{"@type":"EntryPoint","urlTemplate":"https:\/\/www.infotetquebec.com\/en\/?s={search_term_string}"},"query-input":{"@type":"PropertyValueSpecification","valueRequired":true,"valueName":"search_term_string"}}],"inLanguage":"en-US"},{"@type":"Organization","@id":"https:\/\/www.infotetquebec.com\/en\/#organization","name":"InfoTETQuebec","url":"https:\/\/www.infotetquebec.com\/en\/","logo":{"@type":"ImageObject","inLanguage":"en-US","@id":"https:\/\/www.infotetquebec.com\/en\/#\/schema\/logo\/image\/","url":"https:\/\/www.infotetquebec.com\/wp-content\/uploads\/2021\/02\/cropped-IMQC_TET_Favicon_Fav-Icon_Fav-Icon-1.png","contentUrl":"https:\/\/www.infotetquebec.com\/wp-content\/uploads\/2021\/02\/cropped-IMQC_TET_Favicon_Fav-Icon_Fav-Icon-1.png","width":512,"height":512,"caption":"InfoTETQuebec"},"image":{"@id":"https:\/\/www.infotetquebec.com\/en\/#\/schema\/logo\/image\/"},"sameAs":["https:\/\/www.facebook.com\/profile.php?id=100089616676260"]}]}},"rttpg_featured_image_url":null,"rttpg_author":{"display_name":"Francisco Salazar","author_link":"https:\/\/www.infotetquebec.com\/en\/author\/francisco-salazarimmigrantquebec-com\/"},"rttpg_comment":0,"rttpg_category":" <a href=\"https:\/\/www.infotetquebec.com\/en\/?taxonomy=translation_priority&#038;term=optional-en-3\" rel=\"tag\">Optional<\/a>","rttpg_excerpt":"&nbsp; 747 boul. Pierre-Rioux Est Victoriaville (Qc) G6T 1S7 +1 (819) 758-3172 &nbsp; &nbsp; Area affected by the project : Centre-du-Qu\u00e9bec &nbsp; &nbsp; Services and activities information sessions cultural or... Read more","_links":{"self":[{"href":"https:\/\/www.infotetquebec.com\/en\/wp-json\/wp\/v2\/pages\/9192","targetHints":{"allow":["GET"]}}],"collection":[{"href":"https:\/\/www.infotetquebec.com\/en\/wp-json\/wp\/v2\/pages"}],"about":[{"href":"https:\/\/www.infotetquebec.com\/en\/wp-json\/wp\/v2\/types\/page"}],"author":[{"embeddable":true,"href":"https:\/\/www.infotetquebec.com\/en\/wp-json\/wp\/v2\/users\/17"}],"replies":[{"embeddable":true,"href":"https:\/\/www.infotetquebec.com\/en\/wp-json\/wp\/v2\/comments?post=9192"}],"version-history":[{"count":0,"href":"https:\/\/www.infotetquebec.com\/en\/wp-json\/wp\/v2\/pages\/9192\/revisions"}],"wp:attachment":[{"href":"https:\/\/www.infotetquebec.com\/en\/wp-json\/wp\/v2\/media?parent=9192"}],"curies":[{"name":"wp","href":"https:\/\/api.w.org\/{rel}","templated":true}]}}