{"id":6336,"date":"2023-04-18T16:58:15","date_gmt":"2023-04-18T20:58:15","guid":{"rendered":"https:\/\/www.infotetquebec.com\/centre-daide-aux-familles-latino-americaines-cafla\/"},"modified":"2023-05-08T11:37:06","modified_gmt":"2023-05-08T15:37:06","slug":"centre-daide-aux-familles-latino-americaines-cafla","status":"publish","type":"page","link":"https:\/\/www.infotetquebec.com\/en\/centre-daide-aux-familles-latino-americaines-cafla\/","title":{"rendered":"Centre d&#8217;aide aux familles latino-am\u00e9ricaines (CAFLA)"},"content":{"rendered":"<p><a href=\"https:\/\/www.infotetquebec.com\/en\/caflas-new-health-hotline\/\"><img fetchpriority=\"high\" decoding=\"async\" class=\"aligncenter wp-image-6340\" src=\"https:\/\/www.infotetquebec.com\/wp-content\/uploads\/2023\/04\/CAFLA_Logo_AIDE.png\" alt=\"\" width=\"662\" height=\"230\" srcset=\"https:\/\/www.infotetquebec.com\/wp-content\/uploads\/2023\/04\/CAFLA_Logo_AIDE.png 1663w, https:\/\/www.infotetquebec.com\/wp-content\/uploads\/2023\/04\/CAFLA_Logo_AIDE-300x104.png 300w, https:\/\/www.infotetquebec.com\/wp-content\/uploads\/2023\/04\/CAFLA_Logo_AIDE-1024x355.png 1024w, https:\/\/www.infotetquebec.com\/wp-content\/uploads\/2023\/04\/CAFLA_Logo_AIDE-768x266.png 768w, https:\/\/www.infotetquebec.com\/wp-content\/uploads\/2023\/04\/CAFLA_Logo_AIDE-1536x533.png 1536w\" sizes=\"(max-width: 662px) 100vw, 662px\" \/><\/a><\/p>\n<h4 style=\"text-align: center;\">6839, rue Drolet #209<br \/>\nMontr\u00e9al, Qu\u00e9bec<br \/>\nH2S 2T1<\/h4>\n<h4 style=\"text-align: center;\">Free hotline : 1 866 286-7584<\/h4>\n<h4 style=\"text-align: center;\">WhatsApp : +1 514 776-7120<\/h4>\n<p><a href=\"https:\/\/www.facebook.com\/CAFLA.ONG\"><img decoding=\"async\" class=\"aligncenter size-full wp-image-2407\" src=\"https:\/\/www.infotetquebec.com\/wp-content\/uploads\/2022\/03\/FACEBOOK-1.png\" alt=\"\" width=\"40\" height=\"40\" \/><\/a><\/p>\n<p>&nbsp;<\/p>\n<h3 style=\"text-align: center;\">Areas affected by the project : provincial<\/h3>\n<p>&nbsp;<\/p>\n<p><a href=\"https:\/\/www.infotetquebec.com\/wp-content\/uploads\/2022\/04\/TETCartes-1080x1080-1.jpg\"><img decoding=\"async\" class=\"aligncenter wp-image-2685\" src=\"https:\/\/www.infotetquebec.com\/wp-content\/uploads\/2022\/04\/TETCartes-1080x1080-1.jpg\" alt=\"\" width=\"537\" height=\"537\" srcset=\"https:\/\/www.infotetquebec.com\/wp-content\/uploads\/2022\/04\/TETCartes-1080x1080-1.jpg 1080w, https:\/\/www.infotetquebec.com\/wp-content\/uploads\/2022\/04\/TETCartes-1080x1080-1-300x300.jpg 300w, https:\/\/www.infotetquebec.com\/wp-content\/uploads\/2022\/04\/TETCartes-1080x1080-1-1024x1024.jpg 1024w, https:\/\/www.infotetquebec.com\/wp-content\/uploads\/2022\/04\/TETCartes-1080x1080-1-768x768.jpg 768w, https:\/\/www.infotetquebec.com\/wp-content\/uploads\/2022\/04\/TETCartes-1080x1080-1-75x75.jpg 75w\" sizes=\"(max-width: 537px) 100vw, 537px\" \/><\/a><\/p>\n<h3 style=\"text-align: center;\"><strong>Services<\/strong><\/h3>\n<p style=\"text-align: center;\">\nFree hotline<\/p>\n<p style=\"text-align: center;\">Psychosocial and medical support<\/p>\n<p>&nbsp;<\/p>\n","protected":false},"excerpt":{"rendered":"<p>6839, rue Drolet #209 Montr\u00e9al, Qu\u00e9bec H2S 2T1 Free hotline : 1 866 286-7584 WhatsApp : +1 514 776-7120 &nbsp; Areas affected by the project : provincial &nbsp; Services Free&#8230; <a class=\"more-link\" href=\"https:\/\/www.infotetquebec.com\/en\/centre-daide-aux-familles-latino-americaines-cafla\/\">Read more<\/a><\/p>\n","protected":false},"author":17,"featured_media":0,"parent":0,"menu_order":0,"comment_status":"closed","ping_status":"closed","template":"","meta":{"_genesis_hide_title":false,"_genesis_hide_breadcrumbs":false,"_genesis_hide_singular_image":false,"_genesis_hide_footer_widgets":false,"_genesis_custom_body_class":"","_genesis_custom_post_class":"","_genesis_layout":"","footnotes":""},"class_list":["post-6336","page","type-page","status-publish","entry","has-post-thumbnail"],"yoast_head":"<!-- This site is optimized with the Yoast SEO plugin v27.4 - https:\/\/yoast.com\/product\/yoast-seo-wordpress\/ -->\n<title>Centre d&#039;aide aux familles latino-am\u00e9ricaines (CAFLA) - Infotetquebec<\/title>\n<meta name=\"robots\" content=\"index, follow, max-snippet:-1, max-image-preview:large, max-video-preview:-1\" \/>\n<link rel=\"canonical\" href=\"https:\/\/www.infotetquebec.com\/en\/centre-daide-aux-familles-latino-americaines-cafla\/\" \/>\n<meta property=\"og:locale\" content=\"en_US\" \/>\n<meta property=\"og:type\" content=\"article\" \/>\n<meta property=\"og:title\" content=\"Centre d&#039;aide aux familles latino-am\u00e9ricaines (CAFLA) - Infotetquebec\" \/>\n<meta property=\"og:description\" content=\"6839, rue Drolet #209 Montr\u00e9al, Qu\u00e9bec H2S 2T1 Free hotline : 1 866 286-7584 WhatsApp : +1 514 776-7120 &nbsp; Areas affected by the project : provincial &nbsp; Services Free... Read more\" \/>\n<meta property=\"og:url\" content=\"https:\/\/www.infotetquebec.com\/en\/centre-daide-aux-familles-latino-americaines-cafla\/\" \/>\n<meta property=\"og:site_name\" content=\"Infotetquebec\" \/>\n<meta property=\"article:publisher\" content=\"https:\/\/www.facebook.com\/profile.php?id=100089616676260\" \/>\n<meta property=\"article:modified_time\" content=\"2023-05-08T15:37:06+00:00\" \/>\n<meta property=\"og:image\" content=\"https:\/\/www.infotetquebec.com\/wp-content\/uploads\/2023\/04\/CAFLA_Logo_AIDE.png\" \/>\n<meta name=\"twitter:card\" content=\"summary_large_image\" \/>\n<meta name=\"twitter:label1\" content=\"Est. reading time\" \/>\n\t<meta name=\"twitter:data1\" content=\"1 minute\" \/>\n<script type=\"application\/ld+json\" class=\"yoast-schema-graph\">{\"@context\":\"https:\\\/\\\/schema.org\",\"@graph\":[{\"@type\":\"WebPage\",\"@id\":\"https:\\\/\\\/www.infotetquebec.com\\\/en\\\/centre-daide-aux-familles-latino-americaines-cafla\\\/\",\"url\":\"https:\\\/\\\/www.infotetquebec.com\\\/en\\\/centre-daide-aux-familles-latino-americaines-cafla\\\/\",\"name\":\"Centre d'aide aux familles latino-am\u00e9ricaines (CAFLA) - Infotetquebec\",\"isPartOf\":{\"@id\":\"https:\\\/\\\/www.infotetquebec.com\\\/en\\\/#website\"},\"primaryImageOfPage\":{\"@id\":\"https:\\\/\\\/www.infotetquebec.com\\\/en\\\/centre-daide-aux-familles-latino-americaines-cafla\\\/#primaryimage\"},\"image\":{\"@id\":\"https:\\\/\\\/www.infotetquebec.com\\\/en\\\/centre-daide-aux-familles-latino-americaines-cafla\\\/#primaryimage\"},\"thumbnailUrl\":\"https:\\\/\\\/www.infotetquebec.com\\\/wp-content\\\/uploads\\\/2023\\\/04\\\/CAFLA_Logo_AIDE.png\",\"datePublished\":\"2023-04-18T20:58:15+00:00\",\"dateModified\":\"2023-05-08T15:37:06+00:00\",\"breadcrumb\":{\"@id\":\"https:\\\/\\\/www.infotetquebec.com\\\/en\\\/centre-daide-aux-familles-latino-americaines-cafla\\\/#breadcrumb\"},\"inLanguage\":\"en-US\",\"potentialAction\":[{\"@type\":\"ReadAction\",\"target\":[\"https:\\\/\\\/www.infotetquebec.com\\\/en\\\/centre-daide-aux-familles-latino-americaines-cafla\\\/\"]}]},{\"@type\":\"ImageObject\",\"inLanguage\":\"en-US\",\"@id\":\"https:\\\/\\\/www.infotetquebec.com\\\/en\\\/centre-daide-aux-familles-latino-americaines-cafla\\\/#primaryimage\",\"url\":\"https:\\\/\\\/www.infotetquebec.com\\\/wp-content\\\/uploads\\\/2023\\\/04\\\/CAFLA_Logo_AIDE.png\",\"contentUrl\":\"https:\\\/\\\/www.infotetquebec.com\\\/wp-content\\\/uploads\\\/2023\\\/04\\\/CAFLA_Logo_AIDE.png\"},{\"@type\":\"BreadcrumbList\",\"@id\":\"https:\\\/\\\/www.infotetquebec.com\\\/en\\\/centre-daide-aux-familles-latino-americaines-cafla\\\/#breadcrumb\",\"itemListElement\":[{\"@type\":\"ListItem\",\"position\":1,\"name\":\"Accueil\",\"item\":\"https:\\\/\\\/www.infotetquebec.com\\\/en\\\/\"},{\"@type\":\"ListItem\",\"position\":2,\"name\":\"Centre d&#8217;aide aux familles latino-am\u00e9ricaines (CAFLA)\"}]},{\"@type\":\"WebSite\",\"@id\":\"https:\\\/\\\/www.infotetquebec.com\\\/en\\\/#website\",\"url\":\"https:\\\/\\\/www.infotetquebec.com\\\/en\\\/\",\"name\":\"Infotetquebec\",\"description\":\"Info et soutien aux TET\",\"publisher\":{\"@id\":\"https:\\\/\\\/www.infotetquebec.com\\\/en\\\/#organization\"},\"potentialAction\":[{\"@type\":\"SearchAction\",\"target\":{\"@type\":\"EntryPoint\",\"urlTemplate\":\"https:\\\/\\\/www.infotetquebec.com\\\/en\\\/?s={search_term_string}\"},\"query-input\":{\"@type\":\"PropertyValueSpecification\",\"valueRequired\":true,\"valueName\":\"search_term_string\"}}],\"inLanguage\":\"en-US\"},{\"@type\":\"Organization\",\"@id\":\"https:\\\/\\\/www.infotetquebec.com\\\/en\\\/#organization\",\"name\":\"InfoTETQuebec\",\"url\":\"https:\\\/\\\/www.infotetquebec.com\\\/en\\\/\",\"logo\":{\"@type\":\"ImageObject\",\"inLanguage\":\"en-US\",\"@id\":\"https:\\\/\\\/www.infotetquebec.com\\\/en\\\/#\\\/schema\\\/logo\\\/image\\\/\",\"url\":\"https:\\\/\\\/www.infotetquebec.com\\\/wp-content\\\/uploads\\\/2021\\\/02\\\/cropped-IMQC_TET_Favicon_Fav-Icon_Fav-Icon-1.png\",\"contentUrl\":\"https:\\\/\\\/www.infotetquebec.com\\\/wp-content\\\/uploads\\\/2021\\\/02\\\/cropped-IMQC_TET_Favicon_Fav-Icon_Fav-Icon-1.png\",\"width\":512,\"height\":512,\"caption\":\"InfoTETQuebec\"},\"image\":{\"@id\":\"https:\\\/\\\/www.infotetquebec.com\\\/en\\\/#\\\/schema\\\/logo\\\/image\\\/\"},\"sameAs\":[\"https:\\\/\\\/www.facebook.com\\\/profile.php?id=100089616676260\"]}]}<\/script>\n<!-- \/ Yoast SEO plugin. -->","yoast_head_json":{"title":"Centre d'aide aux familles latino-am\u00e9ricaines (CAFLA) - Infotetquebec","robots":{"index":"index","follow":"follow","max-snippet":"max-snippet:-1","max-image-preview":"max-image-preview:large","max-video-preview":"max-video-preview:-1"},"canonical":"https:\/\/www.infotetquebec.com\/en\/centre-daide-aux-familles-latino-americaines-cafla\/","og_locale":"en_US","og_type":"article","og_title":"Centre d'aide aux familles latino-am\u00e9ricaines (CAFLA) - Infotetquebec","og_description":"6839, rue Drolet #209 Montr\u00e9al, Qu\u00e9bec H2S 2T1 Free hotline : 1 866 286-7584 WhatsApp : +1 514 776-7120 &nbsp; Areas affected by the project : provincial &nbsp; Services Free... Read more","og_url":"https:\/\/www.infotetquebec.com\/en\/centre-daide-aux-familles-latino-americaines-cafla\/","og_site_name":"Infotetquebec","article_publisher":"https:\/\/www.facebook.com\/profile.php?id=100089616676260","article_modified_time":"2023-05-08T15:37:06+00:00","og_image":[{"url":"https:\/\/www.infotetquebec.com\/wp-content\/uploads\/2023\/04\/CAFLA_Logo_AIDE.png","type":"","width":"","height":""}],"twitter_card":"summary_large_image","twitter_misc":{"Est. reading time":"1 minute"},"schema":{"@context":"https:\/\/schema.org","@graph":[{"@type":"WebPage","@id":"https:\/\/www.infotetquebec.com\/en\/centre-daide-aux-familles-latino-americaines-cafla\/","url":"https:\/\/www.infotetquebec.com\/en\/centre-daide-aux-familles-latino-americaines-cafla\/","name":"Centre d'aide aux familles latino-am\u00e9ricaines (CAFLA) - Infotetquebec","isPartOf":{"@id":"https:\/\/www.infotetquebec.com\/en\/#website"},"primaryImageOfPage":{"@id":"https:\/\/www.infotetquebec.com\/en\/centre-daide-aux-familles-latino-americaines-cafla\/#primaryimage"},"image":{"@id":"https:\/\/www.infotetquebec.com\/en\/centre-daide-aux-familles-latino-americaines-cafla\/#primaryimage"},"thumbnailUrl":"https:\/\/www.infotetquebec.com\/wp-content\/uploads\/2023\/04\/CAFLA_Logo_AIDE.png","datePublished":"2023-04-18T20:58:15+00:00","dateModified":"2023-05-08T15:37:06+00:00","breadcrumb":{"@id":"https:\/\/www.infotetquebec.com\/en\/centre-daide-aux-familles-latino-americaines-cafla\/#breadcrumb"},"inLanguage":"en-US","potentialAction":[{"@type":"ReadAction","target":["https:\/\/www.infotetquebec.com\/en\/centre-daide-aux-familles-latino-americaines-cafla\/"]}]},{"@type":"ImageObject","inLanguage":"en-US","@id":"https:\/\/www.infotetquebec.com\/en\/centre-daide-aux-familles-latino-americaines-cafla\/#primaryimage","url":"https:\/\/www.infotetquebec.com\/wp-content\/uploads\/2023\/04\/CAFLA_Logo_AIDE.png","contentUrl":"https:\/\/www.infotetquebec.com\/wp-content\/uploads\/2023\/04\/CAFLA_Logo_AIDE.png"},{"@type":"BreadcrumbList","@id":"https:\/\/www.infotetquebec.com\/en\/centre-daide-aux-familles-latino-americaines-cafla\/#breadcrumb","itemListElement":[{"@type":"ListItem","position":1,"name":"Accueil","item":"https:\/\/www.infotetquebec.com\/en\/"},{"@type":"ListItem","position":2,"name":"Centre d&#8217;aide aux familles latino-am\u00e9ricaines (CAFLA)"}]},{"@type":"WebSite","@id":"https:\/\/www.infotetquebec.com\/en\/#website","url":"https:\/\/www.infotetquebec.com\/en\/","name":"Infotetquebec","description":"Info et soutien aux TET","publisher":{"@id":"https:\/\/www.infotetquebec.com\/en\/#organization"},"potentialAction":[{"@type":"SearchAction","target":{"@type":"EntryPoint","urlTemplate":"https:\/\/www.infotetquebec.com\/en\/?s={search_term_string}"},"query-input":{"@type":"PropertyValueSpecification","valueRequired":true,"valueName":"search_term_string"}}],"inLanguage":"en-US"},{"@type":"Organization","@id":"https:\/\/www.infotetquebec.com\/en\/#organization","name":"InfoTETQuebec","url":"https:\/\/www.infotetquebec.com\/en\/","logo":{"@type":"ImageObject","inLanguage":"en-US","@id":"https:\/\/www.infotetquebec.com\/en\/#\/schema\/logo\/image\/","url":"https:\/\/www.infotetquebec.com\/wp-content\/uploads\/2021\/02\/cropped-IMQC_TET_Favicon_Fav-Icon_Fav-Icon-1.png","contentUrl":"https:\/\/www.infotetquebec.com\/wp-content\/uploads\/2021\/02\/cropped-IMQC_TET_Favicon_Fav-Icon_Fav-Icon-1.png","width":512,"height":512,"caption":"InfoTETQuebec"},"image":{"@id":"https:\/\/www.infotetquebec.com\/en\/#\/schema\/logo\/image\/"},"sameAs":["https:\/\/www.facebook.com\/profile.php?id=100089616676260"]}]}},"rttpg_featured_image_url":null,"rttpg_author":{"display_name":"Francisco Salazar","author_link":"https:\/\/www.infotetquebec.com\/en\/author\/francisco-salazarimmigrantquebec-com\/"},"rttpg_comment":0,"rttpg_category":" <a href=\"https:\/\/www.infotetquebec.com\/en\/?taxonomy=translation_priority&#038;term=optional-en-3\" rel=\"tag\">Optional<\/a>","rttpg_excerpt":"6839, rue Drolet #209 Montr\u00e9al, Qu\u00e9bec H2S 2T1 Free hotline : 1 866 286-7584 WhatsApp : +1 514 776-7120 &nbsp; Areas affected by the project : provincial &nbsp; Services Free... Read more","_links":{"self":[{"href":"https:\/\/www.infotetquebec.com\/en\/wp-json\/wp\/v2\/pages\/6336","targetHints":{"allow":["GET"]}}],"collection":[{"href":"https:\/\/www.infotetquebec.com\/en\/wp-json\/wp\/v2\/pages"}],"about":[{"href":"https:\/\/www.infotetquebec.com\/en\/wp-json\/wp\/v2\/types\/page"}],"author":[{"embeddable":true,"href":"https:\/\/www.infotetquebec.com\/en\/wp-json\/wp\/v2\/users\/17"}],"replies":[{"embeddable":true,"href":"https:\/\/www.infotetquebec.com\/en\/wp-json\/wp\/v2\/comments?post=6336"}],"version-history":[{"count":4,"href":"https:\/\/www.infotetquebec.com\/en\/wp-json\/wp\/v2\/pages\/6336\/revisions"}],"predecessor-version":[{"id":6986,"href":"https:\/\/www.infotetquebec.com\/en\/wp-json\/wp\/v2\/pages\/6336\/revisions\/6986"}],"wp:attachment":[{"href":"https:\/\/www.infotetquebec.com\/en\/wp-json\/wp\/v2\/media?parent=6336"}],"curies":[{"name":"wp","href":"https:\/\/api.w.org\/{rel}","templated":true}]}}