{"id":6326,"date":"2023-04-18T16:35:11","date_gmt":"2023-04-18T20:35:11","guid":{"rendered":"https:\/\/www.infotetquebec.com\/service-dinterprete-daide-et-de-reference-aux-immigrants-siari\/"},"modified":"2023-05-08T16:49:49","modified_gmt":"2023-05-08T20:49:49","slug":"service-dinterprete-daide-et-de-reference-aux-immigrants-siari","status":"publish","type":"page","link":"https:\/\/www.infotetquebec.com\/en\/service-dinterprete-daide-et-de-reference-aux-immigrants-siari\/","title":{"rendered":"Service d\u2019Interpr\u00e8te, d\u2019Aide et de R\u00e9f\u00e9rence aux Immigrants (SIARI)"},"content":{"rendered":"<p><a href=\"https:\/\/www.siari.org\"><img fetchpriority=\"high\" decoding=\"async\" class=\"aligncenter wp-image-6934\" src=\"https:\/\/www.infotetquebec.com\/wp-content\/uploads\/2023\/05\/Logo-SIARI-Final-2022.png\" alt=\"\" width=\"296\" height=\"296\" srcset=\"https:\/\/www.infotetquebec.com\/wp-content\/uploads\/2023\/05\/Logo-SIARI-Final-2022.png 1200w, https:\/\/www.infotetquebec.com\/wp-content\/uploads\/2023\/05\/Logo-SIARI-Final-2022-300x300.png 300w, https:\/\/www.infotetquebec.com\/wp-content\/uploads\/2023\/05\/Logo-SIARI-Final-2022-1024x1024.png 1024w, https:\/\/www.infotetquebec.com\/wp-content\/uploads\/2023\/05\/Logo-SIARI-Final-2022-768x768.png 768w, https:\/\/www.infotetquebec.com\/wp-content\/uploads\/2023\/05\/Logo-SIARI-Final-2022-75x75.png 75w\" sizes=\"(max-width: 296px) 100vw, 296px\" \/><\/a><\/p>\n<h4 style=\"text-align: center;\">6767 Chemin de la C\u00f4te-des-Neiges, bureau 499<br \/>\nMontr\u00e9al (Qu\u00e9bec) H3S 2T6<\/h4>\n<h4 style=\"text-align: center;\"><strong>Phone number and WhatsApp : <\/strong>+1\u00a0514 585-4763<\/h4>\n<h4 style=\"text-align: center;\"><strong>@ :<\/strong> <a href=\"mailto:TET@siari.org\" target=\"_blank\" rel=\"noopener\">TET@siari.org<\/a><\/h4>\n<p style=\"text-align: center;\"><a href=\"https:\/\/www.facebook.com\/siari.org\"><img decoding=\"async\" class=\"aligncenter size-full wp-image-2405\" src=\"https:\/\/www.infotetquebec.com\/wp-content\/uploads\/2022\/03\/FACEBOOK-1.png\" alt=\"\" width=\"40\" height=\"40\" \/><\/a><\/p>\n<h3 style=\"text-align: center;\">Areas affected by the project : provincial<\/h3>\n<p><a href=\"https:\/\/www.infotetquebec.com\/wp-content\/uploads\/2022\/04\/TETCartes-1080x1080-1.jpg\"><img decoding=\"async\" class=\"aligncenter wp-image-2683\" src=\"https:\/\/www.infotetquebec.com\/wp-content\/uploads\/2022\/04\/TETCartes-1080x1080-1.jpg\" alt=\"\" width=\"758\" height=\"758\" srcset=\"https:\/\/www.infotetquebec.com\/wp-content\/uploads\/2022\/04\/TETCartes-1080x1080-1.jpg 1080w, https:\/\/www.infotetquebec.com\/wp-content\/uploads\/2022\/04\/TETCartes-1080x1080-1-300x300.jpg 300w, https:\/\/www.infotetquebec.com\/wp-content\/uploads\/2022\/04\/TETCartes-1080x1080-1-1024x1024.jpg 1024w, https:\/\/www.infotetquebec.com\/wp-content\/uploads\/2022\/04\/TETCartes-1080x1080-1-768x768.jpg 768w, https:\/\/www.infotetquebec.com\/wp-content\/uploads\/2022\/04\/TETCartes-1080x1080-1-75x75.jpg 75w\" sizes=\"(max-width: 758px) 100vw, 758px\" \/><\/a><\/p>\n<h3 style=\"text-align: center;\"><strong>Services\u00a0<\/strong><\/h3>\n<p style=\"text-align: center;\">Translation and interpreting<\/p>\n","protected":false},"excerpt":{"rendered":"<p>6767 Chemin de la C\u00f4te-des-Neiges, bureau 499 Montr\u00e9al (Qu\u00e9bec) H3S 2T6 Phone number and WhatsApp : +1\u00a0514 585-4763 @ : TET@siari.org Areas affected by the project : provincial Services\u00a0 Translation&#8230; <a class=\"more-link\" href=\"https:\/\/www.infotetquebec.com\/en\/service-dinterprete-daide-et-de-reference-aux-immigrants-siari\/\">Read more<\/a><\/p>\n","protected":false},"author":17,"featured_media":0,"parent":0,"menu_order":0,"comment_status":"closed","ping_status":"closed","template":"","meta":{"_genesis_hide_title":false,"_genesis_hide_breadcrumbs":false,"_genesis_hide_singular_image":false,"_genesis_hide_footer_widgets":false,"_genesis_custom_body_class":"","_genesis_custom_post_class":"","_genesis_layout":"","footnotes":""},"class_list":["post-6326","page","type-page","status-publish","entry","has-post-thumbnail"],"yoast_head":"<!-- This site is optimized with the Yoast SEO plugin v27.4 - https:\/\/yoast.com\/product\/yoast-seo-wordpress\/ -->\n<title>Service d\u2019Interpr\u00e8te, d\u2019Aide et de R\u00e9f\u00e9rence aux Immigrants (SIARI) - Infotetquebec<\/title>\n<meta name=\"robots\" content=\"index, follow, max-snippet:-1, max-image-preview:large, max-video-preview:-1\" \/>\n<link rel=\"canonical\" href=\"https:\/\/www.infotetquebec.com\/en\/service-dinterprete-daide-et-de-reference-aux-immigrants-siari\/\" \/>\n<meta property=\"og:locale\" content=\"en_US\" \/>\n<meta property=\"og:type\" content=\"article\" \/>\n<meta property=\"og:title\" content=\"Service d\u2019Interpr\u00e8te, d\u2019Aide et de R\u00e9f\u00e9rence aux Immigrants (SIARI) - Infotetquebec\" \/>\n<meta property=\"og:description\" content=\"6767 Chemin de la C\u00f4te-des-Neiges, bureau 499 Montr\u00e9al (Qu\u00e9bec) H3S 2T6 Phone number and WhatsApp : +1\u00a0514 585-4763 @ : TET@siari.org Areas affected by the project : provincial Services\u00a0 Translation... Read more\" \/>\n<meta property=\"og:url\" content=\"https:\/\/www.infotetquebec.com\/en\/service-dinterprete-daide-et-de-reference-aux-immigrants-siari\/\" \/>\n<meta property=\"og:site_name\" content=\"Infotetquebec\" \/>\n<meta property=\"article:publisher\" content=\"https:\/\/www.facebook.com\/profile.php?id=100089616676260\" \/>\n<meta property=\"article:modified_time\" content=\"2023-05-08T20:49:49+00:00\" \/>\n<meta property=\"og:image\" content=\"https:\/\/www.infotetquebec.com\/wp-content\/uploads\/2023\/05\/Logo-SIARI-Final-2022.png\" \/>\n<meta name=\"twitter:card\" content=\"summary_large_image\" \/>\n<meta name=\"twitter:label1\" content=\"Est. reading time\" \/>\n\t<meta name=\"twitter:data1\" content=\"1 minute\" \/>\n<script type=\"application\/ld+json\" class=\"yoast-schema-graph\">{\"@context\":\"https:\\\/\\\/schema.org\",\"@graph\":[{\"@type\":\"WebPage\",\"@id\":\"https:\\\/\\\/www.infotetquebec.com\\\/en\\\/service-dinterprete-daide-et-de-reference-aux-immigrants-siari\\\/\",\"url\":\"https:\\\/\\\/www.infotetquebec.com\\\/en\\\/service-dinterprete-daide-et-de-reference-aux-immigrants-siari\\\/\",\"name\":\"Service d\u2019Interpr\u00e8te, d\u2019Aide et de R\u00e9f\u00e9rence aux Immigrants (SIARI) - Infotetquebec\",\"isPartOf\":{\"@id\":\"https:\\\/\\\/www.infotetquebec.com\\\/en\\\/#website\"},\"primaryImageOfPage\":{\"@id\":\"https:\\\/\\\/www.infotetquebec.com\\\/en\\\/service-dinterprete-daide-et-de-reference-aux-immigrants-siari\\\/#primaryimage\"},\"image\":{\"@id\":\"https:\\\/\\\/www.infotetquebec.com\\\/en\\\/service-dinterprete-daide-et-de-reference-aux-immigrants-siari\\\/#primaryimage\"},\"thumbnailUrl\":\"https:\\\/\\\/www.infotetquebec.com\\\/wp-content\\\/uploads\\\/2023\\\/05\\\/Logo-SIARI-Final-2022.png\",\"datePublished\":\"2023-04-18T20:35:11+00:00\",\"dateModified\":\"2023-05-08T20:49:49+00:00\",\"breadcrumb\":{\"@id\":\"https:\\\/\\\/www.infotetquebec.com\\\/en\\\/service-dinterprete-daide-et-de-reference-aux-immigrants-siari\\\/#breadcrumb\"},\"inLanguage\":\"en-US\",\"potentialAction\":[{\"@type\":\"ReadAction\",\"target\":[\"https:\\\/\\\/www.infotetquebec.com\\\/en\\\/service-dinterprete-daide-et-de-reference-aux-immigrants-siari\\\/\"]}]},{\"@type\":\"ImageObject\",\"inLanguage\":\"en-US\",\"@id\":\"https:\\\/\\\/www.infotetquebec.com\\\/en\\\/service-dinterprete-daide-et-de-reference-aux-immigrants-siari\\\/#primaryimage\",\"url\":\"https:\\\/\\\/www.infotetquebec.com\\\/wp-content\\\/uploads\\\/2023\\\/05\\\/Logo-SIARI-Final-2022.png\",\"contentUrl\":\"https:\\\/\\\/www.infotetquebec.com\\\/wp-content\\\/uploads\\\/2023\\\/05\\\/Logo-SIARI-Final-2022.png\"},{\"@type\":\"BreadcrumbList\",\"@id\":\"https:\\\/\\\/www.infotetquebec.com\\\/en\\\/service-dinterprete-daide-et-de-reference-aux-immigrants-siari\\\/#breadcrumb\",\"itemListElement\":[{\"@type\":\"ListItem\",\"position\":1,\"name\":\"Accueil\",\"item\":\"https:\\\/\\\/www.infotetquebec.com\\\/en\\\/\"},{\"@type\":\"ListItem\",\"position\":2,\"name\":\"Service d\u2019Interpr\u00e8te, d\u2019Aide et de R\u00e9f\u00e9rence aux Immigrants (SIARI)\"}]},{\"@type\":\"WebSite\",\"@id\":\"https:\\\/\\\/www.infotetquebec.com\\\/en\\\/#website\",\"url\":\"https:\\\/\\\/www.infotetquebec.com\\\/en\\\/\",\"name\":\"Infotetquebec\",\"description\":\"Info et soutien aux TET\",\"publisher\":{\"@id\":\"https:\\\/\\\/www.infotetquebec.com\\\/en\\\/#organization\"},\"potentialAction\":[{\"@type\":\"SearchAction\",\"target\":{\"@type\":\"EntryPoint\",\"urlTemplate\":\"https:\\\/\\\/www.infotetquebec.com\\\/en\\\/?s={search_term_string}\"},\"query-input\":{\"@type\":\"PropertyValueSpecification\",\"valueRequired\":true,\"valueName\":\"search_term_string\"}}],\"inLanguage\":\"en-US\"},{\"@type\":\"Organization\",\"@id\":\"https:\\\/\\\/www.infotetquebec.com\\\/en\\\/#organization\",\"name\":\"InfoTETQuebec\",\"url\":\"https:\\\/\\\/www.infotetquebec.com\\\/en\\\/\",\"logo\":{\"@type\":\"ImageObject\",\"inLanguage\":\"en-US\",\"@id\":\"https:\\\/\\\/www.infotetquebec.com\\\/en\\\/#\\\/schema\\\/logo\\\/image\\\/\",\"url\":\"https:\\\/\\\/www.infotetquebec.com\\\/wp-content\\\/uploads\\\/2021\\\/02\\\/cropped-IMQC_TET_Favicon_Fav-Icon_Fav-Icon-1.png\",\"contentUrl\":\"https:\\\/\\\/www.infotetquebec.com\\\/wp-content\\\/uploads\\\/2021\\\/02\\\/cropped-IMQC_TET_Favicon_Fav-Icon_Fav-Icon-1.png\",\"width\":512,\"height\":512,\"caption\":\"InfoTETQuebec\"},\"image\":{\"@id\":\"https:\\\/\\\/www.infotetquebec.com\\\/en\\\/#\\\/schema\\\/logo\\\/image\\\/\"},\"sameAs\":[\"https:\\\/\\\/www.facebook.com\\\/profile.php?id=100089616676260\"]}]}<\/script>\n<!-- \/ Yoast SEO plugin. -->","yoast_head_json":{"title":"Service d\u2019Interpr\u00e8te, d\u2019Aide et de R\u00e9f\u00e9rence aux Immigrants (SIARI) - Infotetquebec","robots":{"index":"index","follow":"follow","max-snippet":"max-snippet:-1","max-image-preview":"max-image-preview:large","max-video-preview":"max-video-preview:-1"},"canonical":"https:\/\/www.infotetquebec.com\/en\/service-dinterprete-daide-et-de-reference-aux-immigrants-siari\/","og_locale":"en_US","og_type":"article","og_title":"Service d\u2019Interpr\u00e8te, d\u2019Aide et de R\u00e9f\u00e9rence aux Immigrants (SIARI) - Infotetquebec","og_description":"6767 Chemin de la C\u00f4te-des-Neiges, bureau 499 Montr\u00e9al (Qu\u00e9bec) H3S 2T6 Phone number and WhatsApp : +1\u00a0514 585-4763 @ : TET@siari.org Areas affected by the project : provincial Services\u00a0 Translation... Read more","og_url":"https:\/\/www.infotetquebec.com\/en\/service-dinterprete-daide-et-de-reference-aux-immigrants-siari\/","og_site_name":"Infotetquebec","article_publisher":"https:\/\/www.facebook.com\/profile.php?id=100089616676260","article_modified_time":"2023-05-08T20:49:49+00:00","og_image":[{"url":"https:\/\/www.infotetquebec.com\/wp-content\/uploads\/2023\/05\/Logo-SIARI-Final-2022.png","type":"","width":"","height":""}],"twitter_card":"summary_large_image","twitter_misc":{"Est. reading time":"1 minute"},"schema":{"@context":"https:\/\/schema.org","@graph":[{"@type":"WebPage","@id":"https:\/\/www.infotetquebec.com\/en\/service-dinterprete-daide-et-de-reference-aux-immigrants-siari\/","url":"https:\/\/www.infotetquebec.com\/en\/service-dinterprete-daide-et-de-reference-aux-immigrants-siari\/","name":"Service d\u2019Interpr\u00e8te, d\u2019Aide et de R\u00e9f\u00e9rence aux Immigrants (SIARI) - Infotetquebec","isPartOf":{"@id":"https:\/\/www.infotetquebec.com\/en\/#website"},"primaryImageOfPage":{"@id":"https:\/\/www.infotetquebec.com\/en\/service-dinterprete-daide-et-de-reference-aux-immigrants-siari\/#primaryimage"},"image":{"@id":"https:\/\/www.infotetquebec.com\/en\/service-dinterprete-daide-et-de-reference-aux-immigrants-siari\/#primaryimage"},"thumbnailUrl":"https:\/\/www.infotetquebec.com\/wp-content\/uploads\/2023\/05\/Logo-SIARI-Final-2022.png","datePublished":"2023-04-18T20:35:11+00:00","dateModified":"2023-05-08T20:49:49+00:00","breadcrumb":{"@id":"https:\/\/www.infotetquebec.com\/en\/service-dinterprete-daide-et-de-reference-aux-immigrants-siari\/#breadcrumb"},"inLanguage":"en-US","potentialAction":[{"@type":"ReadAction","target":["https:\/\/www.infotetquebec.com\/en\/service-dinterprete-daide-et-de-reference-aux-immigrants-siari\/"]}]},{"@type":"ImageObject","inLanguage":"en-US","@id":"https:\/\/www.infotetquebec.com\/en\/service-dinterprete-daide-et-de-reference-aux-immigrants-siari\/#primaryimage","url":"https:\/\/www.infotetquebec.com\/wp-content\/uploads\/2023\/05\/Logo-SIARI-Final-2022.png","contentUrl":"https:\/\/www.infotetquebec.com\/wp-content\/uploads\/2023\/05\/Logo-SIARI-Final-2022.png"},{"@type":"BreadcrumbList","@id":"https:\/\/www.infotetquebec.com\/en\/service-dinterprete-daide-et-de-reference-aux-immigrants-siari\/#breadcrumb","itemListElement":[{"@type":"ListItem","position":1,"name":"Accueil","item":"https:\/\/www.infotetquebec.com\/en\/"},{"@type":"ListItem","position":2,"name":"Service d\u2019Interpr\u00e8te, d\u2019Aide et de R\u00e9f\u00e9rence aux Immigrants (SIARI)"}]},{"@type":"WebSite","@id":"https:\/\/www.infotetquebec.com\/en\/#website","url":"https:\/\/www.infotetquebec.com\/en\/","name":"Infotetquebec","description":"Info et soutien aux TET","publisher":{"@id":"https:\/\/www.infotetquebec.com\/en\/#organization"},"potentialAction":[{"@type":"SearchAction","target":{"@type":"EntryPoint","urlTemplate":"https:\/\/www.infotetquebec.com\/en\/?s={search_term_string}"},"query-input":{"@type":"PropertyValueSpecification","valueRequired":true,"valueName":"search_term_string"}}],"inLanguage":"en-US"},{"@type":"Organization","@id":"https:\/\/www.infotetquebec.com\/en\/#organization","name":"InfoTETQuebec","url":"https:\/\/www.infotetquebec.com\/en\/","logo":{"@type":"ImageObject","inLanguage":"en-US","@id":"https:\/\/www.infotetquebec.com\/en\/#\/schema\/logo\/image\/","url":"https:\/\/www.infotetquebec.com\/wp-content\/uploads\/2021\/02\/cropped-IMQC_TET_Favicon_Fav-Icon_Fav-Icon-1.png","contentUrl":"https:\/\/www.infotetquebec.com\/wp-content\/uploads\/2021\/02\/cropped-IMQC_TET_Favicon_Fav-Icon_Fav-Icon-1.png","width":512,"height":512,"caption":"InfoTETQuebec"},"image":{"@id":"https:\/\/www.infotetquebec.com\/en\/#\/schema\/logo\/image\/"},"sameAs":["https:\/\/www.facebook.com\/profile.php?id=100089616676260"]}]}},"rttpg_featured_image_url":null,"rttpg_author":{"display_name":"Francisco Salazar","author_link":"https:\/\/www.infotetquebec.com\/en\/author\/francisco-salazarimmigrantquebec-com\/"},"rttpg_comment":0,"rttpg_category":" <a href=\"https:\/\/www.infotetquebec.com\/en\/?taxonomy=translation_priority&#038;term=optional-en-3\" rel=\"tag\">Optional<\/a>","rttpg_excerpt":"6767 Chemin de la C\u00f4te-des-Neiges, bureau 499 Montr\u00e9al (Qu\u00e9bec) H3S 2T6 Phone number and WhatsApp : +1\u00a0514 585-4763 @ : TET@siari.org Areas affected by the project : provincial Services\u00a0 Translation... Read more","_links":{"self":[{"href":"https:\/\/www.infotetquebec.com\/en\/wp-json\/wp\/v2\/pages\/6326","targetHints":{"allow":["GET"]}}],"collection":[{"href":"https:\/\/www.infotetquebec.com\/en\/wp-json\/wp\/v2\/pages"}],"about":[{"href":"https:\/\/www.infotetquebec.com\/en\/wp-json\/wp\/v2\/types\/page"}],"author":[{"embeddable":true,"href":"https:\/\/www.infotetquebec.com\/en\/wp-json\/wp\/v2\/users\/17"}],"replies":[{"embeddable":true,"href":"https:\/\/www.infotetquebec.com\/en\/wp-json\/wp\/v2\/comments?post=6326"}],"version-history":[{"count":5,"href":"https:\/\/www.infotetquebec.com\/en\/wp-json\/wp\/v2\/pages\/6326\/revisions"}],"predecessor-version":[{"id":7050,"href":"https:\/\/www.infotetquebec.com\/en\/wp-json\/wp\/v2\/pages\/6326\/revisions\/7050"}],"wp:attachment":[{"href":"https:\/\/www.infotetquebec.com\/en\/wp-json\/wp\/v2\/media?parent=6326"}],"curies":[{"name":"wp","href":"https:\/\/api.w.org\/{rel}","templated":true}]}}