{"id":5587,"date":"2023-02-06T17:05:06","date_gmt":"2023-02-06T22:05:06","guid":{"rendered":"https:\/\/www.infotetquebec.com\/cyclo-nord-sud\/"},"modified":"2023-02-06T17:05:06","modified_gmt":"2023-02-06T22:05:06","slug":"cyclo-nord-sud","status":"publish","type":"page","link":"https:\/\/www.infotetquebec.com\/en\/cyclo-nord-sud\/","title":{"rendered":"Cyclo Nord-Sud"},"content":{"rendered":"<p><a href=\"https:\/\/cyclonordsud.org\"><img decoding=\"async\" class=\"aligncenter wp-image-5480\" src=\"https:\/\/www.infotetquebec.com\/wp-content\/uploads\/2023\/02\/2019_LOGO_SLOGAN_VERT.jpg\" alt=\"\" width=\"436\" height=\"113\" srcset=\"https:\/\/www.infotetquebec.com\/wp-content\/uploads\/2023\/02\/2019_LOGO_SLOGAN_VERT.jpg 845w, https:\/\/www.infotetquebec.com\/wp-content\/uploads\/2023\/02\/2019_LOGO_SLOGAN_VERT-300x78.jpg 300w, https:\/\/www.infotetquebec.com\/wp-content\/uploads\/2023\/02\/2019_LOGO_SLOGAN_VERT-768x199.jpg 768w\" sizes=\"(max-width: 436px) 100vw, 436px\" \/><\/a><\/p>\n<h4 class=\"aligncenter size-full is-resized\" style=\"text-align: center;\">8717, 8\u00e8me Avenue<br \/>\nMontr\u00e9al (Qc) H1Z 2X4<\/h4>\n<p><a href=\"https:\/\/www.facebook.com\/cyclonordsud\/\"><img decoding=\"async\" class=\"aligncenter size-full wp-image-2405\" src=\"https:\/\/www.infotetquebec.com\/wp-content\/uploads\/2022\/03\/FACEBOOK-1.png\" alt=\"\" width=\"40\" height=\"40\" \/><\/a><\/p>\n<h3 style=\"text-align: center;\">Areas affected by the project : Capitale-Nationale et Montr\u00e9al<\/h3>\n<p><a href=\"https:\/\/www.infotetquebec.com\/wp-content\/uploads\/2023\/02\/TETCartes-CycloNordSud.png\"><img fetchpriority=\"high\" decoding=\"async\" class=\"aligncenter size-full wp-image-5495\" src=\"https:\/\/www.infotetquebec.com\/wp-content\/uploads\/2023\/02\/TETCartes-CycloNordSud.png\" alt=\"\" width=\"600\" height=\"450\" srcset=\"https:\/\/www.infotetquebec.com\/wp-content\/uploads\/2023\/02\/TETCartes-CycloNordSud.png 600w, https:\/\/www.infotetquebec.com\/wp-content\/uploads\/2023\/02\/TETCartes-CycloNordSud-300x225.png 300w\" sizes=\"(max-width: 600px) 100vw, 600px\" \/><\/a><\/p>\n<p>&nbsp;<\/p>\n<h3 style=\"text-align: center;\"><strong>Services and activities<\/strong><a href=\"https:\/\/www.infotetquebec.com\/wp-content\/uploads\/2023\/02\/PictoTET-Movilidad-Velo-FondVert.png\"><br \/>\n<\/a><\/h3>\n<p style=\"text-align: center;\">Mobility by bicycle<\/p>\n<p>&nbsp;<\/p>\n","protected":false},"excerpt":{"rendered":"<p>8717, 8\u00e8me Avenue Montr\u00e9al (Qc) H1Z 2X4 Areas affected by the project : Capitale-Nationale et Montr\u00e9al &nbsp; Services and activities Mobility by bicycle &nbsp;<\/p>\n","protected":false},"author":17,"featured_media":0,"parent":0,"menu_order":0,"comment_status":"closed","ping_status":"closed","template":"","meta":{"_genesis_hide_title":false,"_genesis_hide_breadcrumbs":false,"_genesis_hide_singular_image":false,"_genesis_hide_footer_widgets":false,"_genesis_custom_body_class":"","_genesis_custom_post_class":"","_genesis_layout":"","footnotes":""},"class_list":["post-5587","page","type-page","status-publish","entry","has-post-thumbnail"],"yoast_head":"<!-- This site is optimized with the Yoast SEO plugin v27.4 - https:\/\/yoast.com\/product\/yoast-seo-wordpress\/ -->\n<title>Cyclo Nord-Sud - Infotetquebec<\/title>\n<meta name=\"robots\" content=\"index, follow, max-snippet:-1, max-image-preview:large, max-video-preview:-1\" \/>\n<link rel=\"canonical\" href=\"https:\/\/www.infotetquebec.com\/en\/cyclo-nord-sud\/\" \/>\n<meta property=\"og:locale\" content=\"en_US\" \/>\n<meta property=\"og:type\" content=\"article\" \/>\n<meta property=\"og:title\" content=\"Cyclo Nord-Sud - Infotetquebec\" \/>\n<meta property=\"og:description\" content=\"8717, 8\u00e8me Avenue Montr\u00e9al (Qc) H1Z 2X4 Areas affected by the project : Capitale-Nationale et Montr\u00e9al &nbsp; Services and activities Mobility by bicycle &nbsp;\" \/>\n<meta property=\"og:url\" content=\"https:\/\/www.infotetquebec.com\/en\/cyclo-nord-sud\/\" \/>\n<meta property=\"og:site_name\" content=\"Infotetquebec\" \/>\n<meta property=\"article:publisher\" content=\"https:\/\/www.facebook.com\/profile.php?id=100089616676260\" \/>\n<meta property=\"og:image\" content=\"https:\/\/www.infotetquebec.com\/wp-content\/uploads\/2023\/02\/2019_LOGO_SLOGAN_VERT.jpg\" \/>\n<meta name=\"twitter:card\" content=\"summary_large_image\" \/>\n<script type=\"application\/ld+json\" class=\"yoast-schema-graph\">{\"@context\":\"https:\\\/\\\/schema.org\",\"@graph\":[{\"@type\":\"WebPage\",\"@id\":\"https:\\\/\\\/www.infotetquebec.com\\\/en\\\/cyclo-nord-sud\\\/\",\"url\":\"https:\\\/\\\/www.infotetquebec.com\\\/en\\\/cyclo-nord-sud\\\/\",\"name\":\"Cyclo Nord-Sud - Infotetquebec\",\"isPartOf\":{\"@id\":\"https:\\\/\\\/www.infotetquebec.com\\\/en\\\/#website\"},\"primaryImageOfPage\":{\"@id\":\"https:\\\/\\\/www.infotetquebec.com\\\/en\\\/cyclo-nord-sud\\\/#primaryimage\"},\"image\":{\"@id\":\"https:\\\/\\\/www.infotetquebec.com\\\/en\\\/cyclo-nord-sud\\\/#primaryimage\"},\"thumbnailUrl\":\"https:\\\/\\\/www.infotetquebec.com\\\/wp-content\\\/uploads\\\/2023\\\/02\\\/2019_LOGO_SLOGAN_VERT.jpg\",\"datePublished\":\"2023-02-06T22:05:06+00:00\",\"breadcrumb\":{\"@id\":\"https:\\\/\\\/www.infotetquebec.com\\\/en\\\/cyclo-nord-sud\\\/#breadcrumb\"},\"inLanguage\":\"en-US\",\"potentialAction\":[{\"@type\":\"ReadAction\",\"target\":[\"https:\\\/\\\/www.infotetquebec.com\\\/en\\\/cyclo-nord-sud\\\/\"]}]},{\"@type\":\"ImageObject\",\"inLanguage\":\"en-US\",\"@id\":\"https:\\\/\\\/www.infotetquebec.com\\\/en\\\/cyclo-nord-sud\\\/#primaryimage\",\"url\":\"https:\\\/\\\/www.infotetquebec.com\\\/wp-content\\\/uploads\\\/2023\\\/02\\\/2019_LOGO_SLOGAN_VERT.jpg\",\"contentUrl\":\"https:\\\/\\\/www.infotetquebec.com\\\/wp-content\\\/uploads\\\/2023\\\/02\\\/2019_LOGO_SLOGAN_VERT.jpg\"},{\"@type\":\"BreadcrumbList\",\"@id\":\"https:\\\/\\\/www.infotetquebec.com\\\/en\\\/cyclo-nord-sud\\\/#breadcrumb\",\"itemListElement\":[{\"@type\":\"ListItem\",\"position\":1,\"name\":\"Accueil\",\"item\":\"https:\\\/\\\/www.infotetquebec.com\\\/en\\\/\"},{\"@type\":\"ListItem\",\"position\":2,\"name\":\"Cyclo Nord-Sud\"}]},{\"@type\":\"WebSite\",\"@id\":\"https:\\\/\\\/www.infotetquebec.com\\\/en\\\/#website\",\"url\":\"https:\\\/\\\/www.infotetquebec.com\\\/en\\\/\",\"name\":\"Infotetquebec\",\"description\":\"Info et soutien aux TET\",\"publisher\":{\"@id\":\"https:\\\/\\\/www.infotetquebec.com\\\/en\\\/#organization\"},\"potentialAction\":[{\"@type\":\"SearchAction\",\"target\":{\"@type\":\"EntryPoint\",\"urlTemplate\":\"https:\\\/\\\/www.infotetquebec.com\\\/en\\\/?s={search_term_string}\"},\"query-input\":{\"@type\":\"PropertyValueSpecification\",\"valueRequired\":true,\"valueName\":\"search_term_string\"}}],\"inLanguage\":\"en-US\"},{\"@type\":\"Organization\",\"@id\":\"https:\\\/\\\/www.infotetquebec.com\\\/en\\\/#organization\",\"name\":\"InfoTETQuebec\",\"url\":\"https:\\\/\\\/www.infotetquebec.com\\\/en\\\/\",\"logo\":{\"@type\":\"ImageObject\",\"inLanguage\":\"en-US\",\"@id\":\"https:\\\/\\\/www.infotetquebec.com\\\/en\\\/#\\\/schema\\\/logo\\\/image\\\/\",\"url\":\"https:\\\/\\\/www.infotetquebec.com\\\/wp-content\\\/uploads\\\/2021\\\/02\\\/cropped-IMQC_TET_Favicon_Fav-Icon_Fav-Icon-1.png\",\"contentUrl\":\"https:\\\/\\\/www.infotetquebec.com\\\/wp-content\\\/uploads\\\/2021\\\/02\\\/cropped-IMQC_TET_Favicon_Fav-Icon_Fav-Icon-1.png\",\"width\":512,\"height\":512,\"caption\":\"InfoTETQuebec\"},\"image\":{\"@id\":\"https:\\\/\\\/www.infotetquebec.com\\\/en\\\/#\\\/schema\\\/logo\\\/image\\\/\"},\"sameAs\":[\"https:\\\/\\\/www.facebook.com\\\/profile.php?id=100089616676260\"]}]}<\/script>\n<!-- \/ Yoast SEO plugin. -->","yoast_head_json":{"title":"Cyclo Nord-Sud - Infotetquebec","robots":{"index":"index","follow":"follow","max-snippet":"max-snippet:-1","max-image-preview":"max-image-preview:large","max-video-preview":"max-video-preview:-1"},"canonical":"https:\/\/www.infotetquebec.com\/en\/cyclo-nord-sud\/","og_locale":"en_US","og_type":"article","og_title":"Cyclo Nord-Sud - Infotetquebec","og_description":"8717, 8\u00e8me Avenue Montr\u00e9al (Qc) H1Z 2X4 Areas affected by the project : Capitale-Nationale et Montr\u00e9al &nbsp; Services and activities Mobility by bicycle &nbsp;","og_url":"https:\/\/www.infotetquebec.com\/en\/cyclo-nord-sud\/","og_site_name":"Infotetquebec","article_publisher":"https:\/\/www.facebook.com\/profile.php?id=100089616676260","og_image":[{"url":"https:\/\/www.infotetquebec.com\/wp-content\/uploads\/2023\/02\/2019_LOGO_SLOGAN_VERT.jpg","type":"","width":"","height":""}],"twitter_card":"summary_large_image","schema":{"@context":"https:\/\/schema.org","@graph":[{"@type":"WebPage","@id":"https:\/\/www.infotetquebec.com\/en\/cyclo-nord-sud\/","url":"https:\/\/www.infotetquebec.com\/en\/cyclo-nord-sud\/","name":"Cyclo Nord-Sud - Infotetquebec","isPartOf":{"@id":"https:\/\/www.infotetquebec.com\/en\/#website"},"primaryImageOfPage":{"@id":"https:\/\/www.infotetquebec.com\/en\/cyclo-nord-sud\/#primaryimage"},"image":{"@id":"https:\/\/www.infotetquebec.com\/en\/cyclo-nord-sud\/#primaryimage"},"thumbnailUrl":"https:\/\/www.infotetquebec.com\/wp-content\/uploads\/2023\/02\/2019_LOGO_SLOGAN_VERT.jpg","datePublished":"2023-02-06T22:05:06+00:00","breadcrumb":{"@id":"https:\/\/www.infotetquebec.com\/en\/cyclo-nord-sud\/#breadcrumb"},"inLanguage":"en-US","potentialAction":[{"@type":"ReadAction","target":["https:\/\/www.infotetquebec.com\/en\/cyclo-nord-sud\/"]}]},{"@type":"ImageObject","inLanguage":"en-US","@id":"https:\/\/www.infotetquebec.com\/en\/cyclo-nord-sud\/#primaryimage","url":"https:\/\/www.infotetquebec.com\/wp-content\/uploads\/2023\/02\/2019_LOGO_SLOGAN_VERT.jpg","contentUrl":"https:\/\/www.infotetquebec.com\/wp-content\/uploads\/2023\/02\/2019_LOGO_SLOGAN_VERT.jpg"},{"@type":"BreadcrumbList","@id":"https:\/\/www.infotetquebec.com\/en\/cyclo-nord-sud\/#breadcrumb","itemListElement":[{"@type":"ListItem","position":1,"name":"Accueil","item":"https:\/\/www.infotetquebec.com\/en\/"},{"@type":"ListItem","position":2,"name":"Cyclo Nord-Sud"}]},{"@type":"WebSite","@id":"https:\/\/www.infotetquebec.com\/en\/#website","url":"https:\/\/www.infotetquebec.com\/en\/","name":"Infotetquebec","description":"Info et soutien aux TET","publisher":{"@id":"https:\/\/www.infotetquebec.com\/en\/#organization"},"potentialAction":[{"@type":"SearchAction","target":{"@type":"EntryPoint","urlTemplate":"https:\/\/www.infotetquebec.com\/en\/?s={search_term_string}"},"query-input":{"@type":"PropertyValueSpecification","valueRequired":true,"valueName":"search_term_string"}}],"inLanguage":"en-US"},{"@type":"Organization","@id":"https:\/\/www.infotetquebec.com\/en\/#organization","name":"InfoTETQuebec","url":"https:\/\/www.infotetquebec.com\/en\/","logo":{"@type":"ImageObject","inLanguage":"en-US","@id":"https:\/\/www.infotetquebec.com\/en\/#\/schema\/logo\/image\/","url":"https:\/\/www.infotetquebec.com\/wp-content\/uploads\/2021\/02\/cropped-IMQC_TET_Favicon_Fav-Icon_Fav-Icon-1.png","contentUrl":"https:\/\/www.infotetquebec.com\/wp-content\/uploads\/2021\/02\/cropped-IMQC_TET_Favicon_Fav-Icon_Fav-Icon-1.png","width":512,"height":512,"caption":"InfoTETQuebec"},"image":{"@id":"https:\/\/www.infotetquebec.com\/en\/#\/schema\/logo\/image\/"},"sameAs":["https:\/\/www.facebook.com\/profile.php?id=100089616676260"]}]}},"rttpg_featured_image_url":null,"rttpg_author":{"display_name":"Francisco Salazar","author_link":"https:\/\/www.infotetquebec.com\/en\/author\/francisco-salazarimmigrantquebec-com\/"},"rttpg_comment":0,"rttpg_category":" <a href=\"https:\/\/www.infotetquebec.com\/en\/?taxonomy=translation_priority&#038;term=optional-en-3\" rel=\"tag\">Optional<\/a>","rttpg_excerpt":"8717, 8\u00e8me Avenue Montr\u00e9al (Qc) H1Z 2X4 Areas affected by the project : Capitale-Nationale et Montr\u00e9al &nbsp; Services and activities Mobility by bicycle &nbsp;","_links":{"self":[{"href":"https:\/\/www.infotetquebec.com\/en\/wp-json\/wp\/v2\/pages\/5587","targetHints":{"allow":["GET"]}}],"collection":[{"href":"https:\/\/www.infotetquebec.com\/en\/wp-json\/wp\/v2\/pages"}],"about":[{"href":"https:\/\/www.infotetquebec.com\/en\/wp-json\/wp\/v2\/types\/page"}],"author":[{"embeddable":true,"href":"https:\/\/www.infotetquebec.com\/en\/wp-json\/wp\/v2\/users\/17"}],"replies":[{"embeddable":true,"href":"https:\/\/www.infotetquebec.com\/en\/wp-json\/wp\/v2\/comments?post=5587"}],"version-history":[{"count":0,"href":"https:\/\/www.infotetquebec.com\/en\/wp-json\/wp\/v2\/pages\/5587\/revisions"}],"wp:attachment":[{"href":"https:\/\/www.infotetquebec.com\/en\/wp-json\/wp\/v2\/media?parent=5587"}],"curies":[{"name":"wp","href":"https:\/\/api.w.org\/{rel}","templated":true}]}}