{"id":5560,"date":"2023-02-06T15:35:39","date_gmt":"2023-02-06T20:35:39","guid":{"rendered":"https:\/\/www.infotetquebec.com\/integration-competences\/"},"modified":"2023-05-01T10:08:49","modified_gmt":"2023-05-01T14:08:49","slug":"integration-competences","status":"publish","type":"page","link":"https:\/\/www.infotetquebec.com\/en\/integration-competences\/","title":{"rendered":"Int\u00e9gration comp\u00e9tences"},"content":{"rendered":"<div class=\"wp-block-image\" style=\"text-align: center;\">\n<h4 class=\"aligncenter size-full is-resized\"><strong style=\"text-align: center;\"><a href=\"https:\/\/integrationcompetences.ca\"><img decoding=\"async\" class=\"aligncenter wp-image-5520\" src=\"https:\/\/www.infotetquebec.com\/wp-content\/uploads\/2023\/02\/logo-vertical-integration-competences-final.png\" alt=\"\" width=\"188\" height=\"219\" srcset=\"https:\/\/www.infotetquebec.com\/wp-content\/uploads\/2023\/02\/logo-vertical-integration-competences-final.png 389w, https:\/\/www.infotetquebec.com\/wp-content\/uploads\/2023\/02\/logo-vertical-integration-competences-final-258x300.png 258w\" sizes=\"(max-width: 188px) 100vw, 188px\" \/><\/a><br \/>\n<\/strong><\/h4>\n<h4 style=\"text-align: center;\"><strong>285, boulevard Cartier,<br \/>\nBeloeil (Qc) J3G 3R2<br \/>\n+1 450 464-4481 \/\u00a0<\/strong><strong>WhatsApp : + 1\u00a0<b>514 434-3642<\/b>\u00a0<\/strong><\/h4>\n<p><a href=\"https:\/\/www.facebook.com\/integrationcompetences\" target=\"_blank\" rel=\"noopener\"><img decoding=\"async\" class=\"size-full wp-image-2405 aligncenter\" src=\"https:\/\/www.infotetquebec.com\/wp-content\/uploads\/2022\/03\/FACEBOOK-1.png\" alt=\"\" width=\"40\" height=\"40\" \/><\/a><\/p>\n<\/div>\n<h3 style=\"text-align: center;\">Area affected by the project : Mont\u00e9r\u00e9gie<\/h3>\n<h2 style=\"text-align: center;\"><a href=\"http:\/\/www.integrationcompetences.ca\" target=\"_blank\" rel=\"noopener\"><img fetchpriority=\"high\" decoding=\"async\" class=\"alignnone wp-image-3296 size-full\" src=\"https:\/\/www.infotetquebec.com\/wp-content\/uploads\/2022\/06\/INTE\u0301GRATION-COMPE\u0301TENCES.png\" alt=\"\" width=\"600\" height=\"450\" \/><\/a><\/h2>\n<h3 style=\"text-align: center;\"><strong>Service<\/strong><\/h3>\n<p style=\"text-align: center;\" data-wp-editing=\"1\">Information sessions<\/p>\n<p style=\"text-align: center;\" data-wp-editing=\"1\">Cultural and sports activities<\/p>\n<p style=\"text-align: center;\">\t<div data-id=\"4007\" class=\"codeneric-img-public-container\"><\/div>\n\t<\/p>\n<h3 style=\"text-align: center;\"><strong>Articles<\/strong><\/h3>\n<p style=\"text-align: center;\"><style type='text\/css' media='all'>#rt-tpg-container-1589765152 .rt-holder .rt-woo-info .price{color:#0367bf;}body .rt-tpg-container .rt-tpg-isotope-buttons .selected,\n\t\t\t\t\t#rt-tpg-container-1589765152 .layout12 .rt-holder:hover .rt-detail,\n\t\t\t\t\t#rt-tpg-container-1589765152 .isotope8 .rt-holder:hover .rt-detail,\n\t\t\t\t\t#rt-tpg-container-1589765152 .carousel8 .rt-holder:hover .rt-detail,\n\t\t\t\t\t#rt-tpg-container-1589765152 .layout13 .rt-holder .overlay .post-info,\n\t\t\t\t\t#rt-tpg-container-1589765152 .isotope9 .rt-holder .overlay .post-info,\n\t\t\t\t\t#rt-tpg-container-1589765152.rt-tpg-container .layout4 .rt-holder .rt-detail,\n\t\t\t\t\t.rt-modal-1589765152 .md-content,\n\t\t\t\t\t.rt-modal-1589765152 .md-content > .rt-md-content-holder .rt-md-content,\n\t\t\t\t\t.rt-popup-wrap-1589765152.rt-popup-wrap .rt-popup-navigation-wrap,\n\t\t\t\t\t#rt-tpg-container-1589765152 .carousel9 .rt-holder .overlay .post-info{background-color:#0367bf;}#rt-tpg-container-1589765152 .layout5 .rt-holder .overlay, #rt-tpg-container-1589765152 .isotope2 .rt-holder .overlay, #rt-tpg-container-1589765152 .carousel2 .rt-holder .overlay,#rt-tpg-container-1589765152 .layout15 .rt-holder h3, #rt-tpg-container-1589765152 .isotope11 .rt-holder h3, #rt-tpg-container-1589765152 .carousel11 .rt-holder h3, #rt-tpg-container-1589765152 .layout16 .rt-holder h3,\n\t\t\t\t\t#rt-tpg-container-1589765152 .isotope12 .rt-holder h3, #rt-tpg-container-1589765152 .carousel12 .rt-holder h3 {background-color:rgba(3,103,191,0.8);}#rt-tpg-container-1589765152 .read-more a{border-radius:px;}#rt-tpg-container-1589765152 .rt-img-holder img.rt-img-responsive,#rt-tpg-container-1589765152 .rt-img-holder,\n\t\t\t\t\t#rt-tpg-container-1589765152 .rt-post-overlay .post-img,\n\t\t\t\t\t#rt-tpg-container-1589765152 .post-sm .post-img,\n\t\t\t\t\t#rt-tpg-container-1589765152 .rt-post-grid .post-img,\n\t\t\t\t\t#rt-tpg-container-1589765152 .post-img img {border-radius:px;}#rt-tpg-container-1589765152 .layout1 .rt-holder h2.entry-title,\n\t\t\t\t\t#rt-tpg-container-1589765152 .layout1 .rt-holder h3.entry-title,\n\t\t\t\t\t#rt-tpg-container-1589765152 .layout1 .rt-holder h4.entry-title,\n\t\t\t\t\t#rt-tpg-container-1589765152 .layout1 .rt-holder h2.entry-title a,\n\t\t\t\t\t#rt-tpg-container-1589765152 .layout1 .rt-holder h3.entry-title a,\n\t\t\t\t\t#rt-tpg-container-1589765152 .layout1 .rt-holder h4.entry-title a,\n\t\t\t\t\t#rt-tpg-container-1589765152 .rt-holder .rt-woo-info h2 a,\n\t\t\t\t\t#rt-tpg-container-1589765152 .rt-holder .rt-woo-info h3 a,\n\t\t\t\t\t#rt-tpg-container-1589765152 .rt-holder .rt-woo-info h4 a,\n\t\t\t\t\t#rt-tpg-container-1589765152 .post-content .post-title,\n\t\t\t\t\t#rt-tpg-container-1589765152 .rt-post-grid .post-title,\n\t\t\t\t\t#rt-tpg-container-1589765152 .rt-post-grid .post-title a,\n\t\t\t\t\t#rt-tpg-container-1589765152 .post-content .post-title a,\n\t\t\t\t\t#rt-tpg-container-1589765152 .rt-holder .rt-woo-info h2,\n\t\t\t\t\t#rt-tpg-container-1589765152 .rt-holder .rt-woo-info h3,\n\t\t\t\t\t#rt-tpg-container-1589765152 .rt-holder .rt-woo-info h4{color:#4eb748;font-size:20px;line-height:30px;text-align:left;}#rt-tpg-container-1589765152 .post-grid-lg-style-1 .post-title,\n\t\t\t\t\t\t#rt-tpg-container-1589765152 .post-grid-lg-style-1 .post-title a,\n\t\t\t\t\t\t#rt-tpg-container-1589765152 .big-layout .post-title,\n\t\t\t\t\t\t#rt-tpg-container-1589765152 .big-layout .post-title a,\n\t\t\t\t\t\t#rt-tpg-container-1589765152 .post-grid-lg-style-1 .post-title,\n\t\t\t\t\t\t#rt-tpg-container-1589765152 .post-grid-lg-style-1 .post-title a {font-size:28px;line-height:38px;}#rt-tpg-container-1589765152 .layout1 .rt-holder h2.entry-title:hover,\n\t\t\t\t\t#rt-tpg-container-1589765152 .layout1 .rt-holder h3.entry-title:hover,\n\t\t\t\t\t#rt-tpg-container-1589765152 .layout1 .rt-holder h4.entry-title:hover,\n\t\t\t\t\t#rt-tpg-container-1589765152 .layout1 .rt-holder h2.entry-title a:hover,\n\t\t\t\t\t#rt-tpg-container-1589765152 .layout1 .rt-holder h3.entry-title a:hover,\n\t\t\t\t\t#rt-tpg-container-1589765152 .layout1 .rt-holder h4.entry-title a:hover,\n\t\t\t\t\t#rt-tpg-container-1589765152 .post-content .post-title a:hover,\n\t\t\t\t\t#rt-tpg-container-1589765152 .rt-post-grid .post-title a:hover,\n\t\t\t\t\t#rt-tpg-container-1589765152 .rt-holder .rt-woo-info h2 a:hover,\n\t\t\t\t\t#rt-tpg-container-1589765152 .rt-holder .rt-woo-info h3 a:hover,\n\t\t\t\t\t#rt-tpg-container-1589765152 .rt-holder .rt-woo-info h4 a:hover,\n\t\t\t\t\t#rt-tpg-container-1589765152 .rt-holder .rt-woo-info h2:hover,\n\t\t\t\t\t#rt-tpg-container-1589765152 .rt-holder .rt-woo-info h3:hover,\n\t\t\t\t\t#rt-tpg-container-1589765152 .rt-holder .rt-woo-info h4:hover{color:#000000 !important;}#rt-tpg-container-1589765152 .layout1 .rt-holder .tpg-excerpt,#rt-tpg-container-1589765152 .layout1 .tpg-excerpt,#rt-tpg-container-1589765152 .layout1 .rt-holder .post-content,#rt-tpg-container-1589765152 .rt-holder .rt-woo-info p,#rt-tpg-container-1589765152 .post-content p {color:#000000;font-size:15px;text-align:left;}<\/style><div class='rt-container-fluid rt-tpg-container tpg-shortcode-main-wrapper ' id='rt-tpg-container-1589765152'   data-layout='layout1' data-grid-style='even' data-desktop-col='3'  data-tab-col='2'  data-mobile-col='1' data-sc-id='4087'><div data-title='Loading ...' class='rt-row rt-content-loader   layout1 tpg-even '><div class=\"rt-col-md-4 rt-col-sm-6 rt-col-xs-12 even-grid-item rt-grid-item\" data-id=\"10693\"><div class=\"rt-holder\"><div class=\"rt-img-holder\"><a data-id=\"10693\" class=\"\" href=\"https:\/\/www.infotetquebec.com\/en\/holiday-celebrations-are-underway\/\"><img loading=\"lazy\" decoding=\"async\" width=\"300\" height=\"150\" src=\"https:\/\/www.infotetquebec.com\/wp-content\/uploads\/2023\/12\/2023.15.12.CDEVR_.Soiree.Noel_.4-300x150.jpg\" class=\"rt-img-responsive \" alt=\"\" \/><\/a><\/div><div class='rt-detail'><h3 class=\"entry-title\"><a data-id=\"10693\" class=\"\" href=\"https:\/\/www.infotetquebec.com\/en\/holiday-celebrations-are-underway\/\">Holiday celebrations are underway!<\/a><\/h3><div class='tpg-excerpt'>The Corporation de d\u00e9veloppement de Victoriaville et sa r\u00e9gion (CDEVR), Service L&#8217;ancre and Int\u00e9gration Comp\u00e9tences...<\/div><div class='post-meta center'><span class='read-more'><a data-id='10693' class='' href='https:\/\/www.infotetquebec.com\/en\/holiday-celebrations-are-underway\/'>Lire la suite<\/a><\/span><\/div><\/div><\/div><\/div><\/div><\/div><\/p>\n<p>&nbsp;<\/p>\n","protected":false},"excerpt":{"rendered":"<p>285, boulevard Cartier, Beloeil (Qc) J3G 3R2 +1 450 464-4481 \/\u00a0WhatsApp : + 1\u00a0514 434-3642\u00a0 Area affected by the project : Mont\u00e9r\u00e9gie Service Information sessions Cultural and sports activities Articles&#8230; <a class=\"more-link\" href=\"https:\/\/www.infotetquebec.com\/en\/holiday-celebrations-are-underway\/\">Read more<\/a><\/p>\n","protected":false},"author":16,"featured_media":0,"parent":0,"menu_order":0,"comment_status":"closed","ping_status":"closed","template":"","meta":{"_genesis_hide_title":false,"_genesis_hide_breadcrumbs":false,"_genesis_hide_singular_image":false,"_genesis_hide_footer_widgets":false,"_genesis_custom_body_class":"","_genesis_custom_post_class":"","_genesis_layout":"","footnotes":""},"class_list":["post-5560","page","type-page","status-publish","entry","has-post-thumbnail"],"yoast_head":"<!-- This site is optimized with the Yoast SEO plugin v27.4 - https:\/\/yoast.com\/product\/yoast-seo-wordpress\/ -->\n<title>Int\u00e9gration comp\u00e9tences - Infotetquebec<\/title>\n<meta name=\"robots\" content=\"index, follow, max-snippet:-1, max-image-preview:large, max-video-preview:-1\" \/>\n<link rel=\"canonical\" href=\"https:\/\/www.infotetquebec.com\/en\/integration-competences\/\" \/>\n<meta property=\"og:locale\" content=\"en_US\" \/>\n<meta property=\"og:type\" content=\"article\" \/>\n<meta property=\"og:title\" content=\"Int\u00e9gration comp\u00e9tences - Infotetquebec\" \/>\n<meta property=\"og:description\" content=\"285, boulevard Cartier, Beloeil (Qc) J3G 3R2 +1 450 464-4481 \/\u00a0WhatsApp : + 1\u00a0514 434-3642\u00a0 Area affected by the project : Mont\u00e9r\u00e9gie Service Information sessions Cultural and sports activities Articles... Read more\" \/>\n<meta property=\"og:url\" content=\"https:\/\/www.infotetquebec.com\/en\/integration-competences\/\" \/>\n<meta property=\"og:site_name\" content=\"Infotetquebec\" \/>\n<meta property=\"article:publisher\" content=\"https:\/\/www.facebook.com\/profile.php?id=100089616676260\" \/>\n<meta property=\"article:modified_time\" content=\"2023-05-01T14:08:49+00:00\" \/>\n<meta property=\"og:image\" content=\"https:\/\/www.infotetquebec.com\/wp-content\/uploads\/2023\/02\/logo-vertical-integration-competences-final.png\" \/>\n<meta name=\"twitter:card\" content=\"summary_large_image\" \/>\n<script type=\"application\/ld+json\" class=\"yoast-schema-graph\">{\"@context\":\"https:\\\/\\\/schema.org\",\"@graph\":[{\"@type\":\"WebPage\",\"@id\":\"https:\\\/\\\/www.infotetquebec.com\\\/en\\\/integration-competences\\\/\",\"url\":\"https:\\\/\\\/www.infotetquebec.com\\\/en\\\/integration-competences\\\/\",\"name\":\"Int\u00e9gration comp\u00e9tences - Infotetquebec\",\"isPartOf\":{\"@id\":\"https:\\\/\\\/www.infotetquebec.com\\\/en\\\/#website\"},\"primaryImageOfPage\":{\"@id\":\"https:\\\/\\\/www.infotetquebec.com\\\/en\\\/integration-competences\\\/#primaryimage\"},\"image\":{\"@id\":\"https:\\\/\\\/www.infotetquebec.com\\\/en\\\/integration-competences\\\/#primaryimage\"},\"thumbnailUrl\":\"https:\\\/\\\/www.infotetquebec.com\\\/wp-content\\\/uploads\\\/2023\\\/02\\\/logo-vertical-integration-competences-final.png\",\"datePublished\":\"2023-02-06T20:35:39+00:00\",\"dateModified\":\"2023-05-01T14:08:49+00:00\",\"breadcrumb\":{\"@id\":\"https:\\\/\\\/www.infotetquebec.com\\\/en\\\/integration-competences\\\/#breadcrumb\"},\"inLanguage\":\"en-US\",\"potentialAction\":[{\"@type\":\"ReadAction\",\"target\":[\"https:\\\/\\\/www.infotetquebec.com\\\/en\\\/integration-competences\\\/\"]}]},{\"@type\":\"ImageObject\",\"inLanguage\":\"en-US\",\"@id\":\"https:\\\/\\\/www.infotetquebec.com\\\/en\\\/integration-competences\\\/#primaryimage\",\"url\":\"https:\\\/\\\/www.infotetquebec.com\\\/wp-content\\\/uploads\\\/2023\\\/02\\\/logo-vertical-integration-competences-final.png\",\"contentUrl\":\"https:\\\/\\\/www.infotetquebec.com\\\/wp-content\\\/uploads\\\/2023\\\/02\\\/logo-vertical-integration-competences-final.png\"},{\"@type\":\"BreadcrumbList\",\"@id\":\"https:\\\/\\\/www.infotetquebec.com\\\/en\\\/integration-competences\\\/#breadcrumb\",\"itemListElement\":[{\"@type\":\"ListItem\",\"position\":1,\"name\":\"Accueil\",\"item\":\"https:\\\/\\\/www.infotetquebec.com\\\/en\\\/\"},{\"@type\":\"ListItem\",\"position\":2,\"name\":\"Int\u00e9gration comp\u00e9tences\"}]},{\"@type\":\"WebSite\",\"@id\":\"https:\\\/\\\/www.infotetquebec.com\\\/en\\\/#website\",\"url\":\"https:\\\/\\\/www.infotetquebec.com\\\/en\\\/\",\"name\":\"Infotetquebec\",\"description\":\"Info et soutien aux TET\",\"publisher\":{\"@id\":\"https:\\\/\\\/www.infotetquebec.com\\\/en\\\/#organization\"},\"potentialAction\":[{\"@type\":\"SearchAction\",\"target\":{\"@type\":\"EntryPoint\",\"urlTemplate\":\"https:\\\/\\\/www.infotetquebec.com\\\/en\\\/?s={search_term_string}\"},\"query-input\":{\"@type\":\"PropertyValueSpecification\",\"valueRequired\":true,\"valueName\":\"search_term_string\"}}],\"inLanguage\":\"en-US\"},{\"@type\":\"Organization\",\"@id\":\"https:\\\/\\\/www.infotetquebec.com\\\/en\\\/#organization\",\"name\":\"InfoTETQuebec\",\"url\":\"https:\\\/\\\/www.infotetquebec.com\\\/en\\\/\",\"logo\":{\"@type\":\"ImageObject\",\"inLanguage\":\"en-US\",\"@id\":\"https:\\\/\\\/www.infotetquebec.com\\\/en\\\/#\\\/schema\\\/logo\\\/image\\\/\",\"url\":\"https:\\\/\\\/www.infotetquebec.com\\\/wp-content\\\/uploads\\\/2021\\\/02\\\/cropped-IMQC_TET_Favicon_Fav-Icon_Fav-Icon-1.png\",\"contentUrl\":\"https:\\\/\\\/www.infotetquebec.com\\\/wp-content\\\/uploads\\\/2021\\\/02\\\/cropped-IMQC_TET_Favicon_Fav-Icon_Fav-Icon-1.png\",\"width\":512,\"height\":512,\"caption\":\"InfoTETQuebec\"},\"image\":{\"@id\":\"https:\\\/\\\/www.infotetquebec.com\\\/en\\\/#\\\/schema\\\/logo\\\/image\\\/\"},\"sameAs\":[\"https:\\\/\\\/www.facebook.com\\\/profile.php?id=100089616676260\"]}]}<\/script>\n<!-- \/ Yoast SEO plugin. -->","yoast_head_json":{"title":"Int\u00e9gration comp\u00e9tences - Infotetquebec","robots":{"index":"index","follow":"follow","max-snippet":"max-snippet:-1","max-image-preview":"max-image-preview:large","max-video-preview":"max-video-preview:-1"},"canonical":"https:\/\/www.infotetquebec.com\/en\/integration-competences\/","og_locale":"en_US","og_type":"article","og_title":"Int\u00e9gration comp\u00e9tences - Infotetquebec","og_description":"285, boulevard Cartier, Beloeil (Qc) J3G 3R2 +1 450 464-4481 \/\u00a0WhatsApp : + 1\u00a0514 434-3642\u00a0 Area affected by the project : Mont\u00e9r\u00e9gie Service Information sessions Cultural and sports activities Articles... Read more","og_url":"https:\/\/www.infotetquebec.com\/en\/integration-competences\/","og_site_name":"Infotetquebec","article_publisher":"https:\/\/www.facebook.com\/profile.php?id=100089616676260","article_modified_time":"2023-05-01T14:08:49+00:00","og_image":[{"url":"https:\/\/www.infotetquebec.com\/wp-content\/uploads\/2023\/02\/logo-vertical-integration-competences-final.png","type":"","width":"","height":""}],"twitter_card":"summary_large_image","schema":{"@context":"https:\/\/schema.org","@graph":[{"@type":"WebPage","@id":"https:\/\/www.infotetquebec.com\/en\/integration-competences\/","url":"https:\/\/www.infotetquebec.com\/en\/integration-competences\/","name":"Int\u00e9gration comp\u00e9tences - Infotetquebec","isPartOf":{"@id":"https:\/\/www.infotetquebec.com\/en\/#website"},"primaryImageOfPage":{"@id":"https:\/\/www.infotetquebec.com\/en\/integration-competences\/#primaryimage"},"image":{"@id":"https:\/\/www.infotetquebec.com\/en\/integration-competences\/#primaryimage"},"thumbnailUrl":"https:\/\/www.infotetquebec.com\/wp-content\/uploads\/2023\/02\/logo-vertical-integration-competences-final.png","datePublished":"2023-02-06T20:35:39+00:00","dateModified":"2023-05-01T14:08:49+00:00","breadcrumb":{"@id":"https:\/\/www.infotetquebec.com\/en\/integration-competences\/#breadcrumb"},"inLanguage":"en-US","potentialAction":[{"@type":"ReadAction","target":["https:\/\/www.infotetquebec.com\/en\/integration-competences\/"]}]},{"@type":"ImageObject","inLanguage":"en-US","@id":"https:\/\/www.infotetquebec.com\/en\/integration-competences\/#primaryimage","url":"https:\/\/www.infotetquebec.com\/wp-content\/uploads\/2023\/02\/logo-vertical-integration-competences-final.png","contentUrl":"https:\/\/www.infotetquebec.com\/wp-content\/uploads\/2023\/02\/logo-vertical-integration-competences-final.png"},{"@type":"BreadcrumbList","@id":"https:\/\/www.infotetquebec.com\/en\/integration-competences\/#breadcrumb","itemListElement":[{"@type":"ListItem","position":1,"name":"Accueil","item":"https:\/\/www.infotetquebec.com\/en\/"},{"@type":"ListItem","position":2,"name":"Int\u00e9gration comp\u00e9tences"}]},{"@type":"WebSite","@id":"https:\/\/www.infotetquebec.com\/en\/#website","url":"https:\/\/www.infotetquebec.com\/en\/","name":"Infotetquebec","description":"Info et soutien aux TET","publisher":{"@id":"https:\/\/www.infotetquebec.com\/en\/#organization"},"potentialAction":[{"@type":"SearchAction","target":{"@type":"EntryPoint","urlTemplate":"https:\/\/www.infotetquebec.com\/en\/?s={search_term_string}"},"query-input":{"@type":"PropertyValueSpecification","valueRequired":true,"valueName":"search_term_string"}}],"inLanguage":"en-US"},{"@type":"Organization","@id":"https:\/\/www.infotetquebec.com\/en\/#organization","name":"InfoTETQuebec","url":"https:\/\/www.infotetquebec.com\/en\/","logo":{"@type":"ImageObject","inLanguage":"en-US","@id":"https:\/\/www.infotetquebec.com\/en\/#\/schema\/logo\/image\/","url":"https:\/\/www.infotetquebec.com\/wp-content\/uploads\/2021\/02\/cropped-IMQC_TET_Favicon_Fav-Icon_Fav-Icon-1.png","contentUrl":"https:\/\/www.infotetquebec.com\/wp-content\/uploads\/2021\/02\/cropped-IMQC_TET_Favicon_Fav-Icon_Fav-Icon-1.png","width":512,"height":512,"caption":"InfoTETQuebec"},"image":{"@id":"https:\/\/www.infotetquebec.com\/en\/#\/schema\/logo\/image\/"},"sameAs":["https:\/\/www.facebook.com\/profile.php?id=100089616676260"]}]}},"rttpg_featured_image_url":null,"rttpg_author":{"display_name":"Soufian AJLANI","author_link":"https:\/\/www.infotetquebec.com\/en\/author\/soufian_iq\/"},"rttpg_comment":0,"rttpg_category":"","rttpg_excerpt":"285, boulevard Cartier, Beloeil (Qc) J3G 3R2 +1 450 464-4481 \/\u00a0WhatsApp : + 1\u00a0514 434-3642\u00a0 Area affected by the project : Mont\u00e9r\u00e9gie Service Information sessions Cultural and sports activities Articles... Read more","_links":{"self":[{"href":"https:\/\/www.infotetquebec.com\/en\/wp-json\/wp\/v2\/pages\/5560","targetHints":{"allow":["GET"]}}],"collection":[{"href":"https:\/\/www.infotetquebec.com\/en\/wp-json\/wp\/v2\/pages"}],"about":[{"href":"https:\/\/www.infotetquebec.com\/en\/wp-json\/wp\/v2\/types\/page"}],"author":[{"embeddable":true,"href":"https:\/\/www.infotetquebec.com\/en\/wp-json\/wp\/v2\/users\/16"}],"replies":[{"embeddable":true,"href":"https:\/\/www.infotetquebec.com\/en\/wp-json\/wp\/v2\/comments?post=5560"}],"version-history":[{"count":1,"href":"https:\/\/www.infotetquebec.com\/en\/wp-json\/wp\/v2\/pages\/5560\/revisions"}],"predecessor-version":[{"id":6645,"href":"https:\/\/www.infotetquebec.com\/en\/wp-json\/wp\/v2\/pages\/5560\/revisions\/6645"}],"wp:attachment":[{"href":"https:\/\/www.infotetquebec.com\/en\/wp-json\/wp\/v2\/media?parent=5560"}],"curies":[{"name":"wp","href":"https:\/\/api.w.org\/{rel}","templated":true}]}}