{"id":5550,"date":"2023-02-06T15:18:58","date_gmt":"2023-02-06T20:18:58","guid":{"rendered":"https:\/\/www.infotetquebec.com\/centre-dintegration-en-emploi-laurentides\/"},"modified":"2023-04-26T14:25:47","modified_gmt":"2023-04-26T18:25:47","slug":"centre-dintegration-en-emploi-laurentides","status":"publish","type":"page","link":"https:\/\/www.infotetquebec.com\/en\/centre-dintegration-en-emploi-laurentides\/","title":{"rendered":"Centre d\u2019int\u00e9gration en emploi Laurentides"},"content":{"rendered":"<div class=\"wp-block-image\" style=\"text-align: center;\">\n<h4 class=\"aligncenter size-full is-resized\"><a href=\"http:\/\/www.cielaurentides.com\" target=\"_blank\" rel=\"noopener\"><img decoding=\"async\" class=\"wp-image-2886 size-full aligncenter\" src=\"https:\/\/www.infotetquebec.com\/wp-content\/uploads\/2022\/04\/logo-cie-emploi-laurentides-1.png\" alt=\"\" width=\"203\" height=\"117\" \/><\/a><\/h4>\n<h4 class=\"aligncenter size-full is-resized\"><strong>340 Rue Labelle, Saint-J\u00e9r\u00f4me (Qc) J7Z 5L3<br \/>\n+1 (450) 431-0028<\/strong><\/h4>\n<p><a href=\"https:\/\/www.facebook.com\/cielaurentides\" target=\"_blank\" rel=\"noopener\"><img decoding=\"async\" class=\"alignnone size-full wp-image-2405\" src=\"https:\/\/www.infotetquebec.com\/wp-content\/uploads\/2022\/03\/FACEBOOK-1.png\" alt=\"\" width=\"40\" height=\"40\" \/><\/a><\/p>\n<\/div>\n<h3 style=\"text-align: center;\">Area affected by the project : Laurentides<\/h3>\n<h2 style=\"text-align: center;\"><img fetchpriority=\"high\" decoding=\"async\" class=\"alignnone wp-image-3314 size-full\" src=\"https:\/\/www.infotetquebec.com\/wp-content\/uploads\/2022\/06\/CIE-LAURENTIDES.png\" alt=\"\" width=\"600\" height=\"450\" srcset=\"https:\/\/www.infotetquebec.com\/wp-content\/uploads\/2022\/06\/CIE-LAURENTIDES.png 600w, https:\/\/www.infotetquebec.com\/wp-content\/uploads\/2022\/06\/CIE-LAURENTIDES-300x225.png 300w\" sizes=\"(max-width: 600px) 100vw, 600px\" \/><\/h2>\n<h3 style=\"text-align: center;\"><strong>Services and activities<\/strong><\/h3>\n<p style=\"text-align: center;\" data-wp-editing=\"1\">Information sessions<\/p>\n<p style=\"text-align: center;\" data-wp-editing=\"1\">Cultural or sports activities<\/p>\n<p style=\"text-align: center;\" data-wp-editing=\"1\">Personalized consultation or legal assistance<\/p>\n\t<div data-id=\"4003\" class=\"codeneric-img-public-container\"><\/div>\n\t\n<figure class=\"wp-block-video\"><\/figure>\n<h3 style=\"text-align: center;\"><strong>Articles<\/strong><\/h3>\n<p style=\"text-align: center;\"><style type='text\/css' media='all'>#rt-tpg-container-196332025 .rt-holder .rt-woo-info .price{color:#0367bf;}body .rt-tpg-container .rt-tpg-isotope-buttons .selected,\n\t\t\t\t\t#rt-tpg-container-196332025 .layout12 .rt-holder:hover .rt-detail,\n\t\t\t\t\t#rt-tpg-container-196332025 .isotope8 .rt-holder:hover .rt-detail,\n\t\t\t\t\t#rt-tpg-container-196332025 .carousel8 .rt-holder:hover .rt-detail,\n\t\t\t\t\t#rt-tpg-container-196332025 .layout13 .rt-holder .overlay .post-info,\n\t\t\t\t\t#rt-tpg-container-196332025 .isotope9 .rt-holder .overlay .post-info,\n\t\t\t\t\t#rt-tpg-container-196332025.rt-tpg-container .layout4 .rt-holder .rt-detail,\n\t\t\t\t\t.rt-modal-196332025 .md-content,\n\t\t\t\t\t.rt-modal-196332025 .md-content > .rt-md-content-holder .rt-md-content,\n\t\t\t\t\t.rt-popup-wrap-196332025.rt-popup-wrap .rt-popup-navigation-wrap,\n\t\t\t\t\t#rt-tpg-container-196332025 .carousel9 .rt-holder .overlay .post-info{background-color:#0367bf;}#rt-tpg-container-196332025 .layout5 .rt-holder .overlay, #rt-tpg-container-196332025 .isotope2 .rt-holder .overlay, #rt-tpg-container-196332025 .carousel2 .rt-holder .overlay,#rt-tpg-container-196332025 .layout15 .rt-holder h3, #rt-tpg-container-196332025 .isotope11 .rt-holder h3, #rt-tpg-container-196332025 .carousel11 .rt-holder h3, #rt-tpg-container-196332025 .layout16 .rt-holder h3,\n\t\t\t\t\t#rt-tpg-container-196332025 .isotope12 .rt-holder h3, #rt-tpg-container-196332025 .carousel12 .rt-holder h3 {background-color:rgba(3,103,191,0.8);}#rt-tpg-container-196332025 .read-more a{border-radius:px;}#rt-tpg-container-196332025 .rt-img-holder img.rt-img-responsive,#rt-tpg-container-196332025 .rt-img-holder,\n\t\t\t\t\t#rt-tpg-container-196332025 .rt-post-overlay .post-img,\n\t\t\t\t\t#rt-tpg-container-196332025 .post-sm .post-img,\n\t\t\t\t\t#rt-tpg-container-196332025 .rt-post-grid .post-img,\n\t\t\t\t\t#rt-tpg-container-196332025 .post-img img {border-radius:px;}#rt-tpg-container-196332025 .layout1 .rt-holder h2.entry-title,\n\t\t\t\t\t#rt-tpg-container-196332025 .layout1 .rt-holder h3.entry-title,\n\t\t\t\t\t#rt-tpg-container-196332025 .layout1 .rt-holder h4.entry-title,\n\t\t\t\t\t#rt-tpg-container-196332025 .layout1 .rt-holder h2.entry-title a,\n\t\t\t\t\t#rt-tpg-container-196332025 .layout1 .rt-holder h3.entry-title a,\n\t\t\t\t\t#rt-tpg-container-196332025 .layout1 .rt-holder h4.entry-title a,\n\t\t\t\t\t#rt-tpg-container-196332025 .rt-holder .rt-woo-info h2 a,\n\t\t\t\t\t#rt-tpg-container-196332025 .rt-holder .rt-woo-info h3 a,\n\t\t\t\t\t#rt-tpg-container-196332025 .rt-holder .rt-woo-info h4 a,\n\t\t\t\t\t#rt-tpg-container-196332025 .post-content .post-title,\n\t\t\t\t\t#rt-tpg-container-196332025 .rt-post-grid .post-title,\n\t\t\t\t\t#rt-tpg-container-196332025 .rt-post-grid .post-title a,\n\t\t\t\t\t#rt-tpg-container-196332025 .post-content .post-title a,\n\t\t\t\t\t#rt-tpg-container-196332025 .rt-holder .rt-woo-info h2,\n\t\t\t\t\t#rt-tpg-container-196332025 .rt-holder .rt-woo-info h3,\n\t\t\t\t\t#rt-tpg-container-196332025 .rt-holder .rt-woo-info h4{color:#4eb748;font-size:20px;line-height:30px;text-align:left;}#rt-tpg-container-196332025 .post-grid-lg-style-1 .post-title,\n\t\t\t\t\t\t#rt-tpg-container-196332025 .post-grid-lg-style-1 .post-title a,\n\t\t\t\t\t\t#rt-tpg-container-196332025 .big-layout .post-title,\n\t\t\t\t\t\t#rt-tpg-container-196332025 .big-layout .post-title a,\n\t\t\t\t\t\t#rt-tpg-container-196332025 .post-grid-lg-style-1 .post-title,\n\t\t\t\t\t\t#rt-tpg-container-196332025 .post-grid-lg-style-1 .post-title a {font-size:28px;line-height:38px;}#rt-tpg-container-196332025 .layout1 .rt-holder h2.entry-title:hover,\n\t\t\t\t\t#rt-tpg-container-196332025 .layout1 .rt-holder h3.entry-title:hover,\n\t\t\t\t\t#rt-tpg-container-196332025 .layout1 .rt-holder h4.entry-title:hover,\n\t\t\t\t\t#rt-tpg-container-196332025 .layout1 .rt-holder h2.entry-title a:hover,\n\t\t\t\t\t#rt-tpg-container-196332025 .layout1 .rt-holder h3.entry-title a:hover,\n\t\t\t\t\t#rt-tpg-container-196332025 .layout1 .rt-holder h4.entry-title a:hover,\n\t\t\t\t\t#rt-tpg-container-196332025 .post-content .post-title a:hover,\n\t\t\t\t\t#rt-tpg-container-196332025 .rt-post-grid .post-title a:hover,\n\t\t\t\t\t#rt-tpg-container-196332025 .rt-holder .rt-woo-info h2 a:hover,\n\t\t\t\t\t#rt-tpg-container-196332025 .rt-holder .rt-woo-info h3 a:hover,\n\t\t\t\t\t#rt-tpg-container-196332025 .rt-holder .rt-woo-info h4 a:hover,\n\t\t\t\t\t#rt-tpg-container-196332025 .rt-holder .rt-woo-info h2:hover,\n\t\t\t\t\t#rt-tpg-container-196332025 .rt-holder .rt-woo-info h3:hover,\n\t\t\t\t\t#rt-tpg-container-196332025 .rt-holder .rt-woo-info h4:hover{color:#000000 !important;}#rt-tpg-container-196332025 .layout1 .rt-holder .tpg-excerpt,#rt-tpg-container-196332025 .layout1 .tpg-excerpt,#rt-tpg-container-196332025 .layout1 .rt-holder .post-content,#rt-tpg-container-196332025 .rt-holder .rt-woo-info p,#rt-tpg-container-196332025 .post-content p {color:#000000;font-size:15px;text-align:left;}<\/style><div class='rt-container-fluid rt-tpg-container tpg-shortcode-main-wrapper ' id='rt-tpg-container-196332025'   data-layout='layout1' data-grid-style='even' data-desktop-col='3'  data-tab-col='2'  data-mobile-col='1' data-sc-id='4083'><div data-title='Loading ...' class='rt-row rt-content-loader   layout1 tpg-even '><p>No post found<\/p><\/div><\/div><\/p>\n<p>&nbsp;<\/p>\n<p>&nbsp;<\/p>\n","protected":false},"excerpt":{"rendered":"<p>340 Rue Labelle, Saint-J\u00e9r\u00f4me (Qc) J7Z 5L3 +1 (450) 431-0028 Area affected by the project : Laurentides Services and activities Information sessions Cultural or sports activities Personalized consultation or legal&#8230; <a class=\"more-link\" href=\"https:\/\/www.infotetquebec.com\/en\/centre-dintegration-en-emploi-laurentides\/\">Read more<\/a><\/p>\n","protected":false},"author":16,"featured_media":0,"parent":0,"menu_order":0,"comment_status":"closed","ping_status":"closed","template":"","meta":{"_genesis_hide_title":false,"_genesis_hide_breadcrumbs":false,"_genesis_hide_singular_image":false,"_genesis_hide_footer_widgets":false,"_genesis_custom_body_class":"","_genesis_custom_post_class":"","_genesis_layout":"","footnotes":""},"class_list":["post-5550","page","type-page","status-publish","entry","has-post-thumbnail"],"yoast_head":"<!-- This site is optimized with the Yoast SEO plugin v27.4 - https:\/\/yoast.com\/product\/yoast-seo-wordpress\/ -->\n<title>Centre d\u2019int\u00e9gration en emploi Laurentides - Infotetquebec<\/title>\n<meta name=\"robots\" content=\"index, follow, max-snippet:-1, max-image-preview:large, max-video-preview:-1\" \/>\n<link rel=\"canonical\" href=\"https:\/\/www.infotetquebec.com\/en\/centre-dintegration-en-emploi-laurentides\/\" \/>\n<meta property=\"og:locale\" content=\"en_US\" \/>\n<meta property=\"og:type\" content=\"article\" \/>\n<meta property=\"og:title\" content=\"Centre d\u2019int\u00e9gration en emploi Laurentides - Infotetquebec\" \/>\n<meta property=\"og:description\" content=\"340 Rue Labelle, Saint-J\u00e9r\u00f4me (Qc) J7Z 5L3 +1 (450) 431-0028 Area affected by the project : Laurentides Services and activities Information sessions Cultural or sports activities Personalized consultation or legal... Read more\" \/>\n<meta property=\"og:url\" content=\"https:\/\/www.infotetquebec.com\/en\/centre-dintegration-en-emploi-laurentides\/\" \/>\n<meta property=\"og:site_name\" content=\"Infotetquebec\" \/>\n<meta property=\"article:publisher\" content=\"https:\/\/www.facebook.com\/profile.php?id=100089616676260\" \/>\n<meta property=\"article:modified_time\" content=\"2023-04-26T18:25:47+00:00\" \/>\n<meta property=\"og:image\" content=\"https:\/\/www.infotetquebec.com\/wp-content\/uploads\/2022\/04\/logo-cie-emploi-laurentides-1.png\" \/>\n<meta name=\"twitter:card\" content=\"summary_large_image\" \/>\n<meta name=\"twitter:label1\" content=\"Est. reading time\" \/>\n\t<meta name=\"twitter:data1\" content=\"1 minute\" \/>\n<script type=\"application\/ld+json\" class=\"yoast-schema-graph\">{\"@context\":\"https:\\\/\\\/schema.org\",\"@graph\":[{\"@type\":\"WebPage\",\"@id\":\"https:\\\/\\\/www.infotetquebec.com\\\/en\\\/centre-dintegration-en-emploi-laurentides\\\/\",\"url\":\"https:\\\/\\\/www.infotetquebec.com\\\/en\\\/centre-dintegration-en-emploi-laurentides\\\/\",\"name\":\"Centre d\u2019int\u00e9gration en emploi Laurentides - Infotetquebec\",\"isPartOf\":{\"@id\":\"https:\\\/\\\/www.infotetquebec.com\\\/en\\\/#website\"},\"primaryImageOfPage\":{\"@id\":\"https:\\\/\\\/www.infotetquebec.com\\\/en\\\/centre-dintegration-en-emploi-laurentides\\\/#primaryimage\"},\"image\":{\"@id\":\"https:\\\/\\\/www.infotetquebec.com\\\/en\\\/centre-dintegration-en-emploi-laurentides\\\/#primaryimage\"},\"thumbnailUrl\":\"https:\\\/\\\/www.infotetquebec.com\\\/wp-content\\\/uploads\\\/2022\\\/04\\\/logo-cie-emploi-laurentides-1.png\",\"datePublished\":\"2023-02-06T20:18:58+00:00\",\"dateModified\":\"2023-04-26T18:25:47+00:00\",\"breadcrumb\":{\"@id\":\"https:\\\/\\\/www.infotetquebec.com\\\/en\\\/centre-dintegration-en-emploi-laurentides\\\/#breadcrumb\"},\"inLanguage\":\"en-US\",\"potentialAction\":[{\"@type\":\"ReadAction\",\"target\":[\"https:\\\/\\\/www.infotetquebec.com\\\/en\\\/centre-dintegration-en-emploi-laurentides\\\/\"]}]},{\"@type\":\"ImageObject\",\"inLanguage\":\"en-US\",\"@id\":\"https:\\\/\\\/www.infotetquebec.com\\\/en\\\/centre-dintegration-en-emploi-laurentides\\\/#primaryimage\",\"url\":\"https:\\\/\\\/www.infotetquebec.com\\\/wp-content\\\/uploads\\\/2022\\\/04\\\/logo-cie-emploi-laurentides-1.png\",\"contentUrl\":\"https:\\\/\\\/www.infotetquebec.com\\\/wp-content\\\/uploads\\\/2022\\\/04\\\/logo-cie-emploi-laurentides-1.png\"},{\"@type\":\"BreadcrumbList\",\"@id\":\"https:\\\/\\\/www.infotetquebec.com\\\/en\\\/centre-dintegration-en-emploi-laurentides\\\/#breadcrumb\",\"itemListElement\":[{\"@type\":\"ListItem\",\"position\":1,\"name\":\"Accueil\",\"item\":\"https:\\\/\\\/www.infotetquebec.com\\\/en\\\/\"},{\"@type\":\"ListItem\",\"position\":2,\"name\":\"Centre d\u2019int\u00e9gration en emploi Laurentides\"}]},{\"@type\":\"WebSite\",\"@id\":\"https:\\\/\\\/www.infotetquebec.com\\\/en\\\/#website\",\"url\":\"https:\\\/\\\/www.infotetquebec.com\\\/en\\\/\",\"name\":\"Infotetquebec\",\"description\":\"Info et soutien aux TET\",\"publisher\":{\"@id\":\"https:\\\/\\\/www.infotetquebec.com\\\/en\\\/#organization\"},\"potentialAction\":[{\"@type\":\"SearchAction\",\"target\":{\"@type\":\"EntryPoint\",\"urlTemplate\":\"https:\\\/\\\/www.infotetquebec.com\\\/en\\\/?s={search_term_string}\"},\"query-input\":{\"@type\":\"PropertyValueSpecification\",\"valueRequired\":true,\"valueName\":\"search_term_string\"}}],\"inLanguage\":\"en-US\"},{\"@type\":\"Organization\",\"@id\":\"https:\\\/\\\/www.infotetquebec.com\\\/en\\\/#organization\",\"name\":\"InfoTETQuebec\",\"url\":\"https:\\\/\\\/www.infotetquebec.com\\\/en\\\/\",\"logo\":{\"@type\":\"ImageObject\",\"inLanguage\":\"en-US\",\"@id\":\"https:\\\/\\\/www.infotetquebec.com\\\/en\\\/#\\\/schema\\\/logo\\\/image\\\/\",\"url\":\"https:\\\/\\\/www.infotetquebec.com\\\/wp-content\\\/uploads\\\/2021\\\/02\\\/cropped-IMQC_TET_Favicon_Fav-Icon_Fav-Icon-1.png\",\"contentUrl\":\"https:\\\/\\\/www.infotetquebec.com\\\/wp-content\\\/uploads\\\/2021\\\/02\\\/cropped-IMQC_TET_Favicon_Fav-Icon_Fav-Icon-1.png\",\"width\":512,\"height\":512,\"caption\":\"InfoTETQuebec\"},\"image\":{\"@id\":\"https:\\\/\\\/www.infotetquebec.com\\\/en\\\/#\\\/schema\\\/logo\\\/image\\\/\"},\"sameAs\":[\"https:\\\/\\\/www.facebook.com\\\/profile.php?id=100089616676260\"]}]}<\/script>\n<!-- \/ Yoast SEO plugin. -->","yoast_head_json":{"title":"Centre d\u2019int\u00e9gration en emploi Laurentides - Infotetquebec","robots":{"index":"index","follow":"follow","max-snippet":"max-snippet:-1","max-image-preview":"max-image-preview:large","max-video-preview":"max-video-preview:-1"},"canonical":"https:\/\/www.infotetquebec.com\/en\/centre-dintegration-en-emploi-laurentides\/","og_locale":"en_US","og_type":"article","og_title":"Centre d\u2019int\u00e9gration en emploi Laurentides - Infotetquebec","og_description":"340 Rue Labelle, Saint-J\u00e9r\u00f4me (Qc) J7Z 5L3 +1 (450) 431-0028 Area affected by the project : Laurentides Services and activities Information sessions Cultural or sports activities Personalized consultation or legal... Read more","og_url":"https:\/\/www.infotetquebec.com\/en\/centre-dintegration-en-emploi-laurentides\/","og_site_name":"Infotetquebec","article_publisher":"https:\/\/www.facebook.com\/profile.php?id=100089616676260","article_modified_time":"2023-04-26T18:25:47+00:00","og_image":[{"url":"https:\/\/www.infotetquebec.com\/wp-content\/uploads\/2022\/04\/logo-cie-emploi-laurentides-1.png","type":"","width":"","height":""}],"twitter_card":"summary_large_image","twitter_misc":{"Est. reading time":"1 minute"},"schema":{"@context":"https:\/\/schema.org","@graph":[{"@type":"WebPage","@id":"https:\/\/www.infotetquebec.com\/en\/centre-dintegration-en-emploi-laurentides\/","url":"https:\/\/www.infotetquebec.com\/en\/centre-dintegration-en-emploi-laurentides\/","name":"Centre d\u2019int\u00e9gration en emploi Laurentides - Infotetquebec","isPartOf":{"@id":"https:\/\/www.infotetquebec.com\/en\/#website"},"primaryImageOfPage":{"@id":"https:\/\/www.infotetquebec.com\/en\/centre-dintegration-en-emploi-laurentides\/#primaryimage"},"image":{"@id":"https:\/\/www.infotetquebec.com\/en\/centre-dintegration-en-emploi-laurentides\/#primaryimage"},"thumbnailUrl":"https:\/\/www.infotetquebec.com\/wp-content\/uploads\/2022\/04\/logo-cie-emploi-laurentides-1.png","datePublished":"2023-02-06T20:18:58+00:00","dateModified":"2023-04-26T18:25:47+00:00","breadcrumb":{"@id":"https:\/\/www.infotetquebec.com\/en\/centre-dintegration-en-emploi-laurentides\/#breadcrumb"},"inLanguage":"en-US","potentialAction":[{"@type":"ReadAction","target":["https:\/\/www.infotetquebec.com\/en\/centre-dintegration-en-emploi-laurentides\/"]}]},{"@type":"ImageObject","inLanguage":"en-US","@id":"https:\/\/www.infotetquebec.com\/en\/centre-dintegration-en-emploi-laurentides\/#primaryimage","url":"https:\/\/www.infotetquebec.com\/wp-content\/uploads\/2022\/04\/logo-cie-emploi-laurentides-1.png","contentUrl":"https:\/\/www.infotetquebec.com\/wp-content\/uploads\/2022\/04\/logo-cie-emploi-laurentides-1.png"},{"@type":"BreadcrumbList","@id":"https:\/\/www.infotetquebec.com\/en\/centre-dintegration-en-emploi-laurentides\/#breadcrumb","itemListElement":[{"@type":"ListItem","position":1,"name":"Accueil","item":"https:\/\/www.infotetquebec.com\/en\/"},{"@type":"ListItem","position":2,"name":"Centre d\u2019int\u00e9gration en emploi Laurentides"}]},{"@type":"WebSite","@id":"https:\/\/www.infotetquebec.com\/en\/#website","url":"https:\/\/www.infotetquebec.com\/en\/","name":"Infotetquebec","description":"Info et soutien aux TET","publisher":{"@id":"https:\/\/www.infotetquebec.com\/en\/#organization"},"potentialAction":[{"@type":"SearchAction","target":{"@type":"EntryPoint","urlTemplate":"https:\/\/www.infotetquebec.com\/en\/?s={search_term_string}"},"query-input":{"@type":"PropertyValueSpecification","valueRequired":true,"valueName":"search_term_string"}}],"inLanguage":"en-US"},{"@type":"Organization","@id":"https:\/\/www.infotetquebec.com\/en\/#organization","name":"InfoTETQuebec","url":"https:\/\/www.infotetquebec.com\/en\/","logo":{"@type":"ImageObject","inLanguage":"en-US","@id":"https:\/\/www.infotetquebec.com\/en\/#\/schema\/logo\/image\/","url":"https:\/\/www.infotetquebec.com\/wp-content\/uploads\/2021\/02\/cropped-IMQC_TET_Favicon_Fav-Icon_Fav-Icon-1.png","contentUrl":"https:\/\/www.infotetquebec.com\/wp-content\/uploads\/2021\/02\/cropped-IMQC_TET_Favicon_Fav-Icon_Fav-Icon-1.png","width":512,"height":512,"caption":"InfoTETQuebec"},"image":{"@id":"https:\/\/www.infotetquebec.com\/en\/#\/schema\/logo\/image\/"},"sameAs":["https:\/\/www.facebook.com\/profile.php?id=100089616676260"]}]}},"rttpg_featured_image_url":null,"rttpg_author":{"display_name":"Soufian AJLANI","author_link":"https:\/\/www.infotetquebec.com\/en\/author\/soufian_iq\/"},"rttpg_comment":0,"rttpg_category":" <a href=\"https:\/\/www.infotetquebec.com\/en\/?taxonomy=translation_priority&#038;term=optional-en-3\" rel=\"tag\">Optional<\/a>","rttpg_excerpt":"340 Rue Labelle, Saint-J\u00e9r\u00f4me (Qc) J7Z 5L3 +1 (450) 431-0028 Area affected by the project : Laurentides Services and activities Information sessions Cultural or sports activities Personalized consultation or legal... Read more","_links":{"self":[{"href":"https:\/\/www.infotetquebec.com\/en\/wp-json\/wp\/v2\/pages\/5550","targetHints":{"allow":["GET"]}}],"collection":[{"href":"https:\/\/www.infotetquebec.com\/en\/wp-json\/wp\/v2\/pages"}],"about":[{"href":"https:\/\/www.infotetquebec.com\/en\/wp-json\/wp\/v2\/types\/page"}],"author":[{"embeddable":true,"href":"https:\/\/www.infotetquebec.com\/en\/wp-json\/wp\/v2\/users\/16"}],"replies":[{"embeddable":true,"href":"https:\/\/www.infotetquebec.com\/en\/wp-json\/wp\/v2\/comments?post=5550"}],"version-history":[{"count":3,"href":"https:\/\/www.infotetquebec.com\/en\/wp-json\/wp\/v2\/pages\/5550\/revisions"}],"predecessor-version":[{"id":6429,"href":"https:\/\/www.infotetquebec.com\/en\/wp-json\/wp\/v2\/pages\/5550\/revisions\/6429"}],"wp:attachment":[{"href":"https:\/\/www.infotetquebec.com\/en\/wp-json\/wp\/v2\/media?parent=5550"}],"curies":[{"name":"wp","href":"https:\/\/api.w.org\/{rel}","templated":true}]}}