{"id":5537,"date":"2023-02-06T15:05:04","date_gmt":"2023-02-06T20:05:04","guid":{"rendered":"https:\/\/www.infotetquebec.com\/aide-actions-interculturelles-de-developpement-et-deducation\/"},"modified":"2023-05-09T10:30:09","modified_gmt":"2023-05-09T14:30:09","slug":"aide-actions-interculturelles-de-developpement-et-deducation","status":"publish","type":"page","link":"https:\/\/www.infotetquebec.com\/en\/aide-actions-interculturelles-de-developpement-et-deducation\/","title":{"rendered":"Actions interculturelles de d\u00e9veloppement et d\u2019\u00e9ducation (AIDE)"},"content":{"rendered":"<div class=\"wp-block-image\" style=\"text-align: center;\">\n<h4 class=\"aligncenter size-full is-resized\"><a href=\"https:\/\/aide.org\/pf\/ensemble-on-seme\/\" target=\"_blank\" rel=\"noopener\"><img fetchpriority=\"high\" decoding=\"async\" class=\"wp-image-2165 size-medium aligncenter\" src=\"https:\/\/www.infotetquebec.com\/wp-content\/uploads\/2022\/02\/logo-AIDE.jpeg\" alt=\"\" width=\"300\" height=\"183\" \/><\/a><span style=\"color: #000000;\"><strong style=\"text-align: center;\">1945, belv\u00e9d\u00e8re Sud &#8211; bureau 203,<br \/>\nSherbrooke (QC) J1H 5Y3<\/strong><\/span><\/h4>\n<h4 class=\"aligncenter size-full is-resized\"><strong>\u00a01 (873) 662-2630<\/strong><\/h4>\n<h4 class=\"aligncenter size-full is-resized\"><a href=\"https:\/\/www.facebook.com\/Juntossembramos\" target=\"_blank\" rel=\"noopener\"><img decoding=\"async\" class=\"alignnone size-full wp-image-2405\" src=\"https:\/\/www.infotetquebec.com\/wp-content\/uploads\/2022\/03\/FACEBOOK-1.png\" alt=\"\" width=\"40\" height=\"40\" \/><\/a> <a href=\"https:\/\/chat.whatsapp.com\/HGjmSGSSsBVIlRTKkneOdQ\" target=\"_blank\" rel=\"noopener\"><img decoding=\"async\" class=\"alignnone size-full wp-image-2402\" src=\"https:\/\/www.infotetquebec.com\/wp-content\/uploads\/2022\/03\/WHATSAPP-1.png\" alt=\"\" width=\"40\" height=\"40\" \/><\/a><\/h4>\n<\/div>\n<h3 style=\"text-align: center;\">Areas affected by the project : Estrie and Centre-du-Qu\u00e9bec<\/h3>\n<h2 style=\"text-align: center;\"><\/h2>\n<h3 style=\"text-align: center;\">Services and activities<\/h3>\n<p style=\"text-align: center;\">Information sessions<\/p>\n<p style=\"text-align: center;\" data-wp-editing=\"1\">Cultural or sports activities<\/p>\n<p style=\"text-align: center;\" data-wp-editing=\"1\">Transportation<\/p>\n<p style=\"text-align: center;\" data-wp-editing=\"1\">Personnalized support and guidance<\/p>\n<p>&nbsp;<\/p>\n<p style=\"text-align: center;\">\t<div data-id=\"2626\" class=\"codeneric-img-public-container\"><\/div>\n\t<\/p>\n<p><center><div style=\"width: 560px;\" class=\"wp-video\"><video class=\"wp-video-shortcode\" id=\"video-5537-1\" width=\"560\" height=\"315\" autoplay preload=\"auto\" controls=\"controls\"><source type=\"video\/mp4\" src=\"https:\/\/www.infotetquebec.com\/wp-content\/uploads\/2022\/07\/Activites-EOS.mp4?_=1\" \/><a href=\"https:\/\/www.infotetquebec.com\/wp-content\/uploads\/2022\/07\/Activites-EOS.mp4\">https:\/\/www.infotetquebec.com\/wp-content\/uploads\/2022\/07\/Activites-EOS.mp4<\/a><\/video><\/div><\/p>\n<p><iframe title=\"YouTube video player\" src=\"https:\/\/www.youtube.com\/embed\/IlxJJg1J0QU?controls=0\" width=\"560\" height=\"315\" frameborder=\"0\" allowfullscreen=\"allowfullscreen\"><\/iframe><\/p>\n<p>&nbsp;<\/p>\n<p>&nbsp;<\/p>\n<p>&nbsp;<\/p>\n<p>&nbsp;<\/p>\n<p>&nbsp;<\/p>\n<p>&nbsp;<\/p>\n<p>&nbsp;<\/p>\n<p>&nbsp;<\/p>\n<p>&nbsp;<\/p>\n<p>&nbsp;<\/p>\n<p>&nbsp;<\/p>\n<p><\/center><\/p>\n<figure class=\"wp-block-video\"><\/figure>\n<h3 style=\"text-align: center;\">Articles<\/h3>\n<p style=\"text-align: center;\"><style type='text\/css' media='all'>#rt-tpg-container-759124198 .rt-holder .rt-woo-info .price{color:#0367bf;}body .rt-tpg-container .rt-tpg-isotope-buttons .selected,\n\t\t\t\t\t#rt-tpg-container-759124198 .layout12 .rt-holder:hover .rt-detail,\n\t\t\t\t\t#rt-tpg-container-759124198 .isotope8 .rt-holder:hover .rt-detail,\n\t\t\t\t\t#rt-tpg-container-759124198 .carousel8 .rt-holder:hover .rt-detail,\n\t\t\t\t\t#rt-tpg-container-759124198 .layout13 .rt-holder .overlay .post-info,\n\t\t\t\t\t#rt-tpg-container-759124198 .isotope9 .rt-holder .overlay .post-info,\n\t\t\t\t\t#rt-tpg-container-759124198.rt-tpg-container .layout4 .rt-holder .rt-detail,\n\t\t\t\t\t.rt-modal-759124198 .md-content,\n\t\t\t\t\t.rt-modal-759124198 .md-content > .rt-md-content-holder .rt-md-content,\n\t\t\t\t\t.rt-popup-wrap-759124198.rt-popup-wrap .rt-popup-navigation-wrap,\n\t\t\t\t\t#rt-tpg-container-759124198 .carousel9 .rt-holder .overlay .post-info{background-color:#0367bf;}#rt-tpg-container-759124198 .layout5 .rt-holder .overlay, #rt-tpg-container-759124198 .isotope2 .rt-holder .overlay, #rt-tpg-container-759124198 .carousel2 .rt-holder .overlay,#rt-tpg-container-759124198 .layout15 .rt-holder h3, #rt-tpg-container-759124198 .isotope11 .rt-holder h3, #rt-tpg-container-759124198 .carousel11 .rt-holder h3, #rt-tpg-container-759124198 .layout16 .rt-holder h3,\n\t\t\t\t\t#rt-tpg-container-759124198 .isotope12 .rt-holder h3, #rt-tpg-container-759124198 .carousel12 .rt-holder h3 {background-color:rgba(3,103,191,0.8);}#rt-tpg-container-759124198 .read-more a{border-radius:px;}#rt-tpg-container-759124198 .rt-img-holder img.rt-img-responsive,#rt-tpg-container-759124198 .rt-img-holder,\n\t\t\t\t\t#rt-tpg-container-759124198 .rt-post-overlay .post-img,\n\t\t\t\t\t#rt-tpg-container-759124198 .post-sm .post-img,\n\t\t\t\t\t#rt-tpg-container-759124198 .rt-post-grid .post-img,\n\t\t\t\t\t#rt-tpg-container-759124198 .post-img img {border-radius:px;}#rt-tpg-container-759124198 .layout1 .rt-holder h2.entry-title,\n\t\t\t\t\t#rt-tpg-container-759124198 .layout1 .rt-holder h3.entry-title,\n\t\t\t\t\t#rt-tpg-container-759124198 .layout1 .rt-holder h4.entry-title,\n\t\t\t\t\t#rt-tpg-container-759124198 .layout1 .rt-holder h2.entry-title a,\n\t\t\t\t\t#rt-tpg-container-759124198 .layout1 .rt-holder h3.entry-title a,\n\t\t\t\t\t#rt-tpg-container-759124198 .layout1 .rt-holder h4.entry-title a,\n\t\t\t\t\t#rt-tpg-container-759124198 .rt-holder .rt-woo-info h2 a,\n\t\t\t\t\t#rt-tpg-container-759124198 .rt-holder .rt-woo-info h3 a,\n\t\t\t\t\t#rt-tpg-container-759124198 .rt-holder .rt-woo-info h4 a,\n\t\t\t\t\t#rt-tpg-container-759124198 .post-content .post-title,\n\t\t\t\t\t#rt-tpg-container-759124198 .rt-post-grid .post-title,\n\t\t\t\t\t#rt-tpg-container-759124198 .rt-post-grid .post-title a,\n\t\t\t\t\t#rt-tpg-container-759124198 .post-content .post-title a,\n\t\t\t\t\t#rt-tpg-container-759124198 .rt-holder .rt-woo-info h2,\n\t\t\t\t\t#rt-tpg-container-759124198 .rt-holder .rt-woo-info h3,\n\t\t\t\t\t#rt-tpg-container-759124198 .rt-holder .rt-woo-info h4{color:#4eb748;font-size:20px;line-height:30px;text-align:left;}#rt-tpg-container-759124198 .post-grid-lg-style-1 .post-title,\n\t\t\t\t\t\t#rt-tpg-container-759124198 .post-grid-lg-style-1 .post-title a,\n\t\t\t\t\t\t#rt-tpg-container-759124198 .big-layout .post-title,\n\t\t\t\t\t\t#rt-tpg-container-759124198 .big-layout .post-title a,\n\t\t\t\t\t\t#rt-tpg-container-759124198 .post-grid-lg-style-1 .post-title,\n\t\t\t\t\t\t#rt-tpg-container-759124198 .post-grid-lg-style-1 .post-title a {font-size:28px;line-height:38px;}#rt-tpg-container-759124198 .layout1 .rt-holder h2.entry-title:hover,\n\t\t\t\t\t#rt-tpg-container-759124198 .layout1 .rt-holder h3.entry-title:hover,\n\t\t\t\t\t#rt-tpg-container-759124198 .layout1 .rt-holder h4.entry-title:hover,\n\t\t\t\t\t#rt-tpg-container-759124198 .layout1 .rt-holder h2.entry-title a:hover,\n\t\t\t\t\t#rt-tpg-container-759124198 .layout1 .rt-holder h3.entry-title a:hover,\n\t\t\t\t\t#rt-tpg-container-759124198 .layout1 .rt-holder h4.entry-title a:hover,\n\t\t\t\t\t#rt-tpg-container-759124198 .post-content .post-title a:hover,\n\t\t\t\t\t#rt-tpg-container-759124198 .rt-post-grid .post-title a:hover,\n\t\t\t\t\t#rt-tpg-container-759124198 .rt-holder .rt-woo-info h2 a:hover,\n\t\t\t\t\t#rt-tpg-container-759124198 .rt-holder .rt-woo-info h3 a:hover,\n\t\t\t\t\t#rt-tpg-container-759124198 .rt-holder .rt-woo-info h4 a:hover,\n\t\t\t\t\t#rt-tpg-container-759124198 .rt-holder .rt-woo-info h2:hover,\n\t\t\t\t\t#rt-tpg-container-759124198 .rt-holder .rt-woo-info h3:hover,\n\t\t\t\t\t#rt-tpg-container-759124198 .rt-holder .rt-woo-info h4:hover{color:#000000 !important;}#rt-tpg-container-759124198 .layout1 .rt-holder .tpg-excerpt,#rt-tpg-container-759124198 .layout1 .tpg-excerpt,#rt-tpg-container-759124198 .layout1 .rt-holder .post-content,#rt-tpg-container-759124198 .rt-holder .rt-woo-info p,#rt-tpg-container-759124198 .post-content p {color:#000000;font-size:15px;text-align:left;}<\/style><div class='rt-container-fluid rt-tpg-container tpg-shortcode-main-wrapper ' id='rt-tpg-container-759124198'   data-layout='layout1' data-grid-style='even' data-desktop-col='3'  data-tab-col='2'  data-mobile-col='1' data-sc-id='4097'><div data-title='Loading ...' class='rt-row rt-content-loader   layout1 tpg-even '><div class=\"rt-col-md-4 rt-col-sm-6 rt-col-xs-12 even-grid-item rt-grid-item\" data-id=\"13477\"><div class=\"rt-holder\"><div class=\"rt-img-holder\"><a data-id=\"13477\" class=\"\" href=\"https:\/\/www.infotetquebec.com\/en\/tet-well-informed-thanks-to-radio\/\"><img loading=\"lazy\" decoding=\"async\" width=\"300\" height=\"150\" src=\"https:\/\/www.infotetquebec.com\/wp-content\/uploads\/2024\/04\/Radio_AIDE_InfoTET_MarieAnneDaye_2-300x150.jpg\" class=\"rt-img-responsive \" alt=\"\" \/><\/a><\/div><div class='rt-detail'><h3 class=\"entry-title\"><a data-id=\"13477\" class=\"\" href=\"https:\/\/www.infotetquebec.com\/en\/tet-well-informed-thanks-to-radio\/\">TET well informed thanks to radio<\/a><\/h3><div class='tpg-excerpt'>In September 2023, Actions interculturelles de d\u00e9veloppement et d&#8217;\u00e9ducation (AIDE) launched a 100% Spanish-language radio...<\/div><div class='post-meta center'><span class='read-more'><a data-id='13477' class='' href='https:\/\/www.infotetquebec.com\/en\/tet-well-informed-thanks-to-radio\/'>Lire la suite<\/a><\/span><\/div><\/div><\/div><\/div><div class=\"rt-col-md-4 rt-col-sm-6 rt-col-xs-12 even-grid-item rt-grid-item\" data-id=\"6039\"><div class=\"rt-holder\"><div class=\"rt-img-holder\"><a data-id=\"6039\" class=\"\" href=\"https:\/\/www.infotetquebec.com\/en\/cooking-tamales-to-break-the-routine\/\"><img loading=\"lazy\" decoding=\"async\" width=\"300\" height=\"150\" src=\"https:\/\/www.infotetquebec.com\/wp-content\/uploads\/2023\/03\/DSCF2529-300x150.jpg\" class=\"rt-img-responsive \" alt=\"\" \/><\/a><\/div><div class='rt-detail'><h3 class=\"entry-title\"><a data-id=\"6039\" class=\"\" href=\"https:\/\/www.infotetquebec.com\/en\/cooking-tamales-to-break-the-routine\/\">Cooking tamales to break the routine<\/a><\/h3><div class='tpg-excerpt'>A collective cooking workshop organized by Actions interculturelles (AIDE) allowed about twenty Guatemalan and Mexican...<\/div><div class='post-meta center'><span class='read-more'><a data-id='6039' class='' href='https:\/\/www.infotetquebec.com\/en\/cooking-tamales-to-break-the-routine\/'>Lire la suite<\/a><\/span><\/div><\/div><\/div><\/div><div class=\"rt-col-md-4 rt-col-sm-6 rt-col-xs-12 even-grid-item rt-grid-item\" data-id=\"5246\"><div class=\"rt-holder\"><div class=\"rt-img-holder\"><a data-id=\"5246\" class=\"\" href=\"https:\/\/www.infotetquebec.com\/en\/the-importance-of-getting-together\/\"><img loading=\"lazy\" decoding=\"async\" width=\"300\" height=\"150\" src=\"https:\/\/www.infotetquebec.com\/wp-content\/uploads\/2022\/12\/AIDE_18dec2022_MarieAnneDaye11-300x150.jpg\" class=\"rt-img-responsive \" alt=\"\" \/><\/a><\/div><div class='rt-detail'><h3 class=\"entry-title\"><a data-id=\"5246\" class=\"\" href=\"https:\/\/www.infotetquebec.com\/en\/the-importance-of-getting-together\/\">The importance of getting together<\/a><\/h3><div class='tpg-excerpt'>Having come to Quebec to work for several months away from their families, temporary foreign...<\/div><div class='post-meta center'><span class='read-more'><a data-id='5246' class='' href='https:\/\/www.infotetquebec.com\/en\/the-importance-of-getting-together\/'>Lire la suite<\/a><\/span><\/div><\/div><\/div><\/div><\/div><\/div><\/p>\n<p>&nbsp;<\/p>\n<p>&nbsp;<\/p>\n<p>&nbsp;<\/p>\n","protected":false},"excerpt":{"rendered":"<p>1945, belv\u00e9d\u00e8re Sud &#8211; bureau 203, Sherbrooke (QC) J1H 5Y3 \u00a01 (873) 662-2630 Areas affected by the project : Estrie and Centre-du-Qu\u00e9bec Services and activities Information sessions Cultural or sports&#8230; <a class=\"more-link\" href=\"https:\/\/www.infotetquebec.com\/en\/the-importance-of-getting-together\/\">Read more<\/a><\/p>\n","protected":false},"author":16,"featured_media":0,"parent":0,"menu_order":0,"comment_status":"closed","ping_status":"closed","template":"","meta":{"_genesis_hide_title":false,"_genesis_hide_breadcrumbs":false,"_genesis_hide_singular_image":false,"_genesis_hide_footer_widgets":false,"_genesis_custom_body_class":"","_genesis_custom_post_class":"","_genesis_layout":"","footnotes":""},"class_list":["post-5537","page","type-page","status-publish","entry","has-post-thumbnail"],"yoast_head":"<!-- This site is optimized with the Yoast SEO plugin v27.4 - https:\/\/yoast.com\/product\/yoast-seo-wordpress\/ -->\n<title>Actions interculturelles de d\u00e9veloppement et d\u2019\u00e9ducation (AIDE) - Infotetquebec<\/title>\n<meta name=\"robots\" content=\"index, follow, max-snippet:-1, max-image-preview:large, max-video-preview:-1\" \/>\n<link rel=\"canonical\" href=\"https:\/\/www.infotetquebec.com\/en\/aide-actions-interculturelles-de-developpement-et-deducation\/\" \/>\n<meta property=\"og:locale\" content=\"en_US\" \/>\n<meta property=\"og:type\" content=\"article\" \/>\n<meta property=\"og:title\" content=\"Actions interculturelles de d\u00e9veloppement et d\u2019\u00e9ducation (AIDE) - Infotetquebec\" \/>\n<meta property=\"og:description\" content=\"1945, belv\u00e9d\u00e8re Sud &#8211; bureau 203, Sherbrooke (QC) J1H 5Y3 \u00a01 (873) 662-2630 Areas affected by the project : Estrie and Centre-du-Qu\u00e9bec Services and activities Information sessions Cultural or sports... Read more\" \/>\n<meta property=\"og:url\" content=\"https:\/\/www.infotetquebec.com\/en\/aide-actions-interculturelles-de-developpement-et-deducation\/\" \/>\n<meta property=\"og:site_name\" content=\"Infotetquebec\" \/>\n<meta property=\"article:publisher\" content=\"https:\/\/www.facebook.com\/profile.php?id=100089616676260\" \/>\n<meta property=\"article:modified_time\" content=\"2023-05-09T14:30:09+00:00\" \/>\n<meta property=\"og:image\" content=\"https:\/\/www.infotetquebec.com\/wp-content\/uploads\/2022\/02\/logo-AIDE-300x300.jpeg\" \/>\n<meta name=\"twitter:card\" content=\"summary_large_image\" \/>\n<meta name=\"twitter:label1\" content=\"Est. reading time\" \/>\n\t<meta name=\"twitter:data1\" content=\"1 minute\" \/>\n<script type=\"application\/ld+json\" class=\"yoast-schema-graph\">{\"@context\":\"https:\\\/\\\/schema.org\",\"@graph\":[{\"@type\":\"WebPage\",\"@id\":\"https:\\\/\\\/www.infotetquebec.com\\\/en\\\/aide-actions-interculturelles-de-developpement-et-deducation\\\/\",\"url\":\"https:\\\/\\\/www.infotetquebec.com\\\/en\\\/aide-actions-interculturelles-de-developpement-et-deducation\\\/\",\"name\":\"Actions interculturelles de d\u00e9veloppement et d\u2019\u00e9ducation (AIDE) - Infotetquebec\",\"isPartOf\":{\"@id\":\"https:\\\/\\\/www.infotetquebec.com\\\/en\\\/#website\"},\"primaryImageOfPage\":{\"@id\":\"https:\\\/\\\/www.infotetquebec.com\\\/en\\\/aide-actions-interculturelles-de-developpement-et-deducation\\\/#primaryimage\"},\"image\":{\"@id\":\"https:\\\/\\\/www.infotetquebec.com\\\/en\\\/aide-actions-interculturelles-de-developpement-et-deducation\\\/#primaryimage\"},\"thumbnailUrl\":\"https:\\\/\\\/www.infotetquebec.com\\\/wp-content\\\/uploads\\\/2022\\\/02\\\/logo-AIDE.jpeg\",\"datePublished\":\"2023-02-06T20:05:04+00:00\",\"dateModified\":\"2023-05-09T14:30:09+00:00\",\"breadcrumb\":{\"@id\":\"https:\\\/\\\/www.infotetquebec.com\\\/en\\\/aide-actions-interculturelles-de-developpement-et-deducation\\\/#breadcrumb\"},\"inLanguage\":\"en-US\",\"potentialAction\":[{\"@type\":\"ReadAction\",\"target\":[\"https:\\\/\\\/www.infotetquebec.com\\\/en\\\/aide-actions-interculturelles-de-developpement-et-deducation\\\/\"]}]},{\"@type\":\"ImageObject\",\"inLanguage\":\"en-US\",\"@id\":\"https:\\\/\\\/www.infotetquebec.com\\\/en\\\/aide-actions-interculturelles-de-developpement-et-deducation\\\/#primaryimage\",\"url\":\"https:\\\/\\\/www.infotetquebec.com\\\/wp-content\\\/uploads\\\/2022\\\/02\\\/logo-AIDE.jpeg\",\"contentUrl\":\"https:\\\/\\\/www.infotetquebec.com\\\/wp-content\\\/uploads\\\/2022\\\/02\\\/logo-AIDE.jpeg\"},{\"@type\":\"BreadcrumbList\",\"@id\":\"https:\\\/\\\/www.infotetquebec.com\\\/en\\\/aide-actions-interculturelles-de-developpement-et-deducation\\\/#breadcrumb\",\"itemListElement\":[{\"@type\":\"ListItem\",\"position\":1,\"name\":\"Accueil\",\"item\":\"https:\\\/\\\/www.infotetquebec.com\\\/en\\\/\"},{\"@type\":\"ListItem\",\"position\":2,\"name\":\"Actions interculturelles de d\u00e9veloppement et d\u2019\u00e9ducation (AIDE)\"}]},{\"@type\":\"WebSite\",\"@id\":\"https:\\\/\\\/www.infotetquebec.com\\\/en\\\/#website\",\"url\":\"https:\\\/\\\/www.infotetquebec.com\\\/en\\\/\",\"name\":\"Infotetquebec\",\"description\":\"Info et soutien aux TET\",\"publisher\":{\"@id\":\"https:\\\/\\\/www.infotetquebec.com\\\/en\\\/#organization\"},\"potentialAction\":[{\"@type\":\"SearchAction\",\"target\":{\"@type\":\"EntryPoint\",\"urlTemplate\":\"https:\\\/\\\/www.infotetquebec.com\\\/en\\\/?s={search_term_string}\"},\"query-input\":{\"@type\":\"PropertyValueSpecification\",\"valueRequired\":true,\"valueName\":\"search_term_string\"}}],\"inLanguage\":\"en-US\"},{\"@type\":\"Organization\",\"@id\":\"https:\\\/\\\/www.infotetquebec.com\\\/en\\\/#organization\",\"name\":\"InfoTETQuebec\",\"url\":\"https:\\\/\\\/www.infotetquebec.com\\\/en\\\/\",\"logo\":{\"@type\":\"ImageObject\",\"inLanguage\":\"en-US\",\"@id\":\"https:\\\/\\\/www.infotetquebec.com\\\/en\\\/#\\\/schema\\\/logo\\\/image\\\/\",\"url\":\"https:\\\/\\\/www.infotetquebec.com\\\/wp-content\\\/uploads\\\/2021\\\/02\\\/cropped-IMQC_TET_Favicon_Fav-Icon_Fav-Icon-1.png\",\"contentUrl\":\"https:\\\/\\\/www.infotetquebec.com\\\/wp-content\\\/uploads\\\/2021\\\/02\\\/cropped-IMQC_TET_Favicon_Fav-Icon_Fav-Icon-1.png\",\"width\":512,\"height\":512,\"caption\":\"InfoTETQuebec\"},\"image\":{\"@id\":\"https:\\\/\\\/www.infotetquebec.com\\\/en\\\/#\\\/schema\\\/logo\\\/image\\\/\"},\"sameAs\":[\"https:\\\/\\\/www.facebook.com\\\/profile.php?id=100089616676260\"]}]}<\/script>\n<!-- \/ Yoast SEO plugin. -->","yoast_head_json":{"title":"Actions interculturelles de d\u00e9veloppement et d\u2019\u00e9ducation (AIDE) - Infotetquebec","robots":{"index":"index","follow":"follow","max-snippet":"max-snippet:-1","max-image-preview":"max-image-preview:large","max-video-preview":"max-video-preview:-1"},"canonical":"https:\/\/www.infotetquebec.com\/en\/aide-actions-interculturelles-de-developpement-et-deducation\/","og_locale":"en_US","og_type":"article","og_title":"Actions interculturelles de d\u00e9veloppement et d\u2019\u00e9ducation (AIDE) - Infotetquebec","og_description":"1945, belv\u00e9d\u00e8re Sud &#8211; bureau 203, Sherbrooke (QC) J1H 5Y3 \u00a01 (873) 662-2630 Areas affected by the project : Estrie and Centre-du-Qu\u00e9bec Services and activities Information sessions Cultural or sports... Read more","og_url":"https:\/\/www.infotetquebec.com\/en\/aide-actions-interculturelles-de-developpement-et-deducation\/","og_site_name":"Infotetquebec","article_publisher":"https:\/\/www.facebook.com\/profile.php?id=100089616676260","article_modified_time":"2023-05-09T14:30:09+00:00","og_image":[{"url":"https:\/\/www.infotetquebec.com\/wp-content\/uploads\/2022\/02\/logo-AIDE-300x300.jpeg","type":"","width":"","height":""}],"twitter_card":"summary_large_image","twitter_misc":{"Est. reading time":"1 minute"},"schema":{"@context":"https:\/\/schema.org","@graph":[{"@type":"WebPage","@id":"https:\/\/www.infotetquebec.com\/en\/aide-actions-interculturelles-de-developpement-et-deducation\/","url":"https:\/\/www.infotetquebec.com\/en\/aide-actions-interculturelles-de-developpement-et-deducation\/","name":"Actions interculturelles de d\u00e9veloppement et d\u2019\u00e9ducation (AIDE) - Infotetquebec","isPartOf":{"@id":"https:\/\/www.infotetquebec.com\/en\/#website"},"primaryImageOfPage":{"@id":"https:\/\/www.infotetquebec.com\/en\/aide-actions-interculturelles-de-developpement-et-deducation\/#primaryimage"},"image":{"@id":"https:\/\/www.infotetquebec.com\/en\/aide-actions-interculturelles-de-developpement-et-deducation\/#primaryimage"},"thumbnailUrl":"https:\/\/www.infotetquebec.com\/wp-content\/uploads\/2022\/02\/logo-AIDE.jpeg","datePublished":"2023-02-06T20:05:04+00:00","dateModified":"2023-05-09T14:30:09+00:00","breadcrumb":{"@id":"https:\/\/www.infotetquebec.com\/en\/aide-actions-interculturelles-de-developpement-et-deducation\/#breadcrumb"},"inLanguage":"en-US","potentialAction":[{"@type":"ReadAction","target":["https:\/\/www.infotetquebec.com\/en\/aide-actions-interculturelles-de-developpement-et-deducation\/"]}]},{"@type":"ImageObject","inLanguage":"en-US","@id":"https:\/\/www.infotetquebec.com\/en\/aide-actions-interculturelles-de-developpement-et-deducation\/#primaryimage","url":"https:\/\/www.infotetquebec.com\/wp-content\/uploads\/2022\/02\/logo-AIDE.jpeg","contentUrl":"https:\/\/www.infotetquebec.com\/wp-content\/uploads\/2022\/02\/logo-AIDE.jpeg"},{"@type":"BreadcrumbList","@id":"https:\/\/www.infotetquebec.com\/en\/aide-actions-interculturelles-de-developpement-et-deducation\/#breadcrumb","itemListElement":[{"@type":"ListItem","position":1,"name":"Accueil","item":"https:\/\/www.infotetquebec.com\/en\/"},{"@type":"ListItem","position":2,"name":"Actions interculturelles de d\u00e9veloppement et d\u2019\u00e9ducation (AIDE)"}]},{"@type":"WebSite","@id":"https:\/\/www.infotetquebec.com\/en\/#website","url":"https:\/\/www.infotetquebec.com\/en\/","name":"Infotetquebec","description":"Info et soutien aux TET","publisher":{"@id":"https:\/\/www.infotetquebec.com\/en\/#organization"},"potentialAction":[{"@type":"SearchAction","target":{"@type":"EntryPoint","urlTemplate":"https:\/\/www.infotetquebec.com\/en\/?s={search_term_string}"},"query-input":{"@type":"PropertyValueSpecification","valueRequired":true,"valueName":"search_term_string"}}],"inLanguage":"en-US"},{"@type":"Organization","@id":"https:\/\/www.infotetquebec.com\/en\/#organization","name":"InfoTETQuebec","url":"https:\/\/www.infotetquebec.com\/en\/","logo":{"@type":"ImageObject","inLanguage":"en-US","@id":"https:\/\/www.infotetquebec.com\/en\/#\/schema\/logo\/image\/","url":"https:\/\/www.infotetquebec.com\/wp-content\/uploads\/2021\/02\/cropped-IMQC_TET_Favicon_Fav-Icon_Fav-Icon-1.png","contentUrl":"https:\/\/www.infotetquebec.com\/wp-content\/uploads\/2021\/02\/cropped-IMQC_TET_Favicon_Fav-Icon_Fav-Icon-1.png","width":512,"height":512,"caption":"InfoTETQuebec"},"image":{"@id":"https:\/\/www.infotetquebec.com\/en\/#\/schema\/logo\/image\/"},"sameAs":["https:\/\/www.facebook.com\/profile.php?id=100089616676260"]}]}},"rttpg_featured_image_url":null,"rttpg_author":{"display_name":"Soufian AJLANI","author_link":"https:\/\/www.infotetquebec.com\/en\/author\/soufian_iq\/"},"rttpg_comment":0,"rttpg_category":"","rttpg_excerpt":"1945, belv\u00e9d\u00e8re Sud &#8211; bureau 203, Sherbrooke (QC) J1H 5Y3 \u00a01 (873) 662-2630 Areas affected by the project : Estrie and Centre-du-Qu\u00e9bec Services and activities Information sessions Cultural or sports... Read more","_links":{"self":[{"href":"https:\/\/www.infotetquebec.com\/en\/wp-json\/wp\/v2\/pages\/5537","targetHints":{"allow":["GET"]}}],"collection":[{"href":"https:\/\/www.infotetquebec.com\/en\/wp-json\/wp\/v2\/pages"}],"about":[{"href":"https:\/\/www.infotetquebec.com\/en\/wp-json\/wp\/v2\/types\/page"}],"author":[{"embeddable":true,"href":"https:\/\/www.infotetquebec.com\/en\/wp-json\/wp\/v2\/users\/16"}],"replies":[{"embeddable":true,"href":"https:\/\/www.infotetquebec.com\/en\/wp-json\/wp\/v2\/comments?post=5537"}],"version-history":[{"count":13,"href":"https:\/\/www.infotetquebec.com\/en\/wp-json\/wp\/v2\/pages\/5537\/revisions"}],"predecessor-version":[{"id":7066,"href":"https:\/\/www.infotetquebec.com\/en\/wp-json\/wp\/v2\/pages\/5537\/revisions\/7066"}],"wp:attachment":[{"href":"https:\/\/www.infotetquebec.com\/en\/wp-json\/wp\/v2\/media?parent=5537"}],"curies":[{"name":"wp","href":"https:\/\/api.w.org\/{rel}","templated":true}]}}